{"id":6075,"date":"2025-04-10T19:17:50","date_gmt":"2025-04-10T17:17:50","guid":{"rendered":"https:\/\/commune-poisson.fr\/?page_id=6075"},"modified":"2026-04-05T19:17:49","modified_gmt":"2026-04-05T17:17:49","slug":"arretes-municipaux","status":"publish","type":"page","link":"https:\/\/commune-poisson.fr\/?page_id=6075","title":{"rendered":"Arr\u00eat\u00e9s municipaux"},"content":{"rendered":"<div class=\"wp-block-image\">\n<figure class=\"alignleft size-full is-resized\"><img loading=\"lazy\" decoding=\"async\" width=\"500\" height=\"375\" src=\"https:\/\/commune-poisson.fr\/wp-content\/uploads\/Cot\u00e9Mairie\/Arr\u00eat\u00e9sMunicipaux\/Logo-arretes-municipaux.jpg\" alt=\"\" class=\"wp-image-7411\" style=\"width:260px\" srcset=\"https:\/\/commune-poisson.fr\/wp-content\/uploads\/Cot\u00e9Mairie\/Arr\u00eat\u00e9sMunicipaux\/Logo-arretes-municipaux.jpg 500w, https:\/\/commune-poisson.fr\/wp-content\/uploads\/Cot\u00e9Mairie\/Arr\u00eat\u00e9sMunicipaux\/Logo-arretes-municipaux-300x225.jpg 300w, https:\/\/commune-poisson.fr\/wp-content\/uploads\/Cot\u00e9Mairie\/Arr\u00eat\u00e9sMunicipaux\/Logo-arretes-municipaux-100x75.jpg 100w, https:\/\/commune-poisson.fr\/wp-content\/uploads\/Cot\u00e9Mairie\/Arr\u00eat\u00e9sMunicipaux\/Logo-arretes-municipaux-480x360.jpg 480w\" sizes=\"auto, (max-width:767px) 480px, 500px\" \/><\/figure>\n<\/div>\n\n\n<div style=\"height:9px\" aria-hidden=\"true\" class=\"wp-block-spacer\"><\/div>\n\n\n\n<hr class=\"wp-block-separator has-text-color has-black-color has-alpha-channel-opacity has-black-background-color has-background\"\/>\n\n\n\n<h2 class=\"wp-block-heading has-luminous-vivid-orange-color has-text-color has-link-color wp-elements-412492ef3fb23cd0d10352e28df3c91f\"><strong>24 f\u00e9vrier 2025<\/strong><\/h2>\n\n\n\n<p><strong>* Arr\u00eat\u00e9 du Maire du 24 f\u00e9vrier 2025 relatif \u00e0 l&rsquo;utilisation des voies communales et chemins ruraux dans le cadre de l&rsquo;exploitation foresti\u00e8re : <a href=\"https:\/\/commune-poisson.fr\/wp-content\/uploads\/Cot\u00e9Mairie\/Arr\u00eat\u00e9sMunicipaux\/Arrete-Maire-Fevrier-2025-Exploitation-forestiere.pdf\" target=\"_blank\" rel=\"noreferrer noopener\">cliquez ici<\/a>.<\/strong><br><strong>&#8211; Annexe 1  de l&rsquo;arr\u00eat\u00e9 du 24 f\u00e9vrier 2025 : <a href=\"https:\/\/commune-poisson.fr\/wp-content\/uploads\/Cot\u00e9Mairie\/Arr\u00eat\u00e9sMunicipaux\/Annexe-1-a-larrete-de-fevrier-2025-relatif-a-lutilisation-des-VC-et-CR-information-des-travaux.pdf\" target=\"_blank\" rel=\"noreferrer noopener\">cliquez ici<\/a><\/strong>.<br><strong>&#8211; Annexe 2  de l&rsquo;arr\u00eat\u00e9 du 24 f\u00e9vrier 2025 : <a href=\"https:\/\/commune-poisson.fr\/wp-content\/uploads\/Cot\u00e9Mairie\/Arr\u00eat\u00e9sMunicipaux\/Annexe-2-a-larrete-de-fevrier-2025-relatif-a-lutilisation-des-VC-et-CR-etat-des-lieux-avant-travaux.pdf\" target=\"_blank\" rel=\"noreferrer noopener\">cliquez ici<\/a><\/strong>.<br><strong>&#8211; Annexe 3  de l&rsquo;arr\u00eat\u00e9 du 24 f\u00e9vrier 2025 : <a href=\"https:\/\/commune-poisson.fr\/wp-content\/uploads\/Cot\u00e9Mairie\/Arr\u00eat\u00e9sMunicipaux\/Annexe-3-a-larrete-de-fevrier-2025-relatif-a-lutilisation-des-VC-et-CR-etat-des-lieux-apres-travaux.pdf\" target=\"_blank\" rel=\"noreferrer noopener\">cliquez ici<\/a><\/strong>.<\/p>\n\n\n\n<figure class=\"wp-block-image\"><a href=\"https:\/\/commune-poisson.fr\/?page_id=6075\"><img loading=\"lazy\" decoding=\"async\" width=\"50\" height=\"50\" src=\"https:\/\/commune-poisson.fr\/wp-content\/uploads\/Articles\/Logo\/Retour-Haut-de-page.jpg\" alt=\"\" class=\"wp-image-2177\"\/><\/a><\/figure>\n\n\n","protected":false},"excerpt":{"rendered":"<p>24 f\u00e9vrier 2025 * Arr\u00eat\u00e9 du Maire du 24 f\u00e9vrier<span class=\"excerpt-hellip\"> [\u2026]<\/span><\/p>\n","protected":false},"author":2,"featured_media":0,"parent":119,"menu_order":7,"comment_status":"closed","ping_status":"closed","template":"","meta":{"footnotes":""},"class_list":["post-6075","page","type-page","status-publish","hentry"],"yoast_head":"<!-- This site is optimized with the Yoast SEO plugin v27.2 - https:\/\/yoast.com\/product\/yoast-seo-wordpress\/ -->\n<title>Arr\u00eat\u00e9s municipaux - Commune de POISSON | Sa\u00f4ne-et-Loire (71)<\/title>\n<meta name=\"robots\" content=\"index, follow, max-snippet:-1, max-image-preview:large, max-video-preview:-1\" \/>\n<link rel=\"canonical\" href=\"https:\/\/commune-poisson.fr\/?page_id=6075\" \/>\n<meta property=\"og:locale\" content=\"fr_FR\" \/>\n<meta property=\"og:type\" content=\"article\" \/>\n<meta property=\"og:title\" content=\"Arr\u00eat\u00e9s municipaux - Commune de POISSON | Sa\u00f4ne-et-Loire (71)\" \/>\n<meta property=\"og:description\" content=\"24 f\u00e9vrier 2025 * Arr\u00eat\u00e9 du Maire du 24 f\u00e9vrier [\u2026]\" \/>\n<meta property=\"og:url\" content=\"https:\/\/commune-poisson.fr\/?page_id=6075\" \/>\n<meta property=\"og:site_name\" content=\"Commune de POISSON | Sa\u00f4ne-et-Loire (71)\" \/>\n<meta property=\"article:modified_time\" content=\"2026-04-05T17:17:49+00:00\" \/>\n<meta property=\"og:image\" content=\"https:\/\/commune-poisson.fr\/wp-content\/uploads\/Articles\/Logo\/Retour-Haut-de-page.jpg\" \/>\n<meta name=\"twitter:card\" content=\"summary_large_image\" \/>\n<script type=\"application\/ld+json\" class=\"yoast-schema-graph\">{\"@context\":\"https:\/\/schema.org\",\"@graph\":[{\"@type\":\"WebPage\",\"@id\":\"https:\/\/commune-poisson.fr\/?page_id=6075\",\"url\":\"https:\/\/commune-poisson.fr\/?page_id=6075\",\"name\":\"Arr\u00eat\u00e9s municipaux - Commune de POISSON | Sa\u00f4ne-et-Loire (71)\",\"isPartOf\":{\"@id\":\"https:\/\/commune-poisson.fr\/#website\"},\"primaryImageOfPage\":{\"@id\":\"https:\/\/commune-poisson.fr\/?page_id=6075#primaryimage\"},\"image\":{\"@id\":\"https:\/\/commune-poisson.fr\/?page_id=6075#primaryimage\"},\"thumbnailUrl\":\"https:\/\/commune-poisson.fr\/wp-content\/uploads\/Articles\/Logo\/Retour-Haut-de-page.jpg\",\"datePublished\":\"2025-04-10T17:17:50+00:00\",\"dateModified\":\"2026-04-05T17:17:49+00:00\",\"breadcrumb\":{\"@id\":\"https:\/\/commune-poisson.fr\/?page_id=6075#breadcrumb\"},\"inLanguage\":\"fr-FR\",\"potentialAction\":[{\"@type\":\"ReadAction\",\"target\":[\"https:\/\/commune-poisson.fr\/?page_id=6075\"]}]},{\"@type\":\"ImageObject\",\"inLanguage\":\"fr-FR\",\"@id\":\"https:\/\/commune-poisson.fr\/?page_id=6075#primaryimage\",\"url\":\"https:\/\/commune-poisson.fr\/wp-content\/uploads\/Articles\/Logo\/Retour-Haut-de-page.jpg\",\"contentUrl\":\"https:\/\/commune-poisson.fr\/wp-content\/uploads\/Articles\/Logo\/Retour-Haut-de-page.jpg\",\"width\":50,\"height\":50,\"caption\":\"Retour haut de page\"},{\"@type\":\"BreadcrumbList\",\"@id\":\"https:\/\/commune-poisson.fr\/?page_id=6075#breadcrumb\",\"itemListElement\":[{\"@type\":\"ListItem\",\"position\":1,\"name\":\"Accueil\",\"item\":\"https:\/\/commune-poisson.fr\/\"},{\"@type\":\"ListItem\",\"position\":2,\"name\":\"C\u00f4t\u00e9 Mairie\",\"item\":\"https:\/\/commune-poisson.fr\/?page_id=119\"},{\"@type\":\"ListItem\",\"position\":3,\"name\":\"Arr\u00eat\u00e9s municipaux\"}]},{\"@type\":\"WebSite\",\"@id\":\"https:\/\/commune-poisson.fr\/#website\",\"url\":\"https:\/\/commune-poisson.fr\/\",\"name\":\"Commune de POISSON | Sa\u00f4ne-et-Loire (71)\",\"description\":\"Site officiel\",\"potentialAction\":[{\"@type\":\"SearchAction\",\"target\":{\"@type\":\"EntryPoint\",\"urlTemplate\":\"https:\/\/commune-poisson.fr\/?s={search_term_string}\"},\"query-input\":{\"@type\":\"PropertyValueSpecification\",\"valueRequired\":true,\"valueName\":\"search_term_string\"}}],\"inLanguage\":\"fr-FR\"}]}<\/script>\n<!-- \/ Yoast SEO plugin. -->","yoast_head_json":{"title":"Arr\u00eat\u00e9s municipaux - Commune de POISSON | Sa\u00f4ne-et-Loire (71)","robots":{"index":"index","follow":"follow","max-snippet":"max-snippet:-1","max-image-preview":"max-image-preview:large","max-video-preview":"max-video-preview:-1"},"canonical":"https:\/\/commune-poisson.fr\/?page_id=6075","og_locale":"fr_FR","og_type":"article","og_title":"Arr\u00eat\u00e9s municipaux - Commune de POISSON | Sa\u00f4ne-et-Loire (71)","og_description":"24 f\u00e9vrier 2025 * Arr\u00eat\u00e9 du Maire du 24 f\u00e9vrier [\u2026]","og_url":"https:\/\/commune-poisson.fr\/?page_id=6075","og_site_name":"Commune de POISSON | Sa\u00f4ne-et-Loire (71)","article_modified_time":"2026-04-05T17:17:49+00:00","og_image":[{"url":"https:\/\/commune-poisson.fr\/wp-content\/uploads\/Articles\/Logo\/Retour-Haut-de-page.jpg","type":"","width":"","height":""}],"twitter_card":"summary_large_image","schema":{"@context":"https:\/\/schema.org","@graph":[{"@type":"WebPage","@id":"https:\/\/commune-poisson.fr\/?page_id=6075","url":"https:\/\/commune-poisson.fr\/?page_id=6075","name":"Arr\u00eat\u00e9s municipaux - Commune de POISSON | Sa\u00f4ne-et-Loire (71)","isPartOf":{"@id":"https:\/\/commune-poisson.fr\/#website"},"primaryImageOfPage":{"@id":"https:\/\/commune-poisson.fr\/?page_id=6075#primaryimage"},"image":{"@id":"https:\/\/commune-poisson.fr\/?page_id=6075#primaryimage"},"thumbnailUrl":"https:\/\/commune-poisson.fr\/wp-content\/uploads\/Articles\/Logo\/Retour-Haut-de-page.jpg","datePublished":"2025-04-10T17:17:50+00:00","dateModified":"2026-04-05T17:17:49+00:00","breadcrumb":{"@id":"https:\/\/commune-poisson.fr\/?page_id=6075#breadcrumb"},"inLanguage":"fr-FR","potentialAction":[{"@type":"ReadAction","target":["https:\/\/commune-poisson.fr\/?page_id=6075"]}]},{"@type":"ImageObject","inLanguage":"fr-FR","@id":"https:\/\/commune-poisson.fr\/?page_id=6075#primaryimage","url":"https:\/\/commune-poisson.fr\/wp-content\/uploads\/Articles\/Logo\/Retour-Haut-de-page.jpg","contentUrl":"https:\/\/commune-poisson.fr\/wp-content\/uploads\/Articles\/Logo\/Retour-Haut-de-page.jpg","width":50,"height":50,"caption":"Retour haut de page"},{"@type":"BreadcrumbList","@id":"https:\/\/commune-poisson.fr\/?page_id=6075#breadcrumb","itemListElement":[{"@type":"ListItem","position":1,"name":"Accueil","item":"https:\/\/commune-poisson.fr\/"},{"@type":"ListItem","position":2,"name":"C\u00f4t\u00e9 Mairie","item":"https:\/\/commune-poisson.fr\/?page_id=119"},{"@type":"ListItem","position":3,"name":"Arr\u00eat\u00e9s municipaux"}]},{"@type":"WebSite","@id":"https:\/\/commune-poisson.fr\/#website","url":"https:\/\/commune-poisson.fr\/","name":"Commune de POISSON | Sa\u00f4ne-et-Loire (71)","description":"Site officiel","potentialAction":[{"@type":"SearchAction","target":{"@type":"EntryPoint","urlTemplate":"https:\/\/commune-poisson.fr\/?s={search_term_string}"},"query-input":{"@type":"PropertyValueSpecification","valueRequired":true,"valueName":"search_term_string"}}],"inLanguage":"fr-FR"}]}},"_links":{"self":[{"href":"https:\/\/commune-poisson.fr\/index.php?rest_route=\/wp\/v2\/pages\/6075","targetHints":{"allow":["GET"]}}],"collection":[{"href":"https:\/\/commune-poisson.fr\/index.php?rest_route=\/wp\/v2\/pages"}],"about":[{"href":"https:\/\/commune-poisson.fr\/index.php?rest_route=\/wp\/v2\/types\/page"}],"author":[{"embeddable":true,"href":"https:\/\/commune-poisson.fr\/index.php?rest_route=\/wp\/v2\/users\/2"}],"replies":[{"embeddable":true,"href":"https:\/\/commune-poisson.fr\/index.php?rest_route=%2Fwp%2Fv2%2Fcomments&post=6075"}],"version-history":[{"count":17,"href":"https:\/\/commune-poisson.fr\/index.php?rest_route=\/wp\/v2\/pages\/6075\/revisions"}],"predecessor-version":[{"id":7612,"href":"https:\/\/commune-poisson.fr\/index.php?rest_route=\/wp\/v2\/pages\/6075\/revisions\/7612"}],"up":[{"embeddable":true,"href":"https:\/\/commune-poisson.fr\/index.php?rest_route=\/wp\/v2\/pages\/119"}],"wp:attachment":[{"href":"https:\/\/commune-poisson.fr\/index.php?rest_route=%2Fwp%2Fv2%2Fmedia&parent=6075"}],"curies":[{"name":"wp","href":"https:\/\/api.w.org\/{rel}","templated":true}]}}