{"id":396,"date":"2023-01-21T09:00:29","date_gmt":"2023-01-21T08:00:29","guid":{"rendered":"https:\/\/sddbox-containers.com\/?page_id=396"},"modified":"2026-04-05T19:41:48","modified_gmt":"2026-04-05T17:41:48","slug":"restaurant-scolaire-de-poisson","status":"publish","type":"page","link":"https:\/\/commune-poisson.fr\/?page_id=396","title":{"rendered":"Restaurant Scolaire de Poisson"},"content":{"rendered":"\n<p><strong>Sur cette page :<\/strong><br><strong><a href=\"#Pr\u00e9sentation\"><strong>Pr\u00e9sentation de l&rsquo;association<\/strong><\/a><\/strong><br><strong><a href=\"#Accueil\">Accueil et organisation<\/a><\/strong><br><strong><a href=\"#Composition\">Composition du bureau<\/a><\/strong><br><a href=\"#Calendrier\"><strong>Calendrier des manifestations<\/strong><\/a><br><strong><a href=\"#Contacts\">Contact<\/a><\/strong><\/p>\n\n\n<div class=\"wp-block-image\">\n<figure class=\"alignleft size-full is-resized\"><img loading=\"lazy\" decoding=\"async\" width=\"481\" height=\"152\" src=\"https:\/\/commune-poisson.fr\/wp-content\/uploads\/Associations\/RestaurantScolaire\/Logo-Association-du-Restaurant-scolaire-de-Poisson-Pour-page-du-site.jpg\" alt=\"\" class=\"wp-image-7524\" style=\"aspect-ratio:3.164629041233679;width:387px;height:auto\" srcset=\"https:\/\/commune-poisson.fr\/wp-content\/uploads\/Associations\/RestaurantScolaire\/Logo-Association-du-Restaurant-scolaire-de-Poisson-Pour-page-du-site.jpg 481w, https:\/\/commune-poisson.fr\/wp-content\/uploads\/Associations\/RestaurantScolaire\/Logo-Association-du-Restaurant-scolaire-de-Poisson-Pour-page-du-site-300x95.jpg 300w, https:\/\/commune-poisson.fr\/wp-content\/uploads\/Associations\/RestaurantScolaire\/Logo-Association-du-Restaurant-scolaire-de-Poisson-Pour-page-du-site-150x47.jpg 150w\" sizes=\"auto, (max-width:767px) 480px, 481px\" \/><\/figure>\n<\/div>\n\n\n<div style=\"height:10px\" aria-hidden=\"true\" class=\"wp-block-spacer\"><\/div>\n\n\n\n<hr class=\"wp-block-separator has-text-color has-black-color has-alpha-channel-opacity has-black-background-color has-background\" id=\"Pr\u00e9sentation\"\/>\n\n\n\n<h2 class=\"wp-block-heading has-luminous-vivid-orange-color has-text-color\"><strong>Pr\u00e9sentation de l&rsquo;association<\/strong><\/h2>\n\n\n\n<p><strong>L&rsquo;association du Restaurant Scolaire de Poisson a \u00e9t\u00e9 cr\u00e9\u00e9e en 1953, et partage depuis avril 2025 la gestion du restaurant scolaire avec la commune. Celle-ci emploie le personnel du restaurant scolaire et g\u00e8re la facturation des repas aux familles.<br>L\u2019association du Restaurant Scolaire de Poisson g\u00e8re la partie intendance : achat des mati\u00e8res premi\u00e8res, fournitures. Elle organise des manifestations qui permettent de prendre en charge une partie des frais.<\/strong><\/p>\n\n\n\n<figure class=\"wp-block-image size-full\"><a href=\"https:\/\/commune-poisson.fr\/?page_id=396\"><img loading=\"lazy\" decoding=\"async\" width=\"50\" height=\"50\" src=\"https:\/\/commune-poisson.fr\/wp-content\/uploads\/Articles\/Logo\/Retour-Haut-de-page.jpg\" alt=\"\" class=\"wp-image-2177\"\/><\/a><\/figure>\n\n\n\n<hr class=\"wp-block-separator has-text-color has-black-color has-alpha-channel-opacity has-black-background-color has-background\" id=\"Accueil\"\/>\n\n\n\n<h2 class=\"wp-block-heading has-luminous-vivid-orange-color has-text-color\"><strong>Accueil et organisation<\/strong><\/h2>\n\n\n\n<p>* <strong>Le restaurant scolaire accueille le midi tous les enfants scolaris\u00e9s \u00e0 l\u2019\u00e9cole de Poisson de la petite section maternelle au CM2,&nbsp;ainsi que les adultes ayants droit les lundis, mardis, jeudis et vendredis.<br>* Les repas sont cuisin\u00e9s sur place par une cantini\u00e8re.<\/strong><br><strong>* Tarif pour l\u2019ann\u00e9e scolaire 2025-2026 : 4,20 \u20ac par repas pour les enfants.<br>* R\u00e8glement du restaurant scolaire de Poisson pour l\u2019ann\u00e9e 2025-2026 : <a href=\"https:\/\/commune-poisson.fr\/wp-content\/uploads\/EnfanceJeunesse\/RestaurantScolaire\/Reglement-du-restaurant-scolaire-Poisson-2025.pdf\" target=\"_blank\" rel=\"noreferrer noopener\">cliquez ici<\/a>.<\/strong><\/p>\n\n\n\n<figure class=\"wp-block-image size-full\"><a href=\"https:\/\/commune-poisson.fr\/?page_id=396\"><img loading=\"lazy\" decoding=\"async\" width=\"50\" height=\"50\" src=\"https:\/\/commune-poisson.fr\/wp-content\/uploads\/Articles\/Logo\/Retour-Haut-de-page.jpg\" alt=\"\" class=\"wp-image-2177\"\/><\/a><\/figure>\n\n\n\n<hr class=\"wp-block-separator has-text-color has-black-color has-alpha-channel-opacity has-black-background-color has-background\" id=\"Composition\"\/>\n\n\n\n<h2 class=\"wp-block-heading has-luminous-vivid-orange-color has-text-color\"><strong>Composition du bureau<\/strong><\/h2>\n\n\n\n<p>*<strong> Pr\u00e9sidente : Cl\u00e9mence Labarge<br>* Vice-pr\u00e9sidente : Annabelle Lapandry<\/strong><br><strong>* Secr\u00e9taire : Aur\u00e9lie Barridon<\/strong><br><strong>* Tr\u00e9sori\u00e8re : Val\u00e9rie Barbier<br>* Vice-tr\u00e9sori\u00e8re : Daphn\u00e9 Bonnot<\/strong><\/p>\n\n\n\n<figure class=\"wp-block-image size-full\"><a href=\"https:\/\/commune-poisson.fr\/?page_id=396\"><img loading=\"lazy\" decoding=\"async\" width=\"50\" height=\"50\" src=\"https:\/\/commune-poisson.fr\/wp-content\/uploads\/Articles\/Logo\/Retour-Haut-de-page.jpg\" alt=\"\" class=\"wp-image-2177\"\/><\/a><\/figure>\n\n\n\n<hr class=\"wp-block-separator has-text-color has-black-color has-alpha-channel-opacity has-black-background-color has-background\" id=\"Calendrier\"\/>\n\n\n\n<h2 class=\"wp-block-heading has-luminous-vivid-orange-color has-text-color\"><strong>Calendrier des manifestations<\/strong><\/h2>\n\n\n\n<p><strong>Manifestations organis\u00e9es par l\u2019association du Restaurant Scolaire de Poisson et l<a href=\"https:\/\/commune-poisson.fr\/?page_id=380\" target=\"_blank\" rel=\"noreferrer noopener\">&lsquo;Association \u00c9ducative de Poisson<\/a> :<\/strong><br><strong>* Samedi 27 juin 2026 : f\u00eate de l&rsquo;\u00e9cole<\/strong><br><strong>* Dimanche 13 septembre 2026 : vide-grenier<\/strong><\/p>\n\n\n\n<figure class=\"wp-block-image size-full\"><a href=\"https:\/\/commune-poisson.fr\/?page_id=396\"><img loading=\"lazy\" decoding=\"async\" width=\"50\" height=\"50\" src=\"https:\/\/commune-poisson.fr\/wp-content\/uploads\/Articles\/Logo\/Retour-Haut-de-page.jpg\" alt=\"\" class=\"wp-image-2177\"\/><\/a><\/figure>\n\n\n\n<hr class=\"wp-block-separator has-text-color has-black-color has-alpha-channel-opacity has-black-background-color has-background\" id=\"Contacts\"\/>\n\n\n\n<h2 class=\"wp-block-heading has-luminous-vivid-orange-color has-text-color\"><strong>Contact<\/strong><\/h2>\n\n\n\n<p><strong>Mail : <a href=\"mailto:restaurantscolairepoisson@sfr.fr\" target=\"_blank\" rel=\"noopener\">restaurantscolairepoisson@sfr.fr<\/a><\/strong><\/p>\n\n\n\n<figure class=\"wp-block-image size-full\"><a href=\"https:\/\/commune-poisson.fr\/?page_id=396\"><img loading=\"lazy\" decoding=\"async\" width=\"50\" height=\"50\" src=\"https:\/\/commune-poisson.fr\/wp-content\/uploads\/Articles\/Logo\/Retour-Haut-de-page.jpg\" alt=\"\" class=\"wp-image-2177\"\/><\/a><\/figure>\n","protected":false},"excerpt":{"rendered":"<p>Sur cette page :Pr\u00e9sentation de l&rsquo;associationAccueil et organisationComposition du bureauCalendrier<span class=\"excerpt-hellip\"> [\u2026]<\/span><\/p>\n","protected":false},"author":2,"featured_media":0,"parent":202,"menu_order":11,"comment_status":"closed","ping_status":"closed","template":"","meta":{"footnotes":""},"class_list":["post-396","page","type-page","status-publish","hentry"],"yoast_head":"<!-- This site is optimized with the Yoast SEO plugin v27.2 - https:\/\/yoast.com\/product\/yoast-seo-wordpress\/ -->\n<title>Restaurant Scolaire de Poisson - Commune de POISSON | Sa\u00f4ne-et-Loire (71)<\/title>\n<meta name=\"robots\" content=\"index, follow, max-snippet:-1, max-image-preview:large, max-video-preview:-1\" \/>\n<link rel=\"canonical\" href=\"https:\/\/commune-poisson.fr\/?page_id=396\" \/>\n<meta property=\"og:locale\" content=\"fr_FR\" \/>\n<meta property=\"og:type\" content=\"article\" \/>\n<meta property=\"og:title\" content=\"Restaurant Scolaire de Poisson - Commune de POISSON | Sa\u00f4ne-et-Loire (71)\" \/>\n<meta property=\"og:description\" content=\"Sur cette page :Pr\u00e9sentation de l&rsquo;associationAccueil et organisationComposition du bureauCalendrier [\u2026]\" \/>\n<meta property=\"og:url\" content=\"https:\/\/commune-poisson.fr\/?page_id=396\" \/>\n<meta property=\"og:site_name\" content=\"Commune de POISSON | Sa\u00f4ne-et-Loire (71)\" \/>\n<meta property=\"article:modified_time\" content=\"2026-04-05T17:41:48+00:00\" \/>\n<meta property=\"og:image\" content=\"https:\/\/commune-poisson.fr\/wp-content\/uploads\/Associations\/RestaurantScolaire\/Logo-Association-du-Restaurant-scolaire-de-Poisson-Pour-page-du-site.jpg\" \/>\n\t<meta property=\"og:image:width\" content=\"481\" \/>\n\t<meta property=\"og:image:height\" content=\"152\" \/>\n\t<meta property=\"og:image:type\" content=\"image\/jpeg\" \/>\n<meta name=\"twitter:card\" content=\"summary_large_image\" \/>\n<meta name=\"twitter:label1\" content=\"Dur\u00e9e de lecture estim\u00e9e\" \/>\n\t<meta name=\"twitter:data1\" content=\"3 minutes\" \/>\n<script type=\"application\/ld+json\" class=\"yoast-schema-graph\">{\"@context\":\"https:\/\/schema.org\",\"@graph\":[{\"@type\":\"WebPage\",\"@id\":\"https:\/\/commune-poisson.fr\/?page_id=396\",\"url\":\"https:\/\/commune-poisson.fr\/?page_id=396\",\"name\":\"Restaurant Scolaire de Poisson - Commune de POISSON | Sa\u00f4ne-et-Loire (71)\",\"isPartOf\":{\"@id\":\"https:\/\/commune-poisson.fr\/#website\"},\"primaryImageOfPage\":{\"@id\":\"https:\/\/commune-poisson.fr\/?page_id=396#primaryimage\"},\"image\":{\"@id\":\"https:\/\/commune-poisson.fr\/?page_id=396#primaryimage\"},\"thumbnailUrl\":\"https:\/\/commune-poisson.fr\/wp-content\/uploads\/Associations\/RestaurantScolaire\/Logo-Association-du-Restaurant-scolaire-de-Poisson-Pour-page-du-site.jpg\",\"datePublished\":\"2023-01-21T08:00:29+00:00\",\"dateModified\":\"2026-04-05T17:41:48+00:00\",\"breadcrumb\":{\"@id\":\"https:\/\/commune-poisson.fr\/?page_id=396#breadcrumb\"},\"inLanguage\":\"fr-FR\",\"potentialAction\":[{\"@type\":\"ReadAction\",\"target\":[\"https:\/\/commune-poisson.fr\/?page_id=396\"]}]},{\"@type\":\"ImageObject\",\"inLanguage\":\"fr-FR\",\"@id\":\"https:\/\/commune-poisson.fr\/?page_id=396#primaryimage\",\"url\":\"https:\/\/commune-poisson.fr\/wp-content\/uploads\/Associations\/RestaurantScolaire\/Logo-Association-du-Restaurant-scolaire-de-Poisson-Pour-page-du-site.jpg\",\"contentUrl\":\"https:\/\/commune-poisson.fr\/wp-content\/uploads\/Associations\/RestaurantScolaire\/Logo-Association-du-Restaurant-scolaire-de-Poisson-Pour-page-du-site.jpg\",\"width\":481,\"height\":152},{\"@type\":\"BreadcrumbList\",\"@id\":\"https:\/\/commune-poisson.fr\/?page_id=396#breadcrumb\",\"itemListElement\":[{\"@type\":\"ListItem\",\"position\":1,\"name\":\"Accueil\",\"item\":\"https:\/\/commune-poisson.fr\/\"},{\"@type\":\"ListItem\",\"position\":2,\"name\":\"Associations\",\"item\":\"https:\/\/commune-poisson.fr\/?page_id=202\"},{\"@type\":\"ListItem\",\"position\":3,\"name\":\"Restaurant Scolaire de Poisson\"}]},{\"@type\":\"WebSite\",\"@id\":\"https:\/\/commune-poisson.fr\/#website\",\"url\":\"https:\/\/commune-poisson.fr\/\",\"name\":\"Commune de POISSON | Sa\u00f4ne-et-Loire (71)\",\"description\":\"Site officiel\",\"potentialAction\":[{\"@type\":\"SearchAction\",\"target\":{\"@type\":\"EntryPoint\",\"urlTemplate\":\"https:\/\/commune-poisson.fr\/?s={search_term_string}\"},\"query-input\":{\"@type\":\"PropertyValueSpecification\",\"valueRequired\":true,\"valueName\":\"search_term_string\"}}],\"inLanguage\":\"fr-FR\"}]}<\/script>\n<!-- \/ Yoast SEO plugin. -->","yoast_head_json":{"title":"Restaurant Scolaire de Poisson - Commune de POISSON | Sa\u00f4ne-et-Loire (71)","robots":{"index":"index","follow":"follow","max-snippet":"max-snippet:-1","max-image-preview":"max-image-preview:large","max-video-preview":"max-video-preview:-1"},"canonical":"https:\/\/commune-poisson.fr\/?page_id=396","og_locale":"fr_FR","og_type":"article","og_title":"Restaurant Scolaire de Poisson - Commune de POISSON | Sa\u00f4ne-et-Loire (71)","og_description":"Sur cette page :Pr\u00e9sentation de l&rsquo;associationAccueil et organisationComposition du bureauCalendrier [\u2026]","og_url":"https:\/\/commune-poisson.fr\/?page_id=396","og_site_name":"Commune de POISSON | Sa\u00f4ne-et-Loire (71)","article_modified_time":"2026-04-05T17:41:48+00:00","og_image":[{"width":481,"height":152,"url":"https:\/\/commune-poisson.fr\/wp-content\/uploads\/Associations\/RestaurantScolaire\/Logo-Association-du-Restaurant-scolaire-de-Poisson-Pour-page-du-site.jpg","type":"image\/jpeg"}],"twitter_card":"summary_large_image","twitter_misc":{"Dur\u00e9e de lecture estim\u00e9e":"3 minutes"},"schema":{"@context":"https:\/\/schema.org","@graph":[{"@type":"WebPage","@id":"https:\/\/commune-poisson.fr\/?page_id=396","url":"https:\/\/commune-poisson.fr\/?page_id=396","name":"Restaurant Scolaire de Poisson - Commune de POISSON | Sa\u00f4ne-et-Loire (71)","isPartOf":{"@id":"https:\/\/commune-poisson.fr\/#website"},"primaryImageOfPage":{"@id":"https:\/\/commune-poisson.fr\/?page_id=396#primaryimage"},"image":{"@id":"https:\/\/commune-poisson.fr\/?page_id=396#primaryimage"},"thumbnailUrl":"https:\/\/commune-poisson.fr\/wp-content\/uploads\/Associations\/RestaurantScolaire\/Logo-Association-du-Restaurant-scolaire-de-Poisson-Pour-page-du-site.jpg","datePublished":"2023-01-21T08:00:29+00:00","dateModified":"2026-04-05T17:41:48+00:00","breadcrumb":{"@id":"https:\/\/commune-poisson.fr\/?page_id=396#breadcrumb"},"inLanguage":"fr-FR","potentialAction":[{"@type":"ReadAction","target":["https:\/\/commune-poisson.fr\/?page_id=396"]}]},{"@type":"ImageObject","inLanguage":"fr-FR","@id":"https:\/\/commune-poisson.fr\/?page_id=396#primaryimage","url":"https:\/\/commune-poisson.fr\/wp-content\/uploads\/Associations\/RestaurantScolaire\/Logo-Association-du-Restaurant-scolaire-de-Poisson-Pour-page-du-site.jpg","contentUrl":"https:\/\/commune-poisson.fr\/wp-content\/uploads\/Associations\/RestaurantScolaire\/Logo-Association-du-Restaurant-scolaire-de-Poisson-Pour-page-du-site.jpg","width":481,"height":152},{"@type":"BreadcrumbList","@id":"https:\/\/commune-poisson.fr\/?page_id=396#breadcrumb","itemListElement":[{"@type":"ListItem","position":1,"name":"Accueil","item":"https:\/\/commune-poisson.fr\/"},{"@type":"ListItem","position":2,"name":"Associations","item":"https:\/\/commune-poisson.fr\/?page_id=202"},{"@type":"ListItem","position":3,"name":"Restaurant Scolaire de Poisson"}]},{"@type":"WebSite","@id":"https:\/\/commune-poisson.fr\/#website","url":"https:\/\/commune-poisson.fr\/","name":"Commune de POISSON | Sa\u00f4ne-et-Loire (71)","description":"Site officiel","potentialAction":[{"@type":"SearchAction","target":{"@type":"EntryPoint","urlTemplate":"https:\/\/commune-poisson.fr\/?s={search_term_string}"},"query-input":{"@type":"PropertyValueSpecification","valueRequired":true,"valueName":"search_term_string"}}],"inLanguage":"fr-FR"}]}},"_links":{"self":[{"href":"https:\/\/commune-poisson.fr\/index.php?rest_route=\/wp\/v2\/pages\/396","targetHints":{"allow":["GET"]}}],"collection":[{"href":"https:\/\/commune-poisson.fr\/index.php?rest_route=\/wp\/v2\/pages"}],"about":[{"href":"https:\/\/commune-poisson.fr\/index.php?rest_route=\/wp\/v2\/types\/page"}],"author":[{"embeddable":true,"href":"https:\/\/commune-poisson.fr\/index.php?rest_route=\/wp\/v2\/users\/2"}],"replies":[{"embeddable":true,"href":"https:\/\/commune-poisson.fr\/index.php?rest_route=%2Fwp%2Fv2%2Fcomments&post=396"}],"version-history":[{"count":41,"href":"https:\/\/commune-poisson.fr\/index.php?rest_route=\/wp\/v2\/pages\/396\/revisions"}],"predecessor-version":[{"id":7636,"href":"https:\/\/commune-poisson.fr\/index.php?rest_route=\/wp\/v2\/pages\/396\/revisions\/7636"}],"up":[{"embeddable":true,"href":"https:\/\/commune-poisson.fr\/index.php?rest_route=\/wp\/v2\/pages\/202"}],"wp:attachment":[{"href":"https:\/\/commune-poisson.fr\/index.php?rest_route=%2Fwp%2Fv2%2Fmedia&parent=396"}],"curies":[{"name":"wp","href":"https:\/\/api.w.org\/{rel}","templated":true}]}}