{"id":394,"date":"2023-01-21T08:35:00","date_gmt":"2023-01-21T07:35:00","guid":{"rendered":"https:\/\/sddbox-containers.com\/?page_id=394"},"modified":"2026-04-05T19:40:53","modified_gmt":"2026-04-05T17:40:53","slug":"la-perche-brionnaise","status":"publish","type":"page","link":"https:\/\/commune-poisson.fr\/?page_id=394","title":{"rendered":"La Perche Brionnaise"},"content":{"rendered":"\n<p><strong>Sur cette page :<br><a href=\"#Pr\u00e9sentation\">Pr\u00e9sentation de La Perche Brionnaise<\/a><br><a href=\"#Liste\">Liste des d\u00e9positaires de cartes de p\u00eache<\/a><\/strong><br><strong><a href=\"#Composition-du-bureau\">Composition du bureau<\/a><\/strong><br><strong><a href=\"#Contacts\">Contacts<\/a><\/strong><\/p>\n\n\n<div class=\"wp-block-image is-resized\">\n<figure class=\"alignleft size-full\"><img loading=\"lazy\" decoding=\"async\" width=\"733\" height=\"656\" src=\"https:\/\/commune-poisson.fr\/wp-content\/uploads\/Associations\/LaPercheBrionnaise\/Perche-Brionnaise.jpg\" alt=\"\" class=\"wp-image-1637\" style=\"width:194px;height:auto\" srcset=\"https:\/\/commune-poisson.fr\/wp-content\/uploads\/Associations\/LaPercheBrionnaise\/Perche-Brionnaise.jpg 733w, https:\/\/commune-poisson.fr\/wp-content\/uploads\/Associations\/LaPercheBrionnaise\/Perche-Brionnaise-300x268.jpg 300w, https:\/\/commune-poisson.fr\/wp-content\/uploads\/Associations\/LaPercheBrionnaise\/Perche-Brionnaise-163x146.jpg 163w, https:\/\/commune-poisson.fr\/wp-content\/uploads\/Associations\/LaPercheBrionnaise\/Perche-Brionnaise-50x45.jpg 50w, https:\/\/commune-poisson.fr\/wp-content\/uploads\/Associations\/LaPercheBrionnaise\/Perche-Brionnaise-84x75.jpg 84w\" sizes=\"auto, (max-width:767px) 480px, 733px\" \/><\/figure>\n<\/div>\n\n\n<div style=\"height:6px\" aria-hidden=\"true\" class=\"wp-block-spacer\"><\/div>\n\n\n\n<hr class=\"wp-block-separator has-text-color has-black-color has-alpha-channel-opacity has-black-background-color has-background\" id=\"Pr\u00e9sentation\"\/>\n\n\n\n<h2 class=\"wp-block-heading has-luminous-vivid-orange-color has-text-color\"><strong>Pr\u00e9sentation de La Perche Brionnaise<\/strong><\/h2>\n\n\n\n<p>L&rsquo;Association Agr\u00e9\u00e9e de P\u00eache et de Protection du Milieu Aquatique \u00ab\u00a0La Perche Brionnaise\u00a0\u00bb a \u00e9t\u00e9 fond\u00e9e en 1935, c\u2019est cette m\u00eame ann\u00e9e qu\u2019elle signe les premiers baux de p\u00eache. En 1942, elle adh\u00e8re \u00e0 la f\u00e9d\u00e9ration d\u00e9partementale de Sa\u00f4ne-et-Loire. Aujourd&rsquo;hui, La Perche Brionnaise est l&rsquo;une des 70&nbsp;A.A.P.P.M.A. que compte la Sa\u00f4ne-et-Loire. Son effectif est d&rsquo;environ 275 adh\u00e9rents,&nbsp; provenant de 50 communes et de 6 d\u00e9partements.<br>L&rsquo;Arconce et ses affluents class\u00e9s en deuxi\u00e8me cat\u00e9gorie du domaine priv\u00e9, La Perche Brionnaise a&nbsp;sign\u00e9 des baux de p\u00eache avec 30 propri\u00e9taires des communes de Varenne l&rsquo;Arconce, Poisson, Saint-Didier-en-Brionnais, Sarry, Anzy-le-Duc et Montceaux-l&rsquo;\u00c9toile. De ce fait, elle y d\u00e9tient et g\u00e8re les droits de p\u00eache.&nbsp;En outre, elle participe \u00e0 la protection du milieu aquatique, du patrimoine piscicole, lutte contre le braconnage, la pollution et la destruction des zones essentielles \u00e0 la vie du poisson. Elle effectue des op\u00e9rations de mise en valeur du domaine piscicole et favorise l\u2019information.<br>Chaque ann\u00e9e, la soci\u00e9t\u00e9 proc\u00e8de \u00e0&nbsp;des empoissonnements de qualit\u00e9 (brochets, gardons, perches, truites arc-en-ciel). Depuis 2017, un atelier \u00ab initiation p\u00eache \u00e0 la mouche \u00bb permet aux adh\u00e9rents qui le souhaitent d\u2019apprendre les bases de cette technique.<br>Deux fois par an, les adh\u00e9rents se retrouvent pour passer un bon moment autour d\u2019un repas, o\u00f9 la convivialit\u00e9 et la d\u00e9tente sont primordiales, permettant le rapprochement et les \u00e9changes de personnes qu&rsquo;unit une m\u00eame passion. Cet \u00e9tat d&rsquo;esprit a permis que l&rsquo;effectif de la soci\u00e9t\u00e9&nbsp;soit multipli\u00e9 par 7 en 25 ans.<br>Plus de 80 ans apr\u00e8s sa cr\u00e9ation, son dynamisme est toujours de mise. Ces derni\u00e8res ann\u00e9es, le conseil d&rsquo;administration s&rsquo;est fortement rajeuni ce qui est de bon augure. Les Possid\u00e9ens y sont particuli\u00e8rement impliqu\u00e9s, six participent \u00e0 la gestion de l&rsquo;association.<\/p>\n\n\n\n<figure class=\"wp-block-image size-full\"><a href=\"https:\/\/commune-poisson.fr\/?page_id=394\"><img loading=\"lazy\" decoding=\"async\" width=\"50\" height=\"50\" src=\"https:\/\/commune-poisson.fr\/wp-content\/uploads\/Articles\/Logo\/Retour-Haut-de-page.jpg\" alt=\"\" class=\"wp-image-2177\"\/><\/a><\/figure>\n\n\n\n<hr class=\"wp-block-separator has-text-color has-black-color has-alpha-channel-opacity has-black-background-color has-background\" id=\"Liste\"\/>\n\n\n\n<h2 class=\"wp-block-heading\"><strong><span class=\"has-inline-color has-luminous-vivid-orange-color\">Liste des d\u00e9positaires de cartes de p\u00eache<\/span><\/strong><\/h2>\n\n\n\n<p>* <strong><a href=\"https:\/\/commune-poisson.fr\/?page_id=309\" target=\"_blank\" rel=\"noreferrer noopener\">Agence postale communale<\/a><\/strong> &#8211; Le Bourg &#8211; 71600 Poisson <br>Horaires d\u2019ouverture : lundi, mardi, jeudi et vendredi&nbsp;de 14 h \u00e0 17 h, mercredi de 14 h \u00e0 18 h, premier et troisi\u00e8me samedi de chaque mois de 9 h \u00e0 12 h. T\u00e9l : 03 85 81 15 80<br><br>* M.&nbsp; David POLETTE &#8211; 60 route de Bornat &#8211; 71600 Poisson<br> Sur rendez-vous. T\u00e9l : 06 76 66 41 84<\/p>\n\n\n\n<figure class=\"wp-block-image size-full\"><a href=\"https:\/\/commune-poisson.fr\/?page_id=394\"><img loading=\"lazy\" decoding=\"async\" width=\"50\" height=\"50\" src=\"https:\/\/commune-poisson.fr\/wp-content\/uploads\/Articles\/Logo\/Retour-Haut-de-page.jpg\" alt=\"\" class=\"wp-image-2177\"\/><\/a><\/figure>\n\n\n\n<hr class=\"wp-block-separator has-text-color has-black-color has-alpha-channel-opacity has-black-background-color has-background\" id=\"Composition-du-bureau\"\/>\n\n\n\n<h2 class=\"wp-block-heading has-luminous-vivid-orange-color has-text-color\"><strong>Composition du bureau<\/strong><\/h2>\n\n\n\n<p><strong>* Pr\u00e9sident : David POLETTE<br>* Vice-pr\u00e9sident : Christophe&nbsp;DURAND<\/strong><br><strong>* Secr\u00e9taire : Jean-Yves TORTET<br>* Secr\u00e9taire adjoint : Alexandre BERNARD<\/strong><br><strong>* Tr\u00e9sorier : J\u00e9r\u00f4me POLETTE<\/strong><\/p>\n\n\n\n<figure class=\"wp-block-image size-full\"><a href=\"https:\/\/commune-poisson.fr\/?page_id=394\"><img loading=\"lazy\" decoding=\"async\" width=\"50\" height=\"50\" src=\"https:\/\/commune-poisson.fr\/wp-content\/uploads\/Articles\/Logo\/Retour-Haut-de-page.jpg\" alt=\"\" class=\"wp-image-2177\"\/><\/a><\/figure>\n\n\n\n<hr class=\"wp-block-separator has-text-color has-black-color has-alpha-channel-opacity has-black-background-color has-background\" id=\"Contacts\"\/>\n\n\n\n<h2 class=\"wp-block-heading has-luminous-vivid-orange-color has-text-color\"><strong>Contacts<\/strong><\/h2>\n\n\n\n<p><strong>M. David POLETTE &#8211; 60 route de Bornat &#8211; 71600 POISSON<br>T\u00e9l : 06 76 66 41 84<br>Mail&nbsp;: <a href=\"mailto:ad.perchebrionnaise@hotmail.com\" target=\"_blank\" rel=\"noreferrer noopener\">ad.perchebrionnaise@hotmail.com<\/a><br>Site internet de l&rsquo;association : <a href=\"http:\/\/www.laperchebrionnaise.com\/\" target=\"_blank\" rel=\"noreferrer noopener\">cliquez ici<\/a>.<\/strong><\/p>\n\n\n\n<figure class=\"wp-block-image size-full\"><a href=\"https:\/\/commune-poisson.fr\/?page_id=394\"><img loading=\"lazy\" decoding=\"async\" width=\"50\" height=\"50\" src=\"https:\/\/commune-poisson.fr\/wp-content\/uploads\/Articles\/Logo\/Retour-Haut-de-page.jpg\" alt=\"\" class=\"wp-image-2177\"\/><\/a><\/figure>\n","protected":false},"excerpt":{"rendered":"<p>Sur cette page :Pr\u00e9sentation de La Perche BrionnaiseListe des d\u00e9positaires<span class=\"excerpt-hellip\"> [\u2026]<\/span><\/p>\n","protected":false},"author":2,"featured_media":0,"parent":202,"menu_order":10,"comment_status":"closed","ping_status":"closed","template":"","meta":{"footnotes":""},"class_list":["post-394","page","type-page","status-publish","hentry"],"yoast_head":"<!-- This site is optimized with the Yoast SEO plugin v27.2 - https:\/\/yoast.com\/product\/yoast-seo-wordpress\/ -->\n<title>La Perche Brionnaise - Commune de POISSON | Sa\u00f4ne-et-Loire (71)<\/title>\n<meta name=\"robots\" content=\"index, follow, max-snippet:-1, max-image-preview:large, max-video-preview:-1\" \/>\n<link rel=\"canonical\" href=\"https:\/\/commune-poisson.fr\/?page_id=394\" \/>\n<meta property=\"og:locale\" content=\"fr_FR\" \/>\n<meta property=\"og:type\" content=\"article\" \/>\n<meta property=\"og:title\" content=\"La Perche Brionnaise - Commune de POISSON | Sa\u00f4ne-et-Loire (71)\" \/>\n<meta property=\"og:description\" content=\"Sur cette page :Pr\u00e9sentation de La Perche BrionnaiseListe des d\u00e9positaires [\u2026]\" \/>\n<meta property=\"og:url\" content=\"https:\/\/commune-poisson.fr\/?page_id=394\" \/>\n<meta property=\"og:site_name\" content=\"Commune de POISSON | Sa\u00f4ne-et-Loire (71)\" \/>\n<meta property=\"article:modified_time\" content=\"2026-04-05T17:40:53+00:00\" \/>\n<meta property=\"og:image\" content=\"https:\/\/commune-poisson.fr\/wp-content\/uploads\/Associations\/LaPercheBrionnaise\/Perche-Brionnaise.jpg\" \/>\n\t<meta property=\"og:image:width\" content=\"733\" \/>\n\t<meta property=\"og:image:height\" content=\"656\" \/>\n\t<meta property=\"og:image:type\" content=\"image\/jpeg\" \/>\n<meta name=\"twitter:card\" content=\"summary_large_image\" \/>\n<meta name=\"twitter:label1\" content=\"Dur\u00e9e de lecture estim\u00e9e\" \/>\n\t<meta name=\"twitter:data1\" content=\"5 minutes\" \/>\n<script type=\"application\/ld+json\" class=\"yoast-schema-graph\">{\"@context\":\"https:\/\/schema.org\",\"@graph\":[{\"@type\":\"WebPage\",\"@id\":\"https:\/\/commune-poisson.fr\/?page_id=394\",\"url\":\"https:\/\/commune-poisson.fr\/?page_id=394\",\"name\":\"La Perche Brionnaise - Commune de POISSON | Sa\u00f4ne-et-Loire (71)\",\"isPartOf\":{\"@id\":\"https:\/\/commune-poisson.fr\/#website\"},\"primaryImageOfPage\":{\"@id\":\"https:\/\/commune-poisson.fr\/?page_id=394#primaryimage\"},\"image\":{\"@id\":\"https:\/\/commune-poisson.fr\/?page_id=394#primaryimage\"},\"thumbnailUrl\":\"https:\/\/commune-poisson.fr\/wp-content\/uploads\/Associations\/LaPercheBrionnaise\/Perche-Brionnaise.jpg\",\"datePublished\":\"2023-01-21T07:35:00+00:00\",\"dateModified\":\"2026-04-05T17:40:53+00:00\",\"breadcrumb\":{\"@id\":\"https:\/\/commune-poisson.fr\/?page_id=394#breadcrumb\"},\"inLanguage\":\"fr-FR\",\"potentialAction\":[{\"@type\":\"ReadAction\",\"target\":[\"https:\/\/commune-poisson.fr\/?page_id=394\"]}]},{\"@type\":\"ImageObject\",\"inLanguage\":\"fr-FR\",\"@id\":\"https:\/\/commune-poisson.fr\/?page_id=394#primaryimage\",\"url\":\"https:\/\/commune-poisson.fr\/wp-content\/uploads\/Associations\/LaPercheBrionnaise\/Perche-Brionnaise.jpg\",\"contentUrl\":\"https:\/\/commune-poisson.fr\/wp-content\/uploads\/Associations\/LaPercheBrionnaise\/Perche-Brionnaise.jpg\",\"width\":733,\"height\":656},{\"@type\":\"BreadcrumbList\",\"@id\":\"https:\/\/commune-poisson.fr\/?page_id=394#breadcrumb\",\"itemListElement\":[{\"@type\":\"ListItem\",\"position\":1,\"name\":\"Accueil\",\"item\":\"https:\/\/commune-poisson.fr\/\"},{\"@type\":\"ListItem\",\"position\":2,\"name\":\"Associations\",\"item\":\"https:\/\/commune-poisson.fr\/?page_id=202\"},{\"@type\":\"ListItem\",\"position\":3,\"name\":\"La Perche Brionnaise\"}]},{\"@type\":\"WebSite\",\"@id\":\"https:\/\/commune-poisson.fr\/#website\",\"url\":\"https:\/\/commune-poisson.fr\/\",\"name\":\"Commune de POISSON | Sa\u00f4ne-et-Loire (71)\",\"description\":\"Site officiel\",\"potentialAction\":[{\"@type\":\"SearchAction\",\"target\":{\"@type\":\"EntryPoint\",\"urlTemplate\":\"https:\/\/commune-poisson.fr\/?s={search_term_string}\"},\"query-input\":{\"@type\":\"PropertyValueSpecification\",\"valueRequired\":true,\"valueName\":\"search_term_string\"}}],\"inLanguage\":\"fr-FR\"}]}<\/script>\n<!-- \/ Yoast SEO plugin. -->","yoast_head_json":{"title":"La Perche Brionnaise - Commune de POISSON | Sa\u00f4ne-et-Loire (71)","robots":{"index":"index","follow":"follow","max-snippet":"max-snippet:-1","max-image-preview":"max-image-preview:large","max-video-preview":"max-video-preview:-1"},"canonical":"https:\/\/commune-poisson.fr\/?page_id=394","og_locale":"fr_FR","og_type":"article","og_title":"La Perche Brionnaise - Commune de POISSON | Sa\u00f4ne-et-Loire (71)","og_description":"Sur cette page :Pr\u00e9sentation de La Perche BrionnaiseListe des d\u00e9positaires [\u2026]","og_url":"https:\/\/commune-poisson.fr\/?page_id=394","og_site_name":"Commune de POISSON | Sa\u00f4ne-et-Loire (71)","article_modified_time":"2026-04-05T17:40:53+00:00","og_image":[{"width":733,"height":656,"url":"https:\/\/commune-poisson.fr\/wp-content\/uploads\/Associations\/LaPercheBrionnaise\/Perche-Brionnaise.jpg","type":"image\/jpeg"}],"twitter_card":"summary_large_image","twitter_misc":{"Dur\u00e9e de lecture estim\u00e9e":"5 minutes"},"schema":{"@context":"https:\/\/schema.org","@graph":[{"@type":"WebPage","@id":"https:\/\/commune-poisson.fr\/?page_id=394","url":"https:\/\/commune-poisson.fr\/?page_id=394","name":"La Perche Brionnaise - Commune de POISSON | Sa\u00f4ne-et-Loire (71)","isPartOf":{"@id":"https:\/\/commune-poisson.fr\/#website"},"primaryImageOfPage":{"@id":"https:\/\/commune-poisson.fr\/?page_id=394#primaryimage"},"image":{"@id":"https:\/\/commune-poisson.fr\/?page_id=394#primaryimage"},"thumbnailUrl":"https:\/\/commune-poisson.fr\/wp-content\/uploads\/Associations\/LaPercheBrionnaise\/Perche-Brionnaise.jpg","datePublished":"2023-01-21T07:35:00+00:00","dateModified":"2026-04-05T17:40:53+00:00","breadcrumb":{"@id":"https:\/\/commune-poisson.fr\/?page_id=394#breadcrumb"},"inLanguage":"fr-FR","potentialAction":[{"@type":"ReadAction","target":["https:\/\/commune-poisson.fr\/?page_id=394"]}]},{"@type":"ImageObject","inLanguage":"fr-FR","@id":"https:\/\/commune-poisson.fr\/?page_id=394#primaryimage","url":"https:\/\/commune-poisson.fr\/wp-content\/uploads\/Associations\/LaPercheBrionnaise\/Perche-Brionnaise.jpg","contentUrl":"https:\/\/commune-poisson.fr\/wp-content\/uploads\/Associations\/LaPercheBrionnaise\/Perche-Brionnaise.jpg","width":733,"height":656},{"@type":"BreadcrumbList","@id":"https:\/\/commune-poisson.fr\/?page_id=394#breadcrumb","itemListElement":[{"@type":"ListItem","position":1,"name":"Accueil","item":"https:\/\/commune-poisson.fr\/"},{"@type":"ListItem","position":2,"name":"Associations","item":"https:\/\/commune-poisson.fr\/?page_id=202"},{"@type":"ListItem","position":3,"name":"La Perche Brionnaise"}]},{"@type":"WebSite","@id":"https:\/\/commune-poisson.fr\/#website","url":"https:\/\/commune-poisson.fr\/","name":"Commune de POISSON | Sa\u00f4ne-et-Loire (71)","description":"Site officiel","potentialAction":[{"@type":"SearchAction","target":{"@type":"EntryPoint","urlTemplate":"https:\/\/commune-poisson.fr\/?s={search_term_string}"},"query-input":{"@type":"PropertyValueSpecification","valueRequired":true,"valueName":"search_term_string"}}],"inLanguage":"fr-FR"}]}},"_links":{"self":[{"href":"https:\/\/commune-poisson.fr\/index.php?rest_route=\/wp\/v2\/pages\/394","targetHints":{"allow":["GET"]}}],"collection":[{"href":"https:\/\/commune-poisson.fr\/index.php?rest_route=\/wp\/v2\/pages"}],"about":[{"href":"https:\/\/commune-poisson.fr\/index.php?rest_route=\/wp\/v2\/types\/page"}],"author":[{"embeddable":true,"href":"https:\/\/commune-poisson.fr\/index.php?rest_route=\/wp\/v2\/users\/2"}],"replies":[{"embeddable":true,"href":"https:\/\/commune-poisson.fr\/index.php?rest_route=%2Fwp%2Fv2%2Fcomments&post=394"}],"version-history":[{"count":44,"href":"https:\/\/commune-poisson.fr\/index.php?rest_route=\/wp\/v2\/pages\/394\/revisions"}],"predecessor-version":[{"id":7635,"href":"https:\/\/commune-poisson.fr\/index.php?rest_route=\/wp\/v2\/pages\/394\/revisions\/7635"}],"up":[{"embeddable":true,"href":"https:\/\/commune-poisson.fr\/index.php?rest_route=\/wp\/v2\/pages\/202"}],"wp:attachment":[{"href":"https:\/\/commune-poisson.fr\/index.php?rest_route=%2Fwp%2Fv2%2Fmedia&parent=394"}],"curies":[{"name":"wp","href":"https:\/\/api.w.org\/{rel}","templated":true}]}}