{"id":392,"date":"2023-01-21T13:20:00","date_gmt":"2023-01-21T12:20:00","guid":{"rendered":"https:\/\/sddbox-containers.com\/?page_id=392"},"modified":"2026-04-05T19:39:24","modified_gmt":"2026-04-05T17:39:24","slug":"comite-pour-la-protection-de-lenvironnement-en-charolais-brionnais","status":"publish","type":"page","link":"https:\/\/commune-poisson.fr\/?page_id=392","title":{"rendered":"Comit\u00e9 pour la Protection de l&rsquo;Environnement en Charolais-Brionnais"},"content":{"rendered":"\n<p><strong>Sur cette page :<br><a href=\"#Objets-du-CPECB\">Pr\u00e9sentation du CPECB<\/a><\/strong><br><a href=\"#Composition\"><strong>Composition du bureau<\/strong><\/a><br><strong><a href=\"#Contacts\">Contacts<\/a> <\/strong><\/p>\n\n\n<div class=\"wp-block-image\">\n<figure class=\"alignleft size-full is-resized\"><img loading=\"lazy\" decoding=\"async\" width=\"339\" height=\"228\" src=\"https:\/\/commune-poisson.fr\/wp-content\/uploads\/Associations\/CPECB\/Logo-CPECB.jpg\" alt=\"\" class=\"wp-image-2074\" style=\"width:207px;height:auto\" srcset=\"https:\/\/commune-poisson.fr\/wp-content\/uploads\/Associations\/CPECB\/Logo-CPECB.jpg 339w, https:\/\/commune-poisson.fr\/wp-content\/uploads\/Associations\/CPECB\/Logo-CPECB-300x202.jpg 300w, https:\/\/commune-poisson.fr\/wp-content\/uploads\/Associations\/CPECB\/Logo-CPECB-217x146.jpg 217w, https:\/\/commune-poisson.fr\/wp-content\/uploads\/Associations\/CPECB\/Logo-CPECB-50x34.jpg 50w, https:\/\/commune-poisson.fr\/wp-content\/uploads\/Associations\/CPECB\/Logo-CPECB-112x75.jpg 112w\" sizes=\"auto, (max-width:767px) 339px, 339px\" \/><\/figure>\n<\/div>\n\n\n<div style=\"height:9px\" aria-hidden=\"true\" class=\"wp-block-spacer\"><\/div>\n\n\n\n<hr class=\"wp-block-separator has-text-color has-black-color has-alpha-channel-opacity has-black-background-color has-background\" id=\"Objets-du-CPECB\"\/>\n\n\n\n<h2 class=\"wp-block-heading has-luminous-vivid-orange-color has-text-color\"><strong>Pr\u00e9sentation du CPECB&nbsp;<\/strong><\/h2>\n\n\n\n<p>Le <strong>C<\/strong>omit\u00e9 pour la <strong>P<\/strong>rotection de l<strong>&lsquo;E<\/strong>nvironnement en <strong>C<\/strong>harolais-<strong>B<\/strong>rionnais est une association loi 1901, cr\u00e9\u00e9e le 18 mars 2005. Il a pour objet :<br>&#8211; la protection de l\u2019environnement et du cadre de vie ;<br>&#8211; le soutien \u00e0 une agriculture de qualit\u00e9 ;<br>&#8211; la sauvegarde du patrimoine naturel constitu\u00e9 notamment par ses sites, sa faune, sa flore ;<br>&#8211; l&rsquo;\u2019am\u00e9nagement harmonieux et \u00e9quilibr\u00e9 du territoire et de l\u2019urbanisme.<br>Cette association est \u00e0 l\u2019\u00e9coute de tous probl\u00e8mes environnementaux concernant notre territoire.<\/p>\n\n\n\n<figure class=\"wp-block-image size-full\"><a href=\"https:\/\/commune-poisson.fr\/?page_id=392\"><img loading=\"lazy\" decoding=\"async\" width=\"50\" height=\"50\" src=\"https:\/\/commune-poisson.fr\/wp-content\/uploads\/Articles\/Logo\/Retour-Haut-de-page.jpg\" alt=\"\" class=\"wp-image-2177\"\/><\/a><\/figure>\n\n\n\n<hr class=\"wp-block-separator has-text-color has-black-color has-alpha-channel-opacity has-black-background-color has-background\" id=\"Composition\"\/>\n\n\n\n<h2 class=\"wp-block-heading has-luminous-vivid-orange-color has-text-color\"><strong>Composition du bureau<\/strong><\/h2>\n\n\n\n<p><strong>* Pr\u00e9sident&nbsp;: Patrick Duczman<\/strong><br><strong><strong>* Secr\u00e9taire&nbsp;: Catherine Marstrand<br>* Secr\u00e9taire adjoint&nbsp;: Jean-Paul Aublanc<\/strong><\/strong><br><strong>* Tr\u00e9sorier&nbsp;: Dominique Bernard<\/strong><\/p>\n\n\n\n<figure class=\"wp-block-image size-full\"><a href=\"https:\/\/commune-poisson.fr\/?page_id=392\"><img loading=\"lazy\" decoding=\"async\" width=\"50\" height=\"50\" src=\"https:\/\/commune-poisson.fr\/wp-content\/uploads\/Articles\/Logo\/Retour-Haut-de-page.jpg\" alt=\"\" class=\"wp-image-2177\"\/><\/a><\/figure>\n\n\n\n<hr class=\"wp-block-separator has-text-color has-black-color has-alpha-channel-opacity has-black-background-color has-background\" id=\"Contacts\"\/>\n\n\n\n<h2 class=\"wp-block-heading has-luminous-vivid-orange-color has-text-color\"><strong>Contacts<\/strong><\/h2>\n\n\n\n<p><strong>M. Patrick Duczman &#8211; Sermaize du Haut &#8211; 71600 POISSON<br>Mail&nbsp;: <a href=\"mailto:abbe.dux@gmail.com\" target=\"_blank\" rel=\"noreferrer noopener\">abbe.dux@gmail.com<\/a><\/strong><\/p>\n\n\n\n<figure class=\"wp-block-image size-full\"><a href=\"https:\/\/commune-poisson.fr\/?page_id=392\"><img loading=\"lazy\" decoding=\"async\" width=\"50\" height=\"50\" src=\"https:\/\/commune-poisson.fr\/wp-content\/uploads\/Articles\/Logo\/Retour-Haut-de-page.jpg\" alt=\"\" class=\"wp-image-2177\"\/><\/a><\/figure>\n","protected":false},"excerpt":{"rendered":"<p>Sur cette page :Pr\u00e9sentation du CPECBComposition du bureauContacts Pr\u00e9sentation du<span class=\"excerpt-hellip\"> [\u2026]<\/span><\/p>\n","protected":false},"author":2,"featured_media":0,"parent":202,"menu_order":8,"comment_status":"closed","ping_status":"closed","template":"","meta":{"footnotes":""},"class_list":["post-392","page","type-page","status-publish","hentry"],"yoast_head":"<!-- This site is optimized with the Yoast SEO plugin v27.2 - https:\/\/yoast.com\/product\/yoast-seo-wordpress\/ -->\n<title>Comit\u00e9 pour la Protection de l&#039;Environnement en Charolais-Brionnais - Commune de POISSON | Sa\u00f4ne-et-Loire (71)<\/title>\n<meta name=\"robots\" content=\"index, follow, max-snippet:-1, max-image-preview:large, max-video-preview:-1\" \/>\n<link rel=\"canonical\" href=\"https:\/\/commune-poisson.fr\/?page_id=392\" \/>\n<meta property=\"og:locale\" content=\"fr_FR\" \/>\n<meta property=\"og:type\" content=\"article\" \/>\n<meta property=\"og:title\" content=\"Comit\u00e9 pour la Protection de l&#039;Environnement en Charolais-Brionnais - Commune de POISSON | Sa\u00f4ne-et-Loire (71)\" \/>\n<meta property=\"og:description\" content=\"Sur cette page :Pr\u00e9sentation du CPECBComposition du bureauContacts Pr\u00e9sentation du [\u2026]\" \/>\n<meta property=\"og:url\" content=\"https:\/\/commune-poisson.fr\/?page_id=392\" \/>\n<meta property=\"og:site_name\" content=\"Commune de POISSON | Sa\u00f4ne-et-Loire (71)\" \/>\n<meta property=\"article:modified_time\" content=\"2026-04-05T17:39:24+00:00\" \/>\n<meta property=\"og:image\" content=\"https:\/\/commune-poisson.fr\/wp-content\/uploads\/Associations\/CPECB\/Logo-CPECB.jpg\" \/>\n\t<meta property=\"og:image:width\" content=\"339\" \/>\n\t<meta property=\"og:image:height\" content=\"228\" \/>\n\t<meta property=\"og:image:type\" content=\"image\/jpeg\" \/>\n<meta name=\"twitter:card\" content=\"summary_large_image\" \/>\n<meta name=\"twitter:label1\" content=\"Dur\u00e9e de lecture estim\u00e9e\" \/>\n\t<meta name=\"twitter:data1\" content=\"2 minutes\" \/>\n<script type=\"application\/ld+json\" class=\"yoast-schema-graph\">{\"@context\":\"https:\/\/schema.org\",\"@graph\":[{\"@type\":\"WebPage\",\"@id\":\"https:\/\/commune-poisson.fr\/?page_id=392\",\"url\":\"https:\/\/commune-poisson.fr\/?page_id=392\",\"name\":\"Comit\u00e9 pour la Protection de l'Environnement en Charolais-Brionnais - Commune de POISSON | Sa\u00f4ne-et-Loire (71)\",\"isPartOf\":{\"@id\":\"https:\/\/commune-poisson.fr\/#website\"},\"primaryImageOfPage\":{\"@id\":\"https:\/\/commune-poisson.fr\/?page_id=392#primaryimage\"},\"image\":{\"@id\":\"https:\/\/commune-poisson.fr\/?page_id=392#primaryimage\"},\"thumbnailUrl\":\"https:\/\/commune-poisson.fr\/wp-content\/uploads\/Associations\/CPECB\/Logo-CPECB.jpg\",\"datePublished\":\"2023-01-21T12:20:00+00:00\",\"dateModified\":\"2026-04-05T17:39:24+00:00\",\"breadcrumb\":{\"@id\":\"https:\/\/commune-poisson.fr\/?page_id=392#breadcrumb\"},\"inLanguage\":\"fr-FR\",\"potentialAction\":[{\"@type\":\"ReadAction\",\"target\":[\"https:\/\/commune-poisson.fr\/?page_id=392\"]}]},{\"@type\":\"ImageObject\",\"inLanguage\":\"fr-FR\",\"@id\":\"https:\/\/commune-poisson.fr\/?page_id=392#primaryimage\",\"url\":\"https:\/\/commune-poisson.fr\/wp-content\/uploads\/Associations\/CPECB\/Logo-CPECB.jpg\",\"contentUrl\":\"https:\/\/commune-poisson.fr\/wp-content\/uploads\/Associations\/CPECB\/Logo-CPECB.jpg\",\"width\":339,\"height\":228},{\"@type\":\"BreadcrumbList\",\"@id\":\"https:\/\/commune-poisson.fr\/?page_id=392#breadcrumb\",\"itemListElement\":[{\"@type\":\"ListItem\",\"position\":1,\"name\":\"Accueil\",\"item\":\"https:\/\/commune-poisson.fr\/\"},{\"@type\":\"ListItem\",\"position\":2,\"name\":\"Associations\",\"item\":\"https:\/\/commune-poisson.fr\/?page_id=202\"},{\"@type\":\"ListItem\",\"position\":3,\"name\":\"Comit\u00e9 pour la Protection de l&rsquo;Environnement en Charolais-Brionnais\"}]},{\"@type\":\"WebSite\",\"@id\":\"https:\/\/commune-poisson.fr\/#website\",\"url\":\"https:\/\/commune-poisson.fr\/\",\"name\":\"Commune de POISSON | Sa\u00f4ne-et-Loire (71)\",\"description\":\"Site officiel\",\"potentialAction\":[{\"@type\":\"SearchAction\",\"target\":{\"@type\":\"EntryPoint\",\"urlTemplate\":\"https:\/\/commune-poisson.fr\/?s={search_term_string}\"},\"query-input\":{\"@type\":\"PropertyValueSpecification\",\"valueRequired\":true,\"valueName\":\"search_term_string\"}}],\"inLanguage\":\"fr-FR\"}]}<\/script>\n<!-- \/ Yoast SEO plugin. -->","yoast_head_json":{"title":"Comit\u00e9 pour la Protection de l'Environnement en Charolais-Brionnais - Commune de POISSON | Sa\u00f4ne-et-Loire (71)","robots":{"index":"index","follow":"follow","max-snippet":"max-snippet:-1","max-image-preview":"max-image-preview:large","max-video-preview":"max-video-preview:-1"},"canonical":"https:\/\/commune-poisson.fr\/?page_id=392","og_locale":"fr_FR","og_type":"article","og_title":"Comit\u00e9 pour la Protection de l'Environnement en Charolais-Brionnais - Commune de POISSON | Sa\u00f4ne-et-Loire (71)","og_description":"Sur cette page :Pr\u00e9sentation du CPECBComposition du bureauContacts Pr\u00e9sentation du [\u2026]","og_url":"https:\/\/commune-poisson.fr\/?page_id=392","og_site_name":"Commune de POISSON | Sa\u00f4ne-et-Loire (71)","article_modified_time":"2026-04-05T17:39:24+00:00","og_image":[{"width":339,"height":228,"url":"https:\/\/commune-poisson.fr\/wp-content\/uploads\/Associations\/CPECB\/Logo-CPECB.jpg","type":"image\/jpeg"}],"twitter_card":"summary_large_image","twitter_misc":{"Dur\u00e9e de lecture estim\u00e9e":"2 minutes"},"schema":{"@context":"https:\/\/schema.org","@graph":[{"@type":"WebPage","@id":"https:\/\/commune-poisson.fr\/?page_id=392","url":"https:\/\/commune-poisson.fr\/?page_id=392","name":"Comit\u00e9 pour la Protection de l'Environnement en Charolais-Brionnais - Commune de POISSON | Sa\u00f4ne-et-Loire (71)","isPartOf":{"@id":"https:\/\/commune-poisson.fr\/#website"},"primaryImageOfPage":{"@id":"https:\/\/commune-poisson.fr\/?page_id=392#primaryimage"},"image":{"@id":"https:\/\/commune-poisson.fr\/?page_id=392#primaryimage"},"thumbnailUrl":"https:\/\/commune-poisson.fr\/wp-content\/uploads\/Associations\/CPECB\/Logo-CPECB.jpg","datePublished":"2023-01-21T12:20:00+00:00","dateModified":"2026-04-05T17:39:24+00:00","breadcrumb":{"@id":"https:\/\/commune-poisson.fr\/?page_id=392#breadcrumb"},"inLanguage":"fr-FR","potentialAction":[{"@type":"ReadAction","target":["https:\/\/commune-poisson.fr\/?page_id=392"]}]},{"@type":"ImageObject","inLanguage":"fr-FR","@id":"https:\/\/commune-poisson.fr\/?page_id=392#primaryimage","url":"https:\/\/commune-poisson.fr\/wp-content\/uploads\/Associations\/CPECB\/Logo-CPECB.jpg","contentUrl":"https:\/\/commune-poisson.fr\/wp-content\/uploads\/Associations\/CPECB\/Logo-CPECB.jpg","width":339,"height":228},{"@type":"BreadcrumbList","@id":"https:\/\/commune-poisson.fr\/?page_id=392#breadcrumb","itemListElement":[{"@type":"ListItem","position":1,"name":"Accueil","item":"https:\/\/commune-poisson.fr\/"},{"@type":"ListItem","position":2,"name":"Associations","item":"https:\/\/commune-poisson.fr\/?page_id=202"},{"@type":"ListItem","position":3,"name":"Comit\u00e9 pour la Protection de l&rsquo;Environnement en Charolais-Brionnais"}]},{"@type":"WebSite","@id":"https:\/\/commune-poisson.fr\/#website","url":"https:\/\/commune-poisson.fr\/","name":"Commune de POISSON | Sa\u00f4ne-et-Loire (71)","description":"Site officiel","potentialAction":[{"@type":"SearchAction","target":{"@type":"EntryPoint","urlTemplate":"https:\/\/commune-poisson.fr\/?s={search_term_string}"},"query-input":{"@type":"PropertyValueSpecification","valueRequired":true,"valueName":"search_term_string"}}],"inLanguage":"fr-FR"}]}},"_links":{"self":[{"href":"https:\/\/commune-poisson.fr\/index.php?rest_route=\/wp\/v2\/pages\/392","targetHints":{"allow":["GET"]}}],"collection":[{"href":"https:\/\/commune-poisson.fr\/index.php?rest_route=\/wp\/v2\/pages"}],"about":[{"href":"https:\/\/commune-poisson.fr\/index.php?rest_route=\/wp\/v2\/types\/page"}],"author":[{"embeddable":true,"href":"https:\/\/commune-poisson.fr\/index.php?rest_route=\/wp\/v2\/users\/2"}],"replies":[{"embeddable":true,"href":"https:\/\/commune-poisson.fr\/index.php?rest_route=%2Fwp%2Fv2%2Fcomments&post=392"}],"version-history":[{"count":10,"href":"https:\/\/commune-poisson.fr\/index.php?rest_route=\/wp\/v2\/pages\/392\/revisions"}],"predecessor-version":[{"id":7632,"href":"https:\/\/commune-poisson.fr\/index.php?rest_route=\/wp\/v2\/pages\/392\/revisions\/7632"}],"up":[{"embeddable":true,"href":"https:\/\/commune-poisson.fr\/index.php?rest_route=\/wp\/v2\/pages\/202"}],"wp:attachment":[{"href":"https:\/\/commune-poisson.fr\/index.php?rest_route=%2Fwp%2Fv2%2Fmedia&parent=392"}],"curies":[{"name":"wp","href":"https:\/\/api.w.org\/{rel}","templated":true}]}}