{"id":384,"date":"2023-01-21T13:15:00","date_gmt":"2023-01-21T12:15:00","guid":{"rendered":"https:\/\/sddbox-containers.com\/?page_id=384"},"modified":"2026-04-05T19:46:50","modified_gmt":"2026-04-05T17:46:50","slug":"comite-des-fetes","status":"publish","type":"page","link":"https:\/\/commune-poisson.fr\/?page_id=384","title":{"rendered":"Comit\u00e9 des f\u00eates"},"content":{"rendered":"\n<p><strong>Sur cette page :<\/strong><br><strong><a href=\"#Pr\u00e9sentation\">Pr\u00e9sentation du Comit\u00e9 des f\u00eates<\/a><\/strong><br><strong><a href=\"#Bureau\">Composition du bureau<\/a><\/strong><br><strong><a href=\"#Contacts\">Contacts<\/a><\/strong><\/p>\n\n\n<div class=\"wp-block-image\">\n<figure class=\"alignleft size-full\"><img loading=\"lazy\" decoding=\"async\" width=\"266\" height=\"202\" src=\"https:\/\/commune-poisson.fr\/wp-content\/uploads\/Associations\/Comit\u00e9DesF\u00eates\/Logo-Comite-des-fetes.jpg\" alt=\"\" class=\"wp-image-7637\" srcset=\"https:\/\/commune-poisson.fr\/wp-content\/uploads\/Associations\/Comit\u00e9DesF\u00eates\/Logo-Comite-des-fetes.jpg 266w, https:\/\/commune-poisson.fr\/wp-content\/uploads\/Associations\/Comit\u00e9DesF\u00eates\/Logo-Comite-des-fetes-99x75.jpg 99w\" sizes=\"auto, (max-width:767px) 266px, 266px\" \/><\/figure>\n<\/div>\n\n\n<div style=\"height:9px\" aria-hidden=\"true\" class=\"wp-block-spacer\"><\/div>\n\n\n\n<hr class=\"wp-block-separator has-text-color has-black-color has-alpha-channel-opacity has-black-background-color has-background\" id=\"Pr\u00e9sentation\"\/>\n\n\n\n<h2 class=\"wp-block-heading has-luminous-vivid-orange-color has-text-color\"><strong>Pr\u00e9sentation du Comit\u00e9 des f\u00eates<\/strong><\/h2>\n\n\n\n<p><strong>Le Comit\u00e9 des f\u00eates de Poisson a \u00e9t\u00e9 cr\u00e9\u00e9 en 1978 par G\u00e9rard Chenaud et une petite \u00e9quipe d\u2019amis motiv\u00e9s. \u00c0 sa cr\u00e9ation, le Comit\u00e9 des f\u00eates avait pour but de f\u00e9d\u00e9rer les associations locales, et planifier les manifestations. Son r\u00f4le a quelque peu \u00e9volu\u00e9 au fil des ans, et aujourd\u2019hui, si chaque association du village est autonome, le Comit\u00e9 des f\u00eates est toujours pr\u00eat \u00e0 porter main forte, notamment via le pr\u00eat de mat\u00e9riel.<br>Le r\u00f4le du Comit\u00e9 des f\u00eates est \u00e9galement d\u2019animer et rendre encore plus agr\u00e9able le village. Pour cela, le lundi de Pentec\u00f4te, une randonn\u00e9e p\u00e9destre permet d&rsquo;ouvrir les fronti\u00e8res du village o\u00f9 plus de 500 marcheurs viennent fouler les chemins de Poisson. Fin juillet, le stade de foot est transform\u00e9 en f\u00eate du village, o\u00f9 pr\u00e8s de 450 kg de moules fraiches sont d\u00e9gust\u00e9es\u00a0! Le 8 d\u00e9cembre, le Comit\u00e9 des f\u00eates a \u00e0 c\u0153ur d\u2019illuminer le village, afin d\u2019accueillir le p\u00e8re No\u00ebl dans les meilleures conditions, en d\u00e9corant le bourg de mille lumi\u00e8res et autres d\u00e9corations de No\u00ebl : cela permet bien entendu de partager un moment de convivialit\u00e9 autour d\u2019un vin chaud et de d\u00e9couvrir les producteurs et cr\u00e9ateurs locaux lors d\u2019un march\u00e9 de No\u00ebl.<br>Le Comit\u00e9 des f\u00eates met gratuitement \u00e0 disposition aux habitants de Poisson tout le mat\u00e9riel n\u00e9cessaire \u00e0 une r\u00e9ception : vaisselle, couverts, tables, bancs, plateaux, brocs d&rsquo;eau, percolateurs et moyennant une participation financi\u00e8re, barnums.<\/strong><\/p>\n\n\n\n<figure class=\"wp-block-image size-full\"><a href=\"https:\/\/commune-poisson.fr\/?page_id=384\"><img loading=\"lazy\" decoding=\"async\" width=\"50\" height=\"50\" src=\"https:\/\/commune-poisson.fr\/wp-content\/uploads\/Articles\/Logo\/Retour-Haut-de-page.jpg\" alt=\"\" class=\"wp-image-2177\"\/><\/a><\/figure>\n\n\n\n<hr class=\"wp-block-separator has-text-color has-black-color has-alpha-channel-opacity has-black-background-color has-background\" id=\"Bureau\"\/>\n\n\n\n<h2 class=\"wp-block-heading has-luminous-vivid-orange-color has-text-color\"><strong><span class=\"has-inline-color has-luminous-vivid-orange-color\">Composition<\/span><\/strong> <strong><span class=\"has-inline-color has-luminous-vivid-orange-color\">du bu<\/span>reau<\/strong><\/h2>\n\n\n\n<p><strong>Le 6 f\u00e9vrier 2026, l\u2019\u00e9quipe du comit\u00e9 des f\u00eates s\u2019est r\u00e9unie au complet afin de proc\u00e9der \u00e0 l\u2019\u00e9lection du nouveau bureau dont voici la composition :<\/strong><br><strong>* Co-<span style=\"background-color:rgba(0, 0, 0, 0)\" class=\"has-inline-color has-black-color\">pr\u00e9sidentes : Sylvie Bonnardot<\/span><\/strong> <strong>et <span style=\"background-color:rgba(0, 0, 0, 0)\" class=\"has-inline-color has-black-color\">Mathilde Labarge<\/span><\/strong><br><strong>* <span style=\"background-color:rgba(0, 0, 0, 0)\" class=\"has-inline-color has-black-color\">Tr\u00e9sorier : Bernard Fuyet<\/span><br>* T<span style=\"background-color:rgba(0, 0, 0, 0)\" class=\"has-inline-color has-black-color\">r\u00e9sori\u00e8re adjointe : Corinne Lorton<\/span><\/strong><br><strong>* Secr\u00e9taire : Marl\u00e8ne Th\u00e9venet<\/strong><br><strong>* Secr\u00e9taire adjointe : Jeanne Brivet<\/strong><br><br><strong>Membres du comit\u00e9 des f\u00eates : No\u00ebl Brivet, Noann Cepeda, Pierre Ch\u00e2tillon, Xavier Foret, Nicole Jacquet, Valentin Laustriat, S\u00e9bastien Lorton, Pierre Emmanuel Paqueriaud, Serge Raquin<\/strong><\/p>\n\n\n\n<figure class=\"wp-block-image size-full\"><a href=\"https:\/\/commune-poisson.fr\/?page_id=384\"><img loading=\"lazy\" decoding=\"async\" width=\"50\" height=\"50\" src=\"https:\/\/commune-poisson.fr\/wp-content\/uploads\/Articles\/Logo\/Retour-Haut-de-page.jpg\" alt=\"\" class=\"wp-image-2177\"\/><\/a><\/figure>\n\n\n\n<hr class=\"wp-block-separator has-text-color has-black-color has-alpha-channel-opacity has-black-background-color has-background\" id=\"Contacts\"\/>\n\n\n\n<h2 class=\"wp-block-heading has-luminous-vivid-orange-color has-text-color\"><strong>Contacts<\/strong><\/h2>\n\n\n\n<p><strong>* R\u00e9servation du mat\u00e9riel : Serge Raquin<br>T\u00e9l : 06 14 48 69 19<br>* Mail : <a href=\"mailto:comitedesfetes.poisson@gmail.com\" target=\"_blank\" rel=\"noreferrer noopener\">comitedesfetes.poisson@gmail.com<\/a><\/strong><\/p>\n\n\n\n<figure class=\"wp-block-image size-full\"><a href=\"https:\/\/commune-poisson.fr\/?page_id=384\"><img loading=\"lazy\" decoding=\"async\" width=\"50\" height=\"50\" src=\"https:\/\/commune-poisson.fr\/wp-content\/uploads\/Articles\/Logo\/Retour-Haut-de-page.jpg\" alt=\"\" class=\"wp-image-2177\"\/><\/a><\/figure>\n\n\n","protected":false},"excerpt":{"rendered":"<p>Sur cette page :Pr\u00e9sentation du Comit\u00e9 des f\u00eatesComposition du bureauContacts<span class=\"excerpt-hellip\"> [\u2026]<\/span><\/p>\n","protected":false},"author":2,"featured_media":0,"parent":202,"menu_order":7,"comment_status":"closed","ping_status":"closed","template":"","meta":{"footnotes":""},"class_list":["post-384","page","type-page","status-publish","hentry"],"yoast_head":"<!-- This site is optimized with the Yoast SEO plugin v27.2 - https:\/\/yoast.com\/product\/yoast-seo-wordpress\/ -->\n<title>Comit\u00e9 des f\u00eates - Commune de POISSON | Sa\u00f4ne-et-Loire (71)<\/title>\n<meta name=\"robots\" content=\"index, follow, max-snippet:-1, max-image-preview:large, max-video-preview:-1\" \/>\n<link rel=\"canonical\" href=\"https:\/\/commune-poisson.fr\/?page_id=384\" \/>\n<meta property=\"og:locale\" content=\"fr_FR\" \/>\n<meta property=\"og:type\" content=\"article\" \/>\n<meta property=\"og:title\" content=\"Comit\u00e9 des f\u00eates - Commune de POISSON | Sa\u00f4ne-et-Loire (71)\" \/>\n<meta property=\"og:description\" content=\"Sur cette page :Pr\u00e9sentation du Comit\u00e9 des f\u00eatesComposition du bureauContacts [\u2026]\" \/>\n<meta property=\"og:url\" content=\"https:\/\/commune-poisson.fr\/?page_id=384\" \/>\n<meta property=\"og:site_name\" content=\"Commune de POISSON | Sa\u00f4ne-et-Loire (71)\" \/>\n<meta property=\"article:modified_time\" content=\"2026-04-05T17:46:50+00:00\" \/>\n<meta property=\"og:image\" content=\"https:\/\/commune-poisson.fr\/wp-content\/uploads\/Articles\/Logo\/Retour-Haut-de-page.jpg\" \/>\n<meta name=\"twitter:card\" content=\"summary_large_image\" \/>\n<meta name=\"twitter:label1\" content=\"Dur\u00e9e de lecture estim\u00e9e\" \/>\n\t<meta name=\"twitter:data1\" content=\"2 minutes\" \/>\n<script type=\"application\/ld+json\" class=\"yoast-schema-graph\">{\"@context\":\"https:\/\/schema.org\",\"@graph\":[{\"@type\":\"WebPage\",\"@id\":\"https:\/\/commune-poisson.fr\/?page_id=384\",\"url\":\"https:\/\/commune-poisson.fr\/?page_id=384\",\"name\":\"Comit\u00e9 des f\u00eates - Commune de POISSON | Sa\u00f4ne-et-Loire (71)\",\"isPartOf\":{\"@id\":\"https:\/\/commune-poisson.fr\/#website\"},\"primaryImageOfPage\":{\"@id\":\"https:\/\/commune-poisson.fr\/?page_id=384#primaryimage\"},\"image\":{\"@id\":\"https:\/\/commune-poisson.fr\/?page_id=384#primaryimage\"},\"thumbnailUrl\":\"https:\/\/commune-poisson.fr\/wp-content\/uploads\/Articles\/Logo\/Retour-Haut-de-page.jpg\",\"datePublished\":\"2023-01-21T12:15:00+00:00\",\"dateModified\":\"2026-04-05T17:46:50+00:00\",\"breadcrumb\":{\"@id\":\"https:\/\/commune-poisson.fr\/?page_id=384#breadcrumb\"},\"inLanguage\":\"fr-FR\",\"potentialAction\":[{\"@type\":\"ReadAction\",\"target\":[\"https:\/\/commune-poisson.fr\/?page_id=384\"]}]},{\"@type\":\"ImageObject\",\"inLanguage\":\"fr-FR\",\"@id\":\"https:\/\/commune-poisson.fr\/?page_id=384#primaryimage\",\"url\":\"https:\/\/commune-poisson.fr\/wp-content\/uploads\/Articles\/Logo\/Retour-Haut-de-page.jpg\",\"contentUrl\":\"https:\/\/commune-poisson.fr\/wp-content\/uploads\/Articles\/Logo\/Retour-Haut-de-page.jpg\",\"width\":50,\"height\":50,\"caption\":\"Retour haut de page\"},{\"@type\":\"BreadcrumbList\",\"@id\":\"https:\/\/commune-poisson.fr\/?page_id=384#breadcrumb\",\"itemListElement\":[{\"@type\":\"ListItem\",\"position\":1,\"name\":\"Accueil\",\"item\":\"https:\/\/commune-poisson.fr\/\"},{\"@type\":\"ListItem\",\"position\":2,\"name\":\"Associations\",\"item\":\"https:\/\/commune-poisson.fr\/?page_id=202\"},{\"@type\":\"ListItem\",\"position\":3,\"name\":\"Comit\u00e9 des f\u00eates\"}]},{\"@type\":\"WebSite\",\"@id\":\"https:\/\/commune-poisson.fr\/#website\",\"url\":\"https:\/\/commune-poisson.fr\/\",\"name\":\"Commune de POISSON | Sa\u00f4ne-et-Loire (71)\",\"description\":\"Site officiel\",\"potentialAction\":[{\"@type\":\"SearchAction\",\"target\":{\"@type\":\"EntryPoint\",\"urlTemplate\":\"https:\/\/commune-poisson.fr\/?s={search_term_string}\"},\"query-input\":{\"@type\":\"PropertyValueSpecification\",\"valueRequired\":true,\"valueName\":\"search_term_string\"}}],\"inLanguage\":\"fr-FR\"}]}<\/script>\n<!-- \/ Yoast SEO plugin. -->","yoast_head_json":{"title":"Comit\u00e9 des f\u00eates - Commune de POISSON | Sa\u00f4ne-et-Loire (71)","robots":{"index":"index","follow":"follow","max-snippet":"max-snippet:-1","max-image-preview":"max-image-preview:large","max-video-preview":"max-video-preview:-1"},"canonical":"https:\/\/commune-poisson.fr\/?page_id=384","og_locale":"fr_FR","og_type":"article","og_title":"Comit\u00e9 des f\u00eates - Commune de POISSON | Sa\u00f4ne-et-Loire (71)","og_description":"Sur cette page :Pr\u00e9sentation du Comit\u00e9 des f\u00eatesComposition du bureauContacts [\u2026]","og_url":"https:\/\/commune-poisson.fr\/?page_id=384","og_site_name":"Commune de POISSON | Sa\u00f4ne-et-Loire (71)","article_modified_time":"2026-04-05T17:46:50+00:00","og_image":[{"url":"https:\/\/commune-poisson.fr\/wp-content\/uploads\/Articles\/Logo\/Retour-Haut-de-page.jpg","type":"","width":"","height":""}],"twitter_card":"summary_large_image","twitter_misc":{"Dur\u00e9e de lecture estim\u00e9e":"2 minutes"},"schema":{"@context":"https:\/\/schema.org","@graph":[{"@type":"WebPage","@id":"https:\/\/commune-poisson.fr\/?page_id=384","url":"https:\/\/commune-poisson.fr\/?page_id=384","name":"Comit\u00e9 des f\u00eates - Commune de POISSON | Sa\u00f4ne-et-Loire (71)","isPartOf":{"@id":"https:\/\/commune-poisson.fr\/#website"},"primaryImageOfPage":{"@id":"https:\/\/commune-poisson.fr\/?page_id=384#primaryimage"},"image":{"@id":"https:\/\/commune-poisson.fr\/?page_id=384#primaryimage"},"thumbnailUrl":"https:\/\/commune-poisson.fr\/wp-content\/uploads\/Articles\/Logo\/Retour-Haut-de-page.jpg","datePublished":"2023-01-21T12:15:00+00:00","dateModified":"2026-04-05T17:46:50+00:00","breadcrumb":{"@id":"https:\/\/commune-poisson.fr\/?page_id=384#breadcrumb"},"inLanguage":"fr-FR","potentialAction":[{"@type":"ReadAction","target":["https:\/\/commune-poisson.fr\/?page_id=384"]}]},{"@type":"ImageObject","inLanguage":"fr-FR","@id":"https:\/\/commune-poisson.fr\/?page_id=384#primaryimage","url":"https:\/\/commune-poisson.fr\/wp-content\/uploads\/Articles\/Logo\/Retour-Haut-de-page.jpg","contentUrl":"https:\/\/commune-poisson.fr\/wp-content\/uploads\/Articles\/Logo\/Retour-Haut-de-page.jpg","width":50,"height":50,"caption":"Retour haut de page"},{"@type":"BreadcrumbList","@id":"https:\/\/commune-poisson.fr\/?page_id=384#breadcrumb","itemListElement":[{"@type":"ListItem","position":1,"name":"Accueil","item":"https:\/\/commune-poisson.fr\/"},{"@type":"ListItem","position":2,"name":"Associations","item":"https:\/\/commune-poisson.fr\/?page_id=202"},{"@type":"ListItem","position":3,"name":"Comit\u00e9 des f\u00eates"}]},{"@type":"WebSite","@id":"https:\/\/commune-poisson.fr\/#website","url":"https:\/\/commune-poisson.fr\/","name":"Commune de POISSON | Sa\u00f4ne-et-Loire (71)","description":"Site officiel","potentialAction":[{"@type":"SearchAction","target":{"@type":"EntryPoint","urlTemplate":"https:\/\/commune-poisson.fr\/?s={search_term_string}"},"query-input":{"@type":"PropertyValueSpecification","valueRequired":true,"valueName":"search_term_string"}}],"inLanguage":"fr-FR"}]}},"_links":{"self":[{"href":"https:\/\/commune-poisson.fr\/index.php?rest_route=\/wp\/v2\/pages\/384","targetHints":{"allow":["GET"]}}],"collection":[{"href":"https:\/\/commune-poisson.fr\/index.php?rest_route=\/wp\/v2\/pages"}],"about":[{"href":"https:\/\/commune-poisson.fr\/index.php?rest_route=\/wp\/v2\/types\/page"}],"author":[{"embeddable":true,"href":"https:\/\/commune-poisson.fr\/index.php?rest_route=\/wp\/v2\/users\/2"}],"replies":[{"embeddable":true,"href":"https:\/\/commune-poisson.fr\/index.php?rest_route=%2Fwp%2Fv2%2Fcomments&post=384"}],"version-history":[{"count":19,"href":"https:\/\/commune-poisson.fr\/index.php?rest_route=\/wp\/v2\/pages\/384\/revisions"}],"predecessor-version":[{"id":7639,"href":"https:\/\/commune-poisson.fr\/index.php?rest_route=\/wp\/v2\/pages\/384\/revisions\/7639"}],"up":[{"embeddable":true,"href":"https:\/\/commune-poisson.fr\/index.php?rest_route=\/wp\/v2\/pages\/202"}],"wp:attachment":[{"href":"https:\/\/commune-poisson.fr\/index.php?rest_route=%2Fwp%2Fv2%2Fmedia&parent=384"}],"curies":[{"name":"wp","href":"https:\/\/api.w.org\/{rel}","templated":true}]}}