{"id":382,"date":"2026-04-02T18:06:49","date_gmt":"2026-04-02T16:06:49","guid":{"rendered":"https:\/\/sddbox-containers.com\/?page_id=382"},"modified":"2026-04-06T13:55:06","modified_gmt":"2026-04-06T11:55:06","slug":"association-musicale-du-charolais-brionnais","status":"publish","type":"page","link":"https:\/\/commune-poisson.fr\/?page_id=382","title":{"rendered":"Association Musicale Sud Bourgogne"},"content":{"rendered":"\n<p><strong>Sur cette page :<br><a href=\"#Pr\u00e9sentation\">Pr\u00e9sentation de l&rsquo;Association Musicale Sud Bourgogne<\/a><br><a href=\"#R\u00e9p\u00e9titions\">R\u00e9p\u00e9titions<\/a><br><a href=\"#Contacts\">Contacts<\/a><\/strong><\/p>\n\n\n\n<figure class=\"wp-block-image size-full is-resized\"><img loading=\"lazy\" decoding=\"async\" width=\"671\" height=\"502\" src=\"https:\/\/commune-poisson.fr\/wp-content\/uploads\/Associations\/AssociationMusicaleCharolaisBrionnais\/Logo-page-Association-Musicale-Sud-Bourgogne.jpg\" alt=\"\" class=\"wp-image-7699\" style=\"width:260px\" srcset=\"https:\/\/commune-poisson.fr\/wp-content\/uploads\/Associations\/AssociationMusicaleCharolaisBrionnais\/Logo-page-Association-Musicale-Sud-Bourgogne.jpg 671w, https:\/\/commune-poisson.fr\/wp-content\/uploads\/Associations\/AssociationMusicaleCharolaisBrionnais\/Logo-page-Association-Musicale-Sud-Bourgogne-300x224.jpg 300w, https:\/\/commune-poisson.fr\/wp-content\/uploads\/Associations\/AssociationMusicaleCharolaisBrionnais\/Logo-page-Association-Musicale-Sud-Bourgogne-100x75.jpg 100w, https:\/\/commune-poisson.fr\/wp-content\/uploads\/Associations\/AssociationMusicaleCharolaisBrionnais\/Logo-page-Association-Musicale-Sud-Bourgogne-480x359.jpg 480w\" sizes=\"auto, (max-width:767px) 480px, 671px\" \/><\/figure>\n\n\n\n<div style=\"height:9px\" aria-hidden=\"true\" class=\"wp-block-spacer\"><\/div>\n\n\n\n<hr class=\"wp-block-separator has-text-color has-black-color has-alpha-channel-opacity has-black-background-color has-background\" id=\"Pr\u00e9sentation\"\/>\n\n\n\n<h2 class=\"wp-block-heading has-luminous-vivid-orange-color has-text-color\"><strong>Pr\u00e9sentation<\/strong><\/h2>\n\n\n\n<p><strong>L\u2019Association Musicale Sud Bourgogne a \u00e9t\u00e9 cr\u00e9\u00e9e en 1985 \u00e0 Poisson \u00e0 l\u2019initiative de Michel Vinauger et Jo\u00ebl Guyot de Caila. En 2012 est n\u00e9 \u00ab\u00a0Le Ch\u0153ur des Hommes Sud Bourgogne\u00a0\u00bb aujourd\u2019hui plac\u00e9 sous la direction d\u2019Andr\u00e9 Forest. Ce ch\u0153ur est compos\u00e9 d\u2019une quarantaine de choristes, venant d\u2019une vingtaine de communes allant de M\u00e2con jusqu\u2019\u00e0 Charlieu. Il se produit r\u00e9guli\u00e8rement dans les \u00e9glises et salles de la r\u00e9gion mais aussi hors d\u00e9partement et participe \u00e0 des festivals internationaux<\/strong>.<\/p>\n\n\n\n<figure class=\"wp-block-image size-full\"><a href=\"https:\/\/commune-poisson.fr\/?page_id=382\"><img loading=\"lazy\" decoding=\"async\" width=\"50\" height=\"50\" src=\"https:\/\/commune-poisson.fr\/wp-content\/uploads\/Articles\/Logo\/Retour-Haut-de-page.jpg\" alt=\"\" class=\"wp-image-2177\"\/><\/a><\/figure>\n\n\n\n<hr class=\"wp-block-separator has-text-color has-black-color has-alpha-channel-opacity has-black-background-color has-background\" id=\"R\u00e9p\u00e9titions\"\/>\n\n\n\n<h2 class=\"wp-block-heading has-luminous-vivid-orange-color has-text-color\"><strong>R\u00e9p\u00e9titions<\/strong><\/h2>\n\n\n\n<p><strong>* \u00c0 Poisson, le 1<sup>er<\/sup> mercredi de chaque mois de 14 h \u00e0 16 h 30.<br>* \u00c0 Vendenesse-l\u00e8s-Charolles, le 3<sup>e<\/sup> mercredi de chaque mois&nbsp;de 14 h \u00e0 16 h 30.<\/strong><\/p>\n\n\n\n<figure class=\"wp-block-image size-full\"><a href=\"https:\/\/commune-poisson.fr\/?page_id=382\"><img loading=\"lazy\" decoding=\"async\" width=\"50\" height=\"50\" src=\"https:\/\/commune-poisson.fr\/wp-content\/uploads\/Articles\/Logo\/Retour-Haut-de-page.jpg\" alt=\"\" class=\"wp-image-2177\"\/><\/a><\/figure>\n\n\n\n<hr class=\"wp-block-separator has-text-color has-black-color has-alpha-channel-opacity has-black-background-color has-background\" id=\"Contacts\"\/>\n\n\n\n<h2 class=\"wp-block-heading has-luminous-vivid-orange-color has-text-color\"><strong>Contacts<\/strong><\/h2>\n\n\n\n<p><strong>* Association Musicale Sud Bourgogne &#8211; Mairie \u2013 33 rue des \u00e9coles &#8211; 71600 POISSON<br>* Pr\u00e9sident\u00a0: Fran\u00e7ois Monnier<br>T\u00e9l : 06 30 70 56 81<br>* Mail\u00a0: <a href=\"mailto:cdh71600@free.fr\" target=\"_blank\" rel=\"noreferrer noopener\">cdh71600@free.fr<\/a>\u00a0<br>* Site Internet du \u00ab\u00a0Ch\u0153ur des Hommes Sud Bourgogne\u00a0\u00bb : <a href=\"https:\/\/choeur-des-hommes-du-pays-charolais-brionnais.jimdosite.com\/\" target=\"_blank\" rel=\"noreferrer noopener\">c&rsquo;est ici<\/a>.<\/strong><\/p>\n\n\n\n<figure class=\"wp-block-image size-full\"><a href=\"https:\/\/commune-poisson.fr\/?page_id=382\"><img loading=\"lazy\" decoding=\"async\" width=\"50\" height=\"50\" src=\"https:\/\/commune-poisson.fr\/wp-content\/uploads\/Articles\/Logo\/Retour-Haut-de-page.jpg\" alt=\"\" class=\"wp-image-2177\"\/><\/a><\/figure>\n\n\n\n\n","protected":false},"excerpt":{"rendered":"<p>Sur cette page :Pr\u00e9sentation de l&rsquo;Association Musicale Sud BourgogneR\u00e9p\u00e9titionsContacts Pr\u00e9sentation<span class=\"excerpt-hellip\"> [\u2026]<\/span><\/p>\n","protected":false},"author":2,"featured_media":0,"parent":202,"menu_order":4,"comment_status":"closed","ping_status":"closed","template":"","meta":{"footnotes":""},"class_list":["post-382","page","type-page","status-publish","hentry"],"yoast_head":"<!-- This site is optimized with the Yoast SEO plugin v27.2 - https:\/\/yoast.com\/product\/yoast-seo-wordpress\/ -->\n<title>Association Musicale Sud Bourgogne - Commune de POISSON | Sa\u00f4ne-et-Loire (71)<\/title>\n<meta name=\"robots\" content=\"index, follow, max-snippet:-1, max-image-preview:large, max-video-preview:-1\" \/>\n<link rel=\"canonical\" href=\"https:\/\/commune-poisson.fr\/?page_id=382\" \/>\n<meta property=\"og:locale\" content=\"fr_FR\" \/>\n<meta property=\"og:type\" content=\"article\" \/>\n<meta property=\"og:title\" content=\"Association Musicale Sud Bourgogne - Commune de POISSON | Sa\u00f4ne-et-Loire (71)\" \/>\n<meta property=\"og:description\" content=\"Sur cette page :Pr\u00e9sentation de l&rsquo;Association Musicale Sud BourgogneR\u00e9p\u00e9titionsContacts Pr\u00e9sentation [\u2026]\" \/>\n<meta property=\"og:url\" content=\"https:\/\/commune-poisson.fr\/?page_id=382\" \/>\n<meta property=\"og:site_name\" content=\"Commune de POISSON | Sa\u00f4ne-et-Loire (71)\" \/>\n<meta property=\"article:modified_time\" content=\"2026-04-06T11:55:06+00:00\" \/>\n<meta property=\"og:image\" content=\"https:\/\/commune-poisson.fr\/wp-content\/uploads\/Associations\/AssociationMusicaleCharolaisBrionnais\/Logo-page-Association-Musicale-Sud-Bourgogne.jpg\" \/>\n\t<meta property=\"og:image:width\" content=\"671\" \/>\n\t<meta property=\"og:image:height\" content=\"502\" \/>\n\t<meta property=\"og:image:type\" content=\"image\/jpeg\" \/>\n<meta name=\"twitter:card\" content=\"summary_large_image\" \/>\n<meta name=\"twitter:label1\" content=\"Dur\u00e9e de lecture estim\u00e9e\" \/>\n\t<meta name=\"twitter:data1\" content=\"3 minutes\" \/>\n<script type=\"application\/ld+json\" class=\"yoast-schema-graph\">{\"@context\":\"https:\/\/schema.org\",\"@graph\":[{\"@type\":\"WebPage\",\"@id\":\"https:\/\/commune-poisson.fr\/?page_id=382\",\"url\":\"https:\/\/commune-poisson.fr\/?page_id=382\",\"name\":\"Association Musicale Sud Bourgogne - Commune de POISSON | Sa\u00f4ne-et-Loire (71)\",\"isPartOf\":{\"@id\":\"https:\/\/commune-poisson.fr\/#website\"},\"primaryImageOfPage\":{\"@id\":\"https:\/\/commune-poisson.fr\/?page_id=382#primaryimage\"},\"image\":{\"@id\":\"https:\/\/commune-poisson.fr\/?page_id=382#primaryimage\"},\"thumbnailUrl\":\"https:\/\/commune-poisson.fr\/wp-content\/uploads\/Associations\/AssociationMusicaleCharolaisBrionnais\/Logo-page-Association-Musicale-Sud-Bourgogne.jpg\",\"datePublished\":\"2026-04-02T16:06:49+00:00\",\"dateModified\":\"2026-04-06T11:55:06+00:00\",\"breadcrumb\":{\"@id\":\"https:\/\/commune-poisson.fr\/?page_id=382#breadcrumb\"},\"inLanguage\":\"fr-FR\",\"potentialAction\":[{\"@type\":\"ReadAction\",\"target\":[\"https:\/\/commune-poisson.fr\/?page_id=382\"]}]},{\"@type\":\"ImageObject\",\"inLanguage\":\"fr-FR\",\"@id\":\"https:\/\/commune-poisson.fr\/?page_id=382#primaryimage\",\"url\":\"https:\/\/commune-poisson.fr\/wp-content\/uploads\/Associations\/AssociationMusicaleCharolaisBrionnais\/Logo-page-Association-Musicale-Sud-Bourgogne.jpg\",\"contentUrl\":\"https:\/\/commune-poisson.fr\/wp-content\/uploads\/Associations\/AssociationMusicaleCharolaisBrionnais\/Logo-page-Association-Musicale-Sud-Bourgogne.jpg\",\"width\":671,\"height\":502},{\"@type\":\"BreadcrumbList\",\"@id\":\"https:\/\/commune-poisson.fr\/?page_id=382#breadcrumb\",\"itemListElement\":[{\"@type\":\"ListItem\",\"position\":1,\"name\":\"Accueil\",\"item\":\"https:\/\/commune-poisson.fr\/\"},{\"@type\":\"ListItem\",\"position\":2,\"name\":\"Associations\",\"item\":\"https:\/\/commune-poisson.fr\/?page_id=202\"},{\"@type\":\"ListItem\",\"position\":3,\"name\":\"Association Musicale Sud Bourgogne\"}]},{\"@type\":\"WebSite\",\"@id\":\"https:\/\/commune-poisson.fr\/#website\",\"url\":\"https:\/\/commune-poisson.fr\/\",\"name\":\"Commune de POISSON | Sa\u00f4ne-et-Loire (71)\",\"description\":\"Site officiel\",\"potentialAction\":[{\"@type\":\"SearchAction\",\"target\":{\"@type\":\"EntryPoint\",\"urlTemplate\":\"https:\/\/commune-poisson.fr\/?s={search_term_string}\"},\"query-input\":{\"@type\":\"PropertyValueSpecification\",\"valueRequired\":true,\"valueName\":\"search_term_string\"}}],\"inLanguage\":\"fr-FR\"}]}<\/script>\n<!-- \/ Yoast SEO plugin. -->","yoast_head_json":{"title":"Association Musicale Sud Bourgogne - Commune de POISSON | Sa\u00f4ne-et-Loire (71)","robots":{"index":"index","follow":"follow","max-snippet":"max-snippet:-1","max-image-preview":"max-image-preview:large","max-video-preview":"max-video-preview:-1"},"canonical":"https:\/\/commune-poisson.fr\/?page_id=382","og_locale":"fr_FR","og_type":"article","og_title":"Association Musicale Sud Bourgogne - Commune de POISSON | Sa\u00f4ne-et-Loire (71)","og_description":"Sur cette page :Pr\u00e9sentation de l&rsquo;Association Musicale Sud BourgogneR\u00e9p\u00e9titionsContacts Pr\u00e9sentation [\u2026]","og_url":"https:\/\/commune-poisson.fr\/?page_id=382","og_site_name":"Commune de POISSON | Sa\u00f4ne-et-Loire (71)","article_modified_time":"2026-04-06T11:55:06+00:00","og_image":[{"width":671,"height":502,"url":"https:\/\/commune-poisson.fr\/wp-content\/uploads\/Associations\/AssociationMusicaleCharolaisBrionnais\/Logo-page-Association-Musicale-Sud-Bourgogne.jpg","type":"image\/jpeg"}],"twitter_card":"summary_large_image","twitter_misc":{"Dur\u00e9e de lecture estim\u00e9e":"3 minutes"},"schema":{"@context":"https:\/\/schema.org","@graph":[{"@type":"WebPage","@id":"https:\/\/commune-poisson.fr\/?page_id=382","url":"https:\/\/commune-poisson.fr\/?page_id=382","name":"Association Musicale Sud Bourgogne - Commune de POISSON | Sa\u00f4ne-et-Loire (71)","isPartOf":{"@id":"https:\/\/commune-poisson.fr\/#website"},"primaryImageOfPage":{"@id":"https:\/\/commune-poisson.fr\/?page_id=382#primaryimage"},"image":{"@id":"https:\/\/commune-poisson.fr\/?page_id=382#primaryimage"},"thumbnailUrl":"https:\/\/commune-poisson.fr\/wp-content\/uploads\/Associations\/AssociationMusicaleCharolaisBrionnais\/Logo-page-Association-Musicale-Sud-Bourgogne.jpg","datePublished":"2026-04-02T16:06:49+00:00","dateModified":"2026-04-06T11:55:06+00:00","breadcrumb":{"@id":"https:\/\/commune-poisson.fr\/?page_id=382#breadcrumb"},"inLanguage":"fr-FR","potentialAction":[{"@type":"ReadAction","target":["https:\/\/commune-poisson.fr\/?page_id=382"]}]},{"@type":"ImageObject","inLanguage":"fr-FR","@id":"https:\/\/commune-poisson.fr\/?page_id=382#primaryimage","url":"https:\/\/commune-poisson.fr\/wp-content\/uploads\/Associations\/AssociationMusicaleCharolaisBrionnais\/Logo-page-Association-Musicale-Sud-Bourgogne.jpg","contentUrl":"https:\/\/commune-poisson.fr\/wp-content\/uploads\/Associations\/AssociationMusicaleCharolaisBrionnais\/Logo-page-Association-Musicale-Sud-Bourgogne.jpg","width":671,"height":502},{"@type":"BreadcrumbList","@id":"https:\/\/commune-poisson.fr\/?page_id=382#breadcrumb","itemListElement":[{"@type":"ListItem","position":1,"name":"Accueil","item":"https:\/\/commune-poisson.fr\/"},{"@type":"ListItem","position":2,"name":"Associations","item":"https:\/\/commune-poisson.fr\/?page_id=202"},{"@type":"ListItem","position":3,"name":"Association Musicale Sud Bourgogne"}]},{"@type":"WebSite","@id":"https:\/\/commune-poisson.fr\/#website","url":"https:\/\/commune-poisson.fr\/","name":"Commune de POISSON | Sa\u00f4ne-et-Loire (71)","description":"Site officiel","potentialAction":[{"@type":"SearchAction","target":{"@type":"EntryPoint","urlTemplate":"https:\/\/commune-poisson.fr\/?s={search_term_string}"},"query-input":{"@type":"PropertyValueSpecification","valueRequired":true,"valueName":"search_term_string"}}],"inLanguage":"fr-FR"}]}},"_links":{"self":[{"href":"https:\/\/commune-poisson.fr\/index.php?rest_route=\/wp\/v2\/pages\/382","targetHints":{"allow":["GET"]}}],"collection":[{"href":"https:\/\/commune-poisson.fr\/index.php?rest_route=\/wp\/v2\/pages"}],"about":[{"href":"https:\/\/commune-poisson.fr\/index.php?rest_route=\/wp\/v2\/types\/page"}],"author":[{"embeddable":true,"href":"https:\/\/commune-poisson.fr\/index.php?rest_route=\/wp\/v2\/users\/2"}],"replies":[{"embeddable":true,"href":"https:\/\/commune-poisson.fr\/index.php?rest_route=%2Fwp%2Fv2%2Fcomments&post=382"}],"version-history":[{"count":23,"href":"https:\/\/commune-poisson.fr\/index.php?rest_route=\/wp\/v2\/pages\/382\/revisions"}],"predecessor-version":[{"id":7701,"href":"https:\/\/commune-poisson.fr\/index.php?rest_route=\/wp\/v2\/pages\/382\/revisions\/7701"}],"up":[{"embeddable":true,"href":"https:\/\/commune-poisson.fr\/index.php?rest_route=\/wp\/v2\/pages\/202"}],"wp:attachment":[{"href":"https:\/\/commune-poisson.fr\/index.php?rest_route=%2Fwp%2Fv2%2Fmedia&parent=382"}],"curies":[{"name":"wp","href":"https:\/\/api.w.org\/{rel}","templated":true}]}}