{"id":376,"date":"2026-03-30T14:34:35","date_gmt":"2026-03-30T12:34:35","guid":{"rendered":"https:\/\/sddbox-containers.com\/?page_id=376"},"modified":"2026-04-06T13:46:34","modified_gmt":"2026-04-06T11:46:34","slug":"amicale-des-aines","status":"publish","type":"page","link":"https:\/\/commune-poisson.fr\/?page_id=376","title":{"rendered":"Amicale des A\u00een\u00e9s"},"content":{"rendered":"\n<p><strong>Sur cette page :<br><\/strong><a href=\"#Pr\u00e9sentation\"><strong>Pr\u00e9sentation de l&rsquo;Amicale des A\u00een\u00e9s<\/strong><\/a><br><a href=\"#Bureau\"><strong>Composition du bureau<\/strong><\/a><strong><br><a href=\"#Contacts\">Contacts<\/a><\/strong><\/p>\n\n\n\n<figure class=\"wp-block-image size-full is-resized\"><img loading=\"lazy\" decoding=\"async\" width=\"672\" height=\"502\" src=\"https:\/\/commune-poisson.fr\/wp-content\/uploads\/Associations\/AmicaleAin\u00e9s\/Logo-page-Amicale-des-Aines.jpg\" alt=\"\" class=\"wp-image-7694\" style=\"width:260px\" srcset=\"https:\/\/commune-poisson.fr\/wp-content\/uploads\/Associations\/AmicaleAin\u00e9s\/Logo-page-Amicale-des-Aines.jpg 672w, https:\/\/commune-poisson.fr\/wp-content\/uploads\/Associations\/AmicaleAin\u00e9s\/Logo-page-Amicale-des-Aines-300x224.jpg 300w, https:\/\/commune-poisson.fr\/wp-content\/uploads\/Associations\/AmicaleAin\u00e9s\/Logo-page-Amicale-des-Aines-100x75.jpg 100w, https:\/\/commune-poisson.fr\/wp-content\/uploads\/Associations\/AmicaleAin\u00e9s\/Logo-page-Amicale-des-Aines-480x359.jpg 480w\" sizes=\"auto, (max-width:767px) 480px, 672px\" \/><\/figure>\n\n\n\n<div style=\"height:9px\" aria-hidden=\"true\" class=\"wp-block-spacer\"><\/div>\n\n\n\n<hr class=\"wp-block-separator has-text-color has-black-color has-alpha-channel-opacity has-black-background-color has-background\" id=\"Pr\u00e9sentation\"\/>\n\n\n\n<h2 class=\"wp-block-heading has-luminous-vivid-orange-color has-text-color\"><strong>Pr\u00e9sentation de l&rsquo;Amicale des A\u00een\u00e9s<\/strong><\/h2>\n\n\n\n<p><strong>L&rsquo;Amicale des A\u00een\u00e9s est ouverte \u00e0 tous, sans limite d&rsquo;\u00e2ge. Cette association se r\u00e9unit le deuxi\u00e8me jeudi apr\u00e8s-midi de chaque mois pour permettre aux adh\u00e9rents de jouer \u00e0 la manille et autres jeux de soci\u00e9t\u00e9. Il y a \u00e9galement une r\u00e9union exclusivement r\u00e9serv\u00e9e au scrabble le quatri\u00e8me jeudi apr\u00e8s-midi de chaque mois.<br>Outre ces r\u00e9unions r\u00e9guli\u00e8res, des sorties sont planifi\u00e9es dans l&rsquo;ann\u00e9e.<\/strong><\/p>\n\n\n\n<figure class=\"wp-block-image size-full\"><a href=\"https:\/\/commune-poisson.fr\/?page_id=376\"><img loading=\"lazy\" decoding=\"async\" width=\"50\" height=\"50\" src=\"https:\/\/commune-poisson.fr\/wp-content\/uploads\/Articles\/Logo\/Retour-Haut-de-page.jpg\" alt=\"\" class=\"wp-image-2177\"\/><\/a><\/figure>\n\n\n\n<hr class=\"wp-block-separator has-text-color has-black-color has-alpha-channel-opacity has-black-background-color has-background\" id=\"Bureau\"\/>\n\n\n\n<h2 class=\"wp-block-heading has-luminous-vivid-orange-color has-text-color\"><strong>Composition du bureau<\/strong><\/h2>\n\n\n\n<p><strong>Pr\u00e9sidente&nbsp;: Anne-Marie Slepowronski<br>Vice-pr\u00e9sident&nbsp;: Jean-Paul Lamotte<br>Tr\u00e9sorier&nbsp;: Marcel Gautheron<\/strong><br><strong>Tr\u00e9sori\u00e8re adjointe : Dominique Pouzol<br>Secr\u00e9taire&nbsp;: <strong>Roland Cognard<\/strong><br>Secr\u00e9taire adjointe&nbsp;: Nicole Suykens<\/strong><\/p>\n\n\n\n<figure class=\"wp-block-image size-full\"><a href=\"https:\/\/commune-poisson.fr\/?page_id=376\"><img loading=\"lazy\" decoding=\"async\" width=\"50\" height=\"50\" src=\"https:\/\/commune-poisson.fr\/wp-content\/uploads\/Articles\/Logo\/Retour-Haut-de-page.jpg\" alt=\"\" class=\"wp-image-2177\"\/><\/a><\/figure>\n\n\n\n<hr class=\"wp-block-separator has-text-color has-black-color has-alpha-channel-opacity has-black-background-color has-background\" id=\"Contacts\"\/>\n\n\n\n<h2 class=\"wp-block-heading has-luminous-vivid-orange-color has-text-color\"><strong>Contacts<\/strong><\/h2>\n\n\n\n<p><strong>* Mme Anne-Marie Slepowronski<br>T\u00e9l : 03 85 81 45 85<br>Mail : <a href=\"mailto:anne-marie.slepowronski@orange.fr\" target=\"_blank\" rel=\"noreferrer noopener\">anne-marie.slepowronski@orange.fr<\/a> <\/strong><\/p>\n\n\n\n<figure class=\"wp-block-image size-full\"><a href=\"https:\/\/commune-poisson.fr\/?page_id=376\"><img loading=\"lazy\" decoding=\"async\" width=\"50\" height=\"50\" src=\"https:\/\/commune-poisson.fr\/wp-content\/uploads\/Articles\/Logo\/Retour-Haut-de-page.jpg\" alt=\"\" class=\"wp-image-2177\"\/><\/a><\/figure>\n\n\n","protected":false},"excerpt":{"rendered":"<p>Sur cette page :Pr\u00e9sentation de l&rsquo;Amicale des A\u00een\u00e9sComposition du bureauContacts<span class=\"excerpt-hellip\"> [\u2026]<\/span><\/p>\n","protected":false},"author":2,"featured_media":0,"parent":202,"menu_order":1,"comment_status":"closed","ping_status":"closed","template":"","meta":{"footnotes":""},"class_list":["post-376","page","type-page","status-publish","hentry"],"yoast_head":"<!-- This site is optimized with the Yoast SEO plugin v27.2 - https:\/\/yoast.com\/product\/yoast-seo-wordpress\/ -->\n<title>Amicale des A\u00een\u00e9s - Commune de POISSON | Sa\u00f4ne-et-Loire (71)<\/title>\n<meta name=\"robots\" content=\"index, follow, max-snippet:-1, max-image-preview:large, max-video-preview:-1\" \/>\n<link rel=\"canonical\" href=\"https:\/\/commune-poisson.fr\/?page_id=376\" \/>\n<meta property=\"og:locale\" content=\"fr_FR\" \/>\n<meta property=\"og:type\" content=\"article\" \/>\n<meta property=\"og:title\" content=\"Amicale des A\u00een\u00e9s - Commune de POISSON | Sa\u00f4ne-et-Loire (71)\" \/>\n<meta property=\"og:description\" content=\"Sur cette page :Pr\u00e9sentation de l&rsquo;Amicale des A\u00een\u00e9sComposition du bureauContacts [\u2026]\" \/>\n<meta property=\"og:url\" content=\"https:\/\/commune-poisson.fr\/?page_id=376\" \/>\n<meta property=\"og:site_name\" content=\"Commune de POISSON | Sa\u00f4ne-et-Loire (71)\" \/>\n<meta property=\"article:modified_time\" content=\"2026-04-06T11:46:34+00:00\" \/>\n<meta property=\"og:image\" content=\"https:\/\/commune-poisson.fr\/wp-content\/uploads\/Articles\/Logo\/Retour-Haut-de-page.jpg\" \/>\n<meta name=\"twitter:card\" content=\"summary_large_image\" \/>\n<meta name=\"twitter:label1\" content=\"Dur\u00e9e de lecture estim\u00e9e\" \/>\n\t<meta name=\"twitter:data1\" content=\"3 minutes\" \/>\n<script type=\"application\/ld+json\" class=\"yoast-schema-graph\">{\"@context\":\"https:\/\/schema.org\",\"@graph\":[{\"@type\":\"WebPage\",\"@id\":\"https:\/\/commune-poisson.fr\/?page_id=376\",\"url\":\"https:\/\/commune-poisson.fr\/?page_id=376\",\"name\":\"Amicale des A\u00een\u00e9s - Commune de POISSON | Sa\u00f4ne-et-Loire (71)\",\"isPartOf\":{\"@id\":\"https:\/\/commune-poisson.fr\/#website\"},\"primaryImageOfPage\":{\"@id\":\"https:\/\/commune-poisson.fr\/?page_id=376#primaryimage\"},\"image\":{\"@id\":\"https:\/\/commune-poisson.fr\/?page_id=376#primaryimage\"},\"thumbnailUrl\":\"https:\/\/commune-poisson.fr\/wp-content\/uploads\/Articles\/Logo\/Retour-Haut-de-page.jpg\",\"datePublished\":\"2026-03-30T12:34:35+00:00\",\"dateModified\":\"2026-04-06T11:46:34+00:00\",\"breadcrumb\":{\"@id\":\"https:\/\/commune-poisson.fr\/?page_id=376#breadcrumb\"},\"inLanguage\":\"fr-FR\",\"potentialAction\":[{\"@type\":\"ReadAction\",\"target\":[\"https:\/\/commune-poisson.fr\/?page_id=376\"]}]},{\"@type\":\"ImageObject\",\"inLanguage\":\"fr-FR\",\"@id\":\"https:\/\/commune-poisson.fr\/?page_id=376#primaryimage\",\"url\":\"https:\/\/commune-poisson.fr\/wp-content\/uploads\/Articles\/Logo\/Retour-Haut-de-page.jpg\",\"contentUrl\":\"https:\/\/commune-poisson.fr\/wp-content\/uploads\/Articles\/Logo\/Retour-Haut-de-page.jpg\",\"width\":50,\"height\":50,\"caption\":\"Retour haut de page\"},{\"@type\":\"BreadcrumbList\",\"@id\":\"https:\/\/commune-poisson.fr\/?page_id=376#breadcrumb\",\"itemListElement\":[{\"@type\":\"ListItem\",\"position\":1,\"name\":\"Accueil\",\"item\":\"https:\/\/commune-poisson.fr\/\"},{\"@type\":\"ListItem\",\"position\":2,\"name\":\"Associations\",\"item\":\"https:\/\/commune-poisson.fr\/?page_id=202\"},{\"@type\":\"ListItem\",\"position\":3,\"name\":\"Amicale des A\u00een\u00e9s\"}]},{\"@type\":\"WebSite\",\"@id\":\"https:\/\/commune-poisson.fr\/#website\",\"url\":\"https:\/\/commune-poisson.fr\/\",\"name\":\"Commune de POISSON | Sa\u00f4ne-et-Loire (71)\",\"description\":\"Site officiel\",\"potentialAction\":[{\"@type\":\"SearchAction\",\"target\":{\"@type\":\"EntryPoint\",\"urlTemplate\":\"https:\/\/commune-poisson.fr\/?s={search_term_string}\"},\"query-input\":{\"@type\":\"PropertyValueSpecification\",\"valueRequired\":true,\"valueName\":\"search_term_string\"}}],\"inLanguage\":\"fr-FR\"}]}<\/script>\n<!-- \/ Yoast SEO plugin. -->","yoast_head_json":{"title":"Amicale des A\u00een\u00e9s - Commune de POISSON | Sa\u00f4ne-et-Loire (71)","robots":{"index":"index","follow":"follow","max-snippet":"max-snippet:-1","max-image-preview":"max-image-preview:large","max-video-preview":"max-video-preview:-1"},"canonical":"https:\/\/commune-poisson.fr\/?page_id=376","og_locale":"fr_FR","og_type":"article","og_title":"Amicale des A\u00een\u00e9s - Commune de POISSON | Sa\u00f4ne-et-Loire (71)","og_description":"Sur cette page :Pr\u00e9sentation de l&rsquo;Amicale des A\u00een\u00e9sComposition du bureauContacts [\u2026]","og_url":"https:\/\/commune-poisson.fr\/?page_id=376","og_site_name":"Commune de POISSON | Sa\u00f4ne-et-Loire (71)","article_modified_time":"2026-04-06T11:46:34+00:00","og_image":[{"url":"https:\/\/commune-poisson.fr\/wp-content\/uploads\/Articles\/Logo\/Retour-Haut-de-page.jpg","type":"","width":"","height":""}],"twitter_card":"summary_large_image","twitter_misc":{"Dur\u00e9e de lecture estim\u00e9e":"3 minutes"},"schema":{"@context":"https:\/\/schema.org","@graph":[{"@type":"WebPage","@id":"https:\/\/commune-poisson.fr\/?page_id=376","url":"https:\/\/commune-poisson.fr\/?page_id=376","name":"Amicale des A\u00een\u00e9s - Commune de POISSON | Sa\u00f4ne-et-Loire (71)","isPartOf":{"@id":"https:\/\/commune-poisson.fr\/#website"},"primaryImageOfPage":{"@id":"https:\/\/commune-poisson.fr\/?page_id=376#primaryimage"},"image":{"@id":"https:\/\/commune-poisson.fr\/?page_id=376#primaryimage"},"thumbnailUrl":"https:\/\/commune-poisson.fr\/wp-content\/uploads\/Articles\/Logo\/Retour-Haut-de-page.jpg","datePublished":"2026-03-30T12:34:35+00:00","dateModified":"2026-04-06T11:46:34+00:00","breadcrumb":{"@id":"https:\/\/commune-poisson.fr\/?page_id=376#breadcrumb"},"inLanguage":"fr-FR","potentialAction":[{"@type":"ReadAction","target":["https:\/\/commune-poisson.fr\/?page_id=376"]}]},{"@type":"ImageObject","inLanguage":"fr-FR","@id":"https:\/\/commune-poisson.fr\/?page_id=376#primaryimage","url":"https:\/\/commune-poisson.fr\/wp-content\/uploads\/Articles\/Logo\/Retour-Haut-de-page.jpg","contentUrl":"https:\/\/commune-poisson.fr\/wp-content\/uploads\/Articles\/Logo\/Retour-Haut-de-page.jpg","width":50,"height":50,"caption":"Retour haut de page"},{"@type":"BreadcrumbList","@id":"https:\/\/commune-poisson.fr\/?page_id=376#breadcrumb","itemListElement":[{"@type":"ListItem","position":1,"name":"Accueil","item":"https:\/\/commune-poisson.fr\/"},{"@type":"ListItem","position":2,"name":"Associations","item":"https:\/\/commune-poisson.fr\/?page_id=202"},{"@type":"ListItem","position":3,"name":"Amicale des A\u00een\u00e9s"}]},{"@type":"WebSite","@id":"https:\/\/commune-poisson.fr\/#website","url":"https:\/\/commune-poisson.fr\/","name":"Commune de POISSON | Sa\u00f4ne-et-Loire (71)","description":"Site officiel","potentialAction":[{"@type":"SearchAction","target":{"@type":"EntryPoint","urlTemplate":"https:\/\/commune-poisson.fr\/?s={search_term_string}"},"query-input":{"@type":"PropertyValueSpecification","valueRequired":true,"valueName":"search_term_string"}}],"inLanguage":"fr-FR"}]}},"_links":{"self":[{"href":"https:\/\/commune-poisson.fr\/index.php?rest_route=\/wp\/v2\/pages\/376","targetHints":{"allow":["GET"]}}],"collection":[{"href":"https:\/\/commune-poisson.fr\/index.php?rest_route=\/wp\/v2\/pages"}],"about":[{"href":"https:\/\/commune-poisson.fr\/index.php?rest_route=\/wp\/v2\/types\/page"}],"author":[{"embeddable":true,"href":"https:\/\/commune-poisson.fr\/index.php?rest_route=\/wp\/v2\/users\/2"}],"replies":[{"embeddable":true,"href":"https:\/\/commune-poisson.fr\/index.php?rest_route=%2Fwp%2Fv2%2Fcomments&post=376"}],"version-history":[{"count":28,"href":"https:\/\/commune-poisson.fr\/index.php?rest_route=\/wp\/v2\/pages\/376\/revisions"}],"predecessor-version":[{"id":7696,"href":"https:\/\/commune-poisson.fr\/index.php?rest_route=\/wp\/v2\/pages\/376\/revisions\/7696"}],"up":[{"embeddable":true,"href":"https:\/\/commune-poisson.fr\/index.php?rest_route=\/wp\/v2\/pages\/202"}],"wp:attachment":[{"href":"https:\/\/commune-poisson.fr\/index.php?rest_route=%2Fwp%2Fv2%2Fmedia&parent=376"}],"curies":[{"name":"wp","href":"https:\/\/api.w.org\/{rel}","templated":true}]}}