{"id":372,"date":"2023-01-21T08:45:00","date_gmt":"2023-01-21T07:45:00","guid":{"rendered":"https:\/\/sddbox-containers.com\/?page_id=372"},"modified":"2026-04-06T13:43:30","modified_gmt":"2026-04-06T11:43:30","slug":"vie-paroissiale","status":"publish","type":"page","link":"https:\/\/commune-poisson.fr\/?page_id=372","title":{"rendered":"Vie paroissiale"},"content":{"rendered":"\n<p><strong>Sur cette page :<br><a href=\"#Pr\u00e9sentation\">Pr\u00e9sentation<\/a><\/strong><br><strong><a href=\"#Contacts\">Contacts<\/a><br><a href=\"#Pr\u00eatres\">Les pr\u00eatres<\/a><br><a href=\"#Diacres\">Les diacres permanents<\/a><br><a href=\"#Horaires\">Horaires des messes \u00e0 Poisson<\/a><br><a href=\"#Cath\u00e9ch\u00e8se\">Cat\u00e9ch\u00e8se \u00e0 Poisson<\/a><br><a href=\"#Informations\">Informations diverses<\/a><\/strong><\/p>\n\n\n<div class=\"wp-block-image\">\n<figure class=\"alignleft size-full is-resized\"><img loading=\"lazy\" decoding=\"async\" width=\"672\" height=\"501\" src=\"https:\/\/commune-poisson.fr\/wp-content\/uploads\/CulturePatrimoineTourisme\/VieParoissiale\/Logo-page-Vie-paroissiale.jpg\" alt=\"\" class=\"wp-image-7678\" style=\"width:260px\" srcset=\"https:\/\/commune-poisson.fr\/wp-content\/uploads\/CulturePatrimoineTourisme\/VieParoissiale\/Logo-page-Vie-paroissiale.jpg 672w, https:\/\/commune-poisson.fr\/wp-content\/uploads\/CulturePatrimoineTourisme\/VieParoissiale\/Logo-page-Vie-paroissiale-300x224.jpg 300w, https:\/\/commune-poisson.fr\/wp-content\/uploads\/CulturePatrimoineTourisme\/VieParoissiale\/Logo-page-Vie-paroissiale-101x75.jpg 101w, https:\/\/commune-poisson.fr\/wp-content\/uploads\/CulturePatrimoineTourisme\/VieParoissiale\/Logo-page-Vie-paroissiale-480x358.jpg 480w\" sizes=\"auto, (max-width:767px) 480px, 672px\" \/><\/figure>\n<\/div>\n\n\n<div style=\"height:12px\" aria-hidden=\"true\" class=\"wp-block-spacer\"><\/div>\n\n\n\n<hr class=\"wp-block-separator has-text-color has-black-color has-alpha-channel-opacity has-black-background-color has-background\" id=\"Pr\u00e9sentation\"\/>\n\n\n\n<h2 class=\"wp-block-heading has-luminous-vivid-orange-color has-text-color\"><strong>Pr\u00e9sentation<\/strong><\/h2>\n\n\n\n<p><strong>La commune de Poisson fait partie de la paroisse du Sacr\u00e9-C\u0153ur en Val d\u2019Or<\/strong>.<br><strong>L\u2019\u00e9glise de Poisson est de style n\u00e9o-gothique, d\u00e9di\u00e9e \u00e0 saint Jean-Baptiste, construite en 1896 selon les plans \u00e9tablis en 1891, par l\u2019architecte m\u00e2connais Adrien Pinchard.<br>L&rsquo;\u00e9glise Saint-Jean-Baptiste de Poisson est ouverte chaque jour.<\/strong><\/p>\n\n\n<div class=\"wp-block-image\">\n<figure class=\"alignleft size-full is-resized\"><img loading=\"lazy\" decoding=\"async\" width=\"1024\" height=\"745\" src=\"https:\/\/commune-poisson.fr\/wp-content\/uploads\/CulturePatrimoineTourisme\/VieParoissiale\/eglisepoisson.jpg\" alt=\"\u00c9glise de Poisson\" class=\"wp-image-1195\" style=\"width:370px;height:269px\" srcset=\"https:\/\/commune-poisson.fr\/wp-content\/uploads\/CulturePatrimoineTourisme\/VieParoissiale\/eglisepoisson.jpg 1024w, https:\/\/commune-poisson.fr\/wp-content\/uploads\/CulturePatrimoineTourisme\/VieParoissiale\/eglisepoisson-300x218.jpg 300w, https:\/\/commune-poisson.fr\/wp-content\/uploads\/CulturePatrimoineTourisme\/VieParoissiale\/eglisepoisson-768x559.jpg 768w, https:\/\/commune-poisson.fr\/wp-content\/uploads\/CulturePatrimoineTourisme\/VieParoissiale\/eglisepoisson-201x146.jpg 201w, https:\/\/commune-poisson.fr\/wp-content\/uploads\/CulturePatrimoineTourisme\/VieParoissiale\/eglisepoisson-50x36.jpg 50w, https:\/\/commune-poisson.fr\/wp-content\/uploads\/CulturePatrimoineTourisme\/VieParoissiale\/eglisepoisson-103x75.jpg 103w\" sizes=\"auto, (max-width:767px) 480px, (max-width:1024px) 100vw, 1024px\" \/><\/figure>\n<\/div>\n\n\n<div style=\"height:9px\" aria-hidden=\"true\" class=\"wp-block-spacer\"><\/div>\n\n\n\n<figure class=\"wp-block-image size-full\"><a href=\"https:\/\/commune-poisson.fr\/?page_id=372\"><img loading=\"lazy\" decoding=\"async\" width=\"50\" height=\"50\" src=\"https:\/\/commune-poisson.fr\/wp-content\/uploads\/Articles\/Logo\/Retour-Haut-de-page.jpg\" alt=\"\" class=\"wp-image-2177\"\/><\/a><\/figure>\n\n\n\n<hr class=\"wp-block-separator has-text-color has-black-color has-alpha-channel-opacity has-black-background-color has-background\" id=\"Contacts\"\/>\n\n\n\n<h2 class=\"wp-block-heading has-luminous-vivid-orange-color has-text-color\"><strong>Contacts<\/strong><\/h2>\n\n\n\n<p><strong>* Maison Paroissiale<br>30 rue Desrichard &#8211; 71600 Paray-le-Monial<br>T\u00e9l : 03 85 81 05 54<br>Mail : <a href=\"mailto:paroisseparaylemonial@gmail.com\" target=\"_blank\" rel=\"noreferrer noopener\">paroisseparaylemonial@gmail.com<\/a><br>Permanences&nbsp;: <br>&#8211; lundi, mardi, jeudi et vendredi de 10 h \u00e0 12 h<br>&#8211; mardi, mercredi et jeudi de 16 h \u00e0 18 h<br>* Site internet de la paroisse du Sacr\u00e9-C\u0153ur en Val d&rsquo;Or : <a href=\"https:\/\/paroisse-paray.fr\/\" target=\"_blank\" rel=\"noreferrer noopener\">cliquez ici<\/a>.<\/strong><\/p>\n\n\n\n<figure class=\"wp-block-image size-full\"><a href=\"https:\/\/commune-poisson.fr\/?page_id=372\"><img loading=\"lazy\" decoding=\"async\" width=\"50\" height=\"50\" src=\"https:\/\/commune-poisson.fr\/wp-content\/uploads\/Articles\/Logo\/Retour-Haut-de-page.jpg\" alt=\"\" class=\"wp-image-2177\"\/><\/a><\/figure>\n\n\n\n<hr class=\"wp-block-separator has-text-color has-black-color has-alpha-channel-opacity has-black-background-color has-background Pr\u00eatres\" id=\"Pr\u00eatres\"\/>\n\n\n\n<h2 class=\"wp-block-heading has-luminous-vivid-orange-color has-text-color\"><strong>Les pr\u00eatres<\/strong><\/h2>\n\n\n\n<p><strong>* P\u00e8re Christophe Lagrange, cur\u00e9<br>* P\u00e8re Fr\u00e9d\u00e9ric Villiers, vicaire<\/strong><\/p>\n\n\n\n<figure class=\"wp-block-image size-full\"><a href=\"https:\/\/commune-poisson.fr\/?page_id=372\"><img loading=\"lazy\" decoding=\"async\" width=\"50\" height=\"50\" src=\"https:\/\/commune-poisson.fr\/wp-content\/uploads\/Articles\/Logo\/Retour-Haut-de-page.jpg\" alt=\"\" class=\"wp-image-2177\"\/><\/a><\/figure>\n\n\n\n<hr class=\"wp-block-separator has-text-color has-black-color has-alpha-channel-opacity has-black-background-color has-background\" id=\"Diacres\"\/>\n\n\n\n<h2 class=\"wp-block-heading has-luminous-vivid-orange-color has-text-color\"><strong>Les diacres permanents<\/strong><\/h2>\n\n\n\n<p><strong>Jean-Fran\u00e7ois Auduc, Alain Gentil, Paul Grunenwald, Antoine Hastings, Henri Perrot.<\/strong><\/p>\n\n\n\n<figure class=\"wp-block-image size-full\"><a href=\"https:\/\/commune-poisson.fr\/?page_id=372\"><img loading=\"lazy\" decoding=\"async\" width=\"50\" height=\"50\" src=\"https:\/\/commune-poisson.fr\/wp-content\/uploads\/Articles\/Logo\/Retour-Haut-de-page.jpg\" alt=\"\" class=\"wp-image-2177\"\/><\/a><\/figure>\n\n\n\n<hr class=\"wp-block-separator has-text-color has-black-color has-alpha-channel-opacity has-black-background-color has-background\" id=\"Horaires\"\/>\n\n\n\n<h2 class=\"wp-block-heading has-luminous-vivid-orange-color has-text-color\"><strong>Horaires des messes \u00e0 Poisson<\/strong><\/h2>\n\n\n\n<p><strong>* Messe dominicale anticip\u00e9e le deuxi\u00e8me samedi du mois \u00e0 18 h 30, de P\u00e2ques \u00e0 fin octobre.<\/strong><br><strong>* Messe pour les grandes f\u00eates (No\u00ebl, \u2026) dans la mesure du possible, annonc\u00e9e dans la feuille d\u2019informations paroissiales.<\/strong><br><strong>* Toutes les c\u00e9r\u00e9monies religieuses (bapt\u00eames, mariages, obs\u00e8ques) sont possibles toute l\u2019ann\u00e9e en l\u2019\u00e9glise de Poisson.<\/strong><\/p>\n\n\n\n<figure class=\"wp-block-image size-full\"><a href=\"https:\/\/commune-poisson.fr\/?page_id=372\"><img loading=\"lazy\" decoding=\"async\" width=\"50\" height=\"50\" src=\"https:\/\/commune-poisson.fr\/wp-content\/uploads\/Articles\/Logo\/Retour-Haut-de-page.jpg\" alt=\"\" class=\"wp-image-2177\"\/><\/a><\/figure>\n\n\n\n<hr class=\"wp-block-separator has-text-color has-black-color has-alpha-channel-opacity has-black-background-color has-background\" id=\"Cath\u00e9ch\u00e8se\"\/>\n\n\n\n<h2 class=\"wp-block-heading has-luminous-vivid-orange-color has-text-color\"><strong>Cat\u00e9ch\u00e8se \u00e0 Poisson<\/strong><\/h2>\n\n\n\n<p><strong>Responsable, Marie-C\u00e9cile Herbinet \u00e0 la Maison Paroissiale de Paray-le-Monial.<br>Mail : <a href=\"mailto:catechese.paray@gmail.com\" target=\"_blank\" rel=\"noreferrer noopener\">catechese.paray@gmail.com<\/a><\/strong><\/p>\n\n\n\n<figure class=\"wp-block-image size-full\"><a href=\"https:\/\/commune-poisson.fr\/?page_id=372\"><img loading=\"lazy\" decoding=\"async\" width=\"50\" height=\"50\" src=\"https:\/\/commune-poisson.fr\/wp-content\/uploads\/Articles\/Logo\/Retour-Haut-de-page.jpg\" alt=\"\" class=\"wp-image-2177\"\/><\/a><\/figure>\n\n\n\n<hr class=\"wp-block-separator has-text-color has-black-color has-alpha-channel-opacity has-black-background-color has-background\" id=\"Informations\"\/>\n\n\n\n<h2 class=\"wp-block-heading has-luminous-vivid-orange-color has-text-color\"><strong>Informations diverses<\/strong><\/h2>\n\n\n\n<p><strong>*&nbsp;Pour l\u2019\u00e9veil \u00e0 la foi, l\u2019aum\u00f4nerie des jeunes, les sacrements, les offrandes de messes : s\u2019adresser \u00e0 la Maison Paroissiale de Paray-le-Monial.<br>* Gardiennage de l\u2019\u00e9glise : assur\u00e9 par Mme Marie-Th\u00e9r\u00e8se Polette.<br>* Fleurissement de l\u2019\u00e9glise : s\u2019adresser \u00e0 Liliane Dauvergne.<br>* Des bonnes volont\u00e9s participent \u00e0 l\u2019entretien des linges liturgiques et \u00e0 la propret\u00e9 de l\u2019\u00e9glise.<br>* Des \u00e9quipes liturgiques pr\u00e9parent le n\u00e9cessaire pour les diff\u00e9rentes c\u00e9l\u00e9brations avant l\u2019arriv\u00e9e du c\u00e9l\u00e9brant.<\/strong><\/p>\n\n\n\n<figure class=\"wp-block-image size-full\"><a href=\"https:\/\/commune-poisson.fr\/?page_id=372\"><img loading=\"lazy\" decoding=\"async\" width=\"50\" height=\"50\" src=\"https:\/\/commune-poisson.fr\/wp-content\/uploads\/Articles\/Logo\/Retour-Haut-de-page.jpg\" alt=\"\" class=\"wp-image-2177\"\/><\/a><\/figure>\n","protected":false},"excerpt":{"rendered":"<p>Sur cette page :Pr\u00e9sentationContactsLes pr\u00eatresLes diacres permanentsHoraires des messes \u00e0<span class=\"excerpt-hellip\"> [\u2026]<\/span><\/p>\n","protected":false},"author":2,"featured_media":0,"parent":130,"menu_order":5,"comment_status":"closed","ping_status":"closed","template":"","meta":{"footnotes":""},"class_list":["post-372","page","type-page","status-publish","hentry"],"yoast_head":"<!-- This site is optimized with the Yoast SEO plugin v27.2 - https:\/\/yoast.com\/product\/yoast-seo-wordpress\/ -->\n<title>Vie paroissiale - Commune de POISSON | Sa\u00f4ne-et-Loire (71)<\/title>\n<meta name=\"robots\" content=\"index, follow, max-snippet:-1, max-image-preview:large, max-video-preview:-1\" \/>\n<link rel=\"canonical\" href=\"https:\/\/commune-poisson.fr\/?page_id=372\" \/>\n<meta property=\"og:locale\" content=\"fr_FR\" \/>\n<meta property=\"og:type\" content=\"article\" \/>\n<meta property=\"og:title\" content=\"Vie paroissiale - Commune de POISSON | Sa\u00f4ne-et-Loire (71)\" \/>\n<meta property=\"og:description\" content=\"Sur cette page :Pr\u00e9sentationContactsLes pr\u00eatresLes diacres permanentsHoraires des messes \u00e0 [\u2026]\" \/>\n<meta property=\"og:url\" content=\"https:\/\/commune-poisson.fr\/?page_id=372\" \/>\n<meta property=\"og:site_name\" content=\"Commune de POISSON | Sa\u00f4ne-et-Loire (71)\" \/>\n<meta property=\"article:modified_time\" content=\"2026-04-06T11:43:30+00:00\" \/>\n<meta property=\"og:image\" content=\"https:\/\/commune-poisson.fr\/wp-content\/uploads\/CulturePatrimoineTourisme\/VieParoissiale\/Logo-page-Vie-paroissiale.jpg\" \/>\n\t<meta property=\"og:image:width\" content=\"672\" \/>\n\t<meta property=\"og:image:height\" content=\"501\" \/>\n\t<meta property=\"og:image:type\" content=\"image\/jpeg\" \/>\n<meta name=\"twitter:card\" content=\"summary_large_image\" \/>\n<meta name=\"twitter:label1\" content=\"Dur\u00e9e de lecture estim\u00e9e\" \/>\n\t<meta name=\"twitter:data1\" content=\"3 minutes\" \/>\n<script type=\"application\/ld+json\" class=\"yoast-schema-graph\">{\"@context\":\"https:\/\/schema.org\",\"@graph\":[{\"@type\":\"WebPage\",\"@id\":\"https:\/\/commune-poisson.fr\/?page_id=372\",\"url\":\"https:\/\/commune-poisson.fr\/?page_id=372\",\"name\":\"Vie paroissiale - Commune de POISSON | Sa\u00f4ne-et-Loire (71)\",\"isPartOf\":{\"@id\":\"https:\/\/commune-poisson.fr\/#website\"},\"primaryImageOfPage\":{\"@id\":\"https:\/\/commune-poisson.fr\/?page_id=372#primaryimage\"},\"image\":{\"@id\":\"https:\/\/commune-poisson.fr\/?page_id=372#primaryimage\"},\"thumbnailUrl\":\"https:\/\/commune-poisson.fr\/wp-content\/uploads\/CulturePatrimoineTourisme\/VieParoissiale\/Logo-page-Vie-paroissiale.jpg\",\"datePublished\":\"2023-01-21T07:45:00+00:00\",\"dateModified\":\"2026-04-06T11:43:30+00:00\",\"breadcrumb\":{\"@id\":\"https:\/\/commune-poisson.fr\/?page_id=372#breadcrumb\"},\"inLanguage\":\"fr-FR\",\"potentialAction\":[{\"@type\":\"ReadAction\",\"target\":[\"https:\/\/commune-poisson.fr\/?page_id=372\"]}]},{\"@type\":\"ImageObject\",\"inLanguage\":\"fr-FR\",\"@id\":\"https:\/\/commune-poisson.fr\/?page_id=372#primaryimage\",\"url\":\"https:\/\/commune-poisson.fr\/wp-content\/uploads\/CulturePatrimoineTourisme\/VieParoissiale\/Logo-page-Vie-paroissiale.jpg\",\"contentUrl\":\"https:\/\/commune-poisson.fr\/wp-content\/uploads\/CulturePatrimoineTourisme\/VieParoissiale\/Logo-page-Vie-paroissiale.jpg\",\"width\":672,\"height\":501},{\"@type\":\"BreadcrumbList\",\"@id\":\"https:\/\/commune-poisson.fr\/?page_id=372#breadcrumb\",\"itemListElement\":[{\"@type\":\"ListItem\",\"position\":1,\"name\":\"Accueil\",\"item\":\"https:\/\/commune-poisson.fr\/\"},{\"@type\":\"ListItem\",\"position\":2,\"name\":\"Culture \/ Tourisme \/ Patrimoine\",\"item\":\"https:\/\/commune-poisson.fr\/?page_id=130\"},{\"@type\":\"ListItem\",\"position\":3,\"name\":\"Vie paroissiale\"}]},{\"@type\":\"WebSite\",\"@id\":\"https:\/\/commune-poisson.fr\/#website\",\"url\":\"https:\/\/commune-poisson.fr\/\",\"name\":\"Commune de POISSON | Sa\u00f4ne-et-Loire (71)\",\"description\":\"Site officiel\",\"potentialAction\":[{\"@type\":\"SearchAction\",\"target\":{\"@type\":\"EntryPoint\",\"urlTemplate\":\"https:\/\/commune-poisson.fr\/?s={search_term_string}\"},\"query-input\":{\"@type\":\"PropertyValueSpecification\",\"valueRequired\":true,\"valueName\":\"search_term_string\"}}],\"inLanguage\":\"fr-FR\"}]}<\/script>\n<!-- \/ Yoast SEO plugin. -->","yoast_head_json":{"title":"Vie paroissiale - Commune de POISSON | Sa\u00f4ne-et-Loire (71)","robots":{"index":"index","follow":"follow","max-snippet":"max-snippet:-1","max-image-preview":"max-image-preview:large","max-video-preview":"max-video-preview:-1"},"canonical":"https:\/\/commune-poisson.fr\/?page_id=372","og_locale":"fr_FR","og_type":"article","og_title":"Vie paroissiale - Commune de POISSON | Sa\u00f4ne-et-Loire (71)","og_description":"Sur cette page :Pr\u00e9sentationContactsLes pr\u00eatresLes diacres permanentsHoraires des messes \u00e0 [\u2026]","og_url":"https:\/\/commune-poisson.fr\/?page_id=372","og_site_name":"Commune de POISSON | Sa\u00f4ne-et-Loire (71)","article_modified_time":"2026-04-06T11:43:30+00:00","og_image":[{"width":672,"height":501,"url":"https:\/\/commune-poisson.fr\/wp-content\/uploads\/CulturePatrimoineTourisme\/VieParoissiale\/Logo-page-Vie-paroissiale.jpg","type":"image\/jpeg"}],"twitter_card":"summary_large_image","twitter_misc":{"Dur\u00e9e de lecture estim\u00e9e":"3 minutes"},"schema":{"@context":"https:\/\/schema.org","@graph":[{"@type":"WebPage","@id":"https:\/\/commune-poisson.fr\/?page_id=372","url":"https:\/\/commune-poisson.fr\/?page_id=372","name":"Vie paroissiale - Commune de POISSON | Sa\u00f4ne-et-Loire (71)","isPartOf":{"@id":"https:\/\/commune-poisson.fr\/#website"},"primaryImageOfPage":{"@id":"https:\/\/commune-poisson.fr\/?page_id=372#primaryimage"},"image":{"@id":"https:\/\/commune-poisson.fr\/?page_id=372#primaryimage"},"thumbnailUrl":"https:\/\/commune-poisson.fr\/wp-content\/uploads\/CulturePatrimoineTourisme\/VieParoissiale\/Logo-page-Vie-paroissiale.jpg","datePublished":"2023-01-21T07:45:00+00:00","dateModified":"2026-04-06T11:43:30+00:00","breadcrumb":{"@id":"https:\/\/commune-poisson.fr\/?page_id=372#breadcrumb"},"inLanguage":"fr-FR","potentialAction":[{"@type":"ReadAction","target":["https:\/\/commune-poisson.fr\/?page_id=372"]}]},{"@type":"ImageObject","inLanguage":"fr-FR","@id":"https:\/\/commune-poisson.fr\/?page_id=372#primaryimage","url":"https:\/\/commune-poisson.fr\/wp-content\/uploads\/CulturePatrimoineTourisme\/VieParoissiale\/Logo-page-Vie-paroissiale.jpg","contentUrl":"https:\/\/commune-poisson.fr\/wp-content\/uploads\/CulturePatrimoineTourisme\/VieParoissiale\/Logo-page-Vie-paroissiale.jpg","width":672,"height":501},{"@type":"BreadcrumbList","@id":"https:\/\/commune-poisson.fr\/?page_id=372#breadcrumb","itemListElement":[{"@type":"ListItem","position":1,"name":"Accueil","item":"https:\/\/commune-poisson.fr\/"},{"@type":"ListItem","position":2,"name":"Culture \/ Tourisme \/ Patrimoine","item":"https:\/\/commune-poisson.fr\/?page_id=130"},{"@type":"ListItem","position":3,"name":"Vie paroissiale"}]},{"@type":"WebSite","@id":"https:\/\/commune-poisson.fr\/#website","url":"https:\/\/commune-poisson.fr\/","name":"Commune de POISSON | Sa\u00f4ne-et-Loire (71)","description":"Site officiel","potentialAction":[{"@type":"SearchAction","target":{"@type":"EntryPoint","urlTemplate":"https:\/\/commune-poisson.fr\/?s={search_term_string}"},"query-input":{"@type":"PropertyValueSpecification","valueRequired":true,"valueName":"search_term_string"}}],"inLanguage":"fr-FR"}]}},"_links":{"self":[{"href":"https:\/\/commune-poisson.fr\/index.php?rest_route=\/wp\/v2\/pages\/372","targetHints":{"allow":["GET"]}}],"collection":[{"href":"https:\/\/commune-poisson.fr\/index.php?rest_route=\/wp\/v2\/pages"}],"about":[{"href":"https:\/\/commune-poisson.fr\/index.php?rest_route=\/wp\/v2\/types\/page"}],"author":[{"embeddable":true,"href":"https:\/\/commune-poisson.fr\/index.php?rest_route=\/wp\/v2\/users\/2"}],"replies":[{"embeddable":true,"href":"https:\/\/commune-poisson.fr\/index.php?rest_route=%2Fwp%2Fv2%2Fcomments&post=372"}],"version-history":[{"count":28,"href":"https:\/\/commune-poisson.fr\/index.php?rest_route=\/wp\/v2\/pages\/372\/revisions"}],"predecessor-version":[{"id":7693,"href":"https:\/\/commune-poisson.fr\/index.php?rest_route=\/wp\/v2\/pages\/372\/revisions\/7693"}],"up":[{"embeddable":true,"href":"https:\/\/commune-poisson.fr\/index.php?rest_route=\/wp\/v2\/pages\/130"}],"wp:attachment":[{"href":"https:\/\/commune-poisson.fr\/index.php?rest_route=%2Fwp%2Fv2%2Fmedia&parent=372"}],"curies":[{"name":"wp","href":"https:\/\/api.w.org\/{rel}","templated":true}]}}