{"id":369,"date":"2023-01-21T08:30:00","date_gmt":"2023-01-21T07:30:00","guid":{"rendered":"https:\/\/sddbox-containers.com\/?page_id=369"},"modified":"2026-04-07T08:20:39","modified_gmt":"2026-04-07T06:20:39","slug":"randonnee","status":"publish","type":"page","link":"https:\/\/commune-poisson.fr\/?page_id=369","title":{"rendered":"Randonn\u00e9es"},"content":{"rendered":"\n<figure class=\"wp-block-image size-full is-resized\"><img loading=\"lazy\" decoding=\"async\" width=\"672\" height=\"502\" src=\"https:\/\/commune-poisson.fr\/wp-content\/uploads\/CulturePatrimoineTourisme\/Randonn\u00e9es\/Logo-page-Randonnees.jpg\" alt=\"\" class=\"wp-image-7674\" style=\"width:260px\" srcset=\"https:\/\/commune-poisson.fr\/wp-content\/uploads\/CulturePatrimoineTourisme\/Randonn\u00e9es\/Logo-page-Randonnees.jpg 672w, https:\/\/commune-poisson.fr\/wp-content\/uploads\/CulturePatrimoineTourisme\/Randonn\u00e9es\/Logo-page-Randonnees-300x224.jpg 300w, https:\/\/commune-poisson.fr\/wp-content\/uploads\/CulturePatrimoineTourisme\/Randonn\u00e9es\/Logo-page-Randonnees-100x75.jpg 100w, https:\/\/commune-poisson.fr\/wp-content\/uploads\/CulturePatrimoineTourisme\/Randonn\u00e9es\/Logo-page-Randonnees-480x359.jpg 480w\" sizes=\"auto, (max-width:767px) 480px, 672px\" \/><\/figure>\n\n\n\n<div style=\"height:26px\" aria-hidden=\"true\" class=\"wp-block-spacer\"><\/div>\n\n\n\n<hr class=\"wp-block-separator has-text-color has-black-color has-alpha-channel-opacity has-black-background-color has-background\"\/>\n\n\n\n<p><strong>Au d\u00e9part du bourg de Poisson (place de la mairie), vous avez acc\u00e8s \u00e0 deux circuits de randonn\u00e9e :<br>&#8211; le P&rsquo;tit tour de P&rsquo;chon (1,5 km) en suivant les balises PLM1 ;<br>&#8211; le \u00ab\u00a0huit\u00a0\u00bb du Val d&rsquo;Arconce (13 km) en suivant les balises PLM9.<\/strong><\/p>\n\n\n\n<p>* <strong>Pour plus de d\u00e9tails, cliquez sur les photos ci-dessous.<\/strong><\/p>\n\n\n\n<figure class=\"wp-block-image size-large\"><a href=\"https:\/\/commune-poisson.fr\/wp-content\/uploads\/CulturePatrimoineTourisme\/Randonn\u00e9es\/Deux-randonnees-au-depart-du-bourg-de-Poisson.jpg\" target=\"_blank\" rel=\"noopener\"><img loading=\"lazy\" decoding=\"async\" width=\"649\" height=\"1024\" src=\"https:\/\/commune-poisson.fr\/wp-content\/uploads\/CulturePatrimoineTourisme\/Randonn\u00e9es\/Deux-randonnees-au-depart-du-bourg-de-Poisson-649x1024.jpg\" alt=\"Deux randonnees au depart du bourg de Poisson\" class=\"wp-image-1187\" srcset=\"https:\/\/commune-poisson.fr\/wp-content\/uploads\/CulturePatrimoineTourisme\/Randonn\u00e9es\/Deux-randonnees-au-depart-du-bourg-de-Poisson-649x1024.jpg 649w, https:\/\/commune-poisson.fr\/wp-content\/uploads\/CulturePatrimoineTourisme\/Randonn\u00e9es\/Deux-randonnees-au-depart-du-bourg-de-Poisson-190x300.jpg 190w, https:\/\/commune-poisson.fr\/wp-content\/uploads\/CulturePatrimoineTourisme\/Randonn\u00e9es\/Deux-randonnees-au-depart-du-bourg-de-Poisson-768x1211.jpg 768w, https:\/\/commune-poisson.fr\/wp-content\/uploads\/CulturePatrimoineTourisme\/Randonn\u00e9es\/Deux-randonnees-au-depart-du-bourg-de-Poisson-974x1536.jpg 974w, https:\/\/commune-poisson.fr\/wp-content\/uploads\/CulturePatrimoineTourisme\/Randonn\u00e9es\/Deux-randonnees-au-depart-du-bourg-de-Poisson-93x146.jpg 93w, https:\/\/commune-poisson.fr\/wp-content\/uploads\/CulturePatrimoineTourisme\/Randonn\u00e9es\/Deux-randonnees-au-depart-du-bourg-de-Poisson-32x50.jpg 32w, https:\/\/commune-poisson.fr\/wp-content\/uploads\/CulturePatrimoineTourisme\/Randonn\u00e9es\/Deux-randonnees-au-depart-du-bourg-de-Poisson-48x75.jpg 48w, https:\/\/commune-poisson.fr\/wp-content\/uploads\/CulturePatrimoineTourisme\/Randonn\u00e9es\/Deux-randonnees-au-depart-du-bourg-de-Poisson.jpg 1213w\" sizes=\"auto, (max-width:767px) 480px, 649px\" \/><\/a><\/figure>\n\n\n\n<figure class=\"wp-block-image size-full\"><a href=\"https:\/\/commune-poisson.fr\/?page_id=369\"><img loading=\"lazy\" decoding=\"async\" width=\"50\" height=\"50\" src=\"https:\/\/commune-poisson.fr\/wp-content\/uploads\/Articles\/Logo\/Retour-Haut-de-page.jpg\" alt=\"\" class=\"wp-image-2177\"\/><\/a><\/figure>\n\n\n\n<figure class=\"wp-block-image size-large is-resized is-style-rounded\"><a href=\"https:\/\/commune-poisson.fr\/wp-content\/uploads\/CulturePatrimoineTourisme\/Randonn\u00e9es\/Point-de-depart-rando-Poisson-scaled.jpg\" target=\"_blank\" rel=\"noopener\"><img loading=\"lazy\" decoding=\"async\" width=\"1024\" height=\"966\" src=\"https:\/\/commune-poisson.fr\/wp-content\/uploads\/CulturePatrimoineTourisme\/Randonn\u00e9es\/Point-de-depart-rando-Poisson-1024x966.jpg\" alt=\"Point de d\u00e9part des deux randonn\u00e9es\" class=\"wp-image-1188\" style=\"aspect-ratio:1.0600404122875644;object-fit:cover;width:399px;height:auto\" srcset=\"https:\/\/commune-poisson.fr\/wp-content\/uploads\/CulturePatrimoineTourisme\/Randonn\u00e9es\/Point-de-depart-rando-Poisson-1024x966.jpg 1024w, https:\/\/commune-poisson.fr\/wp-content\/uploads\/CulturePatrimoineTourisme\/Randonn\u00e9es\/Point-de-depart-rando-Poisson-300x283.jpg 300w, https:\/\/commune-poisson.fr\/wp-content\/uploads\/CulturePatrimoineTourisme\/Randonn\u00e9es\/Point-de-depart-rando-Poisson-768x725.jpg 768w, https:\/\/commune-poisson.fr\/wp-content\/uploads\/CulturePatrimoineTourisme\/Randonn\u00e9es\/Point-de-depart-rando-Poisson-1536x1449.jpg 1536w, https:\/\/commune-poisson.fr\/wp-content\/uploads\/CulturePatrimoineTourisme\/Randonn\u00e9es\/Point-de-depart-rando-Poisson-2048x1932.jpg 2048w, https:\/\/commune-poisson.fr\/wp-content\/uploads\/CulturePatrimoineTourisme\/Randonn\u00e9es\/Point-de-depart-rando-Poisson-155x146.jpg 155w, https:\/\/commune-poisson.fr\/wp-content\/uploads\/CulturePatrimoineTourisme\/Randonn\u00e9es\/Point-de-depart-rando-Poisson-50x47.jpg 50w, https:\/\/commune-poisson.fr\/wp-content\/uploads\/CulturePatrimoineTourisme\/Randonn\u00e9es\/Point-de-depart-rando-Poisson-79x75.jpg 79w\" sizes=\"auto, (max-width:767px) 480px, (max-width:1024px) 100vw, 1024px\" \/><\/a><figcaption class=\"wp-element-caption\"> <\/figcaption><\/figure>\n\n\n\n<figure class=\"wp-block-image size-full\"><a href=\"https:\/\/commune-poisson.fr\/?page_id=369\"><img loading=\"lazy\" decoding=\"async\" width=\"50\" height=\"50\" src=\"https:\/\/commune-poisson.fr\/wp-content\/uploads\/Articles\/Logo\/Retour-Haut-de-page.jpg\" alt=\"\" class=\"wp-image-2177\"\/><\/a><\/figure>\n","protected":false},"excerpt":{"rendered":"<p>Au d\u00e9part du bourg de Poisson (place de la mairie),<span class=\"excerpt-hellip\"> [\u2026]<\/span><\/p>\n","protected":false},"author":2,"featured_media":0,"parent":130,"menu_order":4,"comment_status":"closed","ping_status":"closed","template":"","meta":{"footnotes":""},"class_list":["post-369","page","type-page","status-publish","hentry"],"yoast_head":"<!-- This site is optimized with the Yoast SEO plugin v27.2 - https:\/\/yoast.com\/product\/yoast-seo-wordpress\/ -->\n<title>Randonn\u00e9es - Commune de POISSON | Sa\u00f4ne-et-Loire (71)<\/title>\n<meta name=\"robots\" content=\"index, follow, max-snippet:-1, max-image-preview:large, max-video-preview:-1\" \/>\n<link rel=\"canonical\" href=\"https:\/\/commune-poisson.fr\/?page_id=369\" \/>\n<meta property=\"og:locale\" content=\"fr_FR\" \/>\n<meta property=\"og:type\" content=\"article\" \/>\n<meta property=\"og:title\" content=\"Randonn\u00e9es - Commune de POISSON | Sa\u00f4ne-et-Loire (71)\" \/>\n<meta property=\"og:description\" content=\"Au d\u00e9part du bourg de Poisson (place de la mairie), [\u2026]\" \/>\n<meta property=\"og:url\" content=\"https:\/\/commune-poisson.fr\/?page_id=369\" \/>\n<meta property=\"og:site_name\" content=\"Commune de POISSON | Sa\u00f4ne-et-Loire (71)\" \/>\n<meta property=\"article:modified_time\" content=\"2026-04-07T06:20:39+00:00\" \/>\n<meta property=\"og:image\" content=\"https:\/\/commune-poisson.fr\/wp-content\/uploads\/Articles\/Logo\/Retour-Haut-de-page.jpg\" \/>\n<meta name=\"twitter:card\" content=\"summary_large_image\" \/>\n<meta name=\"twitter:label1\" content=\"Dur\u00e9e de lecture estim\u00e9e\" \/>\n\t<meta name=\"twitter:data1\" content=\"2 minutes\" \/>\n<script type=\"application\/ld+json\" class=\"yoast-schema-graph\">{\"@context\":\"https:\/\/schema.org\",\"@graph\":[{\"@type\":\"WebPage\",\"@id\":\"https:\/\/commune-poisson.fr\/?page_id=369\",\"url\":\"https:\/\/commune-poisson.fr\/?page_id=369\",\"name\":\"Randonn\u00e9es - Commune de POISSON | Sa\u00f4ne-et-Loire (71)\",\"isPartOf\":{\"@id\":\"https:\/\/commune-poisson.fr\/#website\"},\"primaryImageOfPage\":{\"@id\":\"https:\/\/commune-poisson.fr\/?page_id=369#primaryimage\"},\"image\":{\"@id\":\"https:\/\/commune-poisson.fr\/?page_id=369#primaryimage\"},\"thumbnailUrl\":\"https:\/\/commune-poisson.fr\/wp-content\/uploads\/Articles\/Logo\/Retour-Haut-de-page.jpg\",\"datePublished\":\"2023-01-21T07:30:00+00:00\",\"dateModified\":\"2026-04-07T06:20:39+00:00\",\"breadcrumb\":{\"@id\":\"https:\/\/commune-poisson.fr\/?page_id=369#breadcrumb\"},\"inLanguage\":\"fr-FR\",\"potentialAction\":[{\"@type\":\"ReadAction\",\"target\":[\"https:\/\/commune-poisson.fr\/?page_id=369\"]}]},{\"@type\":\"ImageObject\",\"inLanguage\":\"fr-FR\",\"@id\":\"https:\/\/commune-poisson.fr\/?page_id=369#primaryimage\",\"url\":\"https:\/\/commune-poisson.fr\/wp-content\/uploads\/Articles\/Logo\/Retour-Haut-de-page.jpg\",\"contentUrl\":\"https:\/\/commune-poisson.fr\/wp-content\/uploads\/Articles\/Logo\/Retour-Haut-de-page.jpg\",\"width\":50,\"height\":50,\"caption\":\"Retour haut de page\"},{\"@type\":\"BreadcrumbList\",\"@id\":\"https:\/\/commune-poisson.fr\/?page_id=369#breadcrumb\",\"itemListElement\":[{\"@type\":\"ListItem\",\"position\":1,\"name\":\"Accueil\",\"item\":\"https:\/\/commune-poisson.fr\/\"},{\"@type\":\"ListItem\",\"position\":2,\"name\":\"Culture \/ Tourisme \/ Patrimoine\",\"item\":\"https:\/\/commune-poisson.fr\/?page_id=130\"},{\"@type\":\"ListItem\",\"position\":3,\"name\":\"Randonn\u00e9es\"}]},{\"@type\":\"WebSite\",\"@id\":\"https:\/\/commune-poisson.fr\/#website\",\"url\":\"https:\/\/commune-poisson.fr\/\",\"name\":\"Commune de POISSON | Sa\u00f4ne-et-Loire (71)\",\"description\":\"Site officiel\",\"potentialAction\":[{\"@type\":\"SearchAction\",\"target\":{\"@type\":\"EntryPoint\",\"urlTemplate\":\"https:\/\/commune-poisson.fr\/?s={search_term_string}\"},\"query-input\":{\"@type\":\"PropertyValueSpecification\",\"valueRequired\":true,\"valueName\":\"search_term_string\"}}],\"inLanguage\":\"fr-FR\"}]}<\/script>\n<!-- \/ Yoast SEO plugin. -->","yoast_head_json":{"title":"Randonn\u00e9es - Commune de POISSON | Sa\u00f4ne-et-Loire (71)","robots":{"index":"index","follow":"follow","max-snippet":"max-snippet:-1","max-image-preview":"max-image-preview:large","max-video-preview":"max-video-preview:-1"},"canonical":"https:\/\/commune-poisson.fr\/?page_id=369","og_locale":"fr_FR","og_type":"article","og_title":"Randonn\u00e9es - Commune de POISSON | Sa\u00f4ne-et-Loire (71)","og_description":"Au d\u00e9part du bourg de Poisson (place de la mairie), [\u2026]","og_url":"https:\/\/commune-poisson.fr\/?page_id=369","og_site_name":"Commune de POISSON | Sa\u00f4ne-et-Loire (71)","article_modified_time":"2026-04-07T06:20:39+00:00","og_image":[{"url":"https:\/\/commune-poisson.fr\/wp-content\/uploads\/Articles\/Logo\/Retour-Haut-de-page.jpg","type":"","width":"","height":""}],"twitter_card":"summary_large_image","twitter_misc":{"Dur\u00e9e de lecture estim\u00e9e":"2 minutes"},"schema":{"@context":"https:\/\/schema.org","@graph":[{"@type":"WebPage","@id":"https:\/\/commune-poisson.fr\/?page_id=369","url":"https:\/\/commune-poisson.fr\/?page_id=369","name":"Randonn\u00e9es - Commune de POISSON | Sa\u00f4ne-et-Loire (71)","isPartOf":{"@id":"https:\/\/commune-poisson.fr\/#website"},"primaryImageOfPage":{"@id":"https:\/\/commune-poisson.fr\/?page_id=369#primaryimage"},"image":{"@id":"https:\/\/commune-poisson.fr\/?page_id=369#primaryimage"},"thumbnailUrl":"https:\/\/commune-poisson.fr\/wp-content\/uploads\/Articles\/Logo\/Retour-Haut-de-page.jpg","datePublished":"2023-01-21T07:30:00+00:00","dateModified":"2026-04-07T06:20:39+00:00","breadcrumb":{"@id":"https:\/\/commune-poisson.fr\/?page_id=369#breadcrumb"},"inLanguage":"fr-FR","potentialAction":[{"@type":"ReadAction","target":["https:\/\/commune-poisson.fr\/?page_id=369"]}]},{"@type":"ImageObject","inLanguage":"fr-FR","@id":"https:\/\/commune-poisson.fr\/?page_id=369#primaryimage","url":"https:\/\/commune-poisson.fr\/wp-content\/uploads\/Articles\/Logo\/Retour-Haut-de-page.jpg","contentUrl":"https:\/\/commune-poisson.fr\/wp-content\/uploads\/Articles\/Logo\/Retour-Haut-de-page.jpg","width":50,"height":50,"caption":"Retour haut de page"},{"@type":"BreadcrumbList","@id":"https:\/\/commune-poisson.fr\/?page_id=369#breadcrumb","itemListElement":[{"@type":"ListItem","position":1,"name":"Accueil","item":"https:\/\/commune-poisson.fr\/"},{"@type":"ListItem","position":2,"name":"Culture \/ Tourisme \/ Patrimoine","item":"https:\/\/commune-poisson.fr\/?page_id=130"},{"@type":"ListItem","position":3,"name":"Randonn\u00e9es"}]},{"@type":"WebSite","@id":"https:\/\/commune-poisson.fr\/#website","url":"https:\/\/commune-poisson.fr\/","name":"Commune de POISSON | Sa\u00f4ne-et-Loire (71)","description":"Site officiel","potentialAction":[{"@type":"SearchAction","target":{"@type":"EntryPoint","urlTemplate":"https:\/\/commune-poisson.fr\/?s={search_term_string}"},"query-input":{"@type":"PropertyValueSpecification","valueRequired":true,"valueName":"search_term_string"}}],"inLanguage":"fr-FR"}]}},"_links":{"self":[{"href":"https:\/\/commune-poisson.fr\/index.php?rest_route=\/wp\/v2\/pages\/369","targetHints":{"allow":["GET"]}}],"collection":[{"href":"https:\/\/commune-poisson.fr\/index.php?rest_route=\/wp\/v2\/pages"}],"about":[{"href":"https:\/\/commune-poisson.fr\/index.php?rest_route=\/wp\/v2\/types\/page"}],"author":[{"embeddable":true,"href":"https:\/\/commune-poisson.fr\/index.php?rest_route=\/wp\/v2\/users\/2"}],"replies":[{"embeddable":true,"href":"https:\/\/commune-poisson.fr\/index.php?rest_route=%2Fwp%2Fv2%2Fcomments&post=369"}],"version-history":[{"count":13,"href":"https:\/\/commune-poisson.fr\/index.php?rest_route=\/wp\/v2\/pages\/369\/revisions"}],"predecessor-version":[{"id":7734,"href":"https:\/\/commune-poisson.fr\/index.php?rest_route=\/wp\/v2\/pages\/369\/revisions\/7734"}],"up":[{"embeddable":true,"href":"https:\/\/commune-poisson.fr\/index.php?rest_route=\/wp\/v2\/pages\/130"}],"wp:attachment":[{"href":"https:\/\/commune-poisson.fr\/index.php?rest_route=%2Fwp%2Fv2%2Fmedia&parent=369"}],"curies":[{"name":"wp","href":"https:\/\/api.w.org\/{rel}","templated":true}]}}