{"id":365,"date":"2023-01-21T08:10:00","date_gmt":"2023-01-21T07:10:00","guid":{"rendered":"https:\/\/sddbox-containers.com\/?page_id=365"},"modified":"2026-04-06T09:51:29","modified_gmt":"2026-04-06T07:51:29","slug":"hebergements","status":"publish","type":"page","link":"https:\/\/commune-poisson.fr\/?page_id=365","title":{"rendered":"H\u00e9bergements"},"content":{"rendered":"\n<p><strong>Sur cette page :<\/strong><br><strong><a href=\"#Gites\">Gites et chambres d&rsquo;h\u00f4tes<\/a><\/strong><br><strong><a href=\"#H\u00f4tel\">H\u00f4tel<\/a><\/strong><br><\/p>\n\n\n<div class=\"wp-block-image\">\n<figure class=\"alignleft size-full is-resized\"><img loading=\"lazy\" decoding=\"async\" width=\"672\" height=\"502\" src=\"https:\/\/commune-poisson.fr\/wp-content\/uploads\/CulturePatrimoineTourisme\/H\u00e9bergements\/Logo-page-Hebergements.jpg\" alt=\"\" class=\"wp-image-7646\" style=\"width:260px\" srcset=\"https:\/\/commune-poisson.fr\/wp-content\/uploads\/CulturePatrimoineTourisme\/H\u00e9bergements\/Logo-page-Hebergements.jpg 672w, https:\/\/commune-poisson.fr\/wp-content\/uploads\/CulturePatrimoineTourisme\/H\u00e9bergements\/Logo-page-Hebergements-300x224.jpg 300w, https:\/\/commune-poisson.fr\/wp-content\/uploads\/CulturePatrimoineTourisme\/H\u00e9bergements\/Logo-page-Hebergements-100x75.jpg 100w, https:\/\/commune-poisson.fr\/wp-content\/uploads\/CulturePatrimoineTourisme\/H\u00e9bergements\/Logo-page-Hebergements-480x359.jpg 480w\" sizes=\"auto, (max-width:767px) 480px, 672px\" \/><\/figure>\n<\/div>\n\n\n<div style=\"height:9px\" aria-hidden=\"true\" class=\"wp-block-spacer\"><\/div>\n\n\n\n<hr class=\"wp-block-separator has-text-color has-black-color has-alpha-channel-opacity has-black-background-color has-background\" id=\"Gites\"\/>\n\n\n\n<h2 class=\"wp-block-heading has-luminous-vivid-orange-color has-text-color\"><strong>Gites et chambres d&rsquo;h\u00f4tes<\/strong><\/h2>\n\n\n\n<p><strong>* Chambres d&rsquo;h\u00f4tes \u00ab\u00a0Ch\u00e2teau de Martigny\u00a0\u00bb<\/strong><br>1429 route du Val d&rsquo;Arconce &#8211; 71600 Poisson<strong><br><\/strong>Page Facebook : <a href=\"https:\/\/www.facebook.com\/Chateaudemartigny\/?locale=fr_FR\" target=\"_blank\" rel=\"noreferrer noopener\"><strong>c&rsquo;est ici<\/strong><\/a>.<\/p>\n\n\n\n<p><strong>* Gite de Sermaize<\/strong><br>86 chemin du Relais de Chasse &#8211; 71600 Poisson<strong><br><\/strong>Plus d&rsquo;informations : <strong><a href=\"https:\/\/www.gites-de-france-bourgogne-sud.com\/location-Gite-Poisson-Saone-et-loire-71G1628.html\" target=\"_blank\" rel=\"noreferrer noopener\">c&rsquo;est ici<\/a>.<\/strong><\/p>\n\n\n\n<p><strong>* Gite et chambres de charme \u00ab\u00a0Les Fromentaux\u00a0\u00bb<\/strong><br>1027 chemin des Mocquets &#8211; 71600 Poisson<strong><br><\/strong>Site Internet :<strong> <a href=\"https:\/\/www.lesfromentaux.fr\" target=\"_blank\" rel=\"noreferrer noopener\">c\u2019est ici<\/a>.<\/strong><\/p>\n\n\n\n<p><strong>* Gite du Val d&rsquo;Arconce<\/strong><br>161 route de Tolcy &#8211; 71600 Poisson <strong><br><\/strong>Plus d&rsquo;informations : <strong><a href=\"https:\/\/www.tourismecharolaisbrionnais.fr\/hebergements-collectifs\/gite-du-val-d-arconce-HCOBFC000V53SIZV.html\" target=\"_blank\" rel=\"noreferrer noopener\">c&rsquo;est ici<\/a>.<\/strong><\/p>\n\n\n\n<figure class=\"wp-block-image size-full\"><a href=\"https:\/\/commune-poisson.fr\/?page_id=365\"><img loading=\"lazy\" decoding=\"async\" width=\"50\" height=\"50\" src=\"https:\/\/commune-poisson.fr\/wp-content\/uploads\/Articles\/Logo\/Retour-Haut-de-page.jpg\" alt=\"\" class=\"wp-image-2177\"\/><\/a><\/figure>\n\n\n\n<hr class=\"wp-block-separator has-text-color has-black-color has-css-opacity has-black-background-color has-background is-style-wide\" id=\"H\u00f4tel\"\/>\n\n\n\n<h2 class=\"wp-block-heading has-luminous-vivid-orange-color has-text-color\"><strong>H\u00f4tel<\/strong><\/h2>\n\n\n\n<p>* <strong>H\u00f4tel LA RECONCE<\/strong><br>25 route des Michelets &#8211; 71600 Poisson<br><strong>Site Internet : <a href=\"https:\/\/www.hotelreconce.com\/\" target=\"_blank\" rel=\"noreferrer noopener\">c\u2019est ici<\/a>.<\/strong><\/p>\n\n\n<div class=\"wp-block-image is-style-rounded\">\n<figure class=\"alignleft size-large is-resized\"><img loading=\"lazy\" decoding=\"async\" width=\"1024\" height=\"592\" src=\"https:\/\/commune-poisson.fr\/wp-content\/uploads\/CulturePatrimoineTourisme\/H\u00e9bergements\/Hotel-Restaurant-20-fevrier-2017-1024x592.jpg\" alt=\"H\u00f4tel-Restaurant Poisson\" class=\"wp-image-1164\" style=\"aspect-ratio:1.7297499059824133;width:464px;height:auto\" srcset=\"https:\/\/commune-poisson.fr\/wp-content\/uploads\/CulturePatrimoineTourisme\/H\u00e9bergements\/Hotel-Restaurant-20-fevrier-2017-1024x592.jpg 1024w, https:\/\/commune-poisson.fr\/wp-content\/uploads\/CulturePatrimoineTourisme\/H\u00e9bergements\/Hotel-Restaurant-20-fevrier-2017-300x174.jpg 300w, https:\/\/commune-poisson.fr\/wp-content\/uploads\/CulturePatrimoineTourisme\/H\u00e9bergements\/Hotel-Restaurant-20-fevrier-2017-768x444.jpg 768w, https:\/\/commune-poisson.fr\/wp-content\/uploads\/CulturePatrimoineTourisme\/H\u00e9bergements\/Hotel-Restaurant-20-fevrier-2017-1536x889.jpg 1536w, https:\/\/commune-poisson.fr\/wp-content\/uploads\/CulturePatrimoineTourisme\/H\u00e9bergements\/Hotel-Restaurant-20-fevrier-2017-2048x1185.jpg 2048w, https:\/\/commune-poisson.fr\/wp-content\/uploads\/CulturePatrimoineTourisme\/H\u00e9bergements\/Hotel-Restaurant-20-fevrier-2017-252x146.jpg 252w, https:\/\/commune-poisson.fr\/wp-content\/uploads\/CulturePatrimoineTourisme\/H\u00e9bergements\/Hotel-Restaurant-20-fevrier-2017-50x29.jpg 50w, https:\/\/commune-poisson.fr\/wp-content\/uploads\/CulturePatrimoineTourisme\/H\u00e9bergements\/Hotel-Restaurant-20-fevrier-2017-130x75.jpg 130w\" sizes=\"auto, (max-width:767px) 480px, (max-width:1024px) 100vw, 1024px\" \/><\/figure>\n<\/div>\n\n\n<div style=\"height:9px\" aria-hidden=\"true\" class=\"wp-block-spacer\"><\/div>\n\n\n\n<figure class=\"wp-block-image size-full\"><a href=\"https:\/\/commune-poisson.fr\/?page_id=365\"><img loading=\"lazy\" decoding=\"async\" width=\"50\" height=\"50\" src=\"https:\/\/commune-poisson.fr\/wp-content\/uploads\/Articles\/Logo\/Retour-Haut-de-page.jpg\" alt=\"\" class=\"wp-image-2177\"\/><\/a><\/figure>\n","protected":false},"excerpt":{"rendered":"<p>Sur cette page :Gites et chambres d&rsquo;h\u00f4tesH\u00f4tel Gites et chambres<span class=\"excerpt-hellip\"> [\u2026]<\/span><\/p>\n","protected":false},"author":2,"featured_media":0,"parent":130,"menu_order":2,"comment_status":"closed","ping_status":"closed","template":"","meta":{"footnotes":""},"class_list":["post-365","page","type-page","status-publish","hentry"],"yoast_head":"<!-- This site is optimized with the Yoast SEO plugin v27.2 - https:\/\/yoast.com\/product\/yoast-seo-wordpress\/ -->\n<title>H\u00e9bergements - Commune de POISSON | Sa\u00f4ne-et-Loire (71)<\/title>\n<meta name=\"robots\" content=\"index, follow, max-snippet:-1, max-image-preview:large, max-video-preview:-1\" \/>\n<link rel=\"canonical\" href=\"https:\/\/commune-poisson.fr\/?page_id=365\" \/>\n<meta property=\"og:locale\" content=\"fr_FR\" \/>\n<meta property=\"og:type\" content=\"article\" \/>\n<meta property=\"og:title\" content=\"H\u00e9bergements - Commune de POISSON | Sa\u00f4ne-et-Loire (71)\" \/>\n<meta property=\"og:description\" content=\"Sur cette page :Gites et chambres d&rsquo;h\u00f4tesH\u00f4tel Gites et chambres [\u2026]\" \/>\n<meta property=\"og:url\" content=\"https:\/\/commune-poisson.fr\/?page_id=365\" \/>\n<meta property=\"og:site_name\" content=\"Commune de POISSON | Sa\u00f4ne-et-Loire (71)\" \/>\n<meta property=\"article:modified_time\" content=\"2026-04-06T07:51:29+00:00\" \/>\n<meta property=\"og:image\" content=\"https:\/\/commune-poisson.fr\/wp-content\/uploads\/Articles\/Logo\/Retour-Haut-de-page.jpg\" \/>\n<meta name=\"twitter:card\" content=\"summary_large_image\" \/>\n<meta name=\"twitter:label1\" content=\"Dur\u00e9e de lecture estim\u00e9e\" \/>\n\t<meta name=\"twitter:data1\" content=\"1 minute\" \/>\n<script type=\"application\/ld+json\" class=\"yoast-schema-graph\">{\"@context\":\"https:\/\/schema.org\",\"@graph\":[{\"@type\":\"WebPage\",\"@id\":\"https:\/\/commune-poisson.fr\/?page_id=365\",\"url\":\"https:\/\/commune-poisson.fr\/?page_id=365\",\"name\":\"H\u00e9bergements - Commune de POISSON | Sa\u00f4ne-et-Loire (71)\",\"isPartOf\":{\"@id\":\"https:\/\/commune-poisson.fr\/#website\"},\"primaryImageOfPage\":{\"@id\":\"https:\/\/commune-poisson.fr\/?page_id=365#primaryimage\"},\"image\":{\"@id\":\"https:\/\/commune-poisson.fr\/?page_id=365#primaryimage\"},\"thumbnailUrl\":\"https:\/\/commune-poisson.fr\/wp-content\/uploads\/Articles\/Logo\/Retour-Haut-de-page.jpg\",\"datePublished\":\"2023-01-21T07:10:00+00:00\",\"dateModified\":\"2026-04-06T07:51:29+00:00\",\"breadcrumb\":{\"@id\":\"https:\/\/commune-poisson.fr\/?page_id=365#breadcrumb\"},\"inLanguage\":\"fr-FR\",\"potentialAction\":[{\"@type\":\"ReadAction\",\"target\":[\"https:\/\/commune-poisson.fr\/?page_id=365\"]}]},{\"@type\":\"ImageObject\",\"inLanguage\":\"fr-FR\",\"@id\":\"https:\/\/commune-poisson.fr\/?page_id=365#primaryimage\",\"url\":\"https:\/\/commune-poisson.fr\/wp-content\/uploads\/Articles\/Logo\/Retour-Haut-de-page.jpg\",\"contentUrl\":\"https:\/\/commune-poisson.fr\/wp-content\/uploads\/Articles\/Logo\/Retour-Haut-de-page.jpg\",\"width\":50,\"height\":50,\"caption\":\"Retour haut de page\"},{\"@type\":\"BreadcrumbList\",\"@id\":\"https:\/\/commune-poisson.fr\/?page_id=365#breadcrumb\",\"itemListElement\":[{\"@type\":\"ListItem\",\"position\":1,\"name\":\"Accueil\",\"item\":\"https:\/\/commune-poisson.fr\/\"},{\"@type\":\"ListItem\",\"position\":2,\"name\":\"Culture \/ Tourisme \/ Patrimoine\",\"item\":\"https:\/\/commune-poisson.fr\/?page_id=130\"},{\"@type\":\"ListItem\",\"position\":3,\"name\":\"H\u00e9bergements\"}]},{\"@type\":\"WebSite\",\"@id\":\"https:\/\/commune-poisson.fr\/#website\",\"url\":\"https:\/\/commune-poisson.fr\/\",\"name\":\"Commune de POISSON | Sa\u00f4ne-et-Loire (71)\",\"description\":\"Site officiel\",\"potentialAction\":[{\"@type\":\"SearchAction\",\"target\":{\"@type\":\"EntryPoint\",\"urlTemplate\":\"https:\/\/commune-poisson.fr\/?s={search_term_string}\"},\"query-input\":{\"@type\":\"PropertyValueSpecification\",\"valueRequired\":true,\"valueName\":\"search_term_string\"}}],\"inLanguage\":\"fr-FR\"}]}<\/script>\n<!-- \/ Yoast SEO plugin. -->","yoast_head_json":{"title":"H\u00e9bergements - Commune de POISSON | Sa\u00f4ne-et-Loire (71)","robots":{"index":"index","follow":"follow","max-snippet":"max-snippet:-1","max-image-preview":"max-image-preview:large","max-video-preview":"max-video-preview:-1"},"canonical":"https:\/\/commune-poisson.fr\/?page_id=365","og_locale":"fr_FR","og_type":"article","og_title":"H\u00e9bergements - Commune de POISSON | Sa\u00f4ne-et-Loire (71)","og_description":"Sur cette page :Gites et chambres d&rsquo;h\u00f4tesH\u00f4tel Gites et chambres [\u2026]","og_url":"https:\/\/commune-poisson.fr\/?page_id=365","og_site_name":"Commune de POISSON | Sa\u00f4ne-et-Loire (71)","article_modified_time":"2026-04-06T07:51:29+00:00","og_image":[{"url":"https:\/\/commune-poisson.fr\/wp-content\/uploads\/Articles\/Logo\/Retour-Haut-de-page.jpg","type":"","width":"","height":""}],"twitter_card":"summary_large_image","twitter_misc":{"Dur\u00e9e de lecture estim\u00e9e":"1 minute"},"schema":{"@context":"https:\/\/schema.org","@graph":[{"@type":"WebPage","@id":"https:\/\/commune-poisson.fr\/?page_id=365","url":"https:\/\/commune-poisson.fr\/?page_id=365","name":"H\u00e9bergements - Commune de POISSON | Sa\u00f4ne-et-Loire (71)","isPartOf":{"@id":"https:\/\/commune-poisson.fr\/#website"},"primaryImageOfPage":{"@id":"https:\/\/commune-poisson.fr\/?page_id=365#primaryimage"},"image":{"@id":"https:\/\/commune-poisson.fr\/?page_id=365#primaryimage"},"thumbnailUrl":"https:\/\/commune-poisson.fr\/wp-content\/uploads\/Articles\/Logo\/Retour-Haut-de-page.jpg","datePublished":"2023-01-21T07:10:00+00:00","dateModified":"2026-04-06T07:51:29+00:00","breadcrumb":{"@id":"https:\/\/commune-poisson.fr\/?page_id=365#breadcrumb"},"inLanguage":"fr-FR","potentialAction":[{"@type":"ReadAction","target":["https:\/\/commune-poisson.fr\/?page_id=365"]}]},{"@type":"ImageObject","inLanguage":"fr-FR","@id":"https:\/\/commune-poisson.fr\/?page_id=365#primaryimage","url":"https:\/\/commune-poisson.fr\/wp-content\/uploads\/Articles\/Logo\/Retour-Haut-de-page.jpg","contentUrl":"https:\/\/commune-poisson.fr\/wp-content\/uploads\/Articles\/Logo\/Retour-Haut-de-page.jpg","width":50,"height":50,"caption":"Retour haut de page"},{"@type":"BreadcrumbList","@id":"https:\/\/commune-poisson.fr\/?page_id=365#breadcrumb","itemListElement":[{"@type":"ListItem","position":1,"name":"Accueil","item":"https:\/\/commune-poisson.fr\/"},{"@type":"ListItem","position":2,"name":"Culture \/ Tourisme \/ Patrimoine","item":"https:\/\/commune-poisson.fr\/?page_id=130"},{"@type":"ListItem","position":3,"name":"H\u00e9bergements"}]},{"@type":"WebSite","@id":"https:\/\/commune-poisson.fr\/#website","url":"https:\/\/commune-poisson.fr\/","name":"Commune de POISSON | Sa\u00f4ne-et-Loire (71)","description":"Site officiel","potentialAction":[{"@type":"SearchAction","target":{"@type":"EntryPoint","urlTemplate":"https:\/\/commune-poisson.fr\/?s={search_term_string}"},"query-input":{"@type":"PropertyValueSpecification","valueRequired":true,"valueName":"search_term_string"}}],"inLanguage":"fr-FR"}]}},"_links":{"self":[{"href":"https:\/\/commune-poisson.fr\/index.php?rest_route=\/wp\/v2\/pages\/365","targetHints":{"allow":["GET"]}}],"collection":[{"href":"https:\/\/commune-poisson.fr\/index.php?rest_route=\/wp\/v2\/pages"}],"about":[{"href":"https:\/\/commune-poisson.fr\/index.php?rest_route=\/wp\/v2\/types\/page"}],"author":[{"embeddable":true,"href":"https:\/\/commune-poisson.fr\/index.php?rest_route=\/wp\/v2\/users\/2"}],"replies":[{"embeddable":true,"href":"https:\/\/commune-poisson.fr\/index.php?rest_route=%2Fwp%2Fv2%2Fcomments&post=365"}],"version-history":[{"count":16,"href":"https:\/\/commune-poisson.fr\/index.php?rest_route=\/wp\/v2\/pages\/365\/revisions"}],"predecessor-version":[{"id":7654,"href":"https:\/\/commune-poisson.fr\/index.php?rest_route=\/wp\/v2\/pages\/365\/revisions\/7654"}],"up":[{"embeddable":true,"href":"https:\/\/commune-poisson.fr\/index.php?rest_route=\/wp\/v2\/pages\/130"}],"wp:attachment":[{"href":"https:\/\/commune-poisson.fr\/index.php?rest_route=%2Fwp%2Fv2%2Fmedia&parent=365"}],"curies":[{"name":"wp","href":"https:\/\/api.w.org\/{rel}","templated":true}]}}