{"id":344,"date":"2023-01-21T12:00:00","date_gmt":"2023-01-21T11:00:00","guid":{"rendered":"https:\/\/sddbox-containers.com\/?page_id=344"},"modified":"2026-04-05T19:33:36","modified_gmt":"2026-04-05T17:33:36","slug":"accueil-de-loisirs","status":"publish","type":"page","link":"https:\/\/commune-poisson.fr\/?page_id=344","title":{"rendered":"Accueil de loisirs"},"content":{"rendered":"\n<figure class=\"wp-block-image size-full is-resized\"><img loading=\"lazy\" decoding=\"async\" width=\"500\" height=\"375\" src=\"https:\/\/commune-poisson.fr\/wp-content\/uploads\/EnfanceJeunesse\/AccueilDeLoisirs\/Accueil-de-loisir.jpg\" alt=\"\" class=\"wp-image-5622\" style=\"width:246px;height:auto\" srcset=\"https:\/\/commune-poisson.fr\/wp-content\/uploads\/EnfanceJeunesse\/AccueilDeLoisirs\/Accueil-de-loisir.jpg 500w, https:\/\/commune-poisson.fr\/wp-content\/uploads\/EnfanceJeunesse\/AccueilDeLoisirs\/Accueil-de-loisir-300x225.jpg 300w, https:\/\/commune-poisson.fr\/wp-content\/uploads\/EnfanceJeunesse\/AccueilDeLoisirs\/Accueil-de-loisir-100x75.jpg 100w, https:\/\/commune-poisson.fr\/wp-content\/uploads\/EnfanceJeunesse\/AccueilDeLoisirs\/Accueil-de-loisir-480x360.jpg 480w\" sizes=\"auto, (max-width:767px) 480px, 500px\" \/><\/figure>\n\n\n\n<div style=\"height:18px\" aria-hidden=\"true\" class=\"wp-block-spacer\"><\/div>\n\n\n\n<hr class=\"wp-block-separator has-text-color has-black-color has-alpha-channel-opacity has-black-background-color has-background\"\/>\n\n\n\n<p><strong>La Communaut\u00e9 de communes Le Grand Charolais g\u00e8re trois accueils de loisirs sans h\u00e9bergement sur son territoire (\u00e0 Charolles, Paray-le-Monial et Digoin).<br>Toutes les informations en <a href=\"https:\/\/www.legrandcharolais.fr\/alsh-paray-le-monial\" target=\"_blank\" rel=\"noreferrer noopener\">cliquant ici<\/a><a href=\"https:\/\/www.legrandcharolais.fr\/alsh-paray-le-monial\">.<\/a><\/strong><\/p>\n\n\n\n<figure class=\"wp-block-image size-full\"><a href=\"https:\/\/commune-poisson.fr\/?page_id=344\"><img loading=\"lazy\" decoding=\"async\" width=\"50\" height=\"50\" src=\"https:\/\/commune-poisson.fr\/wp-content\/uploads\/Articles\/Logo\/Retour-Haut-de-page.jpg\" alt=\"\" class=\"wp-image-2177\"\/><\/a><\/figure>\n","protected":false},"excerpt":{"rendered":"<p>La Communaut\u00e9 de communes Le Grand Charolais g\u00e8re trois accueils<span class=\"excerpt-hellip\"> [\u2026]<\/span><\/p>\n","protected":false},"author":2,"featured_media":0,"parent":123,"menu_order":6,"comment_status":"closed","ping_status":"closed","template":"","meta":{"footnotes":""},"class_list":["post-344","page","type-page","status-publish","hentry"],"yoast_head":"<!-- This site is optimized with the Yoast SEO plugin v27.2 - https:\/\/yoast.com\/product\/yoast-seo-wordpress\/ -->\n<title>Accueil de loisirs - Commune de POISSON | Sa\u00f4ne-et-Loire (71)<\/title>\n<meta name=\"robots\" content=\"index, follow, max-snippet:-1, max-image-preview:large, max-video-preview:-1\" \/>\n<link rel=\"canonical\" href=\"https:\/\/commune-poisson.fr\/?page_id=344\" \/>\n<meta property=\"og:locale\" content=\"fr_FR\" \/>\n<meta property=\"og:type\" content=\"article\" \/>\n<meta property=\"og:title\" content=\"Accueil de loisirs - Commune de POISSON | Sa\u00f4ne-et-Loire (71)\" \/>\n<meta property=\"og:description\" content=\"La Communaut\u00e9 de communes Le Grand Charolais g\u00e8re trois accueils [\u2026]\" \/>\n<meta property=\"og:url\" content=\"https:\/\/commune-poisson.fr\/?page_id=344\" \/>\n<meta property=\"og:site_name\" content=\"Commune de POISSON | Sa\u00f4ne-et-Loire (71)\" \/>\n<meta property=\"article:modified_time\" content=\"2026-04-05T17:33:36+00:00\" \/>\n<meta property=\"og:image\" content=\"https:\/\/commune-poisson.fr\/wp-content\/uploads\/EnfanceJeunesse\/AccueilDeLoisirs\/Accueil-de-loisir.jpg\" \/>\n\t<meta property=\"og:image:width\" content=\"500\" \/>\n\t<meta property=\"og:image:height\" content=\"375\" \/>\n\t<meta property=\"og:image:type\" content=\"image\/jpeg\" \/>\n<meta name=\"twitter:card\" content=\"summary_large_image\" \/>\n<meta name=\"twitter:label1\" content=\"Dur\u00e9e de lecture estim\u00e9e\" \/>\n\t<meta name=\"twitter:data1\" content=\"1 minute\" \/>\n<script type=\"application\/ld+json\" class=\"yoast-schema-graph\">{\"@context\":\"https:\/\/schema.org\",\"@graph\":[{\"@type\":\"WebPage\",\"@id\":\"https:\/\/commune-poisson.fr\/?page_id=344\",\"url\":\"https:\/\/commune-poisson.fr\/?page_id=344\",\"name\":\"Accueil de loisirs - Commune de POISSON | Sa\u00f4ne-et-Loire (71)\",\"isPartOf\":{\"@id\":\"https:\/\/commune-poisson.fr\/#website\"},\"primaryImageOfPage\":{\"@id\":\"https:\/\/commune-poisson.fr\/?page_id=344#primaryimage\"},\"image\":{\"@id\":\"https:\/\/commune-poisson.fr\/?page_id=344#primaryimage\"},\"thumbnailUrl\":\"https:\/\/commune-poisson.fr\/wp-content\/uploads\/EnfanceJeunesse\/AccueilDeLoisirs\/Accueil-de-loisir.jpg\",\"datePublished\":\"2023-01-21T11:00:00+00:00\",\"dateModified\":\"2026-04-05T17:33:36+00:00\",\"breadcrumb\":{\"@id\":\"https:\/\/commune-poisson.fr\/?page_id=344#breadcrumb\"},\"inLanguage\":\"fr-FR\",\"potentialAction\":[{\"@type\":\"ReadAction\",\"target\":[\"https:\/\/commune-poisson.fr\/?page_id=344\"]}]},{\"@type\":\"ImageObject\",\"inLanguage\":\"fr-FR\",\"@id\":\"https:\/\/commune-poisson.fr\/?page_id=344#primaryimage\",\"url\":\"https:\/\/commune-poisson.fr\/wp-content\/uploads\/EnfanceJeunesse\/AccueilDeLoisirs\/Accueil-de-loisir.jpg\",\"contentUrl\":\"https:\/\/commune-poisson.fr\/wp-content\/uploads\/EnfanceJeunesse\/AccueilDeLoisirs\/Accueil-de-loisir.jpg\",\"width\":500,\"height\":375},{\"@type\":\"BreadcrumbList\",\"@id\":\"https:\/\/commune-poisson.fr\/?page_id=344#breadcrumb\",\"itemListElement\":[{\"@type\":\"ListItem\",\"position\":1,\"name\":\"Accueil\",\"item\":\"https:\/\/commune-poisson.fr\/\"},{\"@type\":\"ListItem\",\"position\":2,\"name\":\"Enfance \/ Jeunesse\",\"item\":\"https:\/\/commune-poisson.fr\/?page_id=123\"},{\"@type\":\"ListItem\",\"position\":3,\"name\":\"Accueil de loisirs\"}]},{\"@type\":\"WebSite\",\"@id\":\"https:\/\/commune-poisson.fr\/#website\",\"url\":\"https:\/\/commune-poisson.fr\/\",\"name\":\"Commune de POISSON | Sa\u00f4ne-et-Loire (71)\",\"description\":\"Site officiel\",\"potentialAction\":[{\"@type\":\"SearchAction\",\"target\":{\"@type\":\"EntryPoint\",\"urlTemplate\":\"https:\/\/commune-poisson.fr\/?s={search_term_string}\"},\"query-input\":{\"@type\":\"PropertyValueSpecification\",\"valueRequired\":true,\"valueName\":\"search_term_string\"}}],\"inLanguage\":\"fr-FR\"}]}<\/script>\n<!-- \/ Yoast SEO plugin. -->","yoast_head_json":{"title":"Accueil de loisirs - Commune de POISSON | Sa\u00f4ne-et-Loire (71)","robots":{"index":"index","follow":"follow","max-snippet":"max-snippet:-1","max-image-preview":"max-image-preview:large","max-video-preview":"max-video-preview:-1"},"canonical":"https:\/\/commune-poisson.fr\/?page_id=344","og_locale":"fr_FR","og_type":"article","og_title":"Accueil de loisirs - Commune de POISSON | Sa\u00f4ne-et-Loire (71)","og_description":"La Communaut\u00e9 de communes Le Grand Charolais g\u00e8re trois accueils [\u2026]","og_url":"https:\/\/commune-poisson.fr\/?page_id=344","og_site_name":"Commune de POISSON | Sa\u00f4ne-et-Loire (71)","article_modified_time":"2026-04-05T17:33:36+00:00","og_image":[{"width":500,"height":375,"url":"https:\/\/commune-poisson.fr\/wp-content\/uploads\/EnfanceJeunesse\/AccueilDeLoisirs\/Accueil-de-loisir.jpg","type":"image\/jpeg"}],"twitter_card":"summary_large_image","twitter_misc":{"Dur\u00e9e de lecture estim\u00e9e":"1 minute"},"schema":{"@context":"https:\/\/schema.org","@graph":[{"@type":"WebPage","@id":"https:\/\/commune-poisson.fr\/?page_id=344","url":"https:\/\/commune-poisson.fr\/?page_id=344","name":"Accueil de loisirs - Commune de POISSON | Sa\u00f4ne-et-Loire (71)","isPartOf":{"@id":"https:\/\/commune-poisson.fr\/#website"},"primaryImageOfPage":{"@id":"https:\/\/commune-poisson.fr\/?page_id=344#primaryimage"},"image":{"@id":"https:\/\/commune-poisson.fr\/?page_id=344#primaryimage"},"thumbnailUrl":"https:\/\/commune-poisson.fr\/wp-content\/uploads\/EnfanceJeunesse\/AccueilDeLoisirs\/Accueil-de-loisir.jpg","datePublished":"2023-01-21T11:00:00+00:00","dateModified":"2026-04-05T17:33:36+00:00","breadcrumb":{"@id":"https:\/\/commune-poisson.fr\/?page_id=344#breadcrumb"},"inLanguage":"fr-FR","potentialAction":[{"@type":"ReadAction","target":["https:\/\/commune-poisson.fr\/?page_id=344"]}]},{"@type":"ImageObject","inLanguage":"fr-FR","@id":"https:\/\/commune-poisson.fr\/?page_id=344#primaryimage","url":"https:\/\/commune-poisson.fr\/wp-content\/uploads\/EnfanceJeunesse\/AccueilDeLoisirs\/Accueil-de-loisir.jpg","contentUrl":"https:\/\/commune-poisson.fr\/wp-content\/uploads\/EnfanceJeunesse\/AccueilDeLoisirs\/Accueil-de-loisir.jpg","width":500,"height":375},{"@type":"BreadcrumbList","@id":"https:\/\/commune-poisson.fr\/?page_id=344#breadcrumb","itemListElement":[{"@type":"ListItem","position":1,"name":"Accueil","item":"https:\/\/commune-poisson.fr\/"},{"@type":"ListItem","position":2,"name":"Enfance \/ Jeunesse","item":"https:\/\/commune-poisson.fr\/?page_id=123"},{"@type":"ListItem","position":3,"name":"Accueil de loisirs"}]},{"@type":"WebSite","@id":"https:\/\/commune-poisson.fr\/#website","url":"https:\/\/commune-poisson.fr\/","name":"Commune de POISSON | Sa\u00f4ne-et-Loire (71)","description":"Site officiel","potentialAction":[{"@type":"SearchAction","target":{"@type":"EntryPoint","urlTemplate":"https:\/\/commune-poisson.fr\/?s={search_term_string}"},"query-input":{"@type":"PropertyValueSpecification","valueRequired":true,"valueName":"search_term_string"}}],"inLanguage":"fr-FR"}]}},"_links":{"self":[{"href":"https:\/\/commune-poisson.fr\/index.php?rest_route=\/wp\/v2\/pages\/344","targetHints":{"allow":["GET"]}}],"collection":[{"href":"https:\/\/commune-poisson.fr\/index.php?rest_route=\/wp\/v2\/pages"}],"about":[{"href":"https:\/\/commune-poisson.fr\/index.php?rest_route=\/wp\/v2\/types\/page"}],"author":[{"embeddable":true,"href":"https:\/\/commune-poisson.fr\/index.php?rest_route=\/wp\/v2\/users\/2"}],"replies":[{"embeddable":true,"href":"https:\/\/commune-poisson.fr\/index.php?rest_route=%2Fwp%2Fv2%2Fcomments&post=344"}],"version-history":[{"count":14,"href":"https:\/\/commune-poisson.fr\/index.php?rest_route=\/wp\/v2\/pages\/344\/revisions"}],"predecessor-version":[{"id":7627,"href":"https:\/\/commune-poisson.fr\/index.php?rest_route=\/wp\/v2\/pages\/344\/revisions\/7627"}],"up":[{"embeddable":true,"href":"https:\/\/commune-poisson.fr\/index.php?rest_route=\/wp\/v2\/pages\/123"}],"wp:attachment":[{"href":"https:\/\/commune-poisson.fr\/index.php?rest_route=%2Fwp%2Fv2%2Fmedia&parent=344"}],"curies":[{"name":"wp","href":"https:\/\/api.w.org\/{rel}","templated":true}]}}