{"id":342,"date":"2026-03-31T14:51:16","date_gmt":"2026-03-31T12:51:16","guid":{"rendered":"https:\/\/sddbox-containers.com\/?page_id=342"},"modified":"2026-04-06T12:00:52","modified_gmt":"2026-04-06T10:00:52","slug":"restaurant-scolaire","status":"publish","type":"page","link":"https:\/\/commune-poisson.fr\/?page_id=342","title":{"rendered":"Restaurant scolaire"},"content":{"rendered":"\n<p><strong>Sur cette page :<\/strong><br><strong><a href=\"#Fonctionnement\">Fonctionnement du restaurant scolaire<\/a><\/strong><br><strong><a href=\"#Accueil\">Accueil et organisation<\/a><\/strong><\/p>\n\n\n<div class=\"wp-block-image\">\n<figure class=\"alignleft size-full is-resized\"><img loading=\"lazy\" decoding=\"async\" width=\"672\" height=\"501\" src=\"https:\/\/commune-poisson.fr\/wp-content\/uploads\/EnfanceJeunesse\/RestaurantScolaire\/Logo-page-Restaurant-scolaire.jpg\" alt=\"\" class=\"wp-image-7665\" style=\"width:260px\" srcset=\"https:\/\/commune-poisson.fr\/wp-content\/uploads\/EnfanceJeunesse\/RestaurantScolaire\/Logo-page-Restaurant-scolaire.jpg 672w, https:\/\/commune-poisson.fr\/wp-content\/uploads\/EnfanceJeunesse\/RestaurantScolaire\/Logo-page-Restaurant-scolaire-300x224.jpg 300w, https:\/\/commune-poisson.fr\/wp-content\/uploads\/EnfanceJeunesse\/RestaurantScolaire\/Logo-page-Restaurant-scolaire-101x75.jpg 101w, https:\/\/commune-poisson.fr\/wp-content\/uploads\/EnfanceJeunesse\/RestaurantScolaire\/Logo-page-Restaurant-scolaire-480x358.jpg 480w\" sizes=\"auto, (max-width:767px) 480px, 672px\" \/><\/figure>\n<\/div>\n\n\n<div style=\"height:9px\" aria-hidden=\"true\" class=\"wp-block-spacer\"><\/div>\n\n\n\n<hr class=\"wp-block-separator has-text-color has-black-color has-alpha-channel-opacity has-black-background-color has-background\" id=\"Fonctionnement\"\/>\n\n\n\n<h2 class=\"wp-block-heading has-luminous-vivid-orange-color has-text-color has-link-color wp-elements-d26754bd35f21a773b52ff178bce5e8c\"><strong>Fonctionnement<\/strong> <strong>du restaurant scolaire<\/strong><\/h2>\n\n\n\n<p><strong>D<strong><strong>epuis avril 2025<\/strong><\/strong>, le restaurant scolaire est g\u00e9r\u00e9 conjointement par la municipalit\u00e9 et l\u2019association du Restaurant Scolaire de Poisson.<br>* La commune est responsable des agents intervenants et de la facturation des repas.<br>* L\u2019association du Restaurant Scolaire de Poisson g\u00e8re la partie intendance : achat des mati\u00e8res premi\u00e8res, fournitures. Elle organise des manifestations qui permettent de prendre en charge une partie des frais. Pour avoir toutes les informations (bureau, &#8230;) : <a href=\"https:\/\/commune-poisson.fr\/?page_id=396\" target=\"_blank\" rel=\"noreferrer noopener\">cliquez ici<\/a>.<br>* Les repas sont cuisin\u00e9s sur place par une cantini\u00e8re.<\/strong><\/p>\n\n\n\n<figure class=\"wp-block-image size-full\"><a href=\"https:\/\/commune-poisson.fr\/?page_id=342\"><img loading=\"lazy\" decoding=\"async\" width=\"50\" height=\"50\" src=\"https:\/\/commune-poisson.fr\/wp-content\/uploads\/Articles\/Logo\/Retour-Haut-de-page.jpg\" alt=\"\" class=\"wp-image-2177\"\/><\/a><\/figure>\n\n\n\n<hr class=\"wp-block-separator has-text-color has-black-color has-alpha-channel-opacity has-black-background-color has-background\" id=\"Accueil\"\/>\n\n\n\n<h2 class=\"wp-block-heading has-luminous-vivid-orange-color has-text-color has-link-color wp-elements-f07347f914e18aedde8a880d7de9d411\"><strong>Accueil et organisation<\/strong><\/h2>\n\n\n\n<p><strong>* Le restaurant scolaire accueille le midi tous les enfants scolaris\u00e9s \u00e0 l\u2019\u00e9cole de Poisson de la petite section maternelle au CM2,&nbsp;ainsi que les adultes ayants droit les lundis, mardis, jeudis et vendredis.<br>* Tarif pour l&rsquo;ann\u00e9e scolaire 2025-2026 : 4,20 \u20ac par repas pour les enfants.<br>* R\u00e8glement du restaurant scolaire de Poisson pour l\u2019ann\u00e9e 2025-2026 : <a href=\"https:\/\/commune-poisson.fr\/wp-content\/uploads\/EnfanceJeunesse\/RestaurantScolaire\/Reglement-du-restaurant-scolaire-Poisson-2025.pdf\" target=\"_blank\" rel=\"noreferrer noopener\">cliquez ici<\/a>.<\/strong><\/p>\n\n\n\n<figure class=\"wp-block-image size-full\"><a href=\"https:\/\/commune-poisson.fr\/?page_id=342\"><img loading=\"lazy\" decoding=\"async\" width=\"50\" height=\"50\" src=\"https:\/\/commune-poisson.fr\/wp-content\/uploads\/Articles\/Logo\/Retour-Haut-de-page.jpg\" alt=\"\" class=\"wp-image-2177\"\/><\/a><\/figure>\n","protected":false},"excerpt":{"rendered":"<p>Sur cette page :Fonctionnement du restaurant scolaireAccueil et organisation Fonctionnement<span class=\"excerpt-hellip\"> [\u2026]<\/span><\/p>\n","protected":false},"author":2,"featured_media":0,"parent":123,"menu_order":3,"comment_status":"closed","ping_status":"closed","template":"","meta":{"footnotes":""},"class_list":["post-342","page","type-page","status-publish","hentry"],"yoast_head":"<!-- This site is optimized with the Yoast SEO plugin v27.2 - https:\/\/yoast.com\/product\/yoast-seo-wordpress\/ -->\n<title>Restaurant scolaire - Commune de POISSON | Sa\u00f4ne-et-Loire (71)<\/title>\n<meta name=\"robots\" content=\"index, follow, max-snippet:-1, max-image-preview:large, max-video-preview:-1\" \/>\n<link rel=\"canonical\" href=\"https:\/\/commune-poisson.fr\/?page_id=342\" \/>\n<meta property=\"og:locale\" content=\"fr_FR\" \/>\n<meta property=\"og:type\" content=\"article\" \/>\n<meta property=\"og:title\" content=\"Restaurant scolaire - Commune de POISSON | Sa\u00f4ne-et-Loire (71)\" \/>\n<meta property=\"og:description\" content=\"Sur cette page :Fonctionnement du restaurant scolaireAccueil et organisation Fonctionnement [\u2026]\" \/>\n<meta property=\"og:url\" content=\"https:\/\/commune-poisson.fr\/?page_id=342\" \/>\n<meta property=\"og:site_name\" content=\"Commune de POISSON | Sa\u00f4ne-et-Loire (71)\" \/>\n<meta property=\"article:modified_time\" content=\"2026-04-06T10:00:52+00:00\" \/>\n<meta property=\"og:image\" content=\"https:\/\/commune-poisson.fr\/wp-content\/uploads\/EnfanceJeunesse\/RestaurantScolaire\/Logo-page-Restaurant-scolaire.jpg\" \/>\n\t<meta property=\"og:image:width\" content=\"672\" \/>\n\t<meta property=\"og:image:height\" content=\"501\" \/>\n\t<meta property=\"og:image:type\" content=\"image\/jpeg\" \/>\n<meta name=\"twitter:card\" content=\"summary_large_image\" \/>\n<meta name=\"twitter:label1\" content=\"Dur\u00e9e de lecture estim\u00e9e\" \/>\n\t<meta name=\"twitter:data1\" content=\"1 minute\" \/>\n<script type=\"application\/ld+json\" class=\"yoast-schema-graph\">{\"@context\":\"https:\/\/schema.org\",\"@graph\":[{\"@type\":\"WebPage\",\"@id\":\"https:\/\/commune-poisson.fr\/?page_id=342\",\"url\":\"https:\/\/commune-poisson.fr\/?page_id=342\",\"name\":\"Restaurant scolaire - Commune de POISSON | Sa\u00f4ne-et-Loire (71)\",\"isPartOf\":{\"@id\":\"https:\/\/commune-poisson.fr\/#website\"},\"primaryImageOfPage\":{\"@id\":\"https:\/\/commune-poisson.fr\/?page_id=342#primaryimage\"},\"image\":{\"@id\":\"https:\/\/commune-poisson.fr\/?page_id=342#primaryimage\"},\"thumbnailUrl\":\"https:\/\/commune-poisson.fr\/wp-content\/uploads\/EnfanceJeunesse\/RestaurantScolaire\/Logo-page-Restaurant-scolaire.jpg\",\"datePublished\":\"2026-03-31T12:51:16+00:00\",\"dateModified\":\"2026-04-06T10:00:52+00:00\",\"breadcrumb\":{\"@id\":\"https:\/\/commune-poisson.fr\/?page_id=342#breadcrumb\"},\"inLanguage\":\"fr-FR\",\"potentialAction\":[{\"@type\":\"ReadAction\",\"target\":[\"https:\/\/commune-poisson.fr\/?page_id=342\"]}]},{\"@type\":\"ImageObject\",\"inLanguage\":\"fr-FR\",\"@id\":\"https:\/\/commune-poisson.fr\/?page_id=342#primaryimage\",\"url\":\"https:\/\/commune-poisson.fr\/wp-content\/uploads\/EnfanceJeunesse\/RestaurantScolaire\/Logo-page-Restaurant-scolaire.jpg\",\"contentUrl\":\"https:\/\/commune-poisson.fr\/wp-content\/uploads\/EnfanceJeunesse\/RestaurantScolaire\/Logo-page-Restaurant-scolaire.jpg\",\"width\":672,\"height\":501},{\"@type\":\"BreadcrumbList\",\"@id\":\"https:\/\/commune-poisson.fr\/?page_id=342#breadcrumb\",\"itemListElement\":[{\"@type\":\"ListItem\",\"position\":1,\"name\":\"Accueil\",\"item\":\"https:\/\/commune-poisson.fr\/\"},{\"@type\":\"ListItem\",\"position\":2,\"name\":\"Enfance \/ Jeunesse\",\"item\":\"https:\/\/commune-poisson.fr\/?page_id=123\"},{\"@type\":\"ListItem\",\"position\":3,\"name\":\"Restaurant scolaire\"}]},{\"@type\":\"WebSite\",\"@id\":\"https:\/\/commune-poisson.fr\/#website\",\"url\":\"https:\/\/commune-poisson.fr\/\",\"name\":\"Commune de POISSON | Sa\u00f4ne-et-Loire (71)\",\"description\":\"Site officiel\",\"potentialAction\":[{\"@type\":\"SearchAction\",\"target\":{\"@type\":\"EntryPoint\",\"urlTemplate\":\"https:\/\/commune-poisson.fr\/?s={search_term_string}\"},\"query-input\":{\"@type\":\"PropertyValueSpecification\",\"valueRequired\":true,\"valueName\":\"search_term_string\"}}],\"inLanguage\":\"fr-FR\"}]}<\/script>\n<!-- \/ Yoast SEO plugin. -->","yoast_head_json":{"title":"Restaurant scolaire - Commune de POISSON | Sa\u00f4ne-et-Loire (71)","robots":{"index":"index","follow":"follow","max-snippet":"max-snippet:-1","max-image-preview":"max-image-preview:large","max-video-preview":"max-video-preview:-1"},"canonical":"https:\/\/commune-poisson.fr\/?page_id=342","og_locale":"fr_FR","og_type":"article","og_title":"Restaurant scolaire - Commune de POISSON | Sa\u00f4ne-et-Loire (71)","og_description":"Sur cette page :Fonctionnement du restaurant scolaireAccueil et organisation Fonctionnement [\u2026]","og_url":"https:\/\/commune-poisson.fr\/?page_id=342","og_site_name":"Commune de POISSON | Sa\u00f4ne-et-Loire (71)","article_modified_time":"2026-04-06T10:00:52+00:00","og_image":[{"width":672,"height":501,"url":"https:\/\/commune-poisson.fr\/wp-content\/uploads\/EnfanceJeunesse\/RestaurantScolaire\/Logo-page-Restaurant-scolaire.jpg","type":"image\/jpeg"}],"twitter_card":"summary_large_image","twitter_misc":{"Dur\u00e9e de lecture estim\u00e9e":"1 minute"},"schema":{"@context":"https:\/\/schema.org","@graph":[{"@type":"WebPage","@id":"https:\/\/commune-poisson.fr\/?page_id=342","url":"https:\/\/commune-poisson.fr\/?page_id=342","name":"Restaurant scolaire - Commune de POISSON | Sa\u00f4ne-et-Loire (71)","isPartOf":{"@id":"https:\/\/commune-poisson.fr\/#website"},"primaryImageOfPage":{"@id":"https:\/\/commune-poisson.fr\/?page_id=342#primaryimage"},"image":{"@id":"https:\/\/commune-poisson.fr\/?page_id=342#primaryimage"},"thumbnailUrl":"https:\/\/commune-poisson.fr\/wp-content\/uploads\/EnfanceJeunesse\/RestaurantScolaire\/Logo-page-Restaurant-scolaire.jpg","datePublished":"2026-03-31T12:51:16+00:00","dateModified":"2026-04-06T10:00:52+00:00","breadcrumb":{"@id":"https:\/\/commune-poisson.fr\/?page_id=342#breadcrumb"},"inLanguage":"fr-FR","potentialAction":[{"@type":"ReadAction","target":["https:\/\/commune-poisson.fr\/?page_id=342"]}]},{"@type":"ImageObject","inLanguage":"fr-FR","@id":"https:\/\/commune-poisson.fr\/?page_id=342#primaryimage","url":"https:\/\/commune-poisson.fr\/wp-content\/uploads\/EnfanceJeunesse\/RestaurantScolaire\/Logo-page-Restaurant-scolaire.jpg","contentUrl":"https:\/\/commune-poisson.fr\/wp-content\/uploads\/EnfanceJeunesse\/RestaurantScolaire\/Logo-page-Restaurant-scolaire.jpg","width":672,"height":501},{"@type":"BreadcrumbList","@id":"https:\/\/commune-poisson.fr\/?page_id=342#breadcrumb","itemListElement":[{"@type":"ListItem","position":1,"name":"Accueil","item":"https:\/\/commune-poisson.fr\/"},{"@type":"ListItem","position":2,"name":"Enfance \/ Jeunesse","item":"https:\/\/commune-poisson.fr\/?page_id=123"},{"@type":"ListItem","position":3,"name":"Restaurant scolaire"}]},{"@type":"WebSite","@id":"https:\/\/commune-poisson.fr\/#website","url":"https:\/\/commune-poisson.fr\/","name":"Commune de POISSON | Sa\u00f4ne-et-Loire (71)","description":"Site officiel","potentialAction":[{"@type":"SearchAction","target":{"@type":"EntryPoint","urlTemplate":"https:\/\/commune-poisson.fr\/?s={search_term_string}"},"query-input":{"@type":"PropertyValueSpecification","valueRequired":true,"valueName":"search_term_string"}}],"inLanguage":"fr-FR"}]}},"_links":{"self":[{"href":"https:\/\/commune-poisson.fr\/index.php?rest_route=\/wp\/v2\/pages\/342","targetHints":{"allow":["GET"]}}],"collection":[{"href":"https:\/\/commune-poisson.fr\/index.php?rest_route=\/wp\/v2\/pages"}],"about":[{"href":"https:\/\/commune-poisson.fr\/index.php?rest_route=\/wp\/v2\/types\/page"}],"author":[{"embeddable":true,"href":"https:\/\/commune-poisson.fr\/index.php?rest_route=\/wp\/v2\/users\/2"}],"replies":[{"embeddable":true,"href":"https:\/\/commune-poisson.fr\/index.php?rest_route=%2Fwp%2Fv2%2Fcomments&post=342"}],"version-history":[{"count":23,"href":"https:\/\/commune-poisson.fr\/index.php?rest_route=\/wp\/v2\/pages\/342\/revisions"}],"predecessor-version":[{"id":7666,"href":"https:\/\/commune-poisson.fr\/index.php?rest_route=\/wp\/v2\/pages\/342\/revisions\/7666"}],"up":[{"embeddable":true,"href":"https:\/\/commune-poisson.fr\/index.php?rest_route=\/wp\/v2\/pages\/123"}],"wp:attachment":[{"href":"https:\/\/commune-poisson.fr\/index.php?rest_route=%2Fwp%2Fv2%2Fmedia&parent=342"}],"curies":[{"name":"wp","href":"https:\/\/api.w.org\/{rel}","templated":true}]}}