{"id":338,"date":"2023-01-21T07:55:00","date_gmt":"2023-01-21T06:55:00","guid":{"rendered":"https:\/\/sddbox-containers.com\/?page_id=338"},"modified":"2026-04-06T11:56:50","modified_gmt":"2026-04-06T09:56:50","slug":"ecole-primaire","status":"publish","type":"page","link":"https:\/\/commune-poisson.fr\/?page_id=338","title":{"rendered":"\u00c9cole"},"content":{"rendered":"\n<p><strong>Sur cette page :<\/strong><br><strong><a href=\"#Pr\u00e9sentation\">Pr\u00e9sentation de l&rsquo;\u00e9cole<\/a><\/strong><br><strong><a href=\"#Contacts\">Contacts<\/a><\/strong><br><strong><a href=\"#Photos\">Photos<\/a><\/strong><br><strong><a href=\"#Garderie\">Garderie p\u00e9riscolaire municipale<\/a> <br><a href=\"#Restaurant\">Restaurant scolaire<\/a><\/strong><br><strong><a href=\"#Transport\">Transport scolaire<\/a><\/strong><\/p>\n\n\n<div class=\"wp-block-image\">\n<figure class=\"alignleft size-full is-resized\"><img loading=\"lazy\" decoding=\"async\" width=\"672\" height=\"502\" src=\"https:\/\/commune-poisson.fr\/wp-content\/uploads\/EnfanceJeunesse\/Ecole\/Logo-page-Ecole.jpg\" alt=\"\" class=\"wp-image-7662\" style=\"width:260px\" srcset=\"https:\/\/commune-poisson.fr\/wp-content\/uploads\/EnfanceJeunesse\/Ecole\/Logo-page-Ecole.jpg 672w, https:\/\/commune-poisson.fr\/wp-content\/uploads\/EnfanceJeunesse\/Ecole\/Logo-page-Ecole-300x224.jpg 300w, https:\/\/commune-poisson.fr\/wp-content\/uploads\/EnfanceJeunesse\/Ecole\/Logo-page-Ecole-100x75.jpg 100w, https:\/\/commune-poisson.fr\/wp-content\/uploads\/EnfanceJeunesse\/Ecole\/Logo-page-Ecole-480x359.jpg 480w\" sizes=\"auto, (max-width:767px) 480px, 672px\" \/><\/figure>\n<\/div>\n\n\n<div style=\"height:13px\" aria-hidden=\"true\" class=\"wp-block-spacer\"><\/div>\n\n\n\n<hr class=\"wp-block-separator has-text-color has-black-color has-alpha-channel-opacity has-black-background-color has-background\" id=\"Pr\u00e9sentation\"\/>\n\n\n\n<h2 class=\"wp-block-heading has-luminous-vivid-orange-color has-text-color has-link-color wp-elements-167d1df2f548cba898d6e7a7fa23ff92\"><strong>Pr\u00e9sentation de l&rsquo;\u00e9cole<\/strong><\/h2>\n\n\n\n<p><strong>L&rsquo;\u00e9cole de Poisson, appel\u00e9e \u00ab\u00a0Le poisson \u00e0 plumes\u00a0\u00bb , comptait, \u00e0 la rentr\u00e9e scolaire 2025-2026, 58 \u00e9l\u00e8ves r\u00e9partis en trois classes.<\/strong><br>&#8211; Classe de maternelle avec M. Michaud.<br>&#8211; Classe de CP et CE1 avec Mme Iahns.<br>&#8211; Classe de CE2 et CM avec Mme Boulogne (directrice de l&rsquo;\u00e9cole).<br><br>* Les horaires scolaires pour l&rsquo;ann\u00e9e scolaire 2025-2026 sont \u00ab\u00a0lundi, mardi, jeudi et vendredi : classe de 9 h \u00e0 12 h et de 13 h 30 \u00e0 16 h 30\u00a0\u00bb.<\/p>\n\n\n\n<figure class=\"wp-block-image size-full\"><a href=\"https:\/\/commune-poisson.fr\/?page_id=338\"><img loading=\"lazy\" decoding=\"async\" width=\"50\" height=\"50\" src=\"https:\/\/commune-poisson.fr\/wp-content\/uploads\/Articles\/Logo\/Retour-Haut-de-page.jpg\" alt=\"\" class=\"wp-image-2177\"\/><\/a><\/figure>\n\n\n\n<hr class=\"wp-block-separator has-text-color has-black-color has-alpha-channel-opacity has-black-background-color has-background\" id=\"Contacts\"\/>\n\n\n\n<h2 class=\"wp-block-heading has-luminous-vivid-orange-color has-text-color has-link-color wp-elements-648b59d3e1b77fc03195de631e5e4088\"><strong>Contacts<\/strong><\/h2>\n\n\n\n<p><strong>\u00c9cole &#8211; 138 route des \u00e9coles &#8211; 71600 Poisson<br>T\u00e9l : 03 85 81 16 54<br>@ : <a href=\"mailto:0710766X@ac-dijon.fr\" target=\"_blank\" rel=\"noreferrer noopener\">0710766X@ac-dijon.fr<\/a><\/strong><\/p>\n\n\n\n<figure class=\"wp-block-image size-full\"><a href=\"https:\/\/commune-poisson.fr\/?page_id=338\"><img loading=\"lazy\" decoding=\"async\" width=\"50\" height=\"50\" src=\"https:\/\/commune-poisson.fr\/wp-content\/uploads\/Articles\/Logo\/Retour-Haut-de-page.jpg\" alt=\"\" class=\"wp-image-2177\"\/><\/a><\/figure>\n\n\n\n<hr class=\"wp-block-separator has-text-color has-black-color has-alpha-channel-opacity has-black-background-color has-background\" id=\"Photos\"\/>\n\n\n\n<h2 class=\"wp-block-heading has-luminous-vivid-orange-color has-text-color has-link-color wp-elements-9c1a15fa4373b0c62ceb690569849913\"><strong>Photos<\/strong><\/h2>\n\n\n\n<p><strong>Un arbre plant\u00e9 dans la cour de l\u2019\u00e9cole maternelle<\/strong><br>Mardi 5 mars 2024 apr\u00e8s-midi, madame le maire, les adjoints, les membres de la commission \u00ab&nbsp;affaires scolaires&nbsp;\u00bb et l\u2019employ\u00e9 communal ont rejoint les \u00e9l\u00e8ves et enseignants de l\u2019\u00e9cole de Poisson dans la cour de l\u2019\u00e9cole maternelle. Au programme, la plantation d\u2019un savonnier, arbre \u00e0 la croissance rapide qui permettra de faire de l\u2019ombre dans la cour de maternelle. La pr\u00e9-implantation ayant \u00e9t\u00e9 r\u00e9alis\u00e9 au pr\u00e9alable par l\u2019employ\u00e9 communal, ce sont les enfants qui ont recouvert les racines de terre, avec des outils adapt\u00e9s \u00e0 la taille de chacun. Fiers de leur participation, ils sont maintenant pr\u00eats \u00e0 prendre soin de leur arbre en \u00e9vitant les gestes qui l\u2019abimeraient et en veillant \u00e0 son arrosage.<\/p>\n\n\n\n<figure class=\"wp-block-gallery has-nested-images columns-default is-cropped wp-block-gallery-1 is-layout-flex wp-block-gallery-is-layout-flex\">\n<figure class=\"wp-block-image size-large\"><a href=\"https:\/\/commune-poisson.fr\/wp-content\/uploads\/EnfanceJeunesse\/Ecole\/PlantationArbre5Mars2024\/Plantation-1.jpg\" target=\"_blank\" rel=\"noopener\"><img loading=\"lazy\" decoding=\"async\" width=\"640\" height=\"480\" data-id=\"5115\" src=\"https:\/\/commune-poisson.fr\/wp-content\/uploads\/EnfanceJeunesse\/Ecole\/PlantationArbre5Mars2024\/Plantation-1.jpg\" alt=\"\" class=\"wp-image-5115\" srcset=\"https:\/\/commune-poisson.fr\/wp-content\/uploads\/EnfanceJeunesse\/Ecole\/PlantationArbre5Mars2024\/Plantation-1.jpg 640w, https:\/\/commune-poisson.fr\/wp-content\/uploads\/EnfanceJeunesse\/Ecole\/PlantationArbre5Mars2024\/Plantation-1-300x225.jpg 300w, https:\/\/commune-poisson.fr\/wp-content\/uploads\/EnfanceJeunesse\/Ecole\/PlantationArbre5Mars2024\/Plantation-1-100x75.jpg 100w, https:\/\/commune-poisson.fr\/wp-content\/uploads\/EnfanceJeunesse\/Ecole\/PlantationArbre5Mars2024\/Plantation-1-480x360.jpg 480w\" sizes=\"auto, (max-width:767px) 480px, 640px\" \/><\/a><\/figure>\n\n\n\n<figure class=\"wp-block-image size-large\"><a href=\"https:\/\/commune-poisson.fr\/wp-content\/uploads\/EnfanceJeunesse\/Ecole\/PlantationArbre5Mars2024\/Plantation-2.jpg\" target=\"_blank\" rel=\"noopener\"><img loading=\"lazy\" decoding=\"async\" width=\"640\" height=\"480\" data-id=\"5116\" src=\"https:\/\/commune-poisson.fr\/wp-content\/uploads\/EnfanceJeunesse\/Ecole\/PlantationArbre5Mars2024\/Plantation-2.jpg\" alt=\"\" class=\"wp-image-5116\" srcset=\"https:\/\/commune-poisson.fr\/wp-content\/uploads\/EnfanceJeunesse\/Ecole\/PlantationArbre5Mars2024\/Plantation-2.jpg 640w, https:\/\/commune-poisson.fr\/wp-content\/uploads\/EnfanceJeunesse\/Ecole\/PlantationArbre5Mars2024\/Plantation-2-300x225.jpg 300w, https:\/\/commune-poisson.fr\/wp-content\/uploads\/EnfanceJeunesse\/Ecole\/PlantationArbre5Mars2024\/Plantation-2-100x75.jpg 100w, https:\/\/commune-poisson.fr\/wp-content\/uploads\/EnfanceJeunesse\/Ecole\/PlantationArbre5Mars2024\/Plantation-2-480x360.jpg 480w\" sizes=\"auto, (max-width:767px) 480px, 640px\" \/><\/a><\/figure>\n\n\n\n<figure class=\"wp-block-image size-large\"><a href=\"https:\/\/commune-poisson.fr\/wp-content\/uploads\/EnfanceJeunesse\/Ecole\/PlantationArbre5Mars2024\/Plantation-3.jpg\" target=\"_blank\" rel=\"noopener\"><img loading=\"lazy\" decoding=\"async\" width=\"640\" height=\"480\" data-id=\"5117\" src=\"https:\/\/commune-poisson.fr\/wp-content\/uploads\/EnfanceJeunesse\/Ecole\/PlantationArbre5Mars2024\/Plantation-3.jpg\" alt=\"\" class=\"wp-image-5117\" srcset=\"https:\/\/commune-poisson.fr\/wp-content\/uploads\/EnfanceJeunesse\/Ecole\/PlantationArbre5Mars2024\/Plantation-3.jpg 640w, https:\/\/commune-poisson.fr\/wp-content\/uploads\/EnfanceJeunesse\/Ecole\/PlantationArbre5Mars2024\/Plantation-3-300x225.jpg 300w, https:\/\/commune-poisson.fr\/wp-content\/uploads\/EnfanceJeunesse\/Ecole\/PlantationArbre5Mars2024\/Plantation-3-100x75.jpg 100w, https:\/\/commune-poisson.fr\/wp-content\/uploads\/EnfanceJeunesse\/Ecole\/PlantationArbre5Mars2024\/Plantation-3-480x360.jpg 480w\" sizes=\"auto, (max-width:767px) 480px, 640px\" \/><\/a><\/figure>\n\n\n\n<figure class=\"wp-block-image size-large\"><a href=\"https:\/\/commune-poisson.fr\/wp-content\/uploads\/EnfanceJeunesse\/Ecole\/PlantationArbre5Mars2024\/Plantation-4.jpg\" target=\"_blank\" rel=\"noopener\"><img loading=\"lazy\" decoding=\"async\" width=\"640\" height=\"480\" data-id=\"5109\" src=\"https:\/\/commune-poisson.fr\/wp-content\/uploads\/EnfanceJeunesse\/Ecole\/PlantationArbre5Mars2024\/Plantation-4.jpg\" alt=\"\" class=\"wp-image-5109\" srcset=\"https:\/\/commune-poisson.fr\/wp-content\/uploads\/EnfanceJeunesse\/Ecole\/PlantationArbre5Mars2024\/Plantation-4.jpg 640w, https:\/\/commune-poisson.fr\/wp-content\/uploads\/EnfanceJeunesse\/Ecole\/PlantationArbre5Mars2024\/Plantation-4-300x225.jpg 300w, https:\/\/commune-poisson.fr\/wp-content\/uploads\/EnfanceJeunesse\/Ecole\/PlantationArbre5Mars2024\/Plantation-4-100x75.jpg 100w, https:\/\/commune-poisson.fr\/wp-content\/uploads\/EnfanceJeunesse\/Ecole\/PlantationArbre5Mars2024\/Plantation-4-480x360.jpg 480w\" sizes=\"auto, (max-width:767px) 480px, 640px\" \/><\/a><\/figure>\n\n\n\n<figure class=\"wp-block-image size-large\"><a href=\"https:\/\/commune-poisson.fr\/wp-content\/uploads\/EnfanceJeunesse\/Ecole\/PlantationArbre5Mars2024\/Plantation-5.jpg\" target=\"_blank\" rel=\"noopener\"><img loading=\"lazy\" decoding=\"async\" width=\"640\" height=\"480\" data-id=\"5110\" src=\"https:\/\/commune-poisson.fr\/wp-content\/uploads\/EnfanceJeunesse\/Ecole\/PlantationArbre5Mars2024\/Plantation-5.jpg\" alt=\"\" class=\"wp-image-5110\" srcset=\"https:\/\/commune-poisson.fr\/wp-content\/uploads\/EnfanceJeunesse\/Ecole\/PlantationArbre5Mars2024\/Plantation-5.jpg 640w, https:\/\/commune-poisson.fr\/wp-content\/uploads\/EnfanceJeunesse\/Ecole\/PlantationArbre5Mars2024\/Plantation-5-300x225.jpg 300w, https:\/\/commune-poisson.fr\/wp-content\/uploads\/EnfanceJeunesse\/Ecole\/PlantationArbre5Mars2024\/Plantation-5-100x75.jpg 100w, https:\/\/commune-poisson.fr\/wp-content\/uploads\/EnfanceJeunesse\/Ecole\/PlantationArbre5Mars2024\/Plantation-5-480x360.jpg 480w\" sizes=\"auto, (max-width:767px) 480px, 640px\" \/><\/a><\/figure>\n\n\n\n<figure class=\"wp-block-image size-large\"><a href=\"https:\/\/commune-poisson.fr\/wp-content\/uploads\/EnfanceJeunesse\/Ecole\/PlantationArbre5Mars2024\/Plantation-6.jpg\" target=\"_blank\" rel=\"noopener\"><img loading=\"lazy\" decoding=\"async\" width=\"640\" height=\"480\" data-id=\"5111\" src=\"https:\/\/commune-poisson.fr\/wp-content\/uploads\/EnfanceJeunesse\/Ecole\/PlantationArbre5Mars2024\/Plantation-6.jpg\" alt=\"\" class=\"wp-image-5111\" srcset=\"https:\/\/commune-poisson.fr\/wp-content\/uploads\/EnfanceJeunesse\/Ecole\/PlantationArbre5Mars2024\/Plantation-6.jpg 640w, https:\/\/commune-poisson.fr\/wp-content\/uploads\/EnfanceJeunesse\/Ecole\/PlantationArbre5Mars2024\/Plantation-6-300x225.jpg 300w, https:\/\/commune-poisson.fr\/wp-content\/uploads\/EnfanceJeunesse\/Ecole\/PlantationArbre5Mars2024\/Plantation-6-100x75.jpg 100w, https:\/\/commune-poisson.fr\/wp-content\/uploads\/EnfanceJeunesse\/Ecole\/PlantationArbre5Mars2024\/Plantation-6-480x360.jpg 480w\" sizes=\"auto, (max-width:767px) 480px, 640px\" \/><\/a><\/figure>\n\n\n\n<figure class=\"wp-block-image size-large\"><a href=\"https:\/\/commune-poisson.fr\/wp-content\/uploads\/EnfanceJeunesse\/Ecole\/PlantationArbre5Mars2024\/Plantation-7.jpg\" target=\"_blank\" rel=\"noopener\"><img loading=\"lazy\" decoding=\"async\" width=\"640\" height=\"480\" data-id=\"5112\" src=\"https:\/\/commune-poisson.fr\/wp-content\/uploads\/EnfanceJeunesse\/Ecole\/PlantationArbre5Mars2024\/Plantation-7.jpg\" alt=\"\" class=\"wp-image-5112\" srcset=\"https:\/\/commune-poisson.fr\/wp-content\/uploads\/EnfanceJeunesse\/Ecole\/PlantationArbre5Mars2024\/Plantation-7.jpg 640w, https:\/\/commune-poisson.fr\/wp-content\/uploads\/EnfanceJeunesse\/Ecole\/PlantationArbre5Mars2024\/Plantation-7-300x225.jpg 300w, https:\/\/commune-poisson.fr\/wp-content\/uploads\/EnfanceJeunesse\/Ecole\/PlantationArbre5Mars2024\/Plantation-7-100x75.jpg 100w, https:\/\/commune-poisson.fr\/wp-content\/uploads\/EnfanceJeunesse\/Ecole\/PlantationArbre5Mars2024\/Plantation-7-480x360.jpg 480w\" sizes=\"auto, (max-width:767px) 480px, 640px\" \/><\/a><\/figure>\n\n\n\n<figure class=\"wp-block-image size-large\"><a href=\"https:\/\/commune-poisson.fr\/wp-content\/uploads\/EnfanceJeunesse\/Ecole\/PlantationArbre5Mars2024\/Plantation-8.jpg\" target=\"_blank\" rel=\"noopener\"><img loading=\"lazy\" decoding=\"async\" width=\"640\" height=\"480\" data-id=\"5113\" src=\"https:\/\/commune-poisson.fr\/wp-content\/uploads\/EnfanceJeunesse\/Ecole\/PlantationArbre5Mars2024\/Plantation-8.jpg\" alt=\"\" class=\"wp-image-5113\" srcset=\"https:\/\/commune-poisson.fr\/wp-content\/uploads\/EnfanceJeunesse\/Ecole\/PlantationArbre5Mars2024\/Plantation-8.jpg 640w, https:\/\/commune-poisson.fr\/wp-content\/uploads\/EnfanceJeunesse\/Ecole\/PlantationArbre5Mars2024\/Plantation-8-300x225.jpg 300w, https:\/\/commune-poisson.fr\/wp-content\/uploads\/EnfanceJeunesse\/Ecole\/PlantationArbre5Mars2024\/Plantation-8-100x75.jpg 100w, https:\/\/commune-poisson.fr\/wp-content\/uploads\/EnfanceJeunesse\/Ecole\/PlantationArbre5Mars2024\/Plantation-8-480x360.jpg 480w\" sizes=\"auto, (max-width:767px) 480px, 640px\" \/><\/a><\/figure>\n\n\n\n<figure class=\"wp-block-image size-large\"><a href=\"https:\/\/commune-poisson.fr\/wp-content\/uploads\/EnfanceJeunesse\/Ecole\/PlantationArbre5Mars2024\/Plantation-9.jpg\" target=\"_blank\" rel=\"noopener\"><img loading=\"lazy\" decoding=\"async\" width=\"640\" height=\"480\" data-id=\"5114\" src=\"https:\/\/commune-poisson.fr\/wp-content\/uploads\/EnfanceJeunesse\/Ecole\/PlantationArbre5Mars2024\/Plantation-9.jpg\" alt=\"\" class=\"wp-image-5114\" srcset=\"https:\/\/commune-poisson.fr\/wp-content\/uploads\/EnfanceJeunesse\/Ecole\/PlantationArbre5Mars2024\/Plantation-9.jpg 640w, https:\/\/commune-poisson.fr\/wp-content\/uploads\/EnfanceJeunesse\/Ecole\/PlantationArbre5Mars2024\/Plantation-9-300x225.jpg 300w, https:\/\/commune-poisson.fr\/wp-content\/uploads\/EnfanceJeunesse\/Ecole\/PlantationArbre5Mars2024\/Plantation-9-100x75.jpg 100w, https:\/\/commune-poisson.fr\/wp-content\/uploads\/EnfanceJeunesse\/Ecole\/PlantationArbre5Mars2024\/Plantation-9-480x360.jpg 480w\" sizes=\"auto, (max-width:767px) 480px, 640px\" \/><\/a><\/figure>\n<\/figure>\n\n\n\n<figure class=\"wp-block-image size-full\"><a href=\"https:\/\/commune-poisson.fr\/?page_id=338\"><img loading=\"lazy\" decoding=\"async\" width=\"50\" height=\"50\" src=\"https:\/\/commune-poisson.fr\/wp-content\/uploads\/Articles\/Logo\/Retour-Haut-de-page.jpg\" alt=\"\" class=\"wp-image-2177\"\/><\/a><\/figure>\n\n\n\n<hr class=\"wp-block-separator has-text-color has-black-color has-css-opacity has-black-background-color has-background is-style-wide\" id=\"Garderie\"\/>\n\n\n\n<h2 class=\"wp-block-heading has-luminous-vivid-orange-color has-text-color\"><strong>Garderie&nbsp;p\u00e9riscolaire<\/strong> <strong>municipale<\/strong><\/h2>\n\n\n\n<p>* Pour avoir des informations : <strong><a href=\"https:\/\/commune-poisson.fr\/?page_id=340\" target=\"_blank\" rel=\"noreferrer noopener\">cliquez ici<\/a><\/strong>.<\/p>\n\n\n\n<figure class=\"wp-block-image size-full\"><a href=\"https:\/\/commune-poisson.fr\/?page_id=338\"><img loading=\"lazy\" decoding=\"async\" width=\"50\" height=\"50\" src=\"https:\/\/commune-poisson.fr\/wp-content\/uploads\/Articles\/Logo\/Retour-Haut-de-page.jpg\" alt=\"\" class=\"wp-image-2177\"\/><\/a><\/figure>\n\n\n\n<hr class=\"wp-block-separator has-text-color has-black-color has-css-opacity has-black-background-color has-background is-style-wide\" id=\"Restaurant\"\/>\n\n\n\n<h2 class=\"wp-block-heading has-luminous-vivid-orange-color has-text-color\"><strong>Restaurant scolaire<\/strong><\/h2>\n\n\n\n<p>* Pour avoir des informations : <strong><a href=\"https:\/\/commune-poisson.fr\/?page_id=342\" target=\"_blank\" rel=\"noreferrer noopener\">cliquez ici<\/a><\/strong>.<\/p>\n\n\n\n<figure class=\"wp-block-image size-full\"><a href=\"https:\/\/commune-poisson.fr\/?page_id=338\"><img loading=\"lazy\" decoding=\"async\" width=\"50\" height=\"50\" src=\"https:\/\/commune-poisson.fr\/wp-content\/uploads\/Articles\/Logo\/Retour-Haut-de-page.jpg\" alt=\"\" class=\"wp-image-2177\"\/><\/a><\/figure>\n\n\n\n<hr class=\"wp-block-separator has-text-color has-black-color has-css-opacity has-black-background-color has-background is-style-wide\" id=\"Transport\"\/>\n\n\n\n<h2 class=\"wp-block-heading has-luminous-vivid-orange-color has-text-color\"><strong>Transport scolaire<\/strong><\/h2>\n\n\n\n<p>Un ramassage scolaire \u00e0 destination de l&rsquo;\u00e9cole du village est mis en place matin et soir. Pour tout renseignement, contacter la <a href=\"https:\/\/commune-poisson.fr\/?page_id=1384\" target=\"_blank\" rel=\"noreferrer noopener\"><strong>mairie<\/strong><\/a>.<\/p>\n\n\n\n<figure class=\"wp-block-image size-full\"><a href=\"https:\/\/commune-poisson.fr\/?page_id=338\"><img loading=\"lazy\" decoding=\"async\" width=\"50\" height=\"50\" src=\"https:\/\/commune-poisson.fr\/wp-content\/uploads\/Articles\/Logo\/Retour-Haut-de-page.jpg\" alt=\"\" class=\"wp-image-2177\"\/><\/a><\/figure>\n","protected":false},"excerpt":{"rendered":"<p>Sur cette page :Pr\u00e9sentation de l&rsquo;\u00e9coleContactsPhotosGarderie p\u00e9riscolaire municipale Restaurant scolaireTransport<span class=\"excerpt-hellip\"> [\u2026]<\/span><\/p>\n","protected":false},"author":2,"featured_media":0,"parent":123,"menu_order":1,"comment_status":"closed","ping_status":"closed","template":"","meta":{"footnotes":""},"class_list":["post-338","page","type-page","status-publish","hentry"],"yoast_head":"<!-- This site is optimized with the Yoast SEO plugin v27.2 - https:\/\/yoast.com\/product\/yoast-seo-wordpress\/ -->\n<title>\u00c9cole - Commune de POISSON | Sa\u00f4ne-et-Loire (71)<\/title>\n<meta name=\"robots\" content=\"index, follow, max-snippet:-1, max-image-preview:large, max-video-preview:-1\" \/>\n<link rel=\"canonical\" href=\"https:\/\/commune-poisson.fr\/?page_id=338\" \/>\n<meta property=\"og:locale\" content=\"fr_FR\" \/>\n<meta property=\"og:type\" content=\"article\" \/>\n<meta property=\"og:title\" content=\"\u00c9cole - Commune de POISSON | Sa\u00f4ne-et-Loire (71)\" \/>\n<meta property=\"og:description\" content=\"Sur cette page :Pr\u00e9sentation de l&rsquo;\u00e9coleContactsPhotosGarderie p\u00e9riscolaire municipale Restaurant scolaireTransport [\u2026]\" \/>\n<meta property=\"og:url\" content=\"https:\/\/commune-poisson.fr\/?page_id=338\" \/>\n<meta property=\"og:site_name\" content=\"Commune de POISSON | Sa\u00f4ne-et-Loire (71)\" \/>\n<meta property=\"article:modified_time\" content=\"2026-04-06T09:56:50+00:00\" \/>\n<meta property=\"og:image\" content=\"https:\/\/commune-poisson.fr\/wp-content\/uploads\/EnfanceJeunesse\/Ecole\/Logo-page-Ecole.jpg\" \/>\n\t<meta property=\"og:image:width\" content=\"672\" \/>\n\t<meta property=\"og:image:height\" content=\"502\" \/>\n\t<meta property=\"og:image:type\" content=\"image\/jpeg\" \/>\n<meta name=\"twitter:card\" content=\"summary_large_image\" \/>\n<meta name=\"twitter:label1\" content=\"Dur\u00e9e de lecture estim\u00e9e\" \/>\n\t<meta name=\"twitter:data1\" content=\"2 minutes\" \/>\n<script type=\"application\/ld+json\" class=\"yoast-schema-graph\">{\"@context\":\"https:\/\/schema.org\",\"@graph\":[{\"@type\":\"WebPage\",\"@id\":\"https:\/\/commune-poisson.fr\/?page_id=338\",\"url\":\"https:\/\/commune-poisson.fr\/?page_id=338\",\"name\":\"\u00c9cole - Commune de POISSON | Sa\u00f4ne-et-Loire (71)\",\"isPartOf\":{\"@id\":\"https:\/\/commune-poisson.fr\/#website\"},\"primaryImageOfPage\":{\"@id\":\"https:\/\/commune-poisson.fr\/?page_id=338#primaryimage\"},\"image\":{\"@id\":\"https:\/\/commune-poisson.fr\/?page_id=338#primaryimage\"},\"thumbnailUrl\":\"https:\/\/commune-poisson.fr\/wp-content\/uploads\/EnfanceJeunesse\/Ecole\/Logo-page-Ecole.jpg\",\"datePublished\":\"2023-01-21T06:55:00+00:00\",\"dateModified\":\"2026-04-06T09:56:50+00:00\",\"breadcrumb\":{\"@id\":\"https:\/\/commune-poisson.fr\/?page_id=338#breadcrumb\"},\"inLanguage\":\"fr-FR\",\"potentialAction\":[{\"@type\":\"ReadAction\",\"target\":[\"https:\/\/commune-poisson.fr\/?page_id=338\"]}]},{\"@type\":\"ImageObject\",\"inLanguage\":\"fr-FR\",\"@id\":\"https:\/\/commune-poisson.fr\/?page_id=338#primaryimage\",\"url\":\"https:\/\/commune-poisson.fr\/wp-content\/uploads\/EnfanceJeunesse\/Ecole\/Logo-page-Ecole.jpg\",\"contentUrl\":\"https:\/\/commune-poisson.fr\/wp-content\/uploads\/EnfanceJeunesse\/Ecole\/Logo-page-Ecole.jpg\",\"width\":672,\"height\":502},{\"@type\":\"BreadcrumbList\",\"@id\":\"https:\/\/commune-poisson.fr\/?page_id=338#breadcrumb\",\"itemListElement\":[{\"@type\":\"ListItem\",\"position\":1,\"name\":\"Accueil\",\"item\":\"https:\/\/commune-poisson.fr\/\"},{\"@type\":\"ListItem\",\"position\":2,\"name\":\"Enfance \/ Jeunesse\",\"item\":\"https:\/\/commune-poisson.fr\/?page_id=123\"},{\"@type\":\"ListItem\",\"position\":3,\"name\":\"\u00c9cole\"}]},{\"@type\":\"WebSite\",\"@id\":\"https:\/\/commune-poisson.fr\/#website\",\"url\":\"https:\/\/commune-poisson.fr\/\",\"name\":\"Commune de POISSON | Sa\u00f4ne-et-Loire (71)\",\"description\":\"Site officiel\",\"potentialAction\":[{\"@type\":\"SearchAction\",\"target\":{\"@type\":\"EntryPoint\",\"urlTemplate\":\"https:\/\/commune-poisson.fr\/?s={search_term_string}\"},\"query-input\":{\"@type\":\"PropertyValueSpecification\",\"valueRequired\":true,\"valueName\":\"search_term_string\"}}],\"inLanguage\":\"fr-FR\"}]}<\/script>\n<!-- \/ Yoast SEO plugin. -->","yoast_head_json":{"title":"\u00c9cole - Commune de POISSON | Sa\u00f4ne-et-Loire (71)","robots":{"index":"index","follow":"follow","max-snippet":"max-snippet:-1","max-image-preview":"max-image-preview:large","max-video-preview":"max-video-preview:-1"},"canonical":"https:\/\/commune-poisson.fr\/?page_id=338","og_locale":"fr_FR","og_type":"article","og_title":"\u00c9cole - Commune de POISSON | Sa\u00f4ne-et-Loire (71)","og_description":"Sur cette page :Pr\u00e9sentation de l&rsquo;\u00e9coleContactsPhotosGarderie p\u00e9riscolaire municipale Restaurant scolaireTransport [\u2026]","og_url":"https:\/\/commune-poisson.fr\/?page_id=338","og_site_name":"Commune de POISSON | Sa\u00f4ne-et-Loire (71)","article_modified_time":"2026-04-06T09:56:50+00:00","og_image":[{"width":672,"height":502,"url":"https:\/\/commune-poisson.fr\/wp-content\/uploads\/EnfanceJeunesse\/Ecole\/Logo-page-Ecole.jpg","type":"image\/jpeg"}],"twitter_card":"summary_large_image","twitter_misc":{"Dur\u00e9e de lecture estim\u00e9e":"2 minutes"},"schema":{"@context":"https:\/\/schema.org","@graph":[{"@type":"WebPage","@id":"https:\/\/commune-poisson.fr\/?page_id=338","url":"https:\/\/commune-poisson.fr\/?page_id=338","name":"\u00c9cole - Commune de POISSON | Sa\u00f4ne-et-Loire (71)","isPartOf":{"@id":"https:\/\/commune-poisson.fr\/#website"},"primaryImageOfPage":{"@id":"https:\/\/commune-poisson.fr\/?page_id=338#primaryimage"},"image":{"@id":"https:\/\/commune-poisson.fr\/?page_id=338#primaryimage"},"thumbnailUrl":"https:\/\/commune-poisson.fr\/wp-content\/uploads\/EnfanceJeunesse\/Ecole\/Logo-page-Ecole.jpg","datePublished":"2023-01-21T06:55:00+00:00","dateModified":"2026-04-06T09:56:50+00:00","breadcrumb":{"@id":"https:\/\/commune-poisson.fr\/?page_id=338#breadcrumb"},"inLanguage":"fr-FR","potentialAction":[{"@type":"ReadAction","target":["https:\/\/commune-poisson.fr\/?page_id=338"]}]},{"@type":"ImageObject","inLanguage":"fr-FR","@id":"https:\/\/commune-poisson.fr\/?page_id=338#primaryimage","url":"https:\/\/commune-poisson.fr\/wp-content\/uploads\/EnfanceJeunesse\/Ecole\/Logo-page-Ecole.jpg","contentUrl":"https:\/\/commune-poisson.fr\/wp-content\/uploads\/EnfanceJeunesse\/Ecole\/Logo-page-Ecole.jpg","width":672,"height":502},{"@type":"BreadcrumbList","@id":"https:\/\/commune-poisson.fr\/?page_id=338#breadcrumb","itemListElement":[{"@type":"ListItem","position":1,"name":"Accueil","item":"https:\/\/commune-poisson.fr\/"},{"@type":"ListItem","position":2,"name":"Enfance \/ Jeunesse","item":"https:\/\/commune-poisson.fr\/?page_id=123"},{"@type":"ListItem","position":3,"name":"\u00c9cole"}]},{"@type":"WebSite","@id":"https:\/\/commune-poisson.fr\/#website","url":"https:\/\/commune-poisson.fr\/","name":"Commune de POISSON | Sa\u00f4ne-et-Loire (71)","description":"Site officiel","potentialAction":[{"@type":"SearchAction","target":{"@type":"EntryPoint","urlTemplate":"https:\/\/commune-poisson.fr\/?s={search_term_string}"},"query-input":{"@type":"PropertyValueSpecification","valueRequired":true,"valueName":"search_term_string"}}],"inLanguage":"fr-FR"}]}},"_links":{"self":[{"href":"https:\/\/commune-poisson.fr\/index.php?rest_route=\/wp\/v2\/pages\/338","targetHints":{"allow":["GET"]}}],"collection":[{"href":"https:\/\/commune-poisson.fr\/index.php?rest_route=\/wp\/v2\/pages"}],"about":[{"href":"https:\/\/commune-poisson.fr\/index.php?rest_route=\/wp\/v2\/types\/page"}],"author":[{"embeddable":true,"href":"https:\/\/commune-poisson.fr\/index.php?rest_route=\/wp\/v2\/users\/2"}],"replies":[{"embeddable":true,"href":"https:\/\/commune-poisson.fr\/index.php?rest_route=%2Fwp%2Fv2%2Fcomments&post=338"}],"version-history":[{"count":33,"href":"https:\/\/commune-poisson.fr\/index.php?rest_route=\/wp\/v2\/pages\/338\/revisions"}],"predecessor-version":[{"id":7664,"href":"https:\/\/commune-poisson.fr\/index.php?rest_route=\/wp\/v2\/pages\/338\/revisions\/7664"}],"up":[{"embeddable":true,"href":"https:\/\/commune-poisson.fr\/index.php?rest_route=\/wp\/v2\/pages\/123"}],"wp:attachment":[{"href":"https:\/\/commune-poisson.fr\/index.php?rest_route=%2Fwp%2Fv2%2Fmedia&parent=338"}],"curies":[{"name":"wp","href":"https:\/\/api.w.org\/{rel}","templated":true}]}}