{"id":323,"date":"2023-09-07T18:50:00","date_gmt":"2023-09-07T16:50:00","guid":{"rendered":"https:\/\/sddbox-containers.com\/?page_id=323"},"modified":"2026-04-05T19:29:00","modified_gmt":"2026-04-05T17:29:00","slug":"arretes-prefectoraux","status":"publish","type":"page","link":"https:\/\/commune-poisson.fr\/?page_id=323","title":{"rendered":"Arr\u00eat\u00e9s pr\u00e9fectoraux"},"content":{"rendered":"<div class=\"wp-block-image\">\n<figure class=\"alignleft size-full is-resized\"><img loading=\"lazy\" decoding=\"async\" width=\"500\" height=\"375\" src=\"https:\/\/commune-poisson.fr\/wp-content\/uploads\/ViePratique\/Arr\u00eat\u00e9sPr\u00e9fectoraux\/Logo-arretes-prefectoraux.jpg\" alt=\"\" class=\"wp-image-7415\" style=\"width:260px\" srcset=\"https:\/\/commune-poisson.fr\/wp-content\/uploads\/ViePratique\/Arr\u00eat\u00e9sPr\u00e9fectoraux\/Logo-arretes-prefectoraux.jpg 500w, https:\/\/commune-poisson.fr\/wp-content\/uploads\/ViePratique\/Arr\u00eat\u00e9sPr\u00e9fectoraux\/Logo-arretes-prefectoraux-300x225.jpg 300w, https:\/\/commune-poisson.fr\/wp-content\/uploads\/ViePratique\/Arr\u00eat\u00e9sPr\u00e9fectoraux\/Logo-arretes-prefectoraux-100x75.jpg 100w, https:\/\/commune-poisson.fr\/wp-content\/uploads\/ViePratique\/Arr\u00eat\u00e9sPr\u00e9fectoraux\/Logo-arretes-prefectoraux-480x360.jpg 480w\" sizes=\"auto, (max-width:767px) 480px, 500px\" \/><\/figure>\n<\/div>\n\n\n<div style=\"height:9px\" aria-hidden=\"true\" class=\"wp-block-spacer\"><\/div>\n\n\n\n<hr class=\"wp-block-separator has-text-color has-black-color has-css-opacity has-black-background-color has-background is-style-wide\"\/>\n\n\n\n<h2 class=\"wp-block-heading has-luminous-vivid-orange-color has-text-color\"><strong>30 janvier 2026<\/strong><\/h2>\n\n\n\n<p><strong>Arr\u00eat\u00e9 pr\u00e9fectoral du 30 janvier 2026 r\u00e9glementant les tarifs des taxis pour l&rsquo;ann\u00e9e 2026 en Sa\u00f4ne-et-Loire <strong>:<\/strong> <strong><a href=\"https:\/\/commune-poisson.fr\/wp-content\/uploads\/ViePratique\/Arr\u00eat\u00e9sPr\u00e9fectoraux\/Arrete-prefectoral-tarifs-taxis-2026-en-Saone-et-Loire.pdf\" target=\"_blank\" rel=\"noreferrer noopener\">cliquez ici<\/a>.<\/strong><\/strong><\/p>\n\n\n\n<figure class=\"wp-block-image size-full\"><a href=\"https:\/\/commune-poisson.fr\/?page_id=323\"><img loading=\"lazy\" decoding=\"async\" width=\"50\" height=\"50\" src=\"https:\/\/commune-poisson.fr\/wp-content\/uploads\/Articles\/Logo\/Retour-Haut-de-page.jpg\" alt=\"\" class=\"wp-image-2177\"\/><\/a><\/figure>\n\n\n\n<hr class=\"wp-block-separator has-text-color has-black-color has-css-opacity has-black-background-color has-background is-style-wide\"\/>\n\n\n\n<h2 class=\"wp-block-heading has-luminous-vivid-orange-color has-text-color\"><strong>3 septembre 2025<\/strong><\/h2>\n\n\n\n<p><strong>Arr\u00eat\u00e9 pr\u00e9fectoral du 3 septembre <strong>pla\u00e7ant le d\u00e9partement de Sa\u00f4ne-et-Loire en vigilance s\u00e9cheresse :<\/strong> <strong><a href=\"https:\/\/commune-poisson.fr\/wp-content\/uploads\/ViePratique\/Arr\u00eat\u00e9sPr\u00e9fectoraux\/Secheresse\/2025-9-3-septembre-Arrete-prefectoral-Vigilance-secheresse.pdf\" target=\"_blank\" rel=\"noreferrer noopener\">cliquez ici<\/a>.<\/strong><br><strong>* Annexe 1 : niveaux de restriction \u2192 <a href=\"https:\/\/commune-poisson.fr\/wp-content\/uploads\/ViePratique\/Arr\u00eat\u00e9sPr\u00e9fectoraux\/Secheresse\/2025-9-3-septembre-Annexe-1-Arrete-prefectoral-Niveau-de-restriction.jpg\" target=\"_blank\" rel=\"noreferrer noopener\">cliquez ici<\/a>.<\/strong><\/strong><br>* <strong>L\u2019arr\u00eat\u00e9 pr\u00e9fectoral du 28 ao\u00fbt 2025 portant restriction temporaire de certains usages de l\u2019eau est abrog\u00e9.<\/strong><\/p>\n\n\n\n<figure class=\"wp-block-image size-full\"><a href=\"https:\/\/commune-poisson.fr\/?page_id=323\"><img loading=\"lazy\" decoding=\"async\" width=\"50\" height=\"50\" src=\"https:\/\/commune-poisson.fr\/wp-content\/uploads\/Articles\/Logo\/Retour-Haut-de-page.jpg\" alt=\"\" class=\"wp-image-2177\"\/><\/a><\/figure>\n\n\n\n<hr class=\"wp-block-separator has-text-color has-black-color has-css-opacity has-black-background-color has-background is-style-wide\"\/>\n\n\n\n<h2 class=\"wp-block-heading has-luminous-vivid-orange-color has-text-color\"><strong>28 ao\u00fbt 2025<\/strong><\/h2>\n\n\n\n<p><strong>Arr\u00eat\u00e9 pr\u00e9fectoral du 28 ao\u00fbt 2025 portant restriction temporaire de certains usages de l\u2019eau : <a href=\"https:\/\/commune-poisson.fr\/wp-content\/uploads\/ViePratique\/Arr\u00eat\u00e9sPr\u00e9fectoraux\/Secheresse\/2025-8-28-aout-Arrete-prefectoral-Restriction-deau.pdf\" target=\"_blank\" rel=\"noreferrer noopener\">cliquez ici<\/a>.<br>Le secteur \u00ab&nbsp;Arconce et Sornin&nbsp;\u00bb dont fait partie la commune de Poisson est plac\u00e9 au niveau de restriction \u00ab&nbsp;Alerte renforc\u00e9e&nbsp;\u00bb.<\/strong><br><strong>* Annexe 1 : niveaux de restriction \u2192 <a href=\"https:\/\/commune-poisson.fr\/wp-content\/uploads\/ViePratique\/Arr\u00eat\u00e9sPr\u00e9fectoraux\/Secheresse\/2025-8-28-aout-Annexe-1-Arrete-prefectoral-Niveau-de-restriction.jpg\" target=\"_blank\" rel=\"noreferrer noopener\">cliquez ici<\/a>.<\/strong><br><strong>* Annexe 2 : liste des communes par zone d\u2019alerte \u2192 <a href=\"https:\/\/commune-poisson.fr\/wp-content\/uploads\/ViePratique\/Arr\u00eat\u00e9sPr\u00e9fectoraux\/Secheresse\/2025-8-28-aout-Annexe-2-Liste-des-communes.pdf\" target=\"_blank\" rel=\"noreferrer noopener\">cliquez ici<\/a>.<\/strong><br><strong>* Annexe 3 : tableau des mesures de restriction des usages de l\u2019eau \u2192 <a href=\"https:\/\/commune-poisson.fr\/wp-content\/uploads\/ViePratique\/Arr\u00eat\u00e9sPr\u00e9fectoraux\/Secheresse\/2025-8-28-aout-Annexe-Tableau-des-mesures-de-restriction-des-usages-de-leau.pdf\" target=\"_blank\" rel=\"noreferrer noopener\">cliquez ici<\/a>.<\/strong><br>* <strong>L\u2019arr\u00eat\u00e9 pr\u00e9fectoral du 22 ao\u00fbt 2025 portant restriction temporaire de certains usages de l\u2019eau est abrog\u00e9.<\/strong><\/p>\n\n\n\n<figure class=\"wp-block-image size-full\"><a href=\"https:\/\/commune-poisson.fr\/?page_id=323\"><img loading=\"lazy\" decoding=\"async\" width=\"50\" height=\"50\" src=\"https:\/\/commune-poisson.fr\/wp-content\/uploads\/Articles\/Logo\/Retour-Haut-de-page.jpg\" alt=\"\" class=\"wp-image-2177\"\/><\/a><\/figure>\n\n\n\n<hr class=\"wp-block-separator has-text-color has-black-color has-alpha-channel-opacity has-black-background-color has-background\"\/>\n\n\n\n<h2 class=\"wp-block-heading has-luminous-vivid-orange-color has-text-color\"><strong>20&nbsp;mai 2025<\/strong><\/h2>\n\n\n\n<p><strong>Arr\u00eat\u00e9 pr\u00e9fectoral du 20 mai 2025 portant sur les p\u00e9riodes d\u2019ouverture et les conditions sp\u00e9cifiques de chasse de certaines esp\u00e8ces de gibier pour la campagne 2025\/2026 pour la Sa\u00f4ne-et-Loire : <a href=\"https:\/\/commune-poisson.fr\/wp-content\/uploads\/Associations\/Soci\u00e9t\u00e9DeChasse\/Arrete-prefectoral-Mai-2025-Chasse-2025-2026.pdf\" target=\"_blank\" rel=\"noreferrer noopener\">cliquez ici<\/a>. (document au format PDF)<\/strong><\/p>\n\n\n\n<figure class=\"wp-block-image size-full\"><a href=\"https:\/\/commune-poisson.fr\/?page_id=323\"><img loading=\"lazy\" decoding=\"async\" width=\"50\" height=\"50\" src=\"https:\/\/commune-poisson.fr\/wp-content\/uploads\/Articles\/Logo\/Retour-Haut-de-page.jpg\" alt=\"\" class=\"wp-image-2177\"\/><\/a><\/figure>\n\n\n\n<hr class=\"wp-block-separator has-text-color has-black-color has-alpha-channel-opacity has-black-background-color has-background\"\/>\n\n\n\n<h2 class=\"wp-block-heading has-luminous-vivid-orange-color has-text-color\"><strong>10 juillet 2023<\/strong><\/h2>\n\n\n\n<p><strong>Arr\u00eat\u00e9 pr\u00e9fectoral du 10 juillet 2023 relatif \u00e0 la pr\u00e9vention des feux de for\u00eat et d&rsquo;espace naturel et portant r\u00e9glementation des feux de plein air : <a href=\"https:\/\/commune-poisson.fr\/wp-content\/uploads\/ViePratique\/Arr\u00eat\u00e9sPr\u00e9fectoraux\/AP-brulage-Juillet-2023.pdf\" target=\"_blank\" rel=\"noreferrer noopener\">cliquez ici<\/a>.<\/strong><\/p>\n\n\n\n<figure class=\"wp-block-image size-full\"><a href=\"https:\/\/commune-poisson.fr\/?page_id=323\"><img loading=\"lazy\" decoding=\"async\" width=\"50\" height=\"50\" src=\"https:\/\/commune-poisson.fr\/wp-content\/uploads\/Articles\/Logo\/Retour-Haut-de-page.jpg\" alt=\"\" class=\"wp-image-2177\"\/><\/a><\/figure>\n\n\n\n<hr class=\"wp-block-separator has-text-color has-black-color has-alpha-channel-opacity has-black-background-color has-background\"\/>\n\n\n\n<h2 class=\"wp-block-heading has-luminous-vivid-orange-color has-text-color\"><strong>13 septembre 2021<\/strong><\/h2>\n\n\n\n<p><strong>Arr\u00eat\u00e9 pr\u00e9fectoral du 13 septembre 2021 portant sur l&rsquo;obligation d\u2019\u00e9quipement de certains v\u00e9hicules en p\u00e9riode hivernale en Sa\u00f4ne-et-Loire<\/strong> <strong>: <a href=\"https:\/\/commune-poisson.fr\/wp-content\/uploads\/ViePratique\/Arr\u00eat\u00e9sPr\u00e9fectoraux\/Arrete-equipement-Septembre-2021-Vehicules-hiver.pdf\" target=\"_blank\" rel=\"noreferrer noopener\">cliquez ici<\/a>. <\/strong><\/p>\n\n\n\n<figure class=\"wp-block-image size-full\"><a href=\"https:\/\/commune-poisson.fr\/?page_id=323\"><img loading=\"lazy\" decoding=\"async\" width=\"50\" height=\"50\" src=\"https:\/\/commune-poisson.fr\/wp-content\/uploads\/Articles\/Logo\/Retour-Haut-de-page.jpg\" alt=\"\" class=\"wp-image-2177\"\/><\/a><\/figure>\n","protected":false},"excerpt":{"rendered":"<p>30 janvier 2026 Arr\u00eat\u00e9 pr\u00e9fectoral du 30 janvier 2026 r\u00e9glementant<span class=\"excerpt-hellip\"> [\u2026]<\/span><\/p>\n","protected":false},"author":2,"featured_media":0,"parent":121,"menu_order":10,"comment_status":"closed","ping_status":"closed","template":"","meta":{"footnotes":""},"class_list":["post-323","page","type-page","status-publish","hentry"],"yoast_head":"<!-- This site is optimized with the Yoast SEO plugin v27.2 - https:\/\/yoast.com\/product\/yoast-seo-wordpress\/ -->\n<title>Arr\u00eat\u00e9s pr\u00e9fectoraux - Commune de POISSON | Sa\u00f4ne-et-Loire (71)<\/title>\n<meta name=\"robots\" content=\"index, follow, max-snippet:-1, max-image-preview:large, max-video-preview:-1\" \/>\n<link rel=\"canonical\" href=\"https:\/\/commune-poisson.fr\/?page_id=323\" \/>\n<meta property=\"og:locale\" content=\"fr_FR\" \/>\n<meta property=\"og:type\" content=\"article\" \/>\n<meta property=\"og:title\" content=\"Arr\u00eat\u00e9s pr\u00e9fectoraux - Commune de POISSON | Sa\u00f4ne-et-Loire (71)\" \/>\n<meta property=\"og:description\" content=\"30 janvier 2026 Arr\u00eat\u00e9 pr\u00e9fectoral du 30 janvier 2026 r\u00e9glementant [\u2026]\" \/>\n<meta property=\"og:url\" content=\"https:\/\/commune-poisson.fr\/?page_id=323\" \/>\n<meta property=\"og:site_name\" content=\"Commune de POISSON | Sa\u00f4ne-et-Loire (71)\" \/>\n<meta property=\"article:modified_time\" content=\"2026-04-05T17:29:00+00:00\" \/>\n<meta property=\"og:image\" content=\"https:\/\/commune-poisson.fr\/wp-content\/uploads\/Articles\/Logo\/Retour-Haut-de-page.jpg\" \/>\n<meta name=\"twitter:card\" content=\"summary_large_image\" \/>\n<meta name=\"twitter:label1\" content=\"Dur\u00e9e de lecture estim\u00e9e\" \/>\n\t<meta name=\"twitter:data1\" content=\"5 minutes\" \/>\n<script type=\"application\/ld+json\" class=\"yoast-schema-graph\">{\"@context\":\"https:\/\/schema.org\",\"@graph\":[{\"@type\":\"WebPage\",\"@id\":\"https:\/\/commune-poisson.fr\/?page_id=323\",\"url\":\"https:\/\/commune-poisson.fr\/?page_id=323\",\"name\":\"Arr\u00eat\u00e9s pr\u00e9fectoraux - Commune de POISSON | Sa\u00f4ne-et-Loire (71)\",\"isPartOf\":{\"@id\":\"https:\/\/commune-poisson.fr\/#website\"},\"primaryImageOfPage\":{\"@id\":\"https:\/\/commune-poisson.fr\/?page_id=323#primaryimage\"},\"image\":{\"@id\":\"https:\/\/commune-poisson.fr\/?page_id=323#primaryimage\"},\"thumbnailUrl\":\"https:\/\/commune-poisson.fr\/wp-content\/uploads\/Articles\/Logo\/Retour-Haut-de-page.jpg\",\"datePublished\":\"2023-09-07T16:50:00+00:00\",\"dateModified\":\"2026-04-05T17:29:00+00:00\",\"breadcrumb\":{\"@id\":\"https:\/\/commune-poisson.fr\/?page_id=323#breadcrumb\"},\"inLanguage\":\"fr-FR\",\"potentialAction\":[{\"@type\":\"ReadAction\",\"target\":[\"https:\/\/commune-poisson.fr\/?page_id=323\"]}]},{\"@type\":\"ImageObject\",\"inLanguage\":\"fr-FR\",\"@id\":\"https:\/\/commune-poisson.fr\/?page_id=323#primaryimage\",\"url\":\"https:\/\/commune-poisson.fr\/wp-content\/uploads\/Articles\/Logo\/Retour-Haut-de-page.jpg\",\"contentUrl\":\"https:\/\/commune-poisson.fr\/wp-content\/uploads\/Articles\/Logo\/Retour-Haut-de-page.jpg\",\"width\":50,\"height\":50,\"caption\":\"Retour haut de page\"},{\"@type\":\"BreadcrumbList\",\"@id\":\"https:\/\/commune-poisson.fr\/?page_id=323#breadcrumb\",\"itemListElement\":[{\"@type\":\"ListItem\",\"position\":1,\"name\":\"Accueil\",\"item\":\"https:\/\/commune-poisson.fr\/\"},{\"@type\":\"ListItem\",\"position\":2,\"name\":\"Vie pratique\",\"item\":\"https:\/\/commune-poisson.fr\/?page_id=121\"},{\"@type\":\"ListItem\",\"position\":3,\"name\":\"Arr\u00eat\u00e9s pr\u00e9fectoraux\"}]},{\"@type\":\"WebSite\",\"@id\":\"https:\/\/commune-poisson.fr\/#website\",\"url\":\"https:\/\/commune-poisson.fr\/\",\"name\":\"Commune de POISSON | Sa\u00f4ne-et-Loire (71)\",\"description\":\"Site officiel\",\"potentialAction\":[{\"@type\":\"SearchAction\",\"target\":{\"@type\":\"EntryPoint\",\"urlTemplate\":\"https:\/\/commune-poisson.fr\/?s={search_term_string}\"},\"query-input\":{\"@type\":\"PropertyValueSpecification\",\"valueRequired\":true,\"valueName\":\"search_term_string\"}}],\"inLanguage\":\"fr-FR\"}]}<\/script>\n<!-- \/ Yoast SEO plugin. -->","yoast_head_json":{"title":"Arr\u00eat\u00e9s pr\u00e9fectoraux - Commune de POISSON | Sa\u00f4ne-et-Loire (71)","robots":{"index":"index","follow":"follow","max-snippet":"max-snippet:-1","max-image-preview":"max-image-preview:large","max-video-preview":"max-video-preview:-1"},"canonical":"https:\/\/commune-poisson.fr\/?page_id=323","og_locale":"fr_FR","og_type":"article","og_title":"Arr\u00eat\u00e9s pr\u00e9fectoraux - Commune de POISSON | Sa\u00f4ne-et-Loire (71)","og_description":"30 janvier 2026 Arr\u00eat\u00e9 pr\u00e9fectoral du 30 janvier 2026 r\u00e9glementant [\u2026]","og_url":"https:\/\/commune-poisson.fr\/?page_id=323","og_site_name":"Commune de POISSON | Sa\u00f4ne-et-Loire (71)","article_modified_time":"2026-04-05T17:29:00+00:00","og_image":[{"url":"https:\/\/commune-poisson.fr\/wp-content\/uploads\/Articles\/Logo\/Retour-Haut-de-page.jpg","type":"","width":"","height":""}],"twitter_card":"summary_large_image","twitter_misc":{"Dur\u00e9e de lecture estim\u00e9e":"5 minutes"},"schema":{"@context":"https:\/\/schema.org","@graph":[{"@type":"WebPage","@id":"https:\/\/commune-poisson.fr\/?page_id=323","url":"https:\/\/commune-poisson.fr\/?page_id=323","name":"Arr\u00eat\u00e9s pr\u00e9fectoraux - Commune de POISSON | Sa\u00f4ne-et-Loire (71)","isPartOf":{"@id":"https:\/\/commune-poisson.fr\/#website"},"primaryImageOfPage":{"@id":"https:\/\/commune-poisson.fr\/?page_id=323#primaryimage"},"image":{"@id":"https:\/\/commune-poisson.fr\/?page_id=323#primaryimage"},"thumbnailUrl":"https:\/\/commune-poisson.fr\/wp-content\/uploads\/Articles\/Logo\/Retour-Haut-de-page.jpg","datePublished":"2023-09-07T16:50:00+00:00","dateModified":"2026-04-05T17:29:00+00:00","breadcrumb":{"@id":"https:\/\/commune-poisson.fr\/?page_id=323#breadcrumb"},"inLanguage":"fr-FR","potentialAction":[{"@type":"ReadAction","target":["https:\/\/commune-poisson.fr\/?page_id=323"]}]},{"@type":"ImageObject","inLanguage":"fr-FR","@id":"https:\/\/commune-poisson.fr\/?page_id=323#primaryimage","url":"https:\/\/commune-poisson.fr\/wp-content\/uploads\/Articles\/Logo\/Retour-Haut-de-page.jpg","contentUrl":"https:\/\/commune-poisson.fr\/wp-content\/uploads\/Articles\/Logo\/Retour-Haut-de-page.jpg","width":50,"height":50,"caption":"Retour haut de page"},{"@type":"BreadcrumbList","@id":"https:\/\/commune-poisson.fr\/?page_id=323#breadcrumb","itemListElement":[{"@type":"ListItem","position":1,"name":"Accueil","item":"https:\/\/commune-poisson.fr\/"},{"@type":"ListItem","position":2,"name":"Vie pratique","item":"https:\/\/commune-poisson.fr\/?page_id=121"},{"@type":"ListItem","position":3,"name":"Arr\u00eat\u00e9s pr\u00e9fectoraux"}]},{"@type":"WebSite","@id":"https:\/\/commune-poisson.fr\/#website","url":"https:\/\/commune-poisson.fr\/","name":"Commune de POISSON | Sa\u00f4ne-et-Loire (71)","description":"Site officiel","potentialAction":[{"@type":"SearchAction","target":{"@type":"EntryPoint","urlTemplate":"https:\/\/commune-poisson.fr\/?s={search_term_string}"},"query-input":{"@type":"PropertyValueSpecification","valueRequired":true,"valueName":"search_term_string"}}],"inLanguage":"fr-FR"}]}},"_links":{"self":[{"href":"https:\/\/commune-poisson.fr\/index.php?rest_route=\/wp\/v2\/pages\/323","targetHints":{"allow":["GET"]}}],"collection":[{"href":"https:\/\/commune-poisson.fr\/index.php?rest_route=\/wp\/v2\/pages"}],"about":[{"href":"https:\/\/commune-poisson.fr\/index.php?rest_route=\/wp\/v2\/types\/page"}],"author":[{"embeddable":true,"href":"https:\/\/commune-poisson.fr\/index.php?rest_route=\/wp\/v2\/users\/2"}],"replies":[{"embeddable":true,"href":"https:\/\/commune-poisson.fr\/index.php?rest_route=%2Fwp%2Fv2%2Fcomments&post=323"}],"version-history":[{"count":68,"href":"https:\/\/commune-poisson.fr\/index.php?rest_route=\/wp\/v2\/pages\/323\/revisions"}],"predecessor-version":[{"id":7621,"href":"https:\/\/commune-poisson.fr\/index.php?rest_route=\/wp\/v2\/pages\/323\/revisions\/7621"}],"up":[{"embeddable":true,"href":"https:\/\/commune-poisson.fr\/index.php?rest_route=\/wp\/v2\/pages\/121"}],"wp:attachment":[{"href":"https:\/\/commune-poisson.fr\/index.php?rest_route=%2Fwp%2Fv2%2Fmedia&parent=323"}],"curies":[{"name":"wp","href":"https:\/\/api.w.org\/{rel}","templated":true}]}}