{"id":315,"date":"2023-01-21T07:20:00","date_gmt":"2023-01-21T06:20:00","guid":{"rendered":"https:\/\/sddbox-containers.com\/?page_id=315"},"modified":"2026-04-05T19:28:23","modified_gmt":"2026-04-05T17:28:23","slug":"gestion-des-dechets","status":"publish","type":"page","link":"https:\/\/commune-poisson.fr\/?page_id=315","title":{"rendered":"Gestion des d\u00e9chets"},"content":{"rendered":"\n<p><strong>Sur cette page :<br><a href=\"#Trier\">Trier ses d\u00e9chets<\/a><br><a href=\"#Jours-de-collectes\">Jours de collectes sur la commune de Poisson<\/a><br><a href=\"#Horaires-des-d\u00e9chetteries\">Horaires des d\u00e9chetteries intercommunales<\/a><br><a href=\"#Collecte-des-objets\">Collecte des objets encombrants<\/a><\/strong><br><a href=\"#Appl-Montri\"><strong>Application Montri<\/strong><\/a><\/p>\n\n\n<div class=\"wp-block-image\">\n<figure class=\"alignleft size-full is-resized\"><img loading=\"lazy\" decoding=\"async\" width=\"672\" height=\"501\" src=\"https:\/\/commune-poisson.fr\/wp-content\/uploads\/ViePratique\/GestionD\u00e9chets\/Logo-page-Gestion-des-dechets-1.jpg\" alt=\"\" class=\"wp-image-7619\" style=\"width:260px\" srcset=\"https:\/\/commune-poisson.fr\/wp-content\/uploads\/ViePratique\/GestionD\u00e9chets\/Logo-page-Gestion-des-dechets-1.jpg 672w, https:\/\/commune-poisson.fr\/wp-content\/uploads\/ViePratique\/GestionD\u00e9chets\/Logo-page-Gestion-des-dechets-1-300x224.jpg 300w, https:\/\/commune-poisson.fr\/wp-content\/uploads\/ViePratique\/GestionD\u00e9chets\/Logo-page-Gestion-des-dechets-1-101x75.jpg 101w, https:\/\/commune-poisson.fr\/wp-content\/uploads\/ViePratique\/GestionD\u00e9chets\/Logo-page-Gestion-des-dechets-1-480x358.jpg 480w\" sizes=\"auto, (max-width:767px) 480px, 672px\" \/><\/figure>\n<\/div>\n\n\n<div style=\"height:12px\" aria-hidden=\"true\" class=\"wp-block-spacer\"><\/div>\n\n\n\n<hr class=\"wp-block-separator has-alpha-channel-opacity has-text-color has-background has-black-background-color has-black-color is-style-wide\" id=\"Trier\"\/>\n\n\n\n<p><strong><mark>* <a href=\"https:\/\/commune-poisson.fr\/wp-content\/uploads\/ViePratique\/GestionD\u00e9chets\/Memo-Tri-2026-Poisson.pdf\" target=\"_blank\" rel=\"noreferrer noopener\">Cliquez ici<\/a> pour t\u00e9l\u00e9charger le \u00ab\u00a0M\u00e9mo tri 2026\u00a0\u00bb pour la commune de Poisson.<\/mark><\/strong><br>* <strong><a href=\"https:\/\/commune-poisson.fr\/wp-content\/uploads\/ViePratique\/GestionD\u00e9chets\/Calendrier-2026-Semaines-paires.pdf\" target=\"_blank\" rel=\"noreferrer noopener\">Cliquez ici<\/a> pour t\u00e9l\u00e9charger le calendrier 2026 des semaines paires concernant la collecte des emballages et des papiers (poubelle jaune)<\/strong>.<br><br>* <strong><a href=\"https:\/\/www.legrandcharolais.fr\/gestion-des-dechets.html\" target=\"_blank\" rel=\"noreferrer noopener\">Cliquez ici<\/a> pour avoir acc\u00e8s \u00e0 toutes les informations concernant<\/strong> <strong>la gestion des d\u00e9chets par la Communaut\u00e9 de communes Le Grand Charolais.<\/strong><\/p>\n\n\n\n<figure class=\"wp-block-image size-full\"><a href=\"https:\/\/commune-poisson.fr\/?page_id=315\"><img loading=\"lazy\" decoding=\"async\" width=\"50\" height=\"50\" src=\"https:\/\/commune-poisson.fr\/wp-content\/uploads\/Articles\/Logo\/Retour-Haut-de-page.jpg\" alt=\"\" class=\"wp-image-2177\"\/><\/a><\/figure>\n\n\n\n<hr class=\"wp-block-separator has-text-color has-black-color has-alpha-channel-opacity has-black-background-color has-background\"\/>\n\n\n\n<h2 class=\"wp-block-heading has-luminous-vivid-orange-color has-text-color\" id=\"Trier\"><strong><a><\/a>Trier ses d\u00e9chets<\/strong><\/h2>\n\n\n\n<p><strong>Trier, c&rsquo;est prot\u00e9ger notre environnement !<\/strong><br>La r\u00e9glementation vise \u00e0 favoriser des solutions plus respectueuses de notre environnement pour l\u2019\u00e9limination des d\u00e9chets m\u00e9nagers. C\u2019est le cas du recyclage qui contribue \u00e0 la pr\u00e9servation des ressources naturelles (bois, fer, p\u00e9trole, &#8230;) et qui limite la part des d\u00e9chets \u00e0 incin\u00e9rer.<br>Mais, pour pouvoir \u00eatre recycl\u00e9s les <strong>d\u00e9chets doivent \u00eatre tri\u00e9s.<br><\/strong>En effet, les d\u00e9chets recyclables ne doivent pas \u00eatre m\u00e9lang\u00e9s avec les ordures m\u00e9nag\u00e8res. Si c\u2019est le cas, ils se salissent mutuellement et les d\u00e9chets recyclables deviennent irr\u00e9cup\u00e9rables. Il s\u2019agit donc de bien s\u00e9parer ce qui est recyclable de ce qui ne l\u2019est pas. C\u2019est le principe du tri des d\u00e9chets et de la collecte s\u00e9lective.<br>Les <strong>bouteilles et pots en verre<\/strong> sont collect\u00e9s en apport volontaire dans les containers dispos\u00e9s sur la commune \u00e0 <strong>c\u00f4t\u00e9 du cimeti\u00e8re <\/strong>et<strong> \u00e0 c\u00f4t\u00e9 de l\u2019atelier communal<\/strong>.<br>La collecte s\u00e9lective des emballages et des papiers <strong>(poubelle jaune)<\/strong> s&rsquo;effectue le vendredi des semaines paires et celle des ordures m\u00e9nag\u00e8res <strong>(poubelle grise) <\/strong>s&rsquo;effectue&nbsp;le mercredi pour notre commune.<\/p>\n\n\n\n<figure class=\"wp-block-image size-large\"><img loading=\"lazy\" decoding=\"async\" width=\"1024\" height=\"707\" src=\"https:\/\/commune-poisson.fr\/wp-content\/uploads\/ViePratique\/GestionD\u00e9chets\/Que-mettre-dans-la-poubelle-jaune-1024x707.jpg\" alt=\"\" class=\"wp-image-4851\" srcset=\"https:\/\/commune-poisson.fr\/wp-content\/uploads\/ViePratique\/GestionD\u00e9chets\/Que-mettre-dans-la-poubelle-jaune-1024x707.jpg 1024w, https:\/\/commune-poisson.fr\/wp-content\/uploads\/ViePratique\/GestionD\u00e9chets\/Que-mettre-dans-la-poubelle-jaune-300x207.jpg 300w, https:\/\/commune-poisson.fr\/wp-content\/uploads\/ViePratique\/GestionD\u00e9chets\/Que-mettre-dans-la-poubelle-jaune-768x530.jpg 768w, https:\/\/commune-poisson.fr\/wp-content\/uploads\/ViePratique\/GestionD\u00e9chets\/Que-mettre-dans-la-poubelle-jaune-109x75.jpg 109w, https:\/\/commune-poisson.fr\/wp-content\/uploads\/ViePratique\/GestionD\u00e9chets\/Que-mettre-dans-la-poubelle-jaune-480x331.jpg 480w, https:\/\/commune-poisson.fr\/wp-content\/uploads\/ViePratique\/GestionD\u00e9chets\/Que-mettre-dans-la-poubelle-jaune.jpg 1084w\" sizes=\"auto, (max-width:767px) 480px, (max-width:1024px) 100vw, 1024px\" \/><\/figure>\n\n\n\n<figure class=\"wp-block-image size-full\"><a href=\"https:\/\/commune-poisson.fr\/?page_id=315\"><img loading=\"lazy\" decoding=\"async\" width=\"50\" height=\"50\" src=\"https:\/\/commune-poisson.fr\/wp-content\/uploads\/Articles\/Logo\/Retour-Haut-de-page.jpg\" alt=\"\" class=\"wp-image-2177\"\/><\/a><\/figure>\n\n\n\n<hr class=\"wp-block-separator has-alpha-channel-opacity has-text-color has-background has-black-background-color has-black-color is-style-wide\" id=\"Jours-de-collectes\"\/>\n\n\n\n<h2 class=\"wp-block-heading has-luminous-vivid-orange-color has-text-color\"><strong>Jours de collectes sur la commune de Poisson<\/strong><\/h2>\n\n\n\n<p><strong>* Collecte des emballages et des papiers (poubelle jaune) : <strong>une semaine sur deux le vendredi apr\u00e8s-midi des semaines paires<\/strong><\/strong>.<br><strong><a href=\"https:\/\/commune-poisson.fr\/wp-content\/uploads\/ViePratique\/GestionD\u00e9chets\/Calendrier-2026-Semaines-paires.pdf\" target=\"_blank\" rel=\"noreferrer noopener\">Cliquez ici <\/a>pour t\u00e9l\u00e9charger le calendrier 2026 des semaines paires concernant la collecte des emballages et des papiers (poubelle jaune)<\/strong>.<br><strong><br>* Collecte des ordures m\u00e9nag\u00e8res (poubelle grise) : le<\/strong> <strong>mercredi apr\u00e8s-midi.<\/strong><br><br><strong>* En 2026, les collectes<\/strong> <strong>sont maintenues les jours f\u00e9ri\u00e9s \u00e0 l\u2019exception du vendredi 1<sup>er <\/sup>mai et du vendredi 25 d\u00e9cembre. <\/strong><\/p>\n\n\n\n<figure class=\"wp-block-image size-full\"><a href=\"https:\/\/commune-poisson.fr\/?page_id=315\"><img loading=\"lazy\" decoding=\"async\" width=\"50\" height=\"50\" src=\"https:\/\/commune-poisson.fr\/wp-content\/uploads\/Articles\/Logo\/Retour-Haut-de-page.jpg\" alt=\"\" class=\"wp-image-2177\"\/><\/a><\/figure>\n\n\n\n<hr class=\"wp-block-separator has-alpha-channel-opacity has-text-color has-background has-black-background-color has-black-color is-style-wide\" id=\"Horaires-des-d\u00e9chetteries\"\/>\n\n\n\n<h2 class=\"wp-block-heading has-luminous-vivid-orange-color has-text-color\"><strong>Horaires des d\u00e9chetteries intercommunales<\/strong><\/h2>\n\n\n\n<figure class=\"wp-block-image size-full\"><img loading=\"lazy\" decoding=\"async\" width=\"876\" height=\"403\" src=\"https:\/\/commune-poisson.fr\/wp-content\/uploads\/ViePratique\/GestionD\u00e9chets\/Horaires-Dechetterie-Paray-Info-Com-de-Com-janvier-2022.jpg\" alt=\"\" class=\"wp-image-2504\" srcset=\"https:\/\/commune-poisson.fr\/wp-content\/uploads\/ViePratique\/GestionD\u00e9chets\/Horaires-Dechetterie-Paray-Info-Com-de-Com-janvier-2022.jpg 876w, https:\/\/commune-poisson.fr\/wp-content\/uploads\/ViePratique\/GestionD\u00e9chets\/Horaires-Dechetterie-Paray-Info-Com-de-Com-janvier-2022-300x138.jpg 300w, https:\/\/commune-poisson.fr\/wp-content\/uploads\/ViePratique\/GestionD\u00e9chets\/Horaires-Dechetterie-Paray-Info-Com-de-Com-janvier-2022-768x353.jpg 768w, https:\/\/commune-poisson.fr\/wp-content\/uploads\/ViePratique\/GestionD\u00e9chets\/Horaires-Dechetterie-Paray-Info-Com-de-Com-janvier-2022-150x69.jpg 150w, https:\/\/commune-poisson.fr\/wp-content\/uploads\/ViePratique\/GestionD\u00e9chets\/Horaires-Dechetterie-Paray-Info-Com-de-Com-janvier-2022-480x221.jpg 480w\" sizes=\"auto, (max-width:767px) 480px, (max-width:876px) 100vw, 876px\" \/><\/figure>\n\n\n\n<figure class=\"wp-block-image size-full\"><img loading=\"lazy\" decoding=\"async\" width=\"876\" height=\"309\" src=\"https:\/\/commune-poisson.fr\/wp-content\/uploads\/ViePratique\/GestionD\u00e9chets\/Horaires-Dechets-Verts-Info-Com-de-Com-janvier-2022.jpg\" alt=\"Horaires Plateforme D\u00e9chets Verts\" class=\"wp-image-2506\" srcset=\"https:\/\/commune-poisson.fr\/wp-content\/uploads\/ViePratique\/GestionD\u00e9chets\/Horaires-Dechets-Verts-Info-Com-de-Com-janvier-2022.jpg 876w, https:\/\/commune-poisson.fr\/wp-content\/uploads\/ViePratique\/GestionD\u00e9chets\/Horaires-Dechets-Verts-Info-Com-de-Com-janvier-2022-300x106.jpg 300w, https:\/\/commune-poisson.fr\/wp-content\/uploads\/ViePratique\/GestionD\u00e9chets\/Horaires-Dechets-Verts-Info-Com-de-Com-janvier-2022-768x271.jpg 768w, https:\/\/commune-poisson.fr\/wp-content\/uploads\/ViePratique\/GestionD\u00e9chets\/Horaires-Dechets-Verts-Info-Com-de-Com-janvier-2022-150x53.jpg 150w, https:\/\/commune-poisson.fr\/wp-content\/uploads\/ViePratique\/GestionD\u00e9chets\/Horaires-Dechets-Verts-Info-Com-de-Com-janvier-2022-480x169.jpg 480w\" sizes=\"auto, (max-width:767px) 480px, (max-width:876px) 100vw, 876px\" \/><\/figure>\n\n\n\n<p><strong>Pour connaitre les heures d&rsquo;ouverture des d\u00e9chetteries de Digoin, Palinges, Saint-Bonnet-de-Joux, Vendenesse-les-Charolles : <a href=\"https:\/\/www.legrandcharolais.fr\/dechetteries.html\" target=\"_blank\" rel=\"noreferrer noopener\">cliquez ici<\/a> (site internet de la Communaut\u00e9 de communes Le Grand Charolais)<\/strong><\/p>\n\n\n\n<figure class=\"wp-block-image size-full is-resized\"><a href=\"https:\/\/commune-poisson.fr\/?page_id=315\"><img loading=\"lazy\" decoding=\"async\" width=\"50\" height=\"50\" src=\"https:\/\/commune-poisson.fr\/wp-content\/uploads\/Articles\/Logo\/Retour-Haut-de-page.jpg\" alt=\"\" class=\"wp-image-2177\" style=\"width:50px;height:50px\"\/><\/a><\/figure>\n\n\n\n<hr class=\"wp-block-separator has-alpha-channel-opacity has-text-color has-background has-black-background-color has-black-color is-style-wide\" id=\"Collecte-des-objets\"\/>\n\n\n\n<h2 class=\"wp-block-heading has-luminous-vivid-orange-color has-text-color\"><strong>Collecte des objets encombrants<\/strong><\/h2>\n\n\n\n<p><strong>Le service de ramassage d&rsquo;objets encombrants, qui permet aux usagers de se d\u00e9barrasser d&rsquo;objets lourds ou encombrants s&rsquo;ils sont d\u00e9pourvus de moyens adapt\u00e9s, est propos\u00e9 aux habitants de l&rsquo;ensemble du territoire du Grand Charolais.<\/strong><\/p>\n\n\n\n<p>* <strong>Dates des ramassages en 2026 pour la commune de Poisson :&nbsp;mardi 26 mai et mardi 3 novembre<\/strong>.<br><br>* <strong>Inscription 10 jours avant la date de passage<\/strong> <strong>pour \u00eatre collect\u00e9<\/strong> <strong>au 03 85 24 30 09 ou sur l\u2019application <a href=\"https:\/\/montri.fr\/home\" target=\"_blank\" rel=\"noreferrer noopener\">Montri<\/a>.<\/strong><br><strong>Le nombre d&rsquo;objets par collecte est limit\u00e9 \u00e0 5.<br>Tout objet de plus de 80 kg sera refus\u00e9.<br>D\u00e9chets refus\u00e9s : chaudi\u00e8re, portails, baies vitr\u00e9es, pneus, bouteilles de gaz, et tout d\u00e9chet refus\u00e9 en d\u00e9chetterie.<\/strong><\/p>\n\n\n\n<p>* <strong>Plus d&rsquo;informations sur le site internet de la Communaut\u00e9 de communes Le Grand Charolais en <a href=\"https:\/\/www.legrandcharolais.fr\/collecte-dechets-specifiques.html\" target=\"_blank\" rel=\"noreferrer noopener\">cliquant ici<\/a>.<\/strong><\/p>\n\n\n\n<figure class=\"wp-block-image size-full is-resized\"><a href=\"https:\/\/commune-poisson.fr\/?page_id=315\"><img loading=\"lazy\" decoding=\"async\" width=\"50\" height=\"50\" src=\"https:\/\/commune-poisson.fr\/wp-content\/uploads\/Articles\/Logo\/Retour-Haut-de-page.jpg\" alt=\"\" class=\"wp-image-2177\" style=\"width:50px;height:50px\"\/><\/a><\/figure>\n\n\n\n<hr class=\"wp-block-separator has-alpha-channel-opacity has-text-color has-background has-black-background-color has-black-color is-style-wide\" id=\"Appl-Montri\"\/>\n\n\n\n<h2 class=\"wp-block-heading has-luminous-vivid-orange-color has-text-color\"><strong>Application Montri<\/strong><\/h2>\n\n\n\n<p><strong>Le Grand Charolais vous accompagne dans votre gestion des d\u00e9chets avec l&rsquo;application Montri<\/strong>. <strong>Cette application<\/strong> <strong>permet d&rsquo;acc\u00e9der \u00e0 diff\u00e9rentes informations : <strong>guide de tri<\/strong><\/strong>,<strong>dates des collectes, &#8230;<\/strong><br>* <strong>Acc\u00e8s \u00e0 l&rsquo;application Montri en <a href=\"http:\/\/montri.fr\/home\" target=\"_blank\" rel=\"noreferrer noopener\">cliquant ici<\/a>.<\/strong><br>* <strong>T\u00e9l\u00e9chargez gratuitement l&rsquo;application Montri en <a href=\"https:\/\/www.uzer.eu\/montri-app-download\" target=\"_blank\" rel=\"noreferrer noopener\">cliquant ici<\/a>.<\/strong><\/p>\n\n\n\n<figure class=\"wp-block-image size-large\"><img loading=\"lazy\" decoding=\"async\" width=\"704\" height=\"1024\" src=\"https:\/\/commune-poisson.fr\/wp-content\/uploads\/ViePratique\/GestionD\u00e9chets\/Flyer-Montri-Fevrier-2026-704x1024.jpg\" alt=\"\" class=\"wp-image-7158\" srcset=\"https:\/\/commune-poisson.fr\/wp-content\/uploads\/ViePratique\/GestionD\u00e9chets\/Flyer-Montri-Fevrier-2026-704x1024.jpg 704w, https:\/\/commune-poisson.fr\/wp-content\/uploads\/ViePratique\/GestionD\u00e9chets\/Flyer-Montri-Fevrier-2026-206x300.jpg 206w, https:\/\/commune-poisson.fr\/wp-content\/uploads\/ViePratique\/GestionD\u00e9chets\/Flyer-Montri-Fevrier-2026-768x1117.jpg 768w, https:\/\/commune-poisson.fr\/wp-content\/uploads\/ViePratique\/GestionD\u00e9chets\/Flyer-Montri-Fevrier-2026-1056x1536.jpg 1056w, https:\/\/commune-poisson.fr\/wp-content\/uploads\/ViePratique\/GestionD\u00e9chets\/Flyer-Montri-Fevrier-2026-1408x2048.jpg 1408w, https:\/\/commune-poisson.fr\/wp-content\/uploads\/ViePratique\/GestionD\u00e9chets\/Flyer-Montri-Fevrier-2026-52x75.jpg 52w, https:\/\/commune-poisson.fr\/wp-content\/uploads\/ViePratique\/GestionD\u00e9chets\/Flyer-Montri-Fevrier-2026-480x698.jpg 480w, https:\/\/commune-poisson.fr\/wp-content\/uploads\/ViePratique\/GestionD\u00e9chets\/Flyer-Montri-Fevrier-2026.jpg 1702w\" sizes=\"auto, (max-width:767px) 480px, 704px\" \/><\/figure>\n\n\n\n<figure class=\"wp-block-image size-full is-resized\"><a href=\"https:\/\/commune-poisson.fr\/?page_id=315\"><img loading=\"lazy\" decoding=\"async\" width=\"50\" height=\"50\" src=\"https:\/\/commune-poisson.fr\/wp-content\/uploads\/Articles\/Logo\/Retour-Haut-de-page.jpg\" alt=\"\" class=\"wp-image-2177\" style=\"width:50px;height:50px\"\/><\/a><\/figure>\n","protected":false},"excerpt":{"rendered":"<p>Sur cette page :Trier ses d\u00e9chetsJours de collectes sur la<span class=\"excerpt-hellip\"> [\u2026]<\/span><\/p>\n","protected":false},"author":2,"featured_media":0,"parent":121,"menu_order":6,"comment_status":"closed","ping_status":"closed","template":"","meta":{"footnotes":""},"class_list":["post-315","page","type-page","status-publish","hentry"],"yoast_head":"<!-- This site is optimized with the Yoast SEO plugin v27.2 - https:\/\/yoast.com\/product\/yoast-seo-wordpress\/ -->\n<title>Gestion des d\u00e9chets - Commune de POISSON | Sa\u00f4ne-et-Loire (71)<\/title>\n<meta name=\"robots\" content=\"index, follow, max-snippet:-1, max-image-preview:large, max-video-preview:-1\" \/>\n<link rel=\"canonical\" href=\"https:\/\/commune-poisson.fr\/?page_id=315\" \/>\n<meta property=\"og:locale\" content=\"fr_FR\" \/>\n<meta property=\"og:type\" content=\"article\" \/>\n<meta property=\"og:title\" content=\"Gestion des d\u00e9chets - Commune de POISSON | Sa\u00f4ne-et-Loire (71)\" \/>\n<meta property=\"og:description\" content=\"Sur cette page :Trier ses d\u00e9chetsJours de collectes sur la [\u2026]\" \/>\n<meta property=\"og:url\" content=\"https:\/\/commune-poisson.fr\/?page_id=315\" \/>\n<meta property=\"og:site_name\" content=\"Commune de POISSON | Sa\u00f4ne-et-Loire (71)\" \/>\n<meta property=\"article:modified_time\" content=\"2026-04-05T17:28:23+00:00\" \/>\n<meta property=\"og:image\" content=\"https:\/\/commune-poisson.fr\/wp-content\/uploads\/Articles\/Logo\/Retour-Haut-de-page.jpg\" \/>\n<meta name=\"twitter:card\" content=\"summary_large_image\" \/>\n<meta name=\"twitter:label1\" content=\"Dur\u00e9e de lecture estim\u00e9e\" \/>\n\t<meta name=\"twitter:data1\" content=\"5 minutes\" \/>\n<script type=\"application\/ld+json\" class=\"yoast-schema-graph\">{\"@context\":\"https:\/\/schema.org\",\"@graph\":[{\"@type\":\"WebPage\",\"@id\":\"https:\/\/commune-poisson.fr\/?page_id=315\",\"url\":\"https:\/\/commune-poisson.fr\/?page_id=315\",\"name\":\"Gestion des d\u00e9chets - Commune de POISSON | Sa\u00f4ne-et-Loire (71)\",\"isPartOf\":{\"@id\":\"https:\/\/commune-poisson.fr\/#website\"},\"primaryImageOfPage\":{\"@id\":\"https:\/\/commune-poisson.fr\/?page_id=315#primaryimage\"},\"image\":{\"@id\":\"https:\/\/commune-poisson.fr\/?page_id=315#primaryimage\"},\"thumbnailUrl\":\"https:\/\/commune-poisson.fr\/wp-content\/uploads\/Articles\/Logo\/Retour-Haut-de-page.jpg\",\"datePublished\":\"2023-01-21T06:20:00+00:00\",\"dateModified\":\"2026-04-05T17:28:23+00:00\",\"breadcrumb\":{\"@id\":\"https:\/\/commune-poisson.fr\/?page_id=315#breadcrumb\"},\"inLanguage\":\"fr-FR\",\"potentialAction\":[{\"@type\":\"ReadAction\",\"target\":[\"https:\/\/commune-poisson.fr\/?page_id=315\"]}]},{\"@type\":\"ImageObject\",\"inLanguage\":\"fr-FR\",\"@id\":\"https:\/\/commune-poisson.fr\/?page_id=315#primaryimage\",\"url\":\"https:\/\/commune-poisson.fr\/wp-content\/uploads\/Articles\/Logo\/Retour-Haut-de-page.jpg\",\"contentUrl\":\"https:\/\/commune-poisson.fr\/wp-content\/uploads\/Articles\/Logo\/Retour-Haut-de-page.jpg\",\"width\":50,\"height\":50,\"caption\":\"Retour haut de page\"},{\"@type\":\"BreadcrumbList\",\"@id\":\"https:\/\/commune-poisson.fr\/?page_id=315#breadcrumb\",\"itemListElement\":[{\"@type\":\"ListItem\",\"position\":1,\"name\":\"Accueil\",\"item\":\"https:\/\/commune-poisson.fr\/\"},{\"@type\":\"ListItem\",\"position\":2,\"name\":\"Vie pratique\",\"item\":\"https:\/\/commune-poisson.fr\/?page_id=121\"},{\"@type\":\"ListItem\",\"position\":3,\"name\":\"Gestion des d\u00e9chets\"}]},{\"@type\":\"WebSite\",\"@id\":\"https:\/\/commune-poisson.fr\/#website\",\"url\":\"https:\/\/commune-poisson.fr\/\",\"name\":\"Commune de POISSON | Sa\u00f4ne-et-Loire (71)\",\"description\":\"Site officiel\",\"potentialAction\":[{\"@type\":\"SearchAction\",\"target\":{\"@type\":\"EntryPoint\",\"urlTemplate\":\"https:\/\/commune-poisson.fr\/?s={search_term_string}\"},\"query-input\":{\"@type\":\"PropertyValueSpecification\",\"valueRequired\":true,\"valueName\":\"search_term_string\"}}],\"inLanguage\":\"fr-FR\"}]}<\/script>\n<!-- \/ Yoast SEO plugin. -->","yoast_head_json":{"title":"Gestion des d\u00e9chets - Commune de POISSON | Sa\u00f4ne-et-Loire (71)","robots":{"index":"index","follow":"follow","max-snippet":"max-snippet:-1","max-image-preview":"max-image-preview:large","max-video-preview":"max-video-preview:-1"},"canonical":"https:\/\/commune-poisson.fr\/?page_id=315","og_locale":"fr_FR","og_type":"article","og_title":"Gestion des d\u00e9chets - Commune de POISSON | Sa\u00f4ne-et-Loire (71)","og_description":"Sur cette page :Trier ses d\u00e9chetsJours de collectes sur la [\u2026]","og_url":"https:\/\/commune-poisson.fr\/?page_id=315","og_site_name":"Commune de POISSON | Sa\u00f4ne-et-Loire (71)","article_modified_time":"2026-04-05T17:28:23+00:00","og_image":[{"url":"https:\/\/commune-poisson.fr\/wp-content\/uploads\/Articles\/Logo\/Retour-Haut-de-page.jpg","type":"","width":"","height":""}],"twitter_card":"summary_large_image","twitter_misc":{"Dur\u00e9e de lecture estim\u00e9e":"5 minutes"},"schema":{"@context":"https:\/\/schema.org","@graph":[{"@type":"WebPage","@id":"https:\/\/commune-poisson.fr\/?page_id=315","url":"https:\/\/commune-poisson.fr\/?page_id=315","name":"Gestion des d\u00e9chets - Commune de POISSON | Sa\u00f4ne-et-Loire (71)","isPartOf":{"@id":"https:\/\/commune-poisson.fr\/#website"},"primaryImageOfPage":{"@id":"https:\/\/commune-poisson.fr\/?page_id=315#primaryimage"},"image":{"@id":"https:\/\/commune-poisson.fr\/?page_id=315#primaryimage"},"thumbnailUrl":"https:\/\/commune-poisson.fr\/wp-content\/uploads\/Articles\/Logo\/Retour-Haut-de-page.jpg","datePublished":"2023-01-21T06:20:00+00:00","dateModified":"2026-04-05T17:28:23+00:00","breadcrumb":{"@id":"https:\/\/commune-poisson.fr\/?page_id=315#breadcrumb"},"inLanguage":"fr-FR","potentialAction":[{"@type":"ReadAction","target":["https:\/\/commune-poisson.fr\/?page_id=315"]}]},{"@type":"ImageObject","inLanguage":"fr-FR","@id":"https:\/\/commune-poisson.fr\/?page_id=315#primaryimage","url":"https:\/\/commune-poisson.fr\/wp-content\/uploads\/Articles\/Logo\/Retour-Haut-de-page.jpg","contentUrl":"https:\/\/commune-poisson.fr\/wp-content\/uploads\/Articles\/Logo\/Retour-Haut-de-page.jpg","width":50,"height":50,"caption":"Retour haut de page"},{"@type":"BreadcrumbList","@id":"https:\/\/commune-poisson.fr\/?page_id=315#breadcrumb","itemListElement":[{"@type":"ListItem","position":1,"name":"Accueil","item":"https:\/\/commune-poisson.fr\/"},{"@type":"ListItem","position":2,"name":"Vie pratique","item":"https:\/\/commune-poisson.fr\/?page_id=121"},{"@type":"ListItem","position":3,"name":"Gestion des d\u00e9chets"}]},{"@type":"WebSite","@id":"https:\/\/commune-poisson.fr\/#website","url":"https:\/\/commune-poisson.fr\/","name":"Commune de POISSON | Sa\u00f4ne-et-Loire (71)","description":"Site officiel","potentialAction":[{"@type":"SearchAction","target":{"@type":"EntryPoint","urlTemplate":"https:\/\/commune-poisson.fr\/?s={search_term_string}"},"query-input":{"@type":"PropertyValueSpecification","valueRequired":true,"valueName":"search_term_string"}}],"inLanguage":"fr-FR"}]}},"_links":{"self":[{"href":"https:\/\/commune-poisson.fr\/index.php?rest_route=\/wp\/v2\/pages\/315","targetHints":{"allow":["GET"]}}],"collection":[{"href":"https:\/\/commune-poisson.fr\/index.php?rest_route=\/wp\/v2\/pages"}],"about":[{"href":"https:\/\/commune-poisson.fr\/index.php?rest_route=\/wp\/v2\/types\/page"}],"author":[{"embeddable":true,"href":"https:\/\/commune-poisson.fr\/index.php?rest_route=\/wp\/v2\/users\/2"}],"replies":[{"embeddable":true,"href":"https:\/\/commune-poisson.fr\/index.php?rest_route=%2Fwp%2Fv2%2Fcomments&post=315"}],"version-history":[{"count":69,"href":"https:\/\/commune-poisson.fr\/index.php?rest_route=\/wp\/v2\/pages\/315\/revisions"}],"predecessor-version":[{"id":7620,"href":"https:\/\/commune-poisson.fr\/index.php?rest_route=\/wp\/v2\/pages\/315\/revisions\/7620"}],"up":[{"embeddable":true,"href":"https:\/\/commune-poisson.fr\/index.php?rest_route=\/wp\/v2\/pages\/121"}],"wp:attachment":[{"href":"https:\/\/commune-poisson.fr\/index.php?rest_route=%2Fwp%2Fv2%2Fmedia&parent=315"}],"curies":[{"name":"wp","href":"https:\/\/api.w.org\/{rel}","templated":true}]}}