{"id":307,"date":"2026-02-23T12:03:44","date_gmt":"2026-02-23T11:03:44","guid":{"rendered":"https:\/\/sddbox-containers.com\/?page_id=307"},"modified":"2026-04-01T08:30:41","modified_gmt":"2026-04-01T06:30:41","slug":"commerces-artisans-autres-services","status":"publish","type":"page","link":"https:\/\/commune-poisson.fr\/?page_id=307","title":{"rendered":"Commerces &#8211; Artisans &#8211; Autres services"},"content":{"rendered":"\n<p><strong>Sur cette page :<br><a href=\"#Commerces\">Commerces<\/a><br><a href=\"#Artisans\">Artisans<\/a><br><a href=\"#Autres-services\">Autres services<\/a><\/strong><\/p>\n\n\n\n<hr class=\"wp-block-separator has-text-color has-black-color has-alpha-channel-opacity has-black-background-color has-background\" id=\"Commerces\"\/>\n\n\n\n<h2 class=\"wp-block-heading has-luminous-vivid-orange-color has-text-color\"><strong>COMMERCES \u00c0 POISSON<\/strong><\/h2>\n\n\n\n<p>* Boucherie DANJOUX<br>Page Facebook : <strong><a href=\"https:\/\/www.facebook.com\/Boucherie-danjoux-106279388139348\" target=\"_blank\" rel=\"noreferrer noopener\">c&rsquo;est ici<\/a><\/strong>.<\/p>\n\n\n\n<p>* Boulangerie-\u00c9picerie : Ebtisam et Christian COGNARD<br>T\u00e9l : 03 85 81 32 20 &#8211; Page Facebook : <strong><a href=\"https:\/\/www.facebook.com\/Boulangerie-de-poisson-71600-832424226782528\/\" target=\"_blank\" rel=\"noreferrer noopener\">c&rsquo;est ici<\/a><\/strong>.<\/p>\n\n\n\n<p>* Ferme des Tartins : famille BONNOT<br>Page Facebook :&nbsp;<strong><a href=\"https:\/\/www.facebook.com\/maxime.bonnot.315\/timeline?lst=100010137857202%3A100028166021993%3A1586155247\" target=\"_blank\" rel=\"noreferrer noopener\">c&rsquo;est ici<\/a>.<\/strong><\/p>\n\n\n\n<p>* Ferme du Val d&rsquo;Arconce : EARL BRIVET<br>Page Facebook :&nbsp;<strong><a href=\"https:\/\/www.facebook.com\/p\/Ferme-du-Val-dArconce-61556892876612\/\" target=\"_blank\" rel=\"noreferrer noopener\">c&rsquo;est ici<\/a>.<\/strong><\/p>\n\n\n\n<p>* H\u00f4tel LA RECONCE &#8211; Restaurant LA&nbsp;POSTE &#8211; Bar&nbsp;: Daphn\u00e9 et Cyrille BONNOT&nbsp;<br>T\u00e9l : 03 85 81 10 72 &#8211; Site Internet : <strong><a href=\"https:\/\/www.hotelreconce.com\/\" target=\"_blank\" rel=\"noreferrer noopener\">c&rsquo;est ici<\/a><\/strong>.<\/p>\n\n\n\n<p><strong>*<\/strong> Le Roi Arthur caf\u00e9 &amp; Boutique <br>Page Facebook :&nbsp;<strong><a data-type=\"URL\" data-id=\"https:\/\/www.facebook.com\/leroiarthurboutique\" href=\"https:\/\/www.facebook.com\/leroiarthurboutique\" target=\"_blank\" rel=\"noreferrer noopener\">c&rsquo;est ici<\/a>.<\/strong><\/p>\n\n\n\n<figure class=\"wp-block-image size-full\"><a href=\"https:\/\/commune-poisson.fr\/?page_id=307\"><img loading=\"lazy\" decoding=\"async\" width=\"50\" height=\"50\" src=\"https:\/\/commune-poisson.fr\/wp-content\/uploads\/Articles\/Logo\/Retour-Haut-de-page.jpg\" alt=\"\" class=\"wp-image-2177\"\/><\/a><\/figure>\n\n\n\n<hr class=\"wp-block-separator has-text-color has-black-color has-alpha-channel-opacity has-black-background-color has-background\" id=\"Artisans\"\/>\n\n\n\n<h2 class=\"wp-block-heading has-luminous-vivid-orange-color has-text-color\"><strong>ARTISANS \u00c0 POISSON<\/strong><\/h2>\n\n\n\n<p>* Antiquit\u00e9s Brocantes&nbsp;: Ghislaine MARTIN-JEANDEAUX<br>T\u00e9l : 03 85 81 28 44<\/p>\n\n\n\n<p>* Apiculteur : Vincent RAULIN<br>T\u00e9l : 06 26 16 58 89<\/p>\n\n\n\n<p>* Bois \u00c9nergie Charolais : SARL J\u00e9r\u00f4me POLETTE<br>T\u00e9l : 06 63 69 30 12<\/p>\n\n\n\n<p>* Charpente LABARGE<br>T\u00e9l : 03 85 25 25 74 &#8211; Site Internet : <strong><a href=\"http:\/\/charpente-labarge.com\/\" target=\"_blank\" rel=\"noreferrer noopener\">c&rsquo;est ici<\/a><\/strong>.<\/p>\n\n\n\n<p>* Confection de v\u00eatements enfants : Ti BouBou<\/p>\n\n\n\n<p>* D\u00e9copub-71 : Xavier Perraud<\/p>\n\n\n\n<p>* Entreprise&nbsp;de TP, terrassement&nbsp;: Christophe BOULOGNE<br>T\u00e9l : 03 85 81 41 74<\/p>\n\n\n\n<p>* Exploitation foresti\u00e8re \/ Paysagiste : Michel BLANCHON<br>T\u00e9l : 03 85 88 88 56 &#8211; Site Internet : <a href=\"https:\/\/blanchonmichel.site-solocal.com\/\" target=\"_blank\" rel=\"noreferrer noopener\"><strong>c&rsquo;est ici<\/strong><\/a>.<\/p>\n\n\n\n<p>* Exploitation foresti\u00e8re \/ Paysagiste : G\u00e9rald CARR\u00c9<\/p>\n\n\n\n<p>* Exploitation foresti\u00e8re \/ Paysagiste : Dominique COGNARD<br>T\u00e9l : 03 85 81 44 99<\/p>\n\n\n\n<p>* Exploitation foresti\u00e8re \/ Paysagiste : Edmond LEVITE<br>T\u00e9l : 03 85 25 15 90<\/p>\n\n\n\n<p>* Horticulture : GAEC SOLEYMIEUX<br>T\u00e9l :&nbsp;07 70 54 46 17 &#8211;&nbsp;Page Facebook :&nbsp;<a href=\"https:\/\/www.facebook.com\/soleymieuxhorticulteurs\/\" target=\"_blank\" rel=\"noreferrer noopener\"><strong>c&rsquo;est ici<\/strong><\/a>.<\/p>\n\n\n\n<p>* Menuiserie : Xavier FORET<br>T\u00e9l : 03 85 25 98 06 &#8211; Site Internet : <strong><a href=\"http:\/\/menuiserie-foret.com\/\" target=\"_blank\" rel=\"noreferrer noopener\">c&rsquo;est ici<\/a><\/strong>.<\/p>\n\n\n\n<p>* Menuiserie &#8211; m\u00e9tallerie \u00ab\u00a0l\u2019Atelier du Savoir Fer\u00a0\u00bb : Corentin Guilloux<br>T\u00e9l : 07 75 70 36 69 &#8211; Page Facebook :&nbsp;<strong><a href=\"https:\/\/www.facebook.com\/profile.php?id=61573151577829\" target=\"_blank\" rel=\"noreferrer noopener\">c&rsquo;est ici<\/a><\/strong>.<\/p>\n\n\n\n<p>* Pl\u00e2trerie &#8211; peinture : Laurent BOUILLER<br>T\u00e9l : 06 07 05 71 65<\/p>\n\n\n\n<p>* Poterie : Chlo\u00e9 WALTERS<br>T\u00e9l :&nbsp;03 85 81 36 22<\/p>\n\n\n\n<figure class=\"wp-block-image size-full\"><a href=\"https:\/\/commune-poisson.fr\/?page_id=307\"><img loading=\"lazy\" decoding=\"async\" width=\"50\" height=\"50\" src=\"https:\/\/commune-poisson.fr\/wp-content\/uploads\/Articles\/Logo\/Retour-Haut-de-page.jpg\" alt=\"\" class=\"wp-image-2177\"\/><\/a><\/figure>\n\n\n\n<hr class=\"wp-block-separator has-text-color has-black-color has-alpha-channel-opacity has-black-background-color has-background\" id=\"Autres-services\"\/>\n\n\n\n<h2 class=\"wp-block-heading has-luminous-vivid-orange-color has-text-color\"><strong>AUTRES SERVICES \u00c0 POISSON<\/strong><\/h2>\n\n\n\n<p>* Gite \u00ab&nbsp;Ch\u00e2teau de Martigny&nbsp;\u00bb<br>Plus d\u2019informations : <a href=\"https:\/\/www.gites.fr\/gites_gite-a-la-campagne_poisson_53366.htm\" target=\"_blank\" rel=\"noreferrer noopener\"><strong>c\u2019est ici<\/strong><\/a>.<\/p>\n\n\n\n<p>* Gite de Sermaize<br>Plus d&rsquo;informations : <strong><a href=\"https:\/\/www.gites-de-france-bourgogne-sud.com\/location-Gite-Poisson-Saone-et-loire-71G1628.html\" target=\"_blank\" rel=\"noreferrer noopener\">c&rsquo;est ici<\/a><\/strong>.<\/p>\n\n\n\n<p>* Gite et chambres de charme \u00ab&nbsp;Les Fromentaux&nbsp;\u00bb<br>Site Internet : <a href=\"https:\/\/www.lesfromentaux.fr\" target=\"_blank\" rel=\"noreferrer noopener\"><strong>c\u2019est ici<\/strong><\/a>.<\/p>\n\n\n\n<p>* Gite du Val d\u2019Arconce<br>Plus d\u2019informations : <strong><a href=\"https:\/\/www.tourismecharolaisbrionnais.fr\/hebergements-collectifs\/gite-du-val-d-arconce-HCOBFC000V53SIZV.html\" target=\"_blank\" rel=\"noreferrer noopener\">c\u2019est ici<\/a><\/strong>.<\/p>\n\n\n\n<p>* Charly Chasseur de gu\u00eapes : Carlos MIGUEL<br>T\u00e9l : 06 15 69 56 59<\/p>\n\n\n\n<p>* CUMA L\u2019Arconce (Coop\u00e9rative d\u2019Utilisation du Mat\u00e9riel Agricole)<br>T\u00e9l : 03 85 81 17 26<\/p>\n\n\n\n<p>* Pension pour chevaux : ferme du Val d&rsquo;Arconce &#8211; EARL BRIVET<br>Page Facebook :&nbsp;<strong><a href=\"https:\/\/www.facebook.com\/p\/Ferme-du-Val-dArconce-61556892876612\/\" target=\"_blank\" rel=\"noreferrer noopener\">c&rsquo;est ici<\/a>.<\/strong><\/p>\n\n\n\n<figure class=\"wp-block-image size-full\"><a href=\"https:\/\/commune-poisson.fr\/?page_id=307\"><img loading=\"lazy\" decoding=\"async\" width=\"50\" height=\"50\" src=\"https:\/\/commune-poisson.fr\/wp-content\/uploads\/Articles\/Logo\/Retour-Haut-de-page.jpg\" alt=\"\" class=\"wp-image-2177\"\/><\/a><\/figure>\n","protected":false},"excerpt":{"rendered":"<p>Sur cette page :CommercesArtisansAutres services COMMERCES \u00c0 POISSON * Boucherie<span class=\"excerpt-hellip\"> [\u2026]<\/span><\/p>\n","protected":false},"author":2,"featured_media":0,"parent":121,"menu_order":2,"comment_status":"closed","ping_status":"closed","template":"","meta":{"footnotes":""},"class_list":["post-307","page","type-page","status-publish","hentry"],"yoast_head":"<!-- This site is optimized with the Yoast SEO plugin v27.2 - https:\/\/yoast.com\/product\/yoast-seo-wordpress\/ -->\n<title>Commerces - Artisans - Autres services - Commune de POISSON | Sa\u00f4ne-et-Loire (71)<\/title>\n<meta name=\"robots\" content=\"index, follow, max-snippet:-1, max-image-preview:large, max-video-preview:-1\" \/>\n<link rel=\"canonical\" href=\"https:\/\/commune-poisson.fr\/?page_id=307\" \/>\n<meta property=\"og:locale\" content=\"fr_FR\" \/>\n<meta property=\"og:type\" content=\"article\" \/>\n<meta property=\"og:title\" content=\"Commerces - Artisans - Autres services - Commune de POISSON | Sa\u00f4ne-et-Loire (71)\" \/>\n<meta property=\"og:description\" content=\"Sur cette page :CommercesArtisansAutres services COMMERCES \u00c0 POISSON * Boucherie [\u2026]\" \/>\n<meta property=\"og:url\" content=\"https:\/\/commune-poisson.fr\/?page_id=307\" \/>\n<meta property=\"og:site_name\" content=\"Commune de POISSON | Sa\u00f4ne-et-Loire (71)\" \/>\n<meta property=\"article:modified_time\" content=\"2026-04-01T06:30:41+00:00\" \/>\n<meta property=\"og:image\" content=\"https:\/\/commune-poisson.fr\/wp-content\/uploads\/Articles\/Logo\/Retour-Haut-de-page.jpg\" \/>\n\t<meta property=\"og:image:width\" content=\"50\" \/>\n\t<meta property=\"og:image:height\" content=\"50\" \/>\n\t<meta property=\"og:image:type\" content=\"image\/jpeg\" \/>\n<meta name=\"twitter:card\" content=\"summary_large_image\" \/>\n<meta name=\"twitter:label1\" content=\"Dur\u00e9e de lecture estim\u00e9e\" \/>\n\t<meta name=\"twitter:data1\" content=\"3 minutes\" \/>\n<script type=\"application\/ld+json\" class=\"yoast-schema-graph\">{\"@context\":\"https:\/\/schema.org\",\"@graph\":[{\"@type\":\"WebPage\",\"@id\":\"https:\/\/commune-poisson.fr\/?page_id=307\",\"url\":\"https:\/\/commune-poisson.fr\/?page_id=307\",\"name\":\"Commerces - Artisans - Autres services - Commune de POISSON | Sa\u00f4ne-et-Loire (71)\",\"isPartOf\":{\"@id\":\"https:\/\/commune-poisson.fr\/#website\"},\"primaryImageOfPage\":{\"@id\":\"https:\/\/commune-poisson.fr\/?page_id=307#primaryimage\"},\"image\":{\"@id\":\"https:\/\/commune-poisson.fr\/?page_id=307#primaryimage\"},\"thumbnailUrl\":\"https:\/\/commune-poisson.fr\/wp-content\/uploads\/Articles\/Logo\/Retour-Haut-de-page.jpg\",\"datePublished\":\"2026-02-23T11:03:44+00:00\",\"dateModified\":\"2026-04-01T06:30:41+00:00\",\"breadcrumb\":{\"@id\":\"https:\/\/commune-poisson.fr\/?page_id=307#breadcrumb\"},\"inLanguage\":\"fr-FR\",\"potentialAction\":[{\"@type\":\"ReadAction\",\"target\":[\"https:\/\/commune-poisson.fr\/?page_id=307\"]}]},{\"@type\":\"ImageObject\",\"inLanguage\":\"fr-FR\",\"@id\":\"https:\/\/commune-poisson.fr\/?page_id=307#primaryimage\",\"url\":\"https:\/\/commune-poisson.fr\/wp-content\/uploads\/Articles\/Logo\/Retour-Haut-de-page.jpg\",\"contentUrl\":\"https:\/\/commune-poisson.fr\/wp-content\/uploads\/Articles\/Logo\/Retour-Haut-de-page.jpg\",\"width\":50,\"height\":50,\"caption\":\"Retour haut de page\"},{\"@type\":\"BreadcrumbList\",\"@id\":\"https:\/\/commune-poisson.fr\/?page_id=307#breadcrumb\",\"itemListElement\":[{\"@type\":\"ListItem\",\"position\":1,\"name\":\"Accueil\",\"item\":\"https:\/\/commune-poisson.fr\/\"},{\"@type\":\"ListItem\",\"position\":2,\"name\":\"Vie pratique\",\"item\":\"https:\/\/commune-poisson.fr\/?page_id=121\"},{\"@type\":\"ListItem\",\"position\":3,\"name\":\"Commerces &#8211; Artisans &#8211; Autres services\"}]},{\"@type\":\"WebSite\",\"@id\":\"https:\/\/commune-poisson.fr\/#website\",\"url\":\"https:\/\/commune-poisson.fr\/\",\"name\":\"Commune de POISSON | Sa\u00f4ne-et-Loire (71)\",\"description\":\"Site officiel\",\"potentialAction\":[{\"@type\":\"SearchAction\",\"target\":{\"@type\":\"EntryPoint\",\"urlTemplate\":\"https:\/\/commune-poisson.fr\/?s={search_term_string}\"},\"query-input\":{\"@type\":\"PropertyValueSpecification\",\"valueRequired\":true,\"valueName\":\"search_term_string\"}}],\"inLanguage\":\"fr-FR\"}]}<\/script>\n<!-- \/ Yoast SEO plugin. -->","yoast_head_json":{"title":"Commerces - Artisans - Autres services - Commune de POISSON | Sa\u00f4ne-et-Loire (71)","robots":{"index":"index","follow":"follow","max-snippet":"max-snippet:-1","max-image-preview":"max-image-preview:large","max-video-preview":"max-video-preview:-1"},"canonical":"https:\/\/commune-poisson.fr\/?page_id=307","og_locale":"fr_FR","og_type":"article","og_title":"Commerces - Artisans - Autres services - Commune de POISSON | Sa\u00f4ne-et-Loire (71)","og_description":"Sur cette page :CommercesArtisansAutres services COMMERCES \u00c0 POISSON * Boucherie [\u2026]","og_url":"https:\/\/commune-poisson.fr\/?page_id=307","og_site_name":"Commune de POISSON | Sa\u00f4ne-et-Loire (71)","article_modified_time":"2026-04-01T06:30:41+00:00","og_image":[{"width":50,"height":50,"url":"https:\/\/commune-poisson.fr\/wp-content\/uploads\/Articles\/Logo\/Retour-Haut-de-page.jpg","type":"image\/jpeg"}],"twitter_card":"summary_large_image","twitter_misc":{"Dur\u00e9e de lecture estim\u00e9e":"3 minutes"},"schema":{"@context":"https:\/\/schema.org","@graph":[{"@type":"WebPage","@id":"https:\/\/commune-poisson.fr\/?page_id=307","url":"https:\/\/commune-poisson.fr\/?page_id=307","name":"Commerces - Artisans - Autres services - Commune de POISSON | Sa\u00f4ne-et-Loire (71)","isPartOf":{"@id":"https:\/\/commune-poisson.fr\/#website"},"primaryImageOfPage":{"@id":"https:\/\/commune-poisson.fr\/?page_id=307#primaryimage"},"image":{"@id":"https:\/\/commune-poisson.fr\/?page_id=307#primaryimage"},"thumbnailUrl":"https:\/\/commune-poisson.fr\/wp-content\/uploads\/Articles\/Logo\/Retour-Haut-de-page.jpg","datePublished":"2026-02-23T11:03:44+00:00","dateModified":"2026-04-01T06:30:41+00:00","breadcrumb":{"@id":"https:\/\/commune-poisson.fr\/?page_id=307#breadcrumb"},"inLanguage":"fr-FR","potentialAction":[{"@type":"ReadAction","target":["https:\/\/commune-poisson.fr\/?page_id=307"]}]},{"@type":"ImageObject","inLanguage":"fr-FR","@id":"https:\/\/commune-poisson.fr\/?page_id=307#primaryimage","url":"https:\/\/commune-poisson.fr\/wp-content\/uploads\/Articles\/Logo\/Retour-Haut-de-page.jpg","contentUrl":"https:\/\/commune-poisson.fr\/wp-content\/uploads\/Articles\/Logo\/Retour-Haut-de-page.jpg","width":50,"height":50,"caption":"Retour haut de page"},{"@type":"BreadcrumbList","@id":"https:\/\/commune-poisson.fr\/?page_id=307#breadcrumb","itemListElement":[{"@type":"ListItem","position":1,"name":"Accueil","item":"https:\/\/commune-poisson.fr\/"},{"@type":"ListItem","position":2,"name":"Vie pratique","item":"https:\/\/commune-poisson.fr\/?page_id=121"},{"@type":"ListItem","position":3,"name":"Commerces &#8211; Artisans &#8211; Autres services"}]},{"@type":"WebSite","@id":"https:\/\/commune-poisson.fr\/#website","url":"https:\/\/commune-poisson.fr\/","name":"Commune de POISSON | Sa\u00f4ne-et-Loire (71)","description":"Site officiel","potentialAction":[{"@type":"SearchAction","target":{"@type":"EntryPoint","urlTemplate":"https:\/\/commune-poisson.fr\/?s={search_term_string}"},"query-input":{"@type":"PropertyValueSpecification","valueRequired":true,"valueName":"search_term_string"}}],"inLanguage":"fr-FR"}]}},"_links":{"self":[{"href":"https:\/\/commune-poisson.fr\/index.php?rest_route=\/wp\/v2\/pages\/307","targetHints":{"allow":["GET"]}}],"collection":[{"href":"https:\/\/commune-poisson.fr\/index.php?rest_route=\/wp\/v2\/pages"}],"about":[{"href":"https:\/\/commune-poisson.fr\/index.php?rest_route=\/wp\/v2\/types\/page"}],"author":[{"embeddable":true,"href":"https:\/\/commune-poisson.fr\/index.php?rest_route=\/wp\/v2\/users\/2"}],"replies":[{"embeddable":true,"href":"https:\/\/commune-poisson.fr\/index.php?rest_route=%2Fwp%2Fv2%2Fcomments&post=307"}],"version-history":[{"count":37,"href":"https:\/\/commune-poisson.fr\/index.php?rest_route=\/wp\/v2\/pages\/307\/revisions"}],"predecessor-version":[{"id":7394,"href":"https:\/\/commune-poisson.fr\/index.php?rest_route=\/wp\/v2\/pages\/307\/revisions\/7394"}],"up":[{"embeddable":true,"href":"https:\/\/commune-poisson.fr\/index.php?rest_route=\/wp\/v2\/pages\/121"}],"wp:attachment":[{"href":"https:\/\/commune-poisson.fr\/index.php?rest_route=%2Fwp%2Fv2%2Fmedia&parent=307"}],"curies":[{"name":"wp","href":"https:\/\/api.w.org\/{rel}","templated":true}]}}