{"id":305,"date":"2023-01-21T09:10:00","date_gmt":"2023-01-21T08:10:00","guid":{"rendered":"https:\/\/sddbox-containers.com\/?page_id=305"},"modified":"2026-04-05T18:52:27","modified_gmt":"2026-04-05T16:52:27","slug":"vos-demarches","status":"publish","type":"page","link":"https:\/\/commune-poisson.fr\/?page_id=305","title":{"rendered":"Vos d\u00e9marches"},"content":{"rendered":"\n<p><strong>Sur cette page :<br><strong><a href=\"#Permis\">Permis de construire, permis d\u2019am\u00e9nager, \u2026<\/a><\/strong><br><strong><a href=\"#Service-Public\">Des informations g\u00e9r\u00e9es par Service-Public.fr : <strong>vie quotidienne, papiers officiels, \u2026<\/strong><\/a><\/strong><\/strong> <\/p>\n\n\n\n<figure class=\"wp-block-image size-full is-resized\"><img loading=\"lazy\" decoding=\"async\" width=\"672\" height=\"502\" src=\"https:\/\/commune-poisson.fr\/wp-content\/uploads\/ViePratique\/VosD\u00e9marches\/Logo-page-Vos-demarches.jpg\" alt=\"\" class=\"wp-image-7595\" style=\"width:260px\" srcset=\"https:\/\/commune-poisson.fr\/wp-content\/uploads\/ViePratique\/VosD\u00e9marches\/Logo-page-Vos-demarches.jpg 672w, https:\/\/commune-poisson.fr\/wp-content\/uploads\/ViePratique\/VosD\u00e9marches\/Logo-page-Vos-demarches-300x224.jpg 300w, https:\/\/commune-poisson.fr\/wp-content\/uploads\/ViePratique\/VosD\u00e9marches\/Logo-page-Vos-demarches-100x75.jpg 100w, https:\/\/commune-poisson.fr\/wp-content\/uploads\/ViePratique\/VosD\u00e9marches\/Logo-page-Vos-demarches-480x359.jpg 480w\" sizes=\"auto, (max-width:767px) 480px, 672px\" \/><\/figure>\n\n\n\n<div style=\"height:10px\" aria-hidden=\"true\" class=\"wp-block-spacer\"><\/div>\n\n\n\n<hr class=\"wp-block-separator has-text-color has-black-color has-alpha-channel-opacity has-black-background-color has-background is-style-default\" id=\"Permis\"\/>\n\n\n\n<h2 class=\"wp-block-heading has-luminous-vivid-orange-color has-text-color has-link-color wp-elements-038ddd7b4d09b2066f0a83fd5388a1b5\"><strong>Permis de construire, permis d\u2019am\u00e9nager, \u2026<\/strong><\/h2>\n\n\n\n<p><strong>Le Plan Local d\u2019Urbanisme<\/strong> <strong>Intercommunal (PLUI)<\/strong> <strong>est entr\u00e9 en vigueur<\/strong> <strong>le 2 mars 2026.<\/strong> <strong>Toutes vos demandes<\/strong> <strong>d\u2019autorisations d\u2019urbanisme<\/strong> <strong>sont soumises au nouveau<\/strong> <strong>Plan local d\u2019urbanisme<\/strong> <strong>du Grand Charolais<\/strong> <strong>et sont instruites par le<\/strong> <strong>Pays Charolais-Brionnais :<\/strong> <strong>permis de construire,<\/strong> <strong>permis d\u2019am\u00e9nager, d\u00e9clarations pr\u00e9alables,<\/strong> <strong>certificats d\u2019urbanisme,\u2026<\/strong><br>* <strong>Possibilit\u00e9 de d\u00e9poser<\/strong> <strong>en ligne vos demandes<\/strong> <strong>via le guichet<\/strong> <strong>du Pays Charolais-Brionnais<\/strong> <strong>en <a href=\"https:\/\/paray-le-monial.geosphere.fr\/guichet-unique\/Login\/Particulier\" target=\"_blank\" rel=\"noreferrer noopener\">cliquant ici<\/a>.<\/strong><br>* <strong>Pour plus d\u2019informations<\/strong> <strong>sur les d\u00e9marches<\/strong> <strong>\u00e0 effectuer,<\/strong> <strong><a href=\"https:\/\/www.legrandcharolais.fr\/toutes-les-actualites\/le-plan-local-d-urbanisme-intercommunal-entre-en-vigueur-02-03-2026.html\" target=\"_blank\" rel=\"noreferrer noopener\">cliquez ici<\/a>.<\/strong><\/p>\n\n\n\n<figure class=\"wp-block-gallery has-nested-images columns-2 is-cropped wp-block-gallery-1 is-layout-flex wp-block-gallery-is-layout-flex\">\n<figure data-wp-context=\"{&quot;imageId&quot;:&quot;69e58b342057f&quot;}\" data-wp-interactive=\"core\/image\" data-wp-key=\"69e58b342057f\" class=\"wp-block-image size-large wp-lightbox-container\"><img loading=\"lazy\" decoding=\"async\" width=\"746\" height=\"1024\" data-wp-class--hide=\"state.isContentHidden\" data-wp-class--show=\"state.isContentVisible\" data-wp-init=\"callbacks.setButtonStyles\" data-wp-on--click=\"actions.showLightbox\" data-wp-on--load=\"callbacks.setButtonStyles\" data-wp-on-window--resize=\"callbacks.setButtonStyles\" data-id=\"7123\" src=\"https:\/\/commune-poisson.fr\/wp-content\/uploads\/ViePratique\/VosD\u00e9marches\/Entree-en-vigeur-PLUI-2-mars-2026-A-746x1024.jpg\" alt=\"\" class=\"wp-image-7123\" srcset=\"https:\/\/commune-poisson.fr\/wp-content\/uploads\/ViePratique\/VosD\u00e9marches\/Entree-en-vigeur-PLUI-2-mars-2026-A-746x1024.jpg 746w, https:\/\/commune-poisson.fr\/wp-content\/uploads\/ViePratique\/VosD\u00e9marches\/Entree-en-vigeur-PLUI-2-mars-2026-A-219x300.jpg 219w, https:\/\/commune-poisson.fr\/wp-content\/uploads\/ViePratique\/VosD\u00e9marches\/Entree-en-vigeur-PLUI-2-mars-2026-A-768x1054.jpg 768w, https:\/\/commune-poisson.fr\/wp-content\/uploads\/ViePratique\/VosD\u00e9marches\/Entree-en-vigeur-PLUI-2-mars-2026-A-55x75.jpg 55w, https:\/\/commune-poisson.fr\/wp-content\/uploads\/ViePratique\/VosD\u00e9marches\/Entree-en-vigeur-PLUI-2-mars-2026-A-480x659.jpg 480w, https:\/\/commune-poisson.fr\/wp-content\/uploads\/ViePratique\/VosD\u00e9marches\/Entree-en-vigeur-PLUI-2-mars-2026-A.jpg 782w\" sizes=\"auto, (max-width:767px) 480px, 746px\" \/><button\n\t\t\tclass=\"lightbox-trigger\"\n\t\t\ttype=\"button\"\n\t\t\taria-haspopup=\"dialog\"\n\t\t\taria-label=\"Agrandir\"\n\t\t\tdata-wp-init=\"callbacks.initTriggerButton\"\n\t\t\tdata-wp-on--click=\"actions.showLightbox\"\n\t\t\tdata-wp-style--right=\"state.imageButtonRight\"\n\t\t\tdata-wp-style--top=\"state.imageButtonTop\"\n\t\t>\n\t\t\t<svg xmlns=\"http:\/\/www.w3.org\/2000\/svg\" width=\"12\" height=\"12\" fill=\"none\" viewBox=\"0 0 12 12\">\n\t\t\t\t<path fill=\"#fff\" d=\"M2 0a2 2 0 0 0-2 2v2h1.5V2a.5.5 0 0 1 .5-.5h2V0H2Zm2 10.5H2a.5.5 0 0 1-.5-.5V8H0v2a2 2 0 0 0 2 2h2v-1.5ZM8 12v-1.5h2a.5.5 0 0 0 .5-.5V8H12v2a2 2 0 0 1-2 2H8Zm2-12a2 2 0 0 1 2 2v2h-1.5V2a.5.5 0 0 0-.5-.5H8V0h2Z\" \/>\n\t\t\t<\/svg>\n\t\t<\/button><\/figure>\n\n\n\n<figure data-wp-context=\"{&quot;imageId&quot;:&quot;69e58b34209de&quot;}\" data-wp-interactive=\"core\/image\" data-wp-key=\"69e58b34209de\" class=\"wp-block-image size-large wp-lightbox-container\"><img loading=\"lazy\" decoding=\"async\" width=\"747\" height=\"1024\" data-wp-class--hide=\"state.isContentHidden\" data-wp-class--show=\"state.isContentVisible\" data-wp-init=\"callbacks.setButtonStyles\" data-wp-on--click=\"actions.showLightbox\" data-wp-on--load=\"callbacks.setButtonStyles\" data-wp-on-window--resize=\"callbacks.setButtonStyles\" data-id=\"7124\" src=\"https:\/\/commune-poisson.fr\/wp-content\/uploads\/ViePratique\/VosD\u00e9marches\/Entree-en-vigeur-PLUI-2-mars-2026-B-747x1024.jpg\" alt=\"\" class=\"wp-image-7124\" srcset=\"https:\/\/commune-poisson.fr\/wp-content\/uploads\/ViePratique\/VosD\u00e9marches\/Entree-en-vigeur-PLUI-2-mars-2026-B-747x1024.jpg 747w, https:\/\/commune-poisson.fr\/wp-content\/uploads\/ViePratique\/VosD\u00e9marches\/Entree-en-vigeur-PLUI-2-mars-2026-B-219x300.jpg 219w, https:\/\/commune-poisson.fr\/wp-content\/uploads\/ViePratique\/VosD\u00e9marches\/Entree-en-vigeur-PLUI-2-mars-2026-B-768x1053.jpg 768w, https:\/\/commune-poisson.fr\/wp-content\/uploads\/ViePratique\/VosD\u00e9marches\/Entree-en-vigeur-PLUI-2-mars-2026-B-55x75.jpg 55w, https:\/\/commune-poisson.fr\/wp-content\/uploads\/ViePratique\/VosD\u00e9marches\/Entree-en-vigeur-PLUI-2-mars-2026-B-480x658.jpg 480w, https:\/\/commune-poisson.fr\/wp-content\/uploads\/ViePratique\/VosD\u00e9marches\/Entree-en-vigeur-PLUI-2-mars-2026-B.jpg 782w\" sizes=\"auto, (max-width:767px) 480px, 747px\" \/><button\n\t\t\tclass=\"lightbox-trigger\"\n\t\t\ttype=\"button\"\n\t\t\taria-haspopup=\"dialog\"\n\t\t\taria-label=\"Agrandir\"\n\t\t\tdata-wp-init=\"callbacks.initTriggerButton\"\n\t\t\tdata-wp-on--click=\"actions.showLightbox\"\n\t\t\tdata-wp-style--right=\"state.imageButtonRight\"\n\t\t\tdata-wp-style--top=\"state.imageButtonTop\"\n\t\t>\n\t\t\t<svg xmlns=\"http:\/\/www.w3.org\/2000\/svg\" width=\"12\" height=\"12\" fill=\"none\" viewBox=\"0 0 12 12\">\n\t\t\t\t<path fill=\"#fff\" d=\"M2 0a2 2 0 0 0-2 2v2h1.5V2a.5.5 0 0 1 .5-.5h2V0H2Zm2 10.5H2a.5.5 0 0 1-.5-.5V8H0v2a2 2 0 0 0 2 2h2v-1.5ZM8 12v-1.5h2a.5.5 0 0 0 .5-.5V8H12v2a2 2 0 0 1-2 2H8Zm2-12a2 2 0 0 1 2 2v2h-1.5V2a.5.5 0 0 0-.5-.5H8V0h2Z\" \/>\n\t\t\t<\/svg>\n\t\t<\/button><\/figure>\n\n\n\n<figure data-wp-context=\"{&quot;imageId&quot;:&quot;69e58b3420d71&quot;}\" data-wp-interactive=\"core\/image\" data-wp-key=\"69e58b3420d71\" class=\"wp-block-image size-large wp-lightbox-container\"><img loading=\"lazy\" decoding=\"async\" width=\"1024\" height=\"695\" data-wp-class--hide=\"state.isContentHidden\" data-wp-class--show=\"state.isContentVisible\" data-wp-init=\"callbacks.setButtonStyles\" data-wp-on--click=\"actions.showLightbox\" data-wp-on--load=\"callbacks.setButtonStyles\" data-wp-on-window--resize=\"callbacks.setButtonStyles\" data-id=\"7246\" src=\"https:\/\/commune-poisson.fr\/wp-content\/uploads\/ViePratique\/VosD\u00e9marches\/Quelle-demande-pour-vos-travaux-PLUi-Mars-2026-1024x695.jpg\" alt=\"\" class=\"wp-image-7246\" srcset=\"https:\/\/commune-poisson.fr\/wp-content\/uploads\/ViePratique\/VosD\u00e9marches\/Quelle-demande-pour-vos-travaux-PLUi-Mars-2026-1024x695.jpg 1024w, https:\/\/commune-poisson.fr\/wp-content\/uploads\/ViePratique\/VosD\u00e9marches\/Quelle-demande-pour-vos-travaux-PLUi-Mars-2026-300x204.jpg 300w, https:\/\/commune-poisson.fr\/wp-content\/uploads\/ViePratique\/VosD\u00e9marches\/Quelle-demande-pour-vos-travaux-PLUi-Mars-2026-768x521.jpg 768w, https:\/\/commune-poisson.fr\/wp-content\/uploads\/ViePratique\/VosD\u00e9marches\/Quelle-demande-pour-vos-travaux-PLUi-Mars-2026-1536x1043.jpg 1536w, https:\/\/commune-poisson.fr\/wp-content\/uploads\/ViePratique\/VosD\u00e9marches\/Quelle-demande-pour-vos-travaux-PLUi-Mars-2026-110x75.jpg 110w, https:\/\/commune-poisson.fr\/wp-content\/uploads\/ViePratique\/VosD\u00e9marches\/Quelle-demande-pour-vos-travaux-PLUi-Mars-2026-480x326.jpg 480w, https:\/\/commune-poisson.fr\/wp-content\/uploads\/ViePratique\/VosD\u00e9marches\/Quelle-demande-pour-vos-travaux-PLUi-Mars-2026.jpg 1542w\" sizes=\"auto, (max-width:767px) 480px, (max-width:1024px) 100vw, 1024px\" \/><button\n\t\t\tclass=\"lightbox-trigger\"\n\t\t\ttype=\"button\"\n\t\t\taria-haspopup=\"dialog\"\n\t\t\taria-label=\"Agrandir\"\n\t\t\tdata-wp-init=\"callbacks.initTriggerButton\"\n\t\t\tdata-wp-on--click=\"actions.showLightbox\"\n\t\t\tdata-wp-style--right=\"state.imageButtonRight\"\n\t\t\tdata-wp-style--top=\"state.imageButtonTop\"\n\t\t>\n\t\t\t<svg xmlns=\"http:\/\/www.w3.org\/2000\/svg\" width=\"12\" height=\"12\" fill=\"none\" viewBox=\"0 0 12 12\">\n\t\t\t\t<path fill=\"#fff\" d=\"M2 0a2 2 0 0 0-2 2v2h1.5V2a.5.5 0 0 1 .5-.5h2V0H2Zm2 10.5H2a.5.5 0 0 1-.5-.5V8H0v2a2 2 0 0 0 2 2h2v-1.5ZM8 12v-1.5h2a.5.5 0 0 0 .5-.5V8H12v2a2 2 0 0 1-2 2H8Zm2-12a2 2 0 0 1 2 2v2h-1.5V2a.5.5 0 0 0-.5-.5H8V0h2Z\" \/>\n\t\t\t<\/svg>\n\t\t<\/button><\/figure>\n<\/figure>\n\n\n\n<p>* <strong>Quel imprim\u00e9 et quels d\u00e9lais ?<\/strong><br><strong><a href=\"https:\/\/commune-poisson.fr\/wp-content\/uploads\/ViePratique\/VosD\u00e9marches\/Tableau-autorisations-delais-2026-PLUi.pdf\" target=\"_blank\" rel=\"noreferrer noopener\">Cliquez ici<\/a> pour obtenir une r\u00e9ponse (document au format pdf).<\/strong><\/p>\n\n\n\n<figure class=\"wp-block-image size-full\"><a href=\"https:\/\/commune-poisson.fr\/?page_id=305\"><img loading=\"lazy\" decoding=\"async\" width=\"50\" height=\"50\" src=\"https:\/\/commune-poisson.fr\/wp-content\/uploads\/Articles\/Logo\/Retour-Haut-de-page.jpg\" alt=\"\" class=\"wp-image-2177\"\/><\/a><\/figure>\n\n\n\n<hr class=\"wp-block-separator has-text-color has-black-color has-alpha-channel-opacity has-black-background-color has-background is-style-default\" id=\"Service-Public\"\/>\n\n\n\n<p style=\"font-size:18px\"><strong>Des informations g\u00e9r\u00e9es par Service-Public.fr : vie quotidienne, papiers officiels, \u2026 : <a rel=\"noreferrer noopener\" href=\"https:\/\/www.service-public.fr\/\" target=\"_blank\">cliquez ici<\/a>.<\/strong><\/p>\n\n\n\n<figure class=\"wp-block-image size-large\"><img loading=\"lazy\" decoding=\"async\" width=\"1024\" height=\"357\" src=\"https:\/\/commune-poisson.fr\/wp-content\/uploads\/ViePratique\/VosD\u00e9marches\/Demarches-Service-1024x357.jpg\" alt=\"Vos d\u00e9marches\" class=\"wp-image-1212\" srcset=\"https:\/\/commune-poisson.fr\/wp-content\/uploads\/ViePratique\/VosD\u00e9marches\/Demarches-Service-1024x357.jpg 1024w, https:\/\/commune-poisson.fr\/wp-content\/uploads\/ViePratique\/VosD\u00e9marches\/Demarches-Service-300x105.jpg 300w, https:\/\/commune-poisson.fr\/wp-content\/uploads\/ViePratique\/VosD\u00e9marches\/Demarches-Service-768x268.jpg 768w, https:\/\/commune-poisson.fr\/wp-content\/uploads\/ViePratique\/VosD\u00e9marches\/Demarches-Service-260x91.jpg 260w, https:\/\/commune-poisson.fr\/wp-content\/uploads\/ViePratique\/VosD\u00e9marches\/Demarches-Service-50x17.jpg 50w, https:\/\/commune-poisson.fr\/wp-content\/uploads\/ViePratique\/VosD\u00e9marches\/Demarches-Service-150x52.jpg 150w, https:\/\/commune-poisson.fr\/wp-content\/uploads\/ViePratique\/VosD\u00e9marches\/Demarches-Service.jpg 1240w\" sizes=\"auto, (max-width:767px) 480px, (max-width:1024px) 100vw, 1024px\" \/><\/figure>\n\n\n\n<figure class=\"wp-block-image size-full\"><a href=\"https:\/\/commune-poisson.fr\/?page_id=305\"><img loading=\"lazy\" decoding=\"async\" width=\"50\" height=\"50\" src=\"https:\/\/commune-poisson.fr\/wp-content\/uploads\/Articles\/Logo\/Retour-Haut-de-page.jpg\" alt=\"\" class=\"wp-image-2177\"\/><\/a><\/figure>\n","protected":false},"excerpt":{"rendered":"<p>Sur cette page :Permis de construire, permis d\u2019am\u00e9nager, \u2026Des informations<span class=\"excerpt-hellip\"> [\u2026]<\/span><\/p>\n","protected":false},"author":2,"featured_media":0,"parent":121,"menu_order":1,"comment_status":"closed","ping_status":"closed","template":"","meta":{"footnotes":""},"class_list":["post-305","page","type-page","status-publish","hentry"],"yoast_head":"<!-- This site is optimized with the Yoast SEO plugin v27.2 - https:\/\/yoast.com\/product\/yoast-seo-wordpress\/ -->\n<title>Vos d\u00e9marches - Commune de POISSON | Sa\u00f4ne-et-Loire (71)<\/title>\n<meta name=\"robots\" content=\"index, follow, max-snippet:-1, max-image-preview:large, max-video-preview:-1\" \/>\n<link rel=\"canonical\" href=\"https:\/\/commune-poisson.fr\/?page_id=305\" \/>\n<meta property=\"og:locale\" content=\"fr_FR\" \/>\n<meta property=\"og:type\" content=\"article\" \/>\n<meta property=\"og:title\" content=\"Vos d\u00e9marches - Commune de POISSON | Sa\u00f4ne-et-Loire (71)\" \/>\n<meta property=\"og:description\" content=\"Sur cette page :Permis de construire, permis d\u2019am\u00e9nager, \u2026Des informations [\u2026]\" \/>\n<meta property=\"og:url\" content=\"https:\/\/commune-poisson.fr\/?page_id=305\" \/>\n<meta property=\"og:site_name\" content=\"Commune de POISSON | Sa\u00f4ne-et-Loire (71)\" \/>\n<meta property=\"article:modified_time\" content=\"2026-04-05T16:52:27+00:00\" \/>\n<meta property=\"og:image\" content=\"https:\/\/commune-poisson.fr\/wp-content\/uploads\/Articles\/Logo\/Retour-Haut-de-page.jpg\" \/>\n<meta name=\"twitter:card\" content=\"summary_large_image\" \/>\n<meta name=\"twitter:label1\" content=\"Dur\u00e9e de lecture estim\u00e9e\" \/>\n\t<meta name=\"twitter:data1\" content=\"1 minute\" \/>\n<script type=\"application\/ld+json\" class=\"yoast-schema-graph\">{\"@context\":\"https:\/\/schema.org\",\"@graph\":[{\"@type\":\"WebPage\",\"@id\":\"https:\/\/commune-poisson.fr\/?page_id=305\",\"url\":\"https:\/\/commune-poisson.fr\/?page_id=305\",\"name\":\"Vos d\u00e9marches - Commune de POISSON | Sa\u00f4ne-et-Loire (71)\",\"isPartOf\":{\"@id\":\"https:\/\/commune-poisson.fr\/#website\"},\"primaryImageOfPage\":{\"@id\":\"https:\/\/commune-poisson.fr\/?page_id=305#primaryimage\"},\"image\":{\"@id\":\"https:\/\/commune-poisson.fr\/?page_id=305#primaryimage\"},\"thumbnailUrl\":\"https:\/\/commune-poisson.fr\/wp-content\/uploads\/Articles\/Logo\/Retour-Haut-de-page.jpg\",\"datePublished\":\"2023-01-21T08:10:00+00:00\",\"dateModified\":\"2026-04-05T16:52:27+00:00\",\"breadcrumb\":{\"@id\":\"https:\/\/commune-poisson.fr\/?page_id=305#breadcrumb\"},\"inLanguage\":\"fr-FR\",\"potentialAction\":[{\"@type\":\"ReadAction\",\"target\":[\"https:\/\/commune-poisson.fr\/?page_id=305\"]}]},{\"@type\":\"ImageObject\",\"inLanguage\":\"fr-FR\",\"@id\":\"https:\/\/commune-poisson.fr\/?page_id=305#primaryimage\",\"url\":\"https:\/\/commune-poisson.fr\/wp-content\/uploads\/Articles\/Logo\/Retour-Haut-de-page.jpg\",\"contentUrl\":\"https:\/\/commune-poisson.fr\/wp-content\/uploads\/Articles\/Logo\/Retour-Haut-de-page.jpg\",\"width\":50,\"height\":50,\"caption\":\"Retour haut de page\"},{\"@type\":\"BreadcrumbList\",\"@id\":\"https:\/\/commune-poisson.fr\/?page_id=305#breadcrumb\",\"itemListElement\":[{\"@type\":\"ListItem\",\"position\":1,\"name\":\"Accueil\",\"item\":\"https:\/\/commune-poisson.fr\/\"},{\"@type\":\"ListItem\",\"position\":2,\"name\":\"Vie pratique\",\"item\":\"https:\/\/commune-poisson.fr\/?page_id=121\"},{\"@type\":\"ListItem\",\"position\":3,\"name\":\"Vos d\u00e9marches\"}]},{\"@type\":\"WebSite\",\"@id\":\"https:\/\/commune-poisson.fr\/#website\",\"url\":\"https:\/\/commune-poisson.fr\/\",\"name\":\"Commune de POISSON | Sa\u00f4ne-et-Loire (71)\",\"description\":\"Site officiel\",\"potentialAction\":[{\"@type\":\"SearchAction\",\"target\":{\"@type\":\"EntryPoint\",\"urlTemplate\":\"https:\/\/commune-poisson.fr\/?s={search_term_string}\"},\"query-input\":{\"@type\":\"PropertyValueSpecification\",\"valueRequired\":true,\"valueName\":\"search_term_string\"}}],\"inLanguage\":\"fr-FR\"}]}<\/script>\n<!-- \/ Yoast SEO plugin. -->","yoast_head_json":{"title":"Vos d\u00e9marches - Commune de POISSON | Sa\u00f4ne-et-Loire (71)","robots":{"index":"index","follow":"follow","max-snippet":"max-snippet:-1","max-image-preview":"max-image-preview:large","max-video-preview":"max-video-preview:-1"},"canonical":"https:\/\/commune-poisson.fr\/?page_id=305","og_locale":"fr_FR","og_type":"article","og_title":"Vos d\u00e9marches - Commune de POISSON | Sa\u00f4ne-et-Loire (71)","og_description":"Sur cette page :Permis de construire, permis d\u2019am\u00e9nager, \u2026Des informations [\u2026]","og_url":"https:\/\/commune-poisson.fr\/?page_id=305","og_site_name":"Commune de POISSON | Sa\u00f4ne-et-Loire (71)","article_modified_time":"2026-04-05T16:52:27+00:00","og_image":[{"url":"https:\/\/commune-poisson.fr\/wp-content\/uploads\/Articles\/Logo\/Retour-Haut-de-page.jpg","type":"","width":"","height":""}],"twitter_card":"summary_large_image","twitter_misc":{"Dur\u00e9e de lecture estim\u00e9e":"1 minute"},"schema":{"@context":"https:\/\/schema.org","@graph":[{"@type":"WebPage","@id":"https:\/\/commune-poisson.fr\/?page_id=305","url":"https:\/\/commune-poisson.fr\/?page_id=305","name":"Vos d\u00e9marches - Commune de POISSON | Sa\u00f4ne-et-Loire (71)","isPartOf":{"@id":"https:\/\/commune-poisson.fr\/#website"},"primaryImageOfPage":{"@id":"https:\/\/commune-poisson.fr\/?page_id=305#primaryimage"},"image":{"@id":"https:\/\/commune-poisson.fr\/?page_id=305#primaryimage"},"thumbnailUrl":"https:\/\/commune-poisson.fr\/wp-content\/uploads\/Articles\/Logo\/Retour-Haut-de-page.jpg","datePublished":"2023-01-21T08:10:00+00:00","dateModified":"2026-04-05T16:52:27+00:00","breadcrumb":{"@id":"https:\/\/commune-poisson.fr\/?page_id=305#breadcrumb"},"inLanguage":"fr-FR","potentialAction":[{"@type":"ReadAction","target":["https:\/\/commune-poisson.fr\/?page_id=305"]}]},{"@type":"ImageObject","inLanguage":"fr-FR","@id":"https:\/\/commune-poisson.fr\/?page_id=305#primaryimage","url":"https:\/\/commune-poisson.fr\/wp-content\/uploads\/Articles\/Logo\/Retour-Haut-de-page.jpg","contentUrl":"https:\/\/commune-poisson.fr\/wp-content\/uploads\/Articles\/Logo\/Retour-Haut-de-page.jpg","width":50,"height":50,"caption":"Retour haut de page"},{"@type":"BreadcrumbList","@id":"https:\/\/commune-poisson.fr\/?page_id=305#breadcrumb","itemListElement":[{"@type":"ListItem","position":1,"name":"Accueil","item":"https:\/\/commune-poisson.fr\/"},{"@type":"ListItem","position":2,"name":"Vie pratique","item":"https:\/\/commune-poisson.fr\/?page_id=121"},{"@type":"ListItem","position":3,"name":"Vos d\u00e9marches"}]},{"@type":"WebSite","@id":"https:\/\/commune-poisson.fr\/#website","url":"https:\/\/commune-poisson.fr\/","name":"Commune de POISSON | Sa\u00f4ne-et-Loire (71)","description":"Site officiel","potentialAction":[{"@type":"SearchAction","target":{"@type":"EntryPoint","urlTemplate":"https:\/\/commune-poisson.fr\/?s={search_term_string}"},"query-input":{"@type":"PropertyValueSpecification","valueRequired":true,"valueName":"search_term_string"}}],"inLanguage":"fr-FR"}]}},"_links":{"self":[{"href":"https:\/\/commune-poisson.fr\/index.php?rest_route=\/wp\/v2\/pages\/305","targetHints":{"allow":["GET"]}}],"collection":[{"href":"https:\/\/commune-poisson.fr\/index.php?rest_route=\/wp\/v2\/pages"}],"about":[{"href":"https:\/\/commune-poisson.fr\/index.php?rest_route=\/wp\/v2\/types\/page"}],"author":[{"embeddable":true,"href":"https:\/\/commune-poisson.fr\/index.php?rest_route=\/wp\/v2\/users\/2"}],"replies":[{"embeddable":true,"href":"https:\/\/commune-poisson.fr\/index.php?rest_route=%2Fwp%2Fv2%2Fcomments&post=305"}],"version-history":[{"count":17,"href":"https:\/\/commune-poisson.fr\/index.php?rest_route=\/wp\/v2\/pages\/305\/revisions"}],"predecessor-version":[{"id":7597,"href":"https:\/\/commune-poisson.fr\/index.php?rest_route=\/wp\/v2\/pages\/305\/revisions\/7597"}],"up":[{"embeddable":true,"href":"https:\/\/commune-poisson.fr\/index.php?rest_route=\/wp\/v2\/pages\/121"}],"wp:attachment":[{"href":"https:\/\/commune-poisson.fr\/index.php?rest_route=%2Fwp%2Fv2%2Fmedia&parent=305"}],"curies":[{"name":"wp","href":"https:\/\/api.w.org\/{rel}","templated":true}]}}