{"id":2999,"date":"2026-03-30T10:52:56","date_gmt":"2026-03-30T08:52:56","guid":{"rendered":"https:\/\/commune-poisson.fr\/?page_id=2999"},"modified":"2026-04-05T19:36:30","modified_gmt":"2026-04-05T17:36:30","slug":"association-pour-lenvironnement-et-le-patrimoine-autour-de-moulin-larconce","status":"publish","type":"page","link":"https:\/\/commune-poisson.fr\/?page_id=2999","title":{"rendered":"Association Pour l&rsquo;Environnement et le Patrimoine Autour de Moulin l&rsquo;Arconce"},"content":{"rendered":"\n<p><strong>Sur cette page :<\/strong><br><strong><a href=\"#Pr\u00e9sentation\">Pr\u00e9sentation de l\u2019Association Pour l&rsquo;Environnement et le Patrimoine Autour de Moulin l&rsquo;Arconce<\/a><\/strong><br><strong><a href=\"#Composition\">Composition du bureau<\/a><\/strong><br><strong><a href=\"#Contacts\">Contacts<\/a><\/strong><\/p>\n\n\n<div class=\"wp-block-image\">\n<figure class=\"alignleft size-full is-resized\"><img loading=\"lazy\" decoding=\"async\" width=\"250\" height=\"240\" src=\"https:\/\/commune-poisson.fr\/wp-content\/uploads\/Associations\/APEPAMA\/Logo-APEPAMA.jpg\" alt=\"\" class=\"wp-image-4606\" style=\"aspect-ratio:1.03971119133574;width:189px;height:auto\" srcset=\"https:\/\/commune-poisson.fr\/wp-content\/uploads\/Associations\/APEPAMA\/Logo-APEPAMA.jpg 250w, https:\/\/commune-poisson.fr\/wp-content\/uploads\/Associations\/APEPAMA\/Logo-APEPAMA-78x75.jpg 78w\" sizes=\"auto, (max-width:767px) 250px, 250px\" \/><\/figure>\n<\/div>\n\n\n<div style=\"height:18px\" aria-hidden=\"true\" class=\"wp-block-spacer\"><\/div>\n\n\n\n<hr class=\"wp-block-separator has-text-color has-black-color has-alpha-channel-opacity has-black-background-color has-background\"\/>\n\n\n\n<p><strong><mark>L\u2019Association Pour l\u2019Environnement et le Patrimoine Autour de Moulin <\/mark><mark>l<\/mark><mark>\u2019Arconce\u00a0recherche des t\u00e9moignages&#8230;<\/mark><\/strong><br><strong><a href=\"https:\/\/commune-poisson.fr\/wp-content\/uploads\/Associations\/APEPAMA\/Appel-a-vos-temoignages-Septembre-2023.jpg\" target=\"_blank\" rel=\"noreferrer noopener\">Cliquez ici<\/a> pour plus d&rsquo;informations.<\/strong><\/p>\n\n\n\n<hr class=\"wp-block-separator has-text-color has-black-color has-alpha-channel-opacity has-black-background-color has-background\" id=\"Pr\u00e9sentation\"\/>\n\n\n\n<h2 class=\"wp-block-heading has-luminous-vivid-orange-color has-text-color\"><strong>Pr\u00e9sentation<\/strong> <strong>de l&rsquo;Association Pour l&rsquo;Environnement et le Patrimoine Autour de Moulin l&rsquo;Arconce<\/strong><\/h2>\n\n\n\n<p>Une association pour un site exceptionnel : le Val d&rsquo;Arconce, les ruines du ch\u00e2teau, une flore et une faune importante, la rivi\u00e8re ses moulins et ses ponts.<br>\u00c0 la recherche du patrimoine pass\u00e9, l&rsquo;observation du patrimoine actuel, la pr\u00e9servation et l&rsquo;\u00e9panouissement du patrimoine dans l&rsquo;avenir.<br>Accueillant tous les t\u00e9moignages et documents, \u00e0 l&rsquo;\u00e9coute de toutes les probl\u00e9matiques qui se pr\u00e9sentent, lieu de rencontres o\u00f9 l&rsquo;envie de chacun peut suivre son cours.<br>Valoriser ce site, en partager l&rsquo;histoire et la beaut\u00e9 aux habitants de Poisson et d&rsquo;ailleurs.<\/p>\n\n\n\n<p><strong>* T\u00e9l\u00e9charger la plaquette de pr\u00e9sentation (mars 2026) de l&rsquo;association en <a href=\"https:\/\/commune-poisson.fr\/wp-content\/uploads\/Associations\/APEPAMA\/Plaquette-APEPAMA-Mars-2026.pdf\" target=\"_blank\" rel=\"noreferrer noopener\">cliquant ici<\/a>.<\/strong><\/p>\n\n\n\n<figure class=\"wp-block-image size-full\"><a href=\"https:\/\/commune-poisson.fr\/?page_id=2999\"><img loading=\"lazy\" decoding=\"async\" width=\"50\" height=\"50\" src=\"https:\/\/commune-poisson.fr\/wp-content\/uploads\/Articles\/Logo\/Retour-Haut-de-page.jpg\" alt=\"Retour haut de page\" class=\"wp-image-2177\"\/><\/a><\/figure>\n\n\n\n<hr class=\"wp-block-separator has-text-color has-black-color has-alpha-channel-opacity has-black-background-color has-background\" id=\"Contacts\"\/>\n\n\n\n<h2 class=\"wp-block-heading has-luminous-vivid-orange-color has-text-color\" id=\"Composition\"><strong>Composition du bureau<\/strong><\/h2>\n\n\n\n<p><strong>Pr\u00e9sident : Christian Voisin<\/strong><br><strong>Secr\u00e9taire : Jo\u00ebl Guyot de Caila<br>Tr\u00e9sorier : Yves Chatagnier<\/strong><\/p>\n\n\n\n<figure class=\"wp-block-image size-full\"><a href=\"https:\/\/commune-poisson.fr\/?page_id=2999\"><img loading=\"lazy\" decoding=\"async\" width=\"50\" height=\"50\" src=\"https:\/\/commune-poisson.fr\/wp-content\/uploads\/Articles\/Logo\/Retour-Haut-de-page.jpg\" alt=\"Retour haut de page\" class=\"wp-image-2177\"\/><\/a><\/figure>\n\n\n\n<hr class=\"wp-block-separator has-text-color has-black-color has-alpha-channel-opacity has-black-background-color has-background\" id=\"Contacts\"\/>\n\n\n\n<h2 class=\"wp-block-heading has-luminous-vivid-orange-color has-text-color\"><strong>Contacts<\/strong><\/h2>\n\n\n\n<p><strong>Association autour de Moulin l&rsquo;Arconce<br>1631 impasse Moulin l&rsquo;Arconce<br>71600 POISSON<\/strong><br><strong>* Mail :<\/strong> <a href=\"mailto:associationmoulinlarconce@gmail.com\" target=\"_blank\" rel=\"noreferrer noopener\"><strong>associationmoulinlarconce@gmail.com<\/strong><\/a><br><strong>* T\u00e9l : 03 85 24 73 52<\/strong><\/p>\n\n\n\n<figure class=\"wp-block-image size-full\"><a href=\"https:\/\/commune-poisson.fr\/?page_id=2999\"><img loading=\"lazy\" decoding=\"async\" width=\"50\" height=\"50\" src=\"https:\/\/commune-poisson.fr\/wp-content\/uploads\/Articles\/Logo\/Retour-Haut-de-page.jpg\" alt=\"Retour haut de page\" class=\"wp-image-2177\"\/><\/a><\/figure>\n","protected":false},"excerpt":{"rendered":"<p>Sur cette page :Pr\u00e9sentation de l\u2019Association Pour l&rsquo;Environnement et le<span class=\"excerpt-hellip\"> [\u2026]<\/span><\/p>\n","protected":false},"author":2,"featured_media":0,"parent":202,"menu_order":5,"comment_status":"closed","ping_status":"closed","template":"","meta":{"footnotes":""},"class_list":["post-2999","page","type-page","status-publish","hentry"],"yoast_head":"<!-- This site is optimized with the Yoast SEO plugin v27.2 - https:\/\/yoast.com\/product\/yoast-seo-wordpress\/ -->\n<title>Association Pour l&#039;Environnement et le Patrimoine Autour de Moulin l&#039;Arconce - Commune de POISSON | Sa\u00f4ne-et-Loire (71)<\/title>\n<meta name=\"robots\" content=\"index, follow, max-snippet:-1, max-image-preview:large, max-video-preview:-1\" \/>\n<link rel=\"canonical\" href=\"https:\/\/commune-poisson.fr\/?page_id=2999\" \/>\n<meta property=\"og:locale\" content=\"fr_FR\" \/>\n<meta property=\"og:type\" content=\"article\" \/>\n<meta property=\"og:title\" content=\"Association Pour l&#039;Environnement et le Patrimoine Autour de Moulin l&#039;Arconce - Commune de POISSON | Sa\u00f4ne-et-Loire (71)\" \/>\n<meta property=\"og:description\" content=\"Sur cette page :Pr\u00e9sentation de l\u2019Association Pour l&rsquo;Environnement et le [\u2026]\" \/>\n<meta property=\"og:url\" content=\"https:\/\/commune-poisson.fr\/?page_id=2999\" \/>\n<meta property=\"og:site_name\" content=\"Commune de POISSON | Sa\u00f4ne-et-Loire (71)\" \/>\n<meta property=\"article:modified_time\" content=\"2026-04-05T17:36:30+00:00\" \/>\n<meta property=\"og:image\" content=\"https:\/\/commune-poisson.fr\/wp-content\/uploads\/Associations\/APEPAMA\/Logo-APEPAMA.jpg\" \/>\n\t<meta property=\"og:image:width\" content=\"250\" \/>\n\t<meta property=\"og:image:height\" content=\"240\" \/>\n\t<meta property=\"og:image:type\" content=\"image\/jpeg\" \/>\n<meta name=\"twitter:card\" content=\"summary_large_image\" \/>\n<meta name=\"twitter:label1\" content=\"Dur\u00e9e de lecture estim\u00e9e\" \/>\n\t<meta name=\"twitter:data1\" content=\"1 minute\" \/>\n<script type=\"application\/ld+json\" class=\"yoast-schema-graph\">{\"@context\":\"https:\/\/schema.org\",\"@graph\":[{\"@type\":\"WebPage\",\"@id\":\"https:\/\/commune-poisson.fr\/?page_id=2999\",\"url\":\"https:\/\/commune-poisson.fr\/?page_id=2999\",\"name\":\"Association Pour l'Environnement et le Patrimoine Autour de Moulin l'Arconce - Commune de POISSON | Sa\u00f4ne-et-Loire (71)\",\"isPartOf\":{\"@id\":\"https:\/\/commune-poisson.fr\/#website\"},\"primaryImageOfPage\":{\"@id\":\"https:\/\/commune-poisson.fr\/?page_id=2999#primaryimage\"},\"image\":{\"@id\":\"https:\/\/commune-poisson.fr\/?page_id=2999#primaryimage\"},\"thumbnailUrl\":\"https:\/\/commune-poisson.fr\/wp-content\/uploads\/Associations\/APEPAMA\/Logo-APEPAMA.jpg\",\"datePublished\":\"2026-03-30T08:52:56+00:00\",\"dateModified\":\"2026-04-05T17:36:30+00:00\",\"breadcrumb\":{\"@id\":\"https:\/\/commune-poisson.fr\/?page_id=2999#breadcrumb\"},\"inLanguage\":\"fr-FR\",\"potentialAction\":[{\"@type\":\"ReadAction\",\"target\":[\"https:\/\/commune-poisson.fr\/?page_id=2999\"]}]},{\"@type\":\"ImageObject\",\"inLanguage\":\"fr-FR\",\"@id\":\"https:\/\/commune-poisson.fr\/?page_id=2999#primaryimage\",\"url\":\"https:\/\/commune-poisson.fr\/wp-content\/uploads\/Associations\/APEPAMA\/Logo-APEPAMA.jpg\",\"contentUrl\":\"https:\/\/commune-poisson.fr\/wp-content\/uploads\/Associations\/APEPAMA\/Logo-APEPAMA.jpg\",\"width\":250,\"height\":240},{\"@type\":\"BreadcrumbList\",\"@id\":\"https:\/\/commune-poisson.fr\/?page_id=2999#breadcrumb\",\"itemListElement\":[{\"@type\":\"ListItem\",\"position\":1,\"name\":\"Accueil\",\"item\":\"https:\/\/commune-poisson.fr\/\"},{\"@type\":\"ListItem\",\"position\":2,\"name\":\"Associations\",\"item\":\"https:\/\/commune-poisson.fr\/?page_id=202\"},{\"@type\":\"ListItem\",\"position\":3,\"name\":\"Association Pour l&rsquo;Environnement et le Patrimoine Autour de Moulin l&rsquo;Arconce\"}]},{\"@type\":\"WebSite\",\"@id\":\"https:\/\/commune-poisson.fr\/#website\",\"url\":\"https:\/\/commune-poisson.fr\/\",\"name\":\"Commune de POISSON | Sa\u00f4ne-et-Loire (71)\",\"description\":\"Site officiel\",\"potentialAction\":[{\"@type\":\"SearchAction\",\"target\":{\"@type\":\"EntryPoint\",\"urlTemplate\":\"https:\/\/commune-poisson.fr\/?s={search_term_string}\"},\"query-input\":{\"@type\":\"PropertyValueSpecification\",\"valueRequired\":true,\"valueName\":\"search_term_string\"}}],\"inLanguage\":\"fr-FR\"}]}<\/script>\n<!-- \/ Yoast SEO plugin. -->","yoast_head_json":{"title":"Association Pour l'Environnement et le Patrimoine Autour de Moulin l'Arconce - Commune de POISSON | Sa\u00f4ne-et-Loire (71)","robots":{"index":"index","follow":"follow","max-snippet":"max-snippet:-1","max-image-preview":"max-image-preview:large","max-video-preview":"max-video-preview:-1"},"canonical":"https:\/\/commune-poisson.fr\/?page_id=2999","og_locale":"fr_FR","og_type":"article","og_title":"Association Pour l'Environnement et le Patrimoine Autour de Moulin l'Arconce - Commune de POISSON | Sa\u00f4ne-et-Loire (71)","og_description":"Sur cette page :Pr\u00e9sentation de l\u2019Association Pour l&rsquo;Environnement et le [\u2026]","og_url":"https:\/\/commune-poisson.fr\/?page_id=2999","og_site_name":"Commune de POISSON | Sa\u00f4ne-et-Loire (71)","article_modified_time":"2026-04-05T17:36:30+00:00","og_image":[{"width":250,"height":240,"url":"https:\/\/commune-poisson.fr\/wp-content\/uploads\/Associations\/APEPAMA\/Logo-APEPAMA.jpg","type":"image\/jpeg"}],"twitter_card":"summary_large_image","twitter_misc":{"Dur\u00e9e de lecture estim\u00e9e":"1 minute"},"schema":{"@context":"https:\/\/schema.org","@graph":[{"@type":"WebPage","@id":"https:\/\/commune-poisson.fr\/?page_id=2999","url":"https:\/\/commune-poisson.fr\/?page_id=2999","name":"Association Pour l'Environnement et le Patrimoine Autour de Moulin l'Arconce - Commune de POISSON | Sa\u00f4ne-et-Loire (71)","isPartOf":{"@id":"https:\/\/commune-poisson.fr\/#website"},"primaryImageOfPage":{"@id":"https:\/\/commune-poisson.fr\/?page_id=2999#primaryimage"},"image":{"@id":"https:\/\/commune-poisson.fr\/?page_id=2999#primaryimage"},"thumbnailUrl":"https:\/\/commune-poisson.fr\/wp-content\/uploads\/Associations\/APEPAMA\/Logo-APEPAMA.jpg","datePublished":"2026-03-30T08:52:56+00:00","dateModified":"2026-04-05T17:36:30+00:00","breadcrumb":{"@id":"https:\/\/commune-poisson.fr\/?page_id=2999#breadcrumb"},"inLanguage":"fr-FR","potentialAction":[{"@type":"ReadAction","target":["https:\/\/commune-poisson.fr\/?page_id=2999"]}]},{"@type":"ImageObject","inLanguage":"fr-FR","@id":"https:\/\/commune-poisson.fr\/?page_id=2999#primaryimage","url":"https:\/\/commune-poisson.fr\/wp-content\/uploads\/Associations\/APEPAMA\/Logo-APEPAMA.jpg","contentUrl":"https:\/\/commune-poisson.fr\/wp-content\/uploads\/Associations\/APEPAMA\/Logo-APEPAMA.jpg","width":250,"height":240},{"@type":"BreadcrumbList","@id":"https:\/\/commune-poisson.fr\/?page_id=2999#breadcrumb","itemListElement":[{"@type":"ListItem","position":1,"name":"Accueil","item":"https:\/\/commune-poisson.fr\/"},{"@type":"ListItem","position":2,"name":"Associations","item":"https:\/\/commune-poisson.fr\/?page_id=202"},{"@type":"ListItem","position":3,"name":"Association Pour l&rsquo;Environnement et le Patrimoine Autour de Moulin l&rsquo;Arconce"}]},{"@type":"WebSite","@id":"https:\/\/commune-poisson.fr\/#website","url":"https:\/\/commune-poisson.fr\/","name":"Commune de POISSON | Sa\u00f4ne-et-Loire (71)","description":"Site officiel","potentialAction":[{"@type":"SearchAction","target":{"@type":"EntryPoint","urlTemplate":"https:\/\/commune-poisson.fr\/?s={search_term_string}"},"query-input":{"@type":"PropertyValueSpecification","valueRequired":true,"valueName":"search_term_string"}}],"inLanguage":"fr-FR"}]}},"_links":{"self":[{"href":"https:\/\/commune-poisson.fr\/index.php?rest_route=\/wp\/v2\/pages\/2999","targetHints":{"allow":["GET"]}}],"collection":[{"href":"https:\/\/commune-poisson.fr\/index.php?rest_route=\/wp\/v2\/pages"}],"about":[{"href":"https:\/\/commune-poisson.fr\/index.php?rest_route=\/wp\/v2\/types\/page"}],"author":[{"embeddable":true,"href":"https:\/\/commune-poisson.fr\/index.php?rest_route=\/wp\/v2\/users\/2"}],"replies":[{"embeddable":true,"href":"https:\/\/commune-poisson.fr\/index.php?rest_route=%2Fwp%2Fv2%2Fcomments&post=2999"}],"version-history":[{"count":17,"href":"https:\/\/commune-poisson.fr\/index.php?rest_route=\/wp\/v2\/pages\/2999\/revisions"}],"predecessor-version":[{"id":7629,"href":"https:\/\/commune-poisson.fr\/index.php?rest_route=\/wp\/v2\/pages\/2999\/revisions\/7629"}],"up":[{"embeddable":true,"href":"https:\/\/commune-poisson.fr\/index.php?rest_route=\/wp\/v2\/pages\/202"}],"wp:attachment":[{"href":"https:\/\/commune-poisson.fr\/index.php?rest_route=%2Fwp%2Fv2%2Fmedia&parent=2999"}],"curies":[{"name":"wp","href":"https:\/\/api.w.org\/{rel}","templated":true}]}}