{"id":290,"date":"2023-01-21T16:40:00","date_gmt":"2023-01-21T15:40:00","guid":{"rendered":"https:\/\/sddbox-containers.com\/?page_id=290"},"modified":"2026-04-02T08:29:34","modified_gmt":"2026-04-02T06:29:34","slug":"communautes-de-communes","status":"publish","type":"page","link":"https:\/\/commune-poisson.fr\/?page_id=290","title":{"rendered":"Communaut\u00e9 de communes"},"content":{"rendered":"<div class=\"wp-block-image\">\n<figure class=\"aligncenter size-full is-resized\"><img loading=\"lazy\" decoding=\"async\" width=\"288\" height=\"175\" src=\"https:\/\/commune-poisson.fr\/wp-content\/uploads\/Cot\u00e9Mairie\/Communaut\u00e9DeCommunes\/Logo-Com-Com-Le-Grand-Charolais.jpg\" alt=\"\" class=\"wp-image-7417\" style=\"width:260px\" srcset=\"https:\/\/commune-poisson.fr\/wp-content\/uploads\/Cot\u00e9Mairie\/Communaut\u00e9DeCommunes\/Logo-Com-Com-Le-Grand-Charolais.jpg 288w, https:\/\/commune-poisson.fr\/wp-content\/uploads\/Cot\u00e9Mairie\/Communaut\u00e9DeCommunes\/Logo-Com-Com-Le-Grand-Charolais-123x75.jpg 123w\" sizes=\"auto, (max-width:767px) 288px, 288px\" \/><\/figure>\n<\/div>\n\n\n<div style=\"height:9px\" aria-hidden=\"true\" class=\"wp-block-spacer\"><\/div>\n\n\n\n<hr class=\"wp-block-separator has-text-color has-black-color has-alpha-channel-opacity has-black-background-color has-background\"\/>\n\n\n\n<p class=\"has-text-align-left has-normal-font-size\">* <strong>La commune de Poisson a int\u00e9gr\u00e9 la communaut\u00e9 de communes de Paray-le-Monial en 1997.<br>* Depuis le 1<sup>er<\/sup> janvier 2017, <strong>la commune de Poisson<\/strong> fait partie de la communaut\u00e9 de communes \u00ab\u00a0Le Grand Charolais\u00a0\u00bb.<\/strong><\/p>\n\n\n<div class=\"wp-block-image\">\n<figure class=\"aligncenter size-full\"><img loading=\"lazy\" decoding=\"async\" width=\"738\" height=\"464\" src=\"https:\/\/commune-poisson.fr\/wp-content\/uploads\/Cot\u00e9Mairie\/Communaut\u00e9DeCommunes\/Carte-Com-Com-Grand-Charolais.jpg\" alt=\"\" class=\"wp-image-1075\" srcset=\"https:\/\/commune-poisson.fr\/wp-content\/uploads\/Cot\u00e9Mairie\/Communaut\u00e9DeCommunes\/Carte-Com-Com-Grand-Charolais.jpg 738w, https:\/\/commune-poisson.fr\/wp-content\/uploads\/Cot\u00e9Mairie\/Communaut\u00e9DeCommunes\/Carte-Com-Com-Grand-Charolais-300x189.jpg 300w, https:\/\/commune-poisson.fr\/wp-content\/uploads\/Cot\u00e9Mairie\/Communaut\u00e9DeCommunes\/Carte-Com-Com-Grand-Charolais-232x146.jpg 232w, https:\/\/commune-poisson.fr\/wp-content\/uploads\/Cot\u00e9Mairie\/Communaut\u00e9DeCommunes\/Carte-Com-Com-Grand-Charolais-50x31.jpg 50w, https:\/\/commune-poisson.fr\/wp-content\/uploads\/Cot\u00e9Mairie\/Communaut\u00e9DeCommunes\/Carte-Com-Com-Grand-Charolais-119x75.jpg 119w\" sizes=\"auto, (max-width:767px) 480px, 738px\" \/><\/figure>\n<\/div>\n\n\n<p>* <strong><strong>Aper\u00e7u non-exhaustif des actions men\u00e9es<\/strong> par \u00ab&nbsp;Le Grand Charolais&nbsp;\u00bb \u00e0 Poisson en 2025 : <a href=\"https:\/\/commune-poisson.fr\/wp-content\/uploads\/Cot\u00e9Mairie\/Communaut\u00e9DeCommunes\/Actions-de-la-Com-Com-a-Poisson-en-2025.pdf\" target=\"_blank\" rel=\"noreferrer noopener\">cliquez ici<\/a>.<\/strong><\/p>\n\n\n\n<p>* <strong><strong><strong>Aper\u00e7u non-exhaustif des actions men\u00e9es<\/strong> par \u00ab&nbsp;Le Grand Charolais&nbsp;\u00bb \u00e0 Poisson en 2024 :<\/strong> <a href=\"https:\/\/commune-poisson.fr\/wp-content\/uploads\/Cot\u00e9Mairie\/Communaut\u00e9DeCommunes\/Actions-de-la-Com-Com-a-Poisson-en-2024.pdf\" target=\"_blank\" rel=\"noreferrer noopener\">cliquez ici<\/a>.<\/strong><\/p>\n\n\n\n<p>* <strong><strong>Aper\u00e7u non-exhaustif des actions men\u00e9es<\/strong> par \u00ab&nbsp;Le Grand Charolais&nbsp;\u00bb \u00e0 Poisson en 2023 : <a href=\"https:\/\/commune-poisson.fr\/wp-content\/uploads\/Cot\u00e9Mairie\/Communaut\u00e9DeCommunes\/Actions-de-la-Com-Com-a-Poisson-en-2023.pdf\" target=\"_blank\" rel=\"noreferrer noopener\">cliquez ici<\/a>.<\/strong><\/p>\n\n\n\n<p><strong>* Site internet de la communaut\u00e9 de communes \u00ab\u00a0Le Grand Charolais\u00a0\u00bb, <a href=\"http:\/\/www.legrandcharolais.fr\/\" target=\"_blank\" rel=\"noreferrer noopener\">c&rsquo;est ici<\/a>.<\/strong><\/p>\n\n\n\n<p><strong>* Page Facebook de la communaut\u00e9 de communes \u00ab\u00a0Le Grand Charolais\u00a0\u00bb, <a href=\"https:\/\/www.facebook.com\/Le-Grand-Charolais-2278032155741553\/\" target=\"_blank\" rel=\"noreferrer noopener\">c&rsquo;est ici<\/a>.<\/strong><\/p>\n\n\n\n<figure class=\"wp-block-image size-full\"><a href=\"https:\/\/commune-poisson.fr\/?page_id=290\"><img loading=\"lazy\" decoding=\"async\" width=\"50\" height=\"50\" src=\"https:\/\/commune-poisson.fr\/wp-content\/uploads\/Articles\/Logo\/Retour-Haut-de-page.jpg\" alt=\"Retour haut de page\" class=\"wp-image-2177\"\/><\/a><\/figure>\n","protected":false},"excerpt":{"rendered":"<p>* La commune de Poisson a int\u00e9gr\u00e9 la communaut\u00e9 de<span class=\"excerpt-hellip\"> [\u2026]<\/span><\/p>\n","protected":false},"author":2,"featured_media":0,"parent":119,"menu_order":13,"comment_status":"closed","ping_status":"closed","template":"","meta":{"footnotes":""},"class_list":["post-290","page","type-page","status-publish","hentry"],"yoast_head":"<!-- This site is optimized with the Yoast SEO plugin v27.2 - https:\/\/yoast.com\/product\/yoast-seo-wordpress\/ -->\n<title>Communaut\u00e9 de communes - Commune de POISSON | Sa\u00f4ne-et-Loire (71)<\/title>\n<meta name=\"robots\" content=\"index, follow, max-snippet:-1, max-image-preview:large, max-video-preview:-1\" \/>\n<link rel=\"canonical\" href=\"https:\/\/commune-poisson.fr\/?page_id=290\" \/>\n<meta property=\"og:locale\" content=\"fr_FR\" \/>\n<meta property=\"og:type\" content=\"article\" \/>\n<meta property=\"og:title\" content=\"Communaut\u00e9 de communes - Commune de POISSON | Sa\u00f4ne-et-Loire (71)\" \/>\n<meta property=\"og:description\" content=\"* La commune de Poisson a int\u00e9gr\u00e9 la communaut\u00e9 de [\u2026]\" \/>\n<meta property=\"og:url\" content=\"https:\/\/commune-poisson.fr\/?page_id=290\" \/>\n<meta property=\"og:site_name\" content=\"Commune de POISSON | Sa\u00f4ne-et-Loire (71)\" \/>\n<meta property=\"article:modified_time\" content=\"2026-04-02T06:29:34+00:00\" \/>\n<meta property=\"og:image\" content=\"https:\/\/commune-poisson.fr\/wp-content\/uploads\/Articles\/Logo\/Retour-Haut-de-page.jpg\" \/>\n<meta name=\"twitter:card\" content=\"summary_large_image\" \/>\n<meta name=\"twitter:label1\" content=\"Dur\u00e9e de lecture estim\u00e9e\" \/>\n\t<meta name=\"twitter:data1\" content=\"1 minute\" \/>\n<script type=\"application\/ld+json\" class=\"yoast-schema-graph\">{\"@context\":\"https:\/\/schema.org\",\"@graph\":[{\"@type\":\"WebPage\",\"@id\":\"https:\/\/commune-poisson.fr\/?page_id=290\",\"url\":\"https:\/\/commune-poisson.fr\/?page_id=290\",\"name\":\"Communaut\u00e9 de communes - Commune de POISSON | Sa\u00f4ne-et-Loire (71)\",\"isPartOf\":{\"@id\":\"https:\/\/commune-poisson.fr\/#website\"},\"primaryImageOfPage\":{\"@id\":\"https:\/\/commune-poisson.fr\/?page_id=290#primaryimage\"},\"image\":{\"@id\":\"https:\/\/commune-poisson.fr\/?page_id=290#primaryimage\"},\"thumbnailUrl\":\"https:\/\/commune-poisson.fr\/wp-content\/uploads\/Articles\/Logo\/Retour-Haut-de-page.jpg\",\"datePublished\":\"2023-01-21T15:40:00+00:00\",\"dateModified\":\"2026-04-02T06:29:34+00:00\",\"breadcrumb\":{\"@id\":\"https:\/\/commune-poisson.fr\/?page_id=290#breadcrumb\"},\"inLanguage\":\"fr-FR\",\"potentialAction\":[{\"@type\":\"ReadAction\",\"target\":[\"https:\/\/commune-poisson.fr\/?page_id=290\"]}]},{\"@type\":\"ImageObject\",\"inLanguage\":\"fr-FR\",\"@id\":\"https:\/\/commune-poisson.fr\/?page_id=290#primaryimage\",\"url\":\"https:\/\/commune-poisson.fr\/wp-content\/uploads\/Articles\/Logo\/Retour-Haut-de-page.jpg\",\"contentUrl\":\"https:\/\/commune-poisson.fr\/wp-content\/uploads\/Articles\/Logo\/Retour-Haut-de-page.jpg\",\"width\":50,\"height\":50,\"caption\":\"Retour haut de page\"},{\"@type\":\"BreadcrumbList\",\"@id\":\"https:\/\/commune-poisson.fr\/?page_id=290#breadcrumb\",\"itemListElement\":[{\"@type\":\"ListItem\",\"position\":1,\"name\":\"Accueil\",\"item\":\"https:\/\/commune-poisson.fr\/\"},{\"@type\":\"ListItem\",\"position\":2,\"name\":\"C\u00f4t\u00e9 Mairie\",\"item\":\"https:\/\/commune-poisson.fr\/?page_id=119\"},{\"@type\":\"ListItem\",\"position\":3,\"name\":\"Communaut\u00e9 de communes\"}]},{\"@type\":\"WebSite\",\"@id\":\"https:\/\/commune-poisson.fr\/#website\",\"url\":\"https:\/\/commune-poisson.fr\/\",\"name\":\"Commune de POISSON | Sa\u00f4ne-et-Loire (71)\",\"description\":\"Site officiel\",\"potentialAction\":[{\"@type\":\"SearchAction\",\"target\":{\"@type\":\"EntryPoint\",\"urlTemplate\":\"https:\/\/commune-poisson.fr\/?s={search_term_string}\"},\"query-input\":{\"@type\":\"PropertyValueSpecification\",\"valueRequired\":true,\"valueName\":\"search_term_string\"}}],\"inLanguage\":\"fr-FR\"}]}<\/script>\n<!-- \/ Yoast SEO plugin. -->","yoast_head_json":{"title":"Communaut\u00e9 de communes - Commune de POISSON | Sa\u00f4ne-et-Loire (71)","robots":{"index":"index","follow":"follow","max-snippet":"max-snippet:-1","max-image-preview":"max-image-preview:large","max-video-preview":"max-video-preview:-1"},"canonical":"https:\/\/commune-poisson.fr\/?page_id=290","og_locale":"fr_FR","og_type":"article","og_title":"Communaut\u00e9 de communes - Commune de POISSON | Sa\u00f4ne-et-Loire (71)","og_description":"* La commune de Poisson a int\u00e9gr\u00e9 la communaut\u00e9 de [\u2026]","og_url":"https:\/\/commune-poisson.fr\/?page_id=290","og_site_name":"Commune de POISSON | Sa\u00f4ne-et-Loire (71)","article_modified_time":"2026-04-02T06:29:34+00:00","og_image":[{"url":"https:\/\/commune-poisson.fr\/wp-content\/uploads\/Articles\/Logo\/Retour-Haut-de-page.jpg","type":"","width":"","height":""}],"twitter_card":"summary_large_image","twitter_misc":{"Dur\u00e9e de lecture estim\u00e9e":"1 minute"},"schema":{"@context":"https:\/\/schema.org","@graph":[{"@type":"WebPage","@id":"https:\/\/commune-poisson.fr\/?page_id=290","url":"https:\/\/commune-poisson.fr\/?page_id=290","name":"Communaut\u00e9 de communes - Commune de POISSON | Sa\u00f4ne-et-Loire (71)","isPartOf":{"@id":"https:\/\/commune-poisson.fr\/#website"},"primaryImageOfPage":{"@id":"https:\/\/commune-poisson.fr\/?page_id=290#primaryimage"},"image":{"@id":"https:\/\/commune-poisson.fr\/?page_id=290#primaryimage"},"thumbnailUrl":"https:\/\/commune-poisson.fr\/wp-content\/uploads\/Articles\/Logo\/Retour-Haut-de-page.jpg","datePublished":"2023-01-21T15:40:00+00:00","dateModified":"2026-04-02T06:29:34+00:00","breadcrumb":{"@id":"https:\/\/commune-poisson.fr\/?page_id=290#breadcrumb"},"inLanguage":"fr-FR","potentialAction":[{"@type":"ReadAction","target":["https:\/\/commune-poisson.fr\/?page_id=290"]}]},{"@type":"ImageObject","inLanguage":"fr-FR","@id":"https:\/\/commune-poisson.fr\/?page_id=290#primaryimage","url":"https:\/\/commune-poisson.fr\/wp-content\/uploads\/Articles\/Logo\/Retour-Haut-de-page.jpg","contentUrl":"https:\/\/commune-poisson.fr\/wp-content\/uploads\/Articles\/Logo\/Retour-Haut-de-page.jpg","width":50,"height":50,"caption":"Retour haut de page"},{"@type":"BreadcrumbList","@id":"https:\/\/commune-poisson.fr\/?page_id=290#breadcrumb","itemListElement":[{"@type":"ListItem","position":1,"name":"Accueil","item":"https:\/\/commune-poisson.fr\/"},{"@type":"ListItem","position":2,"name":"C\u00f4t\u00e9 Mairie","item":"https:\/\/commune-poisson.fr\/?page_id=119"},{"@type":"ListItem","position":3,"name":"Communaut\u00e9 de communes"}]},{"@type":"WebSite","@id":"https:\/\/commune-poisson.fr\/#website","url":"https:\/\/commune-poisson.fr\/","name":"Commune de POISSON | Sa\u00f4ne-et-Loire (71)","description":"Site officiel","potentialAction":[{"@type":"SearchAction","target":{"@type":"EntryPoint","urlTemplate":"https:\/\/commune-poisson.fr\/?s={search_term_string}"},"query-input":{"@type":"PropertyValueSpecification","valueRequired":true,"valueName":"search_term_string"}}],"inLanguage":"fr-FR"}]}},"_links":{"self":[{"href":"https:\/\/commune-poisson.fr\/index.php?rest_route=\/wp\/v2\/pages\/290","targetHints":{"allow":["GET"]}}],"collection":[{"href":"https:\/\/commune-poisson.fr\/index.php?rest_route=\/wp\/v2\/pages"}],"about":[{"href":"https:\/\/commune-poisson.fr\/index.php?rest_route=\/wp\/v2\/types\/page"}],"author":[{"embeddable":true,"href":"https:\/\/commune-poisson.fr\/index.php?rest_route=\/wp\/v2\/users\/2"}],"replies":[{"embeddable":true,"href":"https:\/\/commune-poisson.fr\/index.php?rest_route=%2Fwp%2Fv2%2Fcomments&post=290"}],"version-history":[{"count":16,"href":"https:\/\/commune-poisson.fr\/index.php?rest_route=\/wp\/v2\/pages\/290\/revisions"}],"predecessor-version":[{"id":7419,"href":"https:\/\/commune-poisson.fr\/index.php?rest_route=\/wp\/v2\/pages\/290\/revisions\/7419"}],"up":[{"embeddable":true,"href":"https:\/\/commune-poisson.fr\/index.php?rest_route=\/wp\/v2\/pages\/119"}],"wp:attachment":[{"href":"https:\/\/commune-poisson.fr\/index.php?rest_route=%2Fwp%2Fv2%2Fmedia&parent=290"}],"curies":[{"name":"wp","href":"https:\/\/api.w.org\/{rel}","templated":true}]}}