{"id":286,"date":"2026-04-02T18:35:34","date_gmt":"2026-04-02T16:35:34","guid":{"rendered":"https:\/\/sddbox-containers.com\/?page_id=286"},"modified":"2026-04-05T18:47:24","modified_gmt":"2026-04-05T16:47:24","slug":"salles-communales","status":"publish","type":"page","link":"https:\/\/commune-poisson.fr\/?page_id=286","title":{"rendered":"Salles communales"},"content":{"rendered":"\n<p><strong>Sur cette page :<\/strong><br><strong><a href=\"#Pr\u00e9sentation\">Pr\u00e9sentation<\/a><\/strong><br><strong><strong><a href=\"#Tarifs\">Tarifs 2026 pour la location de la grande salle<\/a><\/strong><\/strong><br><strong><strong><a href=\"#Consommation\">Consommation d&rsquo;\u00e9nergie<\/a><\/strong><br><strong><a href=\"#Forfait\">Forfait location vaisselle<\/a><\/strong><\/strong><br><strong><a href=\"#Remise\">Remise des cl\u00e9s<\/a><\/strong><br><strong><a href=\"#Autres-salles\">Autres salles communales<\/a><\/strong><\/p>\n\n\n<div class=\"wp-block-image\">\n<figure class=\"alignleft size-full is-resized\"><img loading=\"lazy\" decoding=\"async\" width=\"672\" height=\"501\" src=\"https:\/\/commune-poisson.fr\/wp-content\/uploads\/Cot\u00e9Mairie\/SallesCommunales\/Logo-page-Salles-communales.jpg\" alt=\"\" class=\"wp-image-7579\" style=\"aspect-ratio:1.3413138989157996;object-fit:cover;width:260px\" srcset=\"https:\/\/commune-poisson.fr\/wp-content\/uploads\/Cot\u00e9Mairie\/SallesCommunales\/Logo-page-Salles-communales.jpg 672w, https:\/\/commune-poisson.fr\/wp-content\/uploads\/Cot\u00e9Mairie\/SallesCommunales\/Logo-page-Salles-communales-300x224.jpg 300w, https:\/\/commune-poisson.fr\/wp-content\/uploads\/Cot\u00e9Mairie\/SallesCommunales\/Logo-page-Salles-communales-101x75.jpg 101w, https:\/\/commune-poisson.fr\/wp-content\/uploads\/Cot\u00e9Mairie\/SallesCommunales\/Logo-page-Salles-communales-480x358.jpg 480w\" sizes=\"auto, (max-width:767px) 480px, 672px\" \/><\/figure>\n<\/div>\n\n\n<div style=\"height:13px\" aria-hidden=\"true\" class=\"wp-block-spacer\"><\/div>\n\n\n\n<hr class=\"wp-block-separator has-text-color has-black-color has-css-opacity has-black-background-color has-background is-style-wide\" id=\"Pr\u00e9sentation\"\/>\n\n\n\n<h2 class=\"wp-block-heading has-luminous-vivid-orange-color has-text-color\"><strong>Pr\u00e9sentation<\/strong><\/h2>\n\n\n<div class=\"wp-block-image is-style-rounded\">\n<figure class=\"aligncenter size-large is-resized\"><img loading=\"lazy\" decoding=\"async\" width=\"1024\" height=\"576\" src=\"https:\/\/commune-poisson.fr\/wp-content\/uploads\/Cot\u00e9Mairie\/SallesCommunales\/2026-4-2-avril-Exterieurs-salles-communales-1024x576.jpg\" alt=\"\" class=\"wp-image-7440\" style=\"width:438px;height:auto\" srcset=\"https:\/\/commune-poisson.fr\/wp-content\/uploads\/Cot\u00e9Mairie\/SallesCommunales\/2026-4-2-avril-Exterieurs-salles-communales-1024x576.jpg 1024w, https:\/\/commune-poisson.fr\/wp-content\/uploads\/Cot\u00e9Mairie\/SallesCommunales\/2026-4-2-avril-Exterieurs-salles-communales-300x169.jpg 300w, https:\/\/commune-poisson.fr\/wp-content\/uploads\/Cot\u00e9Mairie\/SallesCommunales\/2026-4-2-avril-Exterieurs-salles-communales-768x432.jpg 768w, https:\/\/commune-poisson.fr\/wp-content\/uploads\/Cot\u00e9Mairie\/SallesCommunales\/2026-4-2-avril-Exterieurs-salles-communales-1536x864.jpg 1536w, https:\/\/commune-poisson.fr\/wp-content\/uploads\/Cot\u00e9Mairie\/SallesCommunales\/2026-4-2-avril-Exterieurs-salles-communales-2048x1153.jpg 2048w, https:\/\/commune-poisson.fr\/wp-content\/uploads\/Cot\u00e9Mairie\/SallesCommunales\/2026-4-2-avril-Exterieurs-salles-communales-133x75.jpg 133w, https:\/\/commune-poisson.fr\/wp-content\/uploads\/Cot\u00e9Mairie\/SallesCommunales\/2026-4-2-avril-Exterieurs-salles-communales-1200x675.jpg 1200w, https:\/\/commune-poisson.fr\/wp-content\/uploads\/Cot\u00e9Mairie\/SallesCommunales\/2026-4-2-avril-Exterieurs-salles-communales-480x270.jpg 480w\" sizes=\"auto, (max-width:767px) 480px, (max-width:1024px) 100vw, 1024px\" \/><figcaption class=\"wp-element-caption\"><strong>La commune poss\u00e8de plusieurs salles qu\u2019elle met \u00e0 disposition pour vos diff\u00e9rentes r\u00e9unions<\/strong>.<\/figcaption><\/figure>\n<\/div>\n\n\n<figure class=\"wp-block-image size-full\"><a href=\"https:\/\/commune-poisson.fr\/?page_id=286\"><img loading=\"lazy\" decoding=\"async\" width=\"50\" height=\"50\" src=\"https:\/\/commune-poisson.fr\/wp-content\/uploads\/Articles\/Logo\/Retour-Haut-de-page.jpg\" alt=\"Retour haut de page\" class=\"wp-image-2177\"\/><\/a><\/figure>\n\n\n\n<hr class=\"wp-block-separator has-text-color has-black-color has-css-opacity has-black-background-color has-background is-style-wide\" id=\"Tarifs\"\/>\n\n\n\n<h2 class=\"wp-block-heading has-luminous-vivid-orange-color has-text-color\"><strong>T<strong><strong>arifs 2026 pour la location de la grande salle<\/strong><\/strong><\/strong><\/h2>\n\n\n\n<p>Pour toutes r\u00e9servations et disponibilit\u00e9s, contactez <a href=\"https:\/\/commune-poisson.fr\/?page_id=1384\" target=\"_blank\" rel=\"noreferrer noopener\"><strong>la mairie<\/strong><\/a> au 03 85 81 07 15<strong>.<\/strong><\/p>\n\n\n\n<figure class=\"wp-block-table is-style-stripes\"><table><thead><tr><th><strong>Type de manifestation<\/strong><\/th><th><strong>Tarif administr\u00e9s de la commune<\/strong><\/th><th><strong>Tarif locataires ext\u00e9rieurs \u00e0 la commune<\/strong><\/th><\/tr><\/thead><tbody><tr><td>Assembl\u00e9e g\u00e9n\u00e9rale et r\u00e9union<\/td><td>Gratuit moyennant nettoyage<\/td><td>   50 \u20ac<\/td><\/tr><tr><td>Manifestation \u00e0 but lucratif (d\u00eener dansant, banquet)<\/td><td>113 \u20ac   <\/td><td>  300 \u20ac<\/td><\/tr><tr><td>Mariage, r\u00e9union de famille<\/td><td>129 \u20ac<\/td><td>  247 \u20ac<\/td><\/tr><tr><td>Vin d\u2019honneur<\/td><td>62 \u20ac <\/td><td>  123 \u20ac<\/td><\/tr><tr><td>Location suite \u00e0 d\u00e9c\u00e8s<\/td><td>37 \u20ac<\/td><td>    47 \u20ac<\/td><\/tr><tr><td>Vente au d\u00e9ballage<\/td><td>390 \u20ac<\/td><td>   390 \u20ac<\/td><\/tr><tr><td>R\u00e9union commerciale<\/td><td>125 \u20ac<\/td><td>   125 \u20ac<\/td><\/tr><\/tbody><\/table><\/figure>\n\n\n\n<p><strong>Ch\u00e8que de caution de 300 \u20ac \u00e0 la r\u00e9servation<\/strong>.<\/p>\n\n\n\n<figure class=\"wp-block-image size-full\"><a href=\"https:\/\/commune-poisson.fr\/?page_id=286\"><img loading=\"lazy\" decoding=\"async\" width=\"50\" height=\"50\" src=\"https:\/\/commune-poisson.fr\/wp-content\/uploads\/Articles\/Logo\/Retour-Haut-de-page.jpg\" alt=\"Retour haut de page\" class=\"wp-image-2177\"\/><\/a><\/figure>\n\n\n\n<hr class=\"wp-block-separator has-text-color has-black-color has-css-opacity has-black-background-color has-background is-style-wide\" id=\"Consommation\"\/>\n\n\n\n<h2 class=\"wp-block-heading has-luminous-vivid-orange-color has-text-color\"><strong>Consommation d&rsquo;\u00e9nergie<\/strong><\/h2>\n\n\n\n<p><strong>\u00c9lectricit\u00e9 :<\/strong> 0,60 \u20ac le kWh consomm\u00e9.<br><strong>Chauffage r\u00e9seau chaleur :<\/strong> 0,30 \u20ac le kWh consomm\u00e9.<\/p>\n\n\n\n<figure class=\"wp-block-image size-full\"><a href=\"https:\/\/commune-poisson.fr\/?page_id=286\"><img loading=\"lazy\" decoding=\"async\" width=\"50\" height=\"50\" src=\"https:\/\/commune-poisson.fr\/wp-content\/uploads\/Articles\/Logo\/Retour-Haut-de-page.jpg\" alt=\"Retour haut de page\" class=\"wp-image-2177\"\/><\/a><\/figure>\n\n\n\n<hr class=\"wp-block-separator has-text-color has-black-color has-css-opacity has-black-background-color has-background is-style-wide\" id=\"Forfait\"\/>\n\n\n\n<h2 class=\"wp-block-heading has-luminous-vivid-orange-color has-text-color\"><strong>Forfait location vaisselle<\/strong><\/h2>\n\n\n\n<p>* Commune : 20 \u20ac (gratuit pour les associations locales)<br>* Ext\u00e9rieur : 40 \u20ac<\/p>\n\n\n\n<p>D\u00e9tail du prix de la vaisselle cass\u00e9e :<br>&nbsp;&nbsp;&nbsp;&nbsp; &#8211; verre : 1,5 \u20ac<br>&nbsp;&nbsp;&nbsp;&nbsp; &#8211; assiette : 5 \u20ac<br>&nbsp;&nbsp;&nbsp;&nbsp; &#8211; tasse \u00e0 caf\u00e9 : 1,5 \u20ac<br>&nbsp;&nbsp;&nbsp;&nbsp; &#8211; carafe : 5 \u20ac<\/p>\n\n\n\n<figure class=\"wp-block-image size-full\"><a href=\"https:\/\/commune-poisson.fr\/?page_id=286\"><img loading=\"lazy\" decoding=\"async\" width=\"50\" height=\"50\" src=\"https:\/\/commune-poisson.fr\/wp-content\/uploads\/Articles\/Logo\/Retour-Haut-de-page.jpg\" alt=\"Retour haut de page\" class=\"wp-image-2177\"\/><\/a><\/figure>\n\n\n\n<hr class=\"wp-block-separator has-text-color has-black-color has-css-opacity has-black-background-color has-background is-style-wide\" id=\"Remise\"\/>\n\n\n\n<h2 class=\"wp-block-heading has-luminous-vivid-orange-color has-text-color\"><strong>Remise des cl\u00e9s<\/strong><\/h2>\n\n\n\n<p>Voir conditions <a href=\"https:\/\/commune-poisson.fr\/?page_id=1384\" target=\"_blank\" rel=\"noreferrer noopener\"><strong>en mairie<\/strong><\/a>.<\/p>\n\n\n\n<figure class=\"wp-block-image size-full\"><a href=\"https:\/\/commune-poisson.fr\/?page_id=286\"><img loading=\"lazy\" decoding=\"async\" width=\"50\" height=\"50\" src=\"https:\/\/commune-poisson.fr\/wp-content\/uploads\/Articles\/Logo\/Retour-Haut-de-page.jpg\" alt=\"Retour haut de page\" class=\"wp-image-2177\"\/><\/a><\/figure>\n\n\n\n<hr class=\"wp-block-separator has-text-color has-black-color has-css-opacity has-black-background-color has-background is-style-wide\" id=\"Autres-salles\"\/>\n\n\n\n<h2 class=\"wp-block-heading has-luminous-vivid-orange-color has-text-color\"><strong>Autres salles communales<\/strong><\/h2>\n\n\n\n<p>Voir conditions <a href=\"https:\/\/commune-poisson.fr\/?page_id=1384\" target=\"_blank\" rel=\"noreferrer noopener\"><strong>en mairie<\/strong><\/a>.<\/p>\n\n\n\n<figure class=\"wp-block-image size-full\"><a href=\"https:\/\/commune-poisson.fr\/?page_id=286\"><img loading=\"lazy\" decoding=\"async\" width=\"50\" height=\"50\" src=\"https:\/\/commune-poisson.fr\/wp-content\/uploads\/Articles\/Logo\/Retour-Haut-de-page.jpg\" alt=\"Retour haut de page\" class=\"wp-image-2177\"\/><\/a><\/figure>\n","protected":false},"excerpt":{"rendered":"<p>Sur cette page :Pr\u00e9sentationTarifs 2026 pour la location de la<span class=\"excerpt-hellip\"> [\u2026]<\/span><\/p>\n","protected":false},"author":2,"featured_media":0,"parent":119,"menu_order":11,"comment_status":"closed","ping_status":"closed","template":"","meta":{"footnotes":""},"class_list":["post-286","page","type-page","status-publish","hentry"],"yoast_head":"<!-- This site is optimized with the Yoast SEO plugin v27.2 - https:\/\/yoast.com\/product\/yoast-seo-wordpress\/ -->\n<title>Salles communales - Commune de POISSON | Sa\u00f4ne-et-Loire (71)<\/title>\n<meta name=\"robots\" content=\"index, follow, max-snippet:-1, max-image-preview:large, max-video-preview:-1\" \/>\n<link rel=\"canonical\" href=\"https:\/\/commune-poisson.fr\/?page_id=286\" \/>\n<meta property=\"og:locale\" content=\"fr_FR\" \/>\n<meta property=\"og:type\" content=\"article\" \/>\n<meta property=\"og:title\" content=\"Salles communales - Commune de POISSON | Sa\u00f4ne-et-Loire (71)\" \/>\n<meta property=\"og:description\" content=\"Sur cette page :Pr\u00e9sentationTarifs 2026 pour la location de la [\u2026]\" \/>\n<meta property=\"og:url\" content=\"https:\/\/commune-poisson.fr\/?page_id=286\" \/>\n<meta property=\"og:site_name\" content=\"Commune de POISSON | Sa\u00f4ne-et-Loire (71)\" \/>\n<meta property=\"article:modified_time\" content=\"2026-04-05T16:47:24+00:00\" \/>\n<meta property=\"og:image\" content=\"https:\/\/commune-poisson.fr\/wp-content\/uploads\/Articles\/Logo\/Retour-Haut-de-page.jpg\" \/>\n<meta name=\"twitter:card\" content=\"summary_large_image\" \/>\n<meta name=\"twitter:label1\" content=\"Dur\u00e9e de lecture estim\u00e9e\" \/>\n\t<meta name=\"twitter:data1\" content=\"3 minutes\" \/>\n<script type=\"application\/ld+json\" class=\"yoast-schema-graph\">{\"@context\":\"https:\/\/schema.org\",\"@graph\":[{\"@type\":\"WebPage\",\"@id\":\"https:\/\/commune-poisson.fr\/?page_id=286\",\"url\":\"https:\/\/commune-poisson.fr\/?page_id=286\",\"name\":\"Salles communales - Commune de POISSON | Sa\u00f4ne-et-Loire (71)\",\"isPartOf\":{\"@id\":\"https:\/\/commune-poisson.fr\/#website\"},\"primaryImageOfPage\":{\"@id\":\"https:\/\/commune-poisson.fr\/?page_id=286#primaryimage\"},\"image\":{\"@id\":\"https:\/\/commune-poisson.fr\/?page_id=286#primaryimage\"},\"thumbnailUrl\":\"https:\/\/commune-poisson.fr\/wp-content\/uploads\/Articles\/Logo\/Retour-Haut-de-page.jpg\",\"datePublished\":\"2026-04-02T16:35:34+00:00\",\"dateModified\":\"2026-04-05T16:47:24+00:00\",\"breadcrumb\":{\"@id\":\"https:\/\/commune-poisson.fr\/?page_id=286#breadcrumb\"},\"inLanguage\":\"fr-FR\",\"potentialAction\":[{\"@type\":\"ReadAction\",\"target\":[\"https:\/\/commune-poisson.fr\/?page_id=286\"]}]},{\"@type\":\"ImageObject\",\"inLanguage\":\"fr-FR\",\"@id\":\"https:\/\/commune-poisson.fr\/?page_id=286#primaryimage\",\"url\":\"https:\/\/commune-poisson.fr\/wp-content\/uploads\/Articles\/Logo\/Retour-Haut-de-page.jpg\",\"contentUrl\":\"https:\/\/commune-poisson.fr\/wp-content\/uploads\/Articles\/Logo\/Retour-Haut-de-page.jpg\",\"width\":50,\"height\":50,\"caption\":\"Retour haut de page\"},{\"@type\":\"BreadcrumbList\",\"@id\":\"https:\/\/commune-poisson.fr\/?page_id=286#breadcrumb\",\"itemListElement\":[{\"@type\":\"ListItem\",\"position\":1,\"name\":\"Accueil\",\"item\":\"https:\/\/commune-poisson.fr\/\"},{\"@type\":\"ListItem\",\"position\":2,\"name\":\"C\u00f4t\u00e9 Mairie\",\"item\":\"https:\/\/commune-poisson.fr\/?page_id=119\"},{\"@type\":\"ListItem\",\"position\":3,\"name\":\"Salles communales\"}]},{\"@type\":\"WebSite\",\"@id\":\"https:\/\/commune-poisson.fr\/#website\",\"url\":\"https:\/\/commune-poisson.fr\/\",\"name\":\"Commune de POISSON | Sa\u00f4ne-et-Loire (71)\",\"description\":\"Site officiel\",\"potentialAction\":[{\"@type\":\"SearchAction\",\"target\":{\"@type\":\"EntryPoint\",\"urlTemplate\":\"https:\/\/commune-poisson.fr\/?s={search_term_string}\"},\"query-input\":{\"@type\":\"PropertyValueSpecification\",\"valueRequired\":true,\"valueName\":\"search_term_string\"}}],\"inLanguage\":\"fr-FR\"}]}<\/script>\n<!-- \/ Yoast SEO plugin. -->","yoast_head_json":{"title":"Salles communales - Commune de POISSON | Sa\u00f4ne-et-Loire (71)","robots":{"index":"index","follow":"follow","max-snippet":"max-snippet:-1","max-image-preview":"max-image-preview:large","max-video-preview":"max-video-preview:-1"},"canonical":"https:\/\/commune-poisson.fr\/?page_id=286","og_locale":"fr_FR","og_type":"article","og_title":"Salles communales - Commune de POISSON | Sa\u00f4ne-et-Loire (71)","og_description":"Sur cette page :Pr\u00e9sentationTarifs 2026 pour la location de la [\u2026]","og_url":"https:\/\/commune-poisson.fr\/?page_id=286","og_site_name":"Commune de POISSON | Sa\u00f4ne-et-Loire (71)","article_modified_time":"2026-04-05T16:47:24+00:00","og_image":[{"url":"https:\/\/commune-poisson.fr\/wp-content\/uploads\/Articles\/Logo\/Retour-Haut-de-page.jpg","type":"","width":"","height":""}],"twitter_card":"summary_large_image","twitter_misc":{"Dur\u00e9e de lecture estim\u00e9e":"3 minutes"},"schema":{"@context":"https:\/\/schema.org","@graph":[{"@type":"WebPage","@id":"https:\/\/commune-poisson.fr\/?page_id=286","url":"https:\/\/commune-poisson.fr\/?page_id=286","name":"Salles communales - Commune de POISSON | Sa\u00f4ne-et-Loire (71)","isPartOf":{"@id":"https:\/\/commune-poisson.fr\/#website"},"primaryImageOfPage":{"@id":"https:\/\/commune-poisson.fr\/?page_id=286#primaryimage"},"image":{"@id":"https:\/\/commune-poisson.fr\/?page_id=286#primaryimage"},"thumbnailUrl":"https:\/\/commune-poisson.fr\/wp-content\/uploads\/Articles\/Logo\/Retour-Haut-de-page.jpg","datePublished":"2026-04-02T16:35:34+00:00","dateModified":"2026-04-05T16:47:24+00:00","breadcrumb":{"@id":"https:\/\/commune-poisson.fr\/?page_id=286#breadcrumb"},"inLanguage":"fr-FR","potentialAction":[{"@type":"ReadAction","target":["https:\/\/commune-poisson.fr\/?page_id=286"]}]},{"@type":"ImageObject","inLanguage":"fr-FR","@id":"https:\/\/commune-poisson.fr\/?page_id=286#primaryimage","url":"https:\/\/commune-poisson.fr\/wp-content\/uploads\/Articles\/Logo\/Retour-Haut-de-page.jpg","contentUrl":"https:\/\/commune-poisson.fr\/wp-content\/uploads\/Articles\/Logo\/Retour-Haut-de-page.jpg","width":50,"height":50,"caption":"Retour haut de page"},{"@type":"BreadcrumbList","@id":"https:\/\/commune-poisson.fr\/?page_id=286#breadcrumb","itemListElement":[{"@type":"ListItem","position":1,"name":"Accueil","item":"https:\/\/commune-poisson.fr\/"},{"@type":"ListItem","position":2,"name":"C\u00f4t\u00e9 Mairie","item":"https:\/\/commune-poisson.fr\/?page_id=119"},{"@type":"ListItem","position":3,"name":"Salles communales"}]},{"@type":"WebSite","@id":"https:\/\/commune-poisson.fr\/#website","url":"https:\/\/commune-poisson.fr\/","name":"Commune de POISSON | Sa\u00f4ne-et-Loire (71)","description":"Site officiel","potentialAction":[{"@type":"SearchAction","target":{"@type":"EntryPoint","urlTemplate":"https:\/\/commune-poisson.fr\/?s={search_term_string}"},"query-input":{"@type":"PropertyValueSpecification","valueRequired":true,"valueName":"search_term_string"}}],"inLanguage":"fr-FR"}]}},"_links":{"self":[{"href":"https:\/\/commune-poisson.fr\/index.php?rest_route=\/wp\/v2\/pages\/286","targetHints":{"allow":["GET"]}}],"collection":[{"href":"https:\/\/commune-poisson.fr\/index.php?rest_route=\/wp\/v2\/pages"}],"about":[{"href":"https:\/\/commune-poisson.fr\/index.php?rest_route=\/wp\/v2\/types\/page"}],"author":[{"embeddable":true,"href":"https:\/\/commune-poisson.fr\/index.php?rest_route=\/wp\/v2\/users\/2"}],"replies":[{"embeddable":true,"href":"https:\/\/commune-poisson.fr\/index.php?rest_route=%2Fwp%2Fv2%2Fcomments&post=286"}],"version-history":[{"count":47,"href":"https:\/\/commune-poisson.fr\/index.php?rest_route=\/wp\/v2\/pages\/286\/revisions"}],"predecessor-version":[{"id":7594,"href":"https:\/\/commune-poisson.fr\/index.php?rest_route=\/wp\/v2\/pages\/286\/revisions\/7594"}],"up":[{"embeddable":true,"href":"https:\/\/commune-poisson.fr\/index.php?rest_route=\/wp\/v2\/pages\/119"}],"wp:attachment":[{"href":"https:\/\/commune-poisson.fr\/index.php?rest_route=%2Fwp%2Fv2%2Fmedia&parent=286"}],"curies":[{"name":"wp","href":"https:\/\/api.w.org\/{rel}","templated":true}]}}