{"id":1873,"date":"2023-02-06T18:17:00","date_gmt":"2023-02-06T17:17:00","guid":{"rendered":"https:\/\/commune-poisson.fr\/?page_id=1873"},"modified":"2026-04-06T14:19:45","modified_gmt":"2026-04-06T12:19:45","slug":"bulletins-municipaux","status":"publish","type":"page","link":"https:\/\/commune-poisson.fr\/?page_id=1873","title":{"rendered":"Bulletins municipaux"},"content":{"rendered":"<div class=\"wp-block-image\">\n<figure class=\"alignleft size-full is-resized\"><img loading=\"lazy\" decoding=\"async\" width=\"671\" height=\"502\" src=\"https:\/\/commune-poisson.fr\/wp-content\/uploads\/Cot\u00e9Mairie\/BulletinsMunicpaux\/Logo-page-Bulletins-municipaux.jpg\" alt=\"\" class=\"wp-image-7707\" style=\"width:260px\" srcset=\"https:\/\/commune-poisson.fr\/wp-content\/uploads\/Cot\u00e9Mairie\/BulletinsMunicpaux\/Logo-page-Bulletins-municipaux.jpg 671w, https:\/\/commune-poisson.fr\/wp-content\/uploads\/Cot\u00e9Mairie\/BulletinsMunicpaux\/Logo-page-Bulletins-municipaux-300x224.jpg 300w, https:\/\/commune-poisson.fr\/wp-content\/uploads\/Cot\u00e9Mairie\/BulletinsMunicpaux\/Logo-page-Bulletins-municipaux-100x75.jpg 100w, https:\/\/commune-poisson.fr\/wp-content\/uploads\/Cot\u00e9Mairie\/BulletinsMunicpaux\/Logo-page-Bulletins-municipaux-480x359.jpg 480w\" sizes=\"auto, (max-width:767px) 480px, 671px\" \/><\/figure>\n<\/div>\n\n\n<div style=\"height:9px\" aria-hidden=\"true\" class=\"wp-block-spacer\"><\/div>\n\n\n\n<hr class=\"wp-block-separator has-text-color has-black-color has-alpha-channel-opacity has-black-background-color has-background\"\/>\n\n\n\n<p><strong>Pour lire un des six derniers bulletins municipaux, cliquez sur son image pour le feuilleter.<\/strong><br>* <strong>R\u00e9ponses au quiz \u00ab\u00a0\u00c0 travers notre patois charolais\u00a0\u00bb du bulletin municipal n\u00b050<\/strong> <strong>: <a href=\"https:\/\/commune-poisson.fr\/wp-content\/uploads\/Cot\u00e9Mairie\/BulletinsMunicpaux\/ReponsesJeu\/Reponses-Quizz-BM-n\u00b050.pdf\" target=\"_blank\" rel=\"noreferrer noopener\">cliquez ici<\/a>.<\/strong><\/p>\n\n\n\n<figure class=\"wp-block-gallery has-nested-images columns-3 wp-block-gallery-1 is-layout-flex wp-block-gallery-is-layout-flex\">\n<figure class=\"wp-block-image size-full\"><a href=\"https:\/\/www.calameo.com\/read\/0065449935d3bde5b72f3\" target=\"_blank\" rel=\" noreferrer noopener\"><img loading=\"lazy\" decoding=\"async\" width=\"621\" height=\"877\" data-id=\"7014\" src=\"https:\/\/commune-poisson.fr\/wp-content\/uploads\/Cot\u00e9Mairie\/BulletinsMunicpaux\/PageDeGarde\/Page-garde-Bulletin-municipal-N\u00b050-Janvier-2026.jpg\" alt=\"\" class=\"wp-image-7014\" srcset=\"https:\/\/commune-poisson.fr\/wp-content\/uploads\/Cot\u00e9Mairie\/BulletinsMunicpaux\/PageDeGarde\/Page-garde-Bulletin-municipal-N\u00b050-Janvier-2026.jpg 621w, https:\/\/commune-poisson.fr\/wp-content\/uploads\/Cot\u00e9Mairie\/BulletinsMunicpaux\/PageDeGarde\/Page-garde-Bulletin-municipal-N\u00b050-Janvier-2026-212x300.jpg 212w, https:\/\/commune-poisson.fr\/wp-content\/uploads\/Cot\u00e9Mairie\/BulletinsMunicpaux\/PageDeGarde\/Page-garde-Bulletin-municipal-N\u00b050-Janvier-2026-53x75.jpg 53w, https:\/\/commune-poisson.fr\/wp-content\/uploads\/Cot\u00e9Mairie\/BulletinsMunicpaux\/PageDeGarde\/Page-garde-Bulletin-municipal-N\u00b050-Janvier-2026-480x678.jpg 480w\" sizes=\"auto, (max-width:767px) 480px, 621px\" \/><\/a><\/figure>\n\n\n\n<figure class=\"wp-block-image size-large\"><a href=\"https:\/\/www.calameo.com\/read\/00654499326fcb2c59225\" target=\"_blank\" rel=\" noreferrer noopener\"><img loading=\"lazy\" decoding=\"async\" width=\"621\" height=\"877\" data-id=\"5938\" src=\"https:\/\/commune-poisson.fr\/wp-content\/uploads\/Cot\u00e9Mairie\/BulletinsMunicpaux\/PageDeGarde\/Page-garde-Bulletin-municipal-N\u00b049-Janvier-2025.jpg\" alt=\"\" class=\"wp-image-5938\" srcset=\"https:\/\/commune-poisson.fr\/wp-content\/uploads\/Cot\u00e9Mairie\/BulletinsMunicpaux\/PageDeGarde\/Page-garde-Bulletin-municipal-N\u00b049-Janvier-2025.jpg 621w, https:\/\/commune-poisson.fr\/wp-content\/uploads\/Cot\u00e9Mairie\/BulletinsMunicpaux\/PageDeGarde\/Page-garde-Bulletin-municipal-N\u00b049-Janvier-2025-212x300.jpg 212w, https:\/\/commune-poisson.fr\/wp-content\/uploads\/Cot\u00e9Mairie\/BulletinsMunicpaux\/PageDeGarde\/Page-garde-Bulletin-municipal-N\u00b049-Janvier-2025-53x75.jpg 53w, https:\/\/commune-poisson.fr\/wp-content\/uploads\/Cot\u00e9Mairie\/BulletinsMunicpaux\/PageDeGarde\/Page-garde-Bulletin-municipal-N\u00b049-Janvier-2025-480x678.jpg 480w\" sizes=\"auto, (max-width:767px) 480px, 621px\" \/><\/a><\/figure>\n\n\n\n<figure class=\"wp-block-image size-large\"><a href=\"https:\/\/www.calameo.com\/read\/006544993101a9997d217\" target=\"_blank\" rel=\"noreferrer noopener\"><img loading=\"lazy\" decoding=\"async\" width=\"621\" height=\"877\" data-id=\"4964\" src=\"https:\/\/commune-poisson.fr\/wp-content\/uploads\/Cot\u00e9Mairie\/BulletinsMunicpaux\/PageDeGarde\/Page-garde-Bulletin-municipal-N\u00b048-Janvier-2024.jpg\" alt=\"\" class=\"wp-image-4964\" srcset=\"https:\/\/commune-poisson.fr\/wp-content\/uploads\/Cot\u00e9Mairie\/BulletinsMunicpaux\/PageDeGarde\/Page-garde-Bulletin-municipal-N\u00b048-Janvier-2024.jpg 621w, https:\/\/commune-poisson.fr\/wp-content\/uploads\/Cot\u00e9Mairie\/BulletinsMunicpaux\/PageDeGarde\/Page-garde-Bulletin-municipal-N\u00b048-Janvier-2024-212x300.jpg 212w, https:\/\/commune-poisson.fr\/wp-content\/uploads\/Cot\u00e9Mairie\/BulletinsMunicpaux\/PageDeGarde\/Page-garde-Bulletin-municipal-N\u00b048-Janvier-2024-53x75.jpg 53w, https:\/\/commune-poisson.fr\/wp-content\/uploads\/Cot\u00e9Mairie\/BulletinsMunicpaux\/PageDeGarde\/Page-garde-Bulletin-municipal-N\u00b048-Janvier-2024-480x678.jpg 480w\" sizes=\"auto, (max-width:767px) 480px, 621px\" \/><\/a><\/figure>\n\n\n\n<figure class=\"wp-block-image size-large\"><a href=\"https:\/\/fr.calameo.com\/read\/0065449931ed795210e19\" target=\"_blank\" rel=\"noreferrer noopener\"><img loading=\"lazy\" decoding=\"async\" width=\"621\" height=\"877\" data-id=\"3926\" src=\"https:\/\/commune-poisson.fr\/wp-content\/uploads\/Cot\u00e9Mairie\/BulletinsMunicpaux\/PageDeGarde\/Page-garde-Bulletin-municipal-N\u00b047-Janvier-2023.jpg\" alt=\"\" class=\"wp-image-3926\" srcset=\"https:\/\/commune-poisson.fr\/wp-content\/uploads\/Cot\u00e9Mairie\/BulletinsMunicpaux\/PageDeGarde\/Page-garde-Bulletin-municipal-N\u00b047-Janvier-2023.jpg 621w, https:\/\/commune-poisson.fr\/wp-content\/uploads\/Cot\u00e9Mairie\/BulletinsMunicpaux\/PageDeGarde\/Page-garde-Bulletin-municipal-N\u00b047-Janvier-2023-212x300.jpg 212w, https:\/\/commune-poisson.fr\/wp-content\/uploads\/Cot\u00e9Mairie\/BulletinsMunicpaux\/PageDeGarde\/Page-garde-Bulletin-municipal-N\u00b047-Janvier-2023-103x146.jpg 103w, https:\/\/commune-poisson.fr\/wp-content\/uploads\/Cot\u00e9Mairie\/BulletinsMunicpaux\/PageDeGarde\/Page-garde-Bulletin-municipal-N\u00b047-Janvier-2023-35x50.jpg 35w, https:\/\/commune-poisson.fr\/wp-content\/uploads\/Cot\u00e9Mairie\/BulletinsMunicpaux\/PageDeGarde\/Page-garde-Bulletin-municipal-N\u00b047-Janvier-2023-53x75.jpg 53w\" sizes=\"auto, (max-width:767px) 480px, 621px\" \/><\/a><\/figure>\n\n\n\n<figure class=\"wp-block-image size-full\"><a href=\"https:\/\/fr.calameo.com\/read\/0065449935957240071ea\" target=\"_blank\" rel=\"noopener\"><img loading=\"lazy\" decoding=\"async\" width=\"621\" height=\"877\" data-id=\"2565\" src=\"https:\/\/commune-poisson.fr\/wp-content\/uploads\/Cot\u00e9Mairie\/BulletinsMunicpaux\/PageDeGarde\/Page-garde-Bulletin-municipal-N\u00b046-Janvier-2022.jpg\" alt=\"\" class=\"wp-image-2565\" srcset=\"https:\/\/commune-poisson.fr\/wp-content\/uploads\/Cot\u00e9Mairie\/BulletinsMunicpaux\/PageDeGarde\/Page-garde-Bulletin-municipal-N\u00b046-Janvier-2022.jpg 621w, https:\/\/commune-poisson.fr\/wp-content\/uploads\/Cot\u00e9Mairie\/BulletinsMunicpaux\/PageDeGarde\/Page-garde-Bulletin-municipal-N\u00b046-Janvier-2022-212x300.jpg 212w, https:\/\/commune-poisson.fr\/wp-content\/uploads\/Cot\u00e9Mairie\/BulletinsMunicpaux\/PageDeGarde\/Page-garde-Bulletin-municipal-N\u00b046-Janvier-2022-103x146.jpg 103w, https:\/\/commune-poisson.fr\/wp-content\/uploads\/Cot\u00e9Mairie\/BulletinsMunicpaux\/PageDeGarde\/Page-garde-Bulletin-municipal-N\u00b046-Janvier-2022-35x50.jpg 35w, https:\/\/commune-poisson.fr\/wp-content\/uploads\/Cot\u00e9Mairie\/BulletinsMunicpaux\/PageDeGarde\/Page-garde-Bulletin-municipal-N\u00b046-Janvier-2022-53x75.jpg 53w\" sizes=\"auto, (max-width:767px) 480px, 621px\" \/><\/a><\/figure>\n\n\n\n<figure class=\"wp-block-image size-large\"><a href=\"https:\/\/fr.calameo.com\/read\/006544993594a66ba669e\" target=\"_blank\" rel=\"noopener\"><img loading=\"lazy\" decoding=\"async\" width=\"621\" height=\"877\" data-id=\"1884\" src=\"https:\/\/commune-poisson.fr\/wp-content\/uploads\/Cot\u00e9Mairie\/BulletinsMunicpaux\/PageDeGarde\/Page-garde-Bulletin-municipal-N\u00b045-Janvier-2021.jpg\" alt=\"\" class=\"wp-image-1884\" srcset=\"https:\/\/commune-poisson.fr\/wp-content\/uploads\/Cot\u00e9Mairie\/BulletinsMunicpaux\/PageDeGarde\/Page-garde-Bulletin-municipal-N\u00b045-Janvier-2021.jpg 621w, https:\/\/commune-poisson.fr\/wp-content\/uploads\/Cot\u00e9Mairie\/BulletinsMunicpaux\/PageDeGarde\/Page-garde-Bulletin-municipal-N\u00b045-Janvier-2021-212x300.jpg 212w, https:\/\/commune-poisson.fr\/wp-content\/uploads\/Cot\u00e9Mairie\/BulletinsMunicpaux\/PageDeGarde\/Page-garde-Bulletin-municipal-N\u00b045-Janvier-2021-103x146.jpg 103w, https:\/\/commune-poisson.fr\/wp-content\/uploads\/Cot\u00e9Mairie\/BulletinsMunicpaux\/PageDeGarde\/Page-garde-Bulletin-municipal-N\u00b045-Janvier-2021-35x50.jpg 35w, https:\/\/commune-poisson.fr\/wp-content\/uploads\/Cot\u00e9Mairie\/BulletinsMunicpaux\/PageDeGarde\/Page-garde-Bulletin-municipal-N\u00b045-Janvier-2021-53x75.jpg 53w\" sizes=\"auto, (max-width:767px) 480px, 621px\" \/><\/a><\/figure>\n<\/figure>\n\n\n\n<figure class=\"wp-block-image size-full\"><a href=\"https:\/\/commune-poisson.fr\/?page_id=1873\"><img loading=\"lazy\" decoding=\"async\" width=\"50\" height=\"50\" src=\"https:\/\/commune-poisson.fr\/wp-content\/uploads\/Articles\/Logo\/Retour-Haut-de-page.jpg\" alt=\"\" class=\"wp-image-2177\"\/><\/a><\/figure>\n\n\n\n<hr class=\"wp-block-separator has-text-color has-black-color has-alpha-channel-opacity has-black-background-color has-background\"\/>\n\n\n\n<p><strong>Tous les bulletins municipaux depuis le num\u00e9ro 36 (janvier 2012) sont t\u00e9l\u00e9chargeables au format pdf en cliquant sur un des liens ci-dessous.<\/strong><\/p>\n\n\n\n<p>* <strong><a href=\"https:\/\/commune-poisson.fr\/wp-content\/uploads\/Cot\u00e9Mairie\/BulletinsMunicpaux\/bulletin-poisson-2026.pdf\" target=\"_blank\" rel=\"noreferrer noopener\">N\u00b050 &#8211; Janvier 2026<\/a><\/strong><br> \u00a4 <strong><strong>R\u00e9ponses au quiz \u00ab\u00a0\u00c0 travers notre patois charolais\u00a0\u00bb du<\/strong><\/strong> <strong>bulletin municipal n\u00b050<\/strong> <strong>: <a href=\"https:\/\/commune-poisson.fr\/wp-content\/uploads\/Cot\u00e9Mairie\/BulletinsMunicpaux\/ReponsesJeu\/Reponses-Quizz-BM-n\u00b050.pdf\" target=\"_blank\" rel=\"noreferrer noopener\">cliquez ici<\/a>.<\/strong><br><strong>* <strong><a href=\"https:\/\/commune-poisson.fr\/wp-content\/uploads\/Cot\u00e9Mairie\/BulletinsMunicpaux\/Bulletin-poisson-2025.pdf\" target=\"_blank\" rel=\"noreferrer noopener\">N\u00b049 &#8211; Janvier 2025<\/a><\/strong><br> \u00a4 <strong>R\u00e9ponses au \u00ab\u00a0Quiz communal\u00a0\u00bb du bulletin municipal n\u00b04<\/strong>9 <strong>: <a href=\"https:\/\/commune-poisson.fr\/wp-content\/uploads\/Cot\u00e9Mairie\/BulletinsMunicpaux\/ReponsesJeu\/Reponses-Quizz-BM-n\u00b049.pdf\" target=\"_blank\" rel=\"noreferrer noopener\">cliquez ici<\/a>.<\/strong><\/strong><br>* <strong><a href=\"https:\/\/commune-poisson.fr\/wp-content\/uploads\/Cot\u00e9Mairie\/BulletinsMunicpaux\/bulletin-poisson-2024.pdf\" target=\"_blank\" rel=\"noreferrer noopener\">N\u00b048 &#8211; Janvier 2024<\/a><\/strong><br> \u00a4 <strong>R\u00e9ponses au \u00ab\u00a0Quiz communal\u00a0\u00bb du bulletin municipal n\u00b048<\/strong> <strong>: <a href=\"https:\/\/commune-poisson.fr\/wp-content\/uploads\/Cot\u00e9Mairie\/BulletinsMunicpaux\/ReponsesJeu\/Reponses-Quizz-BM-n\u00b048.pdf\" target=\"_blank\" rel=\"noreferrer noopener\">cliquez ici<\/a>.<\/strong><br>* <strong><a href=\"https:\/\/commune-poisson.fr\/wp-content\/uploads\/Cot\u00e9Mairie\/BulletinsMunicpaux\/bulletin-poisson-2023.pdf\" target=\"_blank\" rel=\"noreferrer noopener\">N\u00b047 &#8211; Janvier 2023<\/a><\/strong><br> \u00a4 <strong>R\u00e9ponses au \u00ab\u00a0Quiz communal\u00a0\u00bb du bulletin municipal n\u00b047<\/strong> <strong>: <a href=\"https:\/\/commune-poisson.fr\/wp-content\/uploads\/Cot\u00e9Mairie\/BulletinsMunicpaux\/ReponsesJeu\/Reponses-Quizz-BM-n\u00b047.pdf\" target=\"_blank\" rel=\"noreferrer noopener\">cliquez ici<\/a>.<\/strong><br>* <a href=\"https:\/\/commune-poisson.fr\/wp-content\/uploads\/Cot\u00e9Mairie\/BulletinsMunicpaux\/bulletin-poisson-2022.pdf\" target=\"_blank\" rel=\"noreferrer noopener\"><strong>N\u00b046 &#8211; Janvier 2022<\/strong><\/a><br> \u00a4 <strong>R\u00e9ponses au \u00ab\u00a0Quiz communal\u00a0\u00bb du bulletin municipal n\u00b046<\/strong> <strong>: <a href=\"https:\/\/commune-poisson.fr\/wp-content\/uploads\/Cot\u00e9Mairie\/BulletinsMunicpaux\/ReponsesJeu\/Reponses-Quizz-BM-n\u00b046.pdf\" target=\"_blank\" rel=\"noreferrer noopener\">cliquez ici<\/a>.<\/strong><br><strong>* <a href=\"https:\/\/commune-poisson.fr\/wp-content\/uploads\/Cot\u00e9Mairie\/BulletinsMunicpaux\/bulletin-poisson-2021.pdf\" target=\"_blank\" rel=\"noreferrer noopener\">N\u00b045 &#8211; Janvier 2021<\/a><br>* <a href=\"https:\/\/commune-poisson.fr\/wp-content\/uploads\/Cot\u00e9Mairie\/BulletinsMunicpaux\/bulletin-poisson-2020.pdf\" target=\"_blank\" rel=\"noreferrer noopener\"><strong>N\u00b044 &#8211; Janvier 202<\/strong>0<\/a><br>* <strong><a href=\"https:\/\/commune-poisson.fr\/wp-content\/uploads\/Cot\u00e9Mairie\/BulletinsMunicpaux\/bulletin-poisson-2019.pdf\" target=\"_blank\" rel=\"noreferrer noopener\"><strong>N\u00b043 &#8211; Janvier 20<\/strong>19<\/a><\/strong><br>* <a href=\"https:\/\/commune-poisson.fr\/wp-content\/uploads\/Cot\u00e9Mairie\/BulletinsMunicpaux\/bulletin-poisson-2018.pdf\" target=\"_blank\" rel=\"noreferrer noopener\"><strong>N\u00b042 &#8211; Janvier <\/strong>2018<\/a><\/strong><br> \u00a4 <strong>R\u00e9ponses au jeu du bulletin municipal n\u00b042 : <a href=\"https:\/\/commune-poisson.fr\/wp-content\/uploads\/Cot\u00e9Mairie\/BulletinsMunicpaux\/ReponsesJeu\/Reponses-Jeu-BM-n\u00b042-Metiers.pdf\" target=\"_blank\" rel=\"noreferrer noopener\">cliquez ici<\/a>.<br>* <a href=\"https:\/\/commune-poisson.fr\/wp-content\/uploads\/Cot\u00e9Mairie\/BulletinsMunicpaux\/bulletin-poisson-2017.pdf\" target=\"_blank\" rel=\"noreferrer noopener\"><strong><strong>N\u00b041 &#8211; Janvier <\/strong><\/strong>2017<\/a><\/strong><br> \u00a4 <strong>R\u00e9ponses au jeu du bulletin municipal n\u00b041 : <a href=\"https:\/\/commune-poisson.fr\/wp-content\/uploads\/Cot\u00e9Mairie\/BulletinsMunicpaux\/ReponsesJeu\/Reponses-Jeu-BM-n\u00b041-Etangs-Poisson.pdf\" target=\"_blank\" rel=\"noreferrer noopener\">cliquez ici<\/a>.<br>* <a href=\"https:\/\/commune-poisson.fr\/wp-content\/uploads\/Cot\u00e9Mairie\/BulletinsMunicpaux\/bulletin-poisson-2016.pdf\" target=\"_blank\" rel=\"noreferrer noopener\"><strong><strong>N\u00b040 &#8211; Janvier <\/strong><\/strong>2016<\/a><br>* <a href=\"https:\/\/commune-poisson.fr\/wp-content\/uploads\/Cot\u00e9Mairie\/BulletinsMunicpaux\/bulletin-poisson-2015.pdf\" target=\"_blank\" rel=\"noreferrer noopener\"><strong><strong>N\u00b039 &#8211; Janvier <\/strong><\/strong>2015<\/a><br>* <a href=\"https:\/\/commune-poisson.fr\/wp-content\/uploads\/Cot\u00e9Mairie\/BulletinsMunicpaux\/bulletin-poisson-2014.pdf\" target=\"_blank\" rel=\"noreferrer noopener\"><strong><strong>N\u00b038 &#8211; Janvier <\/strong><\/strong>2014<\/a><br>* <a href=\"https:\/\/commune-poisson.fr\/wp-content\/uploads\/Cot\u00e9Mairie\/BulletinsMunicpaux\/bulletin-poisson-2013.pdf\" target=\"_blank\" rel=\"noreferrer noopener\"><strong><strong>N\u00b037 &#8211; Janvier <\/strong><\/strong>2013<\/a><br>* <a href=\"https:\/\/commune-poisson.fr\/wp-content\/uploads\/Cot\u00e9Mairie\/BulletinsMunicpaux\/bulletin-poisson-2012.pdf\" target=\"_blank\" rel=\"noreferrer noopener\"><strong><strong>N\u00b036 &#8211; Janvier <\/strong><\/strong>2012<\/a><\/strong><\/p>\n\n\n\n<figure class=\"wp-block-image size-full\"><a href=\"https:\/\/commune-poisson.fr\/?page_id=1873\"><img loading=\"lazy\" decoding=\"async\" width=\"50\" height=\"50\" src=\"https:\/\/commune-poisson.fr\/wp-content\/uploads\/Articles\/Logo\/Retour-Haut-de-page.jpg\" alt=\"\" class=\"wp-image-2177\"\/><\/a><\/figure>\n","protected":false},"excerpt":{"rendered":"<p>Pour lire un des six derniers bulletins municipaux, cliquez sur<span class=\"excerpt-hellip\"> [\u2026]<\/span><\/p>\n","protected":false},"author":2,"featured_media":0,"parent":119,"menu_order":8,"comment_status":"closed","ping_status":"closed","template":"","meta":{"footnotes":""},"class_list":["post-1873","page","type-page","status-publish","hentry"],"yoast_head":"<!-- This site is optimized with the Yoast SEO plugin v27.2 - https:\/\/yoast.com\/product\/yoast-seo-wordpress\/ -->\n<title>Bulletins municipaux - Commune de POISSON | Sa\u00f4ne-et-Loire (71)<\/title>\n<meta name=\"robots\" content=\"index, follow, max-snippet:-1, max-image-preview:large, max-video-preview:-1\" \/>\n<link rel=\"canonical\" href=\"https:\/\/commune-poisson.fr\/?page_id=1873\" \/>\n<meta property=\"og:locale\" content=\"fr_FR\" \/>\n<meta property=\"og:type\" content=\"article\" \/>\n<meta property=\"og:title\" content=\"Bulletins municipaux - Commune de POISSON | Sa\u00f4ne-et-Loire (71)\" \/>\n<meta property=\"og:description\" content=\"Pour lire un des six derniers bulletins municipaux, cliquez sur [\u2026]\" \/>\n<meta property=\"og:url\" content=\"https:\/\/commune-poisson.fr\/?page_id=1873\" \/>\n<meta property=\"og:site_name\" content=\"Commune de POISSON | Sa\u00f4ne-et-Loire (71)\" \/>\n<meta property=\"article:modified_time\" content=\"2026-04-06T12:19:45+00:00\" \/>\n<meta property=\"og:image\" content=\"https:\/\/commune-poisson.fr\/wp-content\/uploads\/Articles\/Logo\/Retour-Haut-de-page.jpg\" \/>\n<meta name=\"twitter:card\" content=\"summary_large_image\" \/>\n<meta name=\"twitter:label1\" content=\"Dur\u00e9e de lecture estim\u00e9e\" \/>\n\t<meta name=\"twitter:data1\" content=\"3 minutes\" \/>\n<script type=\"application\/ld+json\" class=\"yoast-schema-graph\">{\"@context\":\"https:\/\/schema.org\",\"@graph\":[{\"@type\":\"WebPage\",\"@id\":\"https:\/\/commune-poisson.fr\/?page_id=1873\",\"url\":\"https:\/\/commune-poisson.fr\/?page_id=1873\",\"name\":\"Bulletins municipaux - Commune de POISSON | Sa\u00f4ne-et-Loire (71)\",\"isPartOf\":{\"@id\":\"https:\/\/commune-poisson.fr\/#website\"},\"primaryImageOfPage\":{\"@id\":\"https:\/\/commune-poisson.fr\/?page_id=1873#primaryimage\"},\"image\":{\"@id\":\"https:\/\/commune-poisson.fr\/?page_id=1873#primaryimage\"},\"thumbnailUrl\":\"https:\/\/commune-poisson.fr\/wp-content\/uploads\/Articles\/Logo\/Retour-Haut-de-page.jpg\",\"datePublished\":\"2023-02-06T17:17:00+00:00\",\"dateModified\":\"2026-04-06T12:19:45+00:00\",\"breadcrumb\":{\"@id\":\"https:\/\/commune-poisson.fr\/?page_id=1873#breadcrumb\"},\"inLanguage\":\"fr-FR\",\"potentialAction\":[{\"@type\":\"ReadAction\",\"target\":[\"https:\/\/commune-poisson.fr\/?page_id=1873\"]}]},{\"@type\":\"ImageObject\",\"inLanguage\":\"fr-FR\",\"@id\":\"https:\/\/commune-poisson.fr\/?page_id=1873#primaryimage\",\"url\":\"https:\/\/commune-poisson.fr\/wp-content\/uploads\/Articles\/Logo\/Retour-Haut-de-page.jpg\",\"contentUrl\":\"https:\/\/commune-poisson.fr\/wp-content\/uploads\/Articles\/Logo\/Retour-Haut-de-page.jpg\",\"width\":50,\"height\":50,\"caption\":\"Retour haut de page\"},{\"@type\":\"BreadcrumbList\",\"@id\":\"https:\/\/commune-poisson.fr\/?page_id=1873#breadcrumb\",\"itemListElement\":[{\"@type\":\"ListItem\",\"position\":1,\"name\":\"Accueil\",\"item\":\"https:\/\/commune-poisson.fr\/\"},{\"@type\":\"ListItem\",\"position\":2,\"name\":\"C\u00f4t\u00e9 Mairie\",\"item\":\"https:\/\/commune-poisson.fr\/?page_id=119\"},{\"@type\":\"ListItem\",\"position\":3,\"name\":\"Bulletins municipaux\"}]},{\"@type\":\"WebSite\",\"@id\":\"https:\/\/commune-poisson.fr\/#website\",\"url\":\"https:\/\/commune-poisson.fr\/\",\"name\":\"Commune de POISSON | Sa\u00f4ne-et-Loire (71)\",\"description\":\"Site officiel\",\"potentialAction\":[{\"@type\":\"SearchAction\",\"target\":{\"@type\":\"EntryPoint\",\"urlTemplate\":\"https:\/\/commune-poisson.fr\/?s={search_term_string}\"},\"query-input\":{\"@type\":\"PropertyValueSpecification\",\"valueRequired\":true,\"valueName\":\"search_term_string\"}}],\"inLanguage\":\"fr-FR\"}]}<\/script>\n<!-- \/ Yoast SEO plugin. -->","yoast_head_json":{"title":"Bulletins municipaux - Commune de POISSON | Sa\u00f4ne-et-Loire (71)","robots":{"index":"index","follow":"follow","max-snippet":"max-snippet:-1","max-image-preview":"max-image-preview:large","max-video-preview":"max-video-preview:-1"},"canonical":"https:\/\/commune-poisson.fr\/?page_id=1873","og_locale":"fr_FR","og_type":"article","og_title":"Bulletins municipaux - Commune de POISSON | Sa\u00f4ne-et-Loire (71)","og_description":"Pour lire un des six derniers bulletins municipaux, cliquez sur [\u2026]","og_url":"https:\/\/commune-poisson.fr\/?page_id=1873","og_site_name":"Commune de POISSON | Sa\u00f4ne-et-Loire (71)","article_modified_time":"2026-04-06T12:19:45+00:00","og_image":[{"url":"https:\/\/commune-poisson.fr\/wp-content\/uploads\/Articles\/Logo\/Retour-Haut-de-page.jpg","type":"","width":"","height":""}],"twitter_card":"summary_large_image","twitter_misc":{"Dur\u00e9e de lecture estim\u00e9e":"3 minutes"},"schema":{"@context":"https:\/\/schema.org","@graph":[{"@type":"WebPage","@id":"https:\/\/commune-poisson.fr\/?page_id=1873","url":"https:\/\/commune-poisson.fr\/?page_id=1873","name":"Bulletins municipaux - Commune de POISSON | Sa\u00f4ne-et-Loire (71)","isPartOf":{"@id":"https:\/\/commune-poisson.fr\/#website"},"primaryImageOfPage":{"@id":"https:\/\/commune-poisson.fr\/?page_id=1873#primaryimage"},"image":{"@id":"https:\/\/commune-poisson.fr\/?page_id=1873#primaryimage"},"thumbnailUrl":"https:\/\/commune-poisson.fr\/wp-content\/uploads\/Articles\/Logo\/Retour-Haut-de-page.jpg","datePublished":"2023-02-06T17:17:00+00:00","dateModified":"2026-04-06T12:19:45+00:00","breadcrumb":{"@id":"https:\/\/commune-poisson.fr\/?page_id=1873#breadcrumb"},"inLanguage":"fr-FR","potentialAction":[{"@type":"ReadAction","target":["https:\/\/commune-poisson.fr\/?page_id=1873"]}]},{"@type":"ImageObject","inLanguage":"fr-FR","@id":"https:\/\/commune-poisson.fr\/?page_id=1873#primaryimage","url":"https:\/\/commune-poisson.fr\/wp-content\/uploads\/Articles\/Logo\/Retour-Haut-de-page.jpg","contentUrl":"https:\/\/commune-poisson.fr\/wp-content\/uploads\/Articles\/Logo\/Retour-Haut-de-page.jpg","width":50,"height":50,"caption":"Retour haut de page"},{"@type":"BreadcrumbList","@id":"https:\/\/commune-poisson.fr\/?page_id=1873#breadcrumb","itemListElement":[{"@type":"ListItem","position":1,"name":"Accueil","item":"https:\/\/commune-poisson.fr\/"},{"@type":"ListItem","position":2,"name":"C\u00f4t\u00e9 Mairie","item":"https:\/\/commune-poisson.fr\/?page_id=119"},{"@type":"ListItem","position":3,"name":"Bulletins municipaux"}]},{"@type":"WebSite","@id":"https:\/\/commune-poisson.fr\/#website","url":"https:\/\/commune-poisson.fr\/","name":"Commune de POISSON | Sa\u00f4ne-et-Loire (71)","description":"Site officiel","potentialAction":[{"@type":"SearchAction","target":{"@type":"EntryPoint","urlTemplate":"https:\/\/commune-poisson.fr\/?s={search_term_string}"},"query-input":{"@type":"PropertyValueSpecification","valueRequired":true,"valueName":"search_term_string"}}],"inLanguage":"fr-FR"}]}},"_links":{"self":[{"href":"https:\/\/commune-poisson.fr\/index.php?rest_route=\/wp\/v2\/pages\/1873","targetHints":{"allow":["GET"]}}],"collection":[{"href":"https:\/\/commune-poisson.fr\/index.php?rest_route=\/wp\/v2\/pages"}],"about":[{"href":"https:\/\/commune-poisson.fr\/index.php?rest_route=\/wp\/v2\/types\/page"}],"author":[{"embeddable":true,"href":"https:\/\/commune-poisson.fr\/index.php?rest_route=\/wp\/v2\/users\/2"}],"replies":[{"embeddable":true,"href":"https:\/\/commune-poisson.fr\/index.php?rest_route=%2Fwp%2Fv2%2Fcomments&post=1873"}],"version-history":[{"count":57,"href":"https:\/\/commune-poisson.fr\/index.php?rest_route=\/wp\/v2\/pages\/1873\/revisions"}],"predecessor-version":[{"id":7712,"href":"https:\/\/commune-poisson.fr\/index.php?rest_route=\/wp\/v2\/pages\/1873\/revisions\/7712"}],"up":[{"embeddable":true,"href":"https:\/\/commune-poisson.fr\/index.php?rest_route=\/wp\/v2\/pages\/119"}],"wp:attachment":[{"href":"https:\/\/commune-poisson.fr\/index.php?rest_route=%2Fwp%2Fv2%2Fmedia&parent=1873"}],"curies":[{"name":"wp","href":"https:\/\/api.w.org\/{rel}","templated":true}]}}