{"id":164,"date":"2023-01-21T07:40:00","date_gmt":"2023-01-21T06:40:00","guid":{"rendered":"https:\/\/sddbox-containers.com\/?page_id=164"},"modified":"2026-04-05T18:46:26","modified_gmt":"2026-04-05T16:46:26","slug":"presentation-de-la-commune","status":"publish","type":"page","link":"https:\/\/commune-poisson.fr\/?page_id=164","title":{"rendered":"Pr\u00e9sentation de la commune"},"content":{"rendered":"\n<p><strong>Sur cette page :<\/strong><br><strong><a href=\"#Informations-INSEE\">Informations INSEE<\/a><\/strong><br><a href=\"#Cadastre\"><strong>Carte du cadastre de la commune<\/strong><\/a><strong><br><a href=\"#Des-\u00e9quipements\">Des \u00e9quipements communaux nombreux<\/a><\/strong><\/p>\n\n\n<div class=\"wp-block-image is-style-default\">\n<figure class=\"alignleft size-full is-resized\"><img loading=\"lazy\" decoding=\"async\" width=\"672\" height=\"502\" src=\"https:\/\/commune-poisson.fr\/wp-content\/uploads\/Cot\u00e9Mairie\/PresentationCommune\/Logo-page-Presentation-de-la-commune.png\" alt=\"\" class=\"wp-image-7566\" style=\"width:260px\" srcset=\"https:\/\/commune-poisson.fr\/wp-content\/uploads\/Cot\u00e9Mairie\/PresentationCommune\/Logo-page-Presentation-de-la-commune.png 672w, https:\/\/commune-poisson.fr\/wp-content\/uploads\/Cot\u00e9Mairie\/PresentationCommune\/Logo-page-Presentation-de-la-commune-300x224.png 300w, https:\/\/commune-poisson.fr\/wp-content\/uploads\/Cot\u00e9Mairie\/PresentationCommune\/Logo-page-Presentation-de-la-commune-100x75.png 100w, https:\/\/commune-poisson.fr\/wp-content\/uploads\/Cot\u00e9Mairie\/PresentationCommune\/Logo-page-Presentation-de-la-commune-480x359.png 480w\" sizes=\"auto, (max-width:767px) 480px, 672px\" \/><\/figure>\n<\/div>\n\n\n<div style=\"height:12px\" aria-hidden=\"true\" class=\"wp-block-spacer\"><\/div>\n\n\n\n<hr class=\"wp-block-separator has-text-color has-black-color has-alpha-channel-opacity has-black-background-color has-background\" id=\"Informations-INSEE\"\/>\n\n\n\n<h2 class=\"wp-block-heading has-luminous-vivid-orange-color has-text-color\"><strong>Informations INSEE<\/strong><\/h2>\n\n\n\n<p style=\"font-size:14px\"><strong>La commune de Poisson fait partie du d\u00e9partement de Sa\u00f4ne-et-Loire, de l&rsquo;arrondissement de Charolles, du canton de Paray-le-Monial et de la Communaut\u00e9 de communes \u00ab\u00a0Le GRAND CHAROLAIS\u00a0\u00bb.<\/strong><\/p>\n\n\n\n<p><strong>Superficie <\/strong>: 3 548 hectares dont 720 ha de bois<br><strong>Altitude <\/strong>: 302 m \u00e0 la mairie de Poisson, de 366 m \u00e0 Busseuil \u00e0 262 m \u00e0 Moulin l&rsquo;Arconce<br><strong>Population <\/strong>: 567 habitants&nbsp;au 1<sup>er<\/sup> janvier 2026<br><strong>Code INSEE de la commune de Poisson<\/strong> : 71354<br>Informations suppl\u00e9mentaires sur le site internet de l&rsquo;INSEE en <strong><a href=\"https:\/\/www.insee.fr\/fr\/statistiques\/2011101?geo=COM-71354\" target=\"_blank\" rel=\"noreferrer noopener\">cliquant ici<\/a>.<\/strong><\/p>\n\n\n\n<figure class=\"wp-block-image size-full\"><a href=\"https:\/\/commune-poisson.fr\/?page_id=164\"><img loading=\"lazy\" decoding=\"async\" width=\"50\" height=\"50\" src=\"https:\/\/commune-poisson.fr\/wp-content\/uploads\/Articles\/Logo\/Retour-Haut-de-page.jpg\" alt=\"\" class=\"wp-image-2177\"\/><\/a><\/figure>\n\n\n\n<hr class=\"wp-block-separator has-text-color has-black-color has-css-opacity has-black-background-color has-background is-style-wide\" id=\"Cadastre\"\/>\n\n\n\n<h2 class=\"wp-block-heading has-luminous-vivid-orange-color has-text-color\"><strong>Carte du cadastre de la commune<\/strong><\/h2>\n\n\n\n<iframe loading=\"lazy\" src=\"https:\/\/www.france-cadastre.fr\/embed?insee=71354\" width=\"100%\" height=\"600\" frameborder=\"0\" style=\"border:0\" allowfullscreen><\/iframe><p style=\"font-size:11px;text-align:right;\">Ce plan de <a href=\"https:\/\/france-cadastre.fr\" target=\"_blank\">cadastre<\/a> est \u00e9dit\u00e9 par France Cadastre.<\/p>\n\n\n\n<figure class=\"wp-block-image size-full\"><a href=\"https:\/\/commune-poisson.fr\/?page_id=164\"><img loading=\"lazy\" decoding=\"async\" width=\"50\" height=\"50\" src=\"https:\/\/commune-poisson.fr\/wp-content\/uploads\/Articles\/Logo\/Retour-Haut-de-page.jpg\" alt=\"\" class=\"wp-image-2177\"\/><\/a><\/figure>\n\n\n\n<hr class=\"wp-block-separator has-text-color has-black-color has-css-opacity has-black-background-color has-background is-style-wide\" id=\"Des-\u00e9quipements\"\/>\n\n\n\n<h2 class=\"wp-block-heading\"><strong><span style=\"color:#ff6900\" class=\"tadv-color\">Des \u00e9quipements communaux nombreux<\/span><\/strong><\/h2>\n\n\n\n<ul class=\"wp-block-list\">\n<li><mark style=\"background-color:rgba(0, 0, 0, 0)\" class=\"has-inline-color has-black-color\"><a href=\"https:\/\/commune-poisson.fr\/?page_id=338\" target=\"_blank\" rel=\"noreferrer noopener\"><strong>une \u00e9cole primaire<\/strong><\/a><\/mark><\/li>\n\n\n\n<li><mark style=\"background-color:rgba(0, 0, 0, 0)\" class=\"has-inline-color has-black-color\"><a href=\"https:\/\/commune-poisson.fr\/?page_id=340\" target=\"_blank\" rel=\"noreferrer noopener\"><strong>une garderie p\u00e9riscolaire municipale<\/strong><\/a><\/mark><\/li>\n\n\n\n<li><mark style=\"background-color:rgba(0, 0, 0, 0)\" class=\"has-inline-color has-black-color\"><strong><a href=\"https:\/\/commune-poisson.fr\/?page_id=338#Transport\" target=\"_blank\" rel=\"noreferrer noopener\">un service de transport scolaire<\/a><\/strong><\/mark><\/li>\n\n\n\n<li><mark style=\"background-color:rgba(0, 0, 0, 0)\" class=\"has-inline-color has-black-color\"><a href=\"https:\/\/commune-poisson.fr\/?page_id=286\" target=\"_blank\" rel=\"noreferrer noopener\"><strong>des salles communales<\/strong><\/a><\/mark><\/li>\n\n\n\n<li><mark style=\"background-color:rgba(0, 0, 0, 0)\" class=\"has-inline-color has-black-color\"><a href=\"https:\/\/commune-poisson.fr\/?page_id=367\" target=\"_blank\" rel=\"noreferrer noopener\"><strong>une biblioth\u00e8que municipale<\/strong><\/a><\/mark><\/li>\n\n\n\n<li><mark style=\"background-color:rgba(0, 0, 0, 0)\" class=\"has-inline-color has-black-color\"><a href=\"https:\/\/commune-poisson.fr\/?page_id=284\" target=\"_blank\" rel=\"noreferrer noopener\"><strong>des logements communaux<\/strong><\/a><\/mark><\/li>\n\n\n\n<li><a href=\"https:\/\/commune-poisson.fr\/?page_id=288\" target=\"_blank\" rel=\"noreferrer noopener\"><strong>une chaufferie bois<\/strong><\/a><\/li>\n\n\n\n<li><mark style=\"background-color:rgba(0, 0, 0, 0)\" class=\"has-inline-color has-black-color\"><strong>une place am\u00e9nag\u00e9e au bourg avec terrain multisports et jeux pour enfants<\/strong><\/mark><br><\/li>\n<\/ul>\n\n\n<div class=\"wp-block-image is-style-rounded\">\n<figure data-wp-context=\"{&quot;imageId&quot;:&quot;69e5a0ac2d18e&quot;}\" data-wp-interactive=\"core\/image\" data-wp-key=\"69e5a0ac2d18e\" class=\"aligncenter size-large is-resized wp-lightbox-container\"><img loading=\"lazy\" decoding=\"async\" width=\"1024\" height=\"576\" data-wp-class--hide=\"state.isContentHidden\" data-wp-class--show=\"state.isContentVisible\" data-wp-init=\"callbacks.setButtonStyles\" data-wp-on--click=\"actions.showLightbox\" data-wp-on--load=\"callbacks.setButtonStyles\" data-wp-on-window--resize=\"callbacks.setButtonStyles\" src=\"https:\/\/commune-poisson.fr\/wp-content\/uploads\/Cot\u00e9Mairie\/PresentationCommune\/2026-4-2-avril-Place-de-leglise-1-1-1024x576.jpg\" alt=\"\" class=\"wp-image-7497\" style=\"width:520px;height:auto\" srcset=\"https:\/\/commune-poisson.fr\/wp-content\/uploads\/Cot\u00e9Mairie\/PresentationCommune\/2026-4-2-avril-Place-de-leglise-1-1-1024x576.jpg 1024w, https:\/\/commune-poisson.fr\/wp-content\/uploads\/Cot\u00e9Mairie\/PresentationCommune\/2026-4-2-avril-Place-de-leglise-1-1-300x169.jpg 300w, https:\/\/commune-poisson.fr\/wp-content\/uploads\/Cot\u00e9Mairie\/PresentationCommune\/2026-4-2-avril-Place-de-leglise-1-1-768x432.jpg 768w, https:\/\/commune-poisson.fr\/wp-content\/uploads\/Cot\u00e9Mairie\/PresentationCommune\/2026-4-2-avril-Place-de-leglise-1-1-1536x865.jpg 1536w, https:\/\/commune-poisson.fr\/wp-content\/uploads\/Cot\u00e9Mairie\/PresentationCommune\/2026-4-2-avril-Place-de-leglise-1-1-2048x1153.jpg 2048w, https:\/\/commune-poisson.fr\/wp-content\/uploads\/Cot\u00e9Mairie\/PresentationCommune\/2026-4-2-avril-Place-de-leglise-1-1-133x75.jpg 133w, https:\/\/commune-poisson.fr\/wp-content\/uploads\/Cot\u00e9Mairie\/PresentationCommune\/2026-4-2-avril-Place-de-leglise-1-1-1200x675.jpg 1200w, https:\/\/commune-poisson.fr\/wp-content\/uploads\/Cot\u00e9Mairie\/PresentationCommune\/2026-4-2-avril-Place-de-leglise-1-1-480x270.jpg 480w\" sizes=\"auto, (max-width:767px) 480px, (max-width:1024px) 100vw, 1024px\" \/><button\n\t\t\tclass=\"lightbox-trigger\"\n\t\t\ttype=\"button\"\n\t\t\taria-haspopup=\"dialog\"\n\t\t\taria-label=\"Agrandir\"\n\t\t\tdata-wp-init=\"callbacks.initTriggerButton\"\n\t\t\tdata-wp-on--click=\"actions.showLightbox\"\n\t\t\tdata-wp-style--right=\"state.imageButtonRight\"\n\t\t\tdata-wp-style--top=\"state.imageButtonTop\"\n\t\t>\n\t\t\t<svg xmlns=\"http:\/\/www.w3.org\/2000\/svg\" width=\"12\" height=\"12\" fill=\"none\" viewBox=\"0 0 12 12\">\n\t\t\t\t<path fill=\"#fff\" d=\"M2 0a2 2 0 0 0-2 2v2h1.5V2a.5.5 0 0 1 .5-.5h2V0H2Zm2 10.5H2a.5.5 0 0 1-.5-.5V8H0v2a2 2 0 0 0 2 2h2v-1.5ZM8 12v-1.5h2a.5.5 0 0 0 .5-.5V8H12v2a2 2 0 0 1-2 2H8Zm2-12a2 2 0 0 1 2 2v2h-1.5V2a.5.5 0 0 0-.5-.5H8V0h2Z\" \/>\n\t\t\t<\/svg>\n\t\t<\/button><\/figure>\n<\/div>\n\n\n<div style=\"height:18px\" aria-hidden=\"true\" class=\"wp-block-spacer\"><\/div>\n\n\n<div class=\"wp-block-image is-style-rounded\">\n<figure data-wp-context=\"{&quot;imageId&quot;:&quot;69e5a0ac2d974&quot;}\" data-wp-interactive=\"core\/image\" data-wp-key=\"69e5a0ac2d974\" class=\"aligncenter size-large is-resized wp-lightbox-container\"><img loading=\"lazy\" decoding=\"async\" width=\"1024\" height=\"576\" data-wp-class--hide=\"state.isContentHidden\" data-wp-class--show=\"state.isContentVisible\" data-wp-init=\"callbacks.setButtonStyles\" data-wp-on--click=\"actions.showLightbox\" data-wp-on--load=\"callbacks.setButtonStyles\" data-wp-on-window--resize=\"callbacks.setButtonStyles\" src=\"https:\/\/commune-poisson.fr\/wp-content\/uploads\/Accueil\/2026-4-2-avril-Place-de-leglise-1024x576.jpg\" alt=\"\" class=\"wp-image-7505\" style=\"width:520px\" srcset=\"https:\/\/commune-poisson.fr\/wp-content\/uploads\/Accueil\/2026-4-2-avril-Place-de-leglise-1024x576.jpg 1024w, https:\/\/commune-poisson.fr\/wp-content\/uploads\/Accueil\/2026-4-2-avril-Place-de-leglise-300x169.jpg 300w, https:\/\/commune-poisson.fr\/wp-content\/uploads\/Accueil\/2026-4-2-avril-Place-de-leglise-768x432.jpg 768w, https:\/\/commune-poisson.fr\/wp-content\/uploads\/Accueil\/2026-4-2-avril-Place-de-leglise-1536x865.jpg 1536w, https:\/\/commune-poisson.fr\/wp-content\/uploads\/Accueil\/2026-4-2-avril-Place-de-leglise-2048x1153.jpg 2048w, https:\/\/commune-poisson.fr\/wp-content\/uploads\/Accueil\/2026-4-2-avril-Place-de-leglise-133x75.jpg 133w, https:\/\/commune-poisson.fr\/wp-content\/uploads\/Accueil\/2026-4-2-avril-Place-de-leglise-1200x675.jpg 1200w, https:\/\/commune-poisson.fr\/wp-content\/uploads\/Accueil\/2026-4-2-avril-Place-de-leglise-480x270.jpg 480w\" sizes=\"auto, (max-width:767px) 480px, (max-width:1024px) 100vw, 1024px\" \/><button\n\t\t\tclass=\"lightbox-trigger\"\n\t\t\ttype=\"button\"\n\t\t\taria-haspopup=\"dialog\"\n\t\t\taria-label=\"Agrandir\"\n\t\t\tdata-wp-init=\"callbacks.initTriggerButton\"\n\t\t\tdata-wp-on--click=\"actions.showLightbox\"\n\t\t\tdata-wp-style--right=\"state.imageButtonRight\"\n\t\t\tdata-wp-style--top=\"state.imageButtonTop\"\n\t\t>\n\t\t\t<svg xmlns=\"http:\/\/www.w3.org\/2000\/svg\" width=\"12\" height=\"12\" fill=\"none\" viewBox=\"0 0 12 12\">\n\t\t\t\t<path fill=\"#fff\" d=\"M2 0a2 2 0 0 0-2 2v2h1.5V2a.5.5 0 0 1 .5-.5h2V0H2Zm2 10.5H2a.5.5 0 0 1-.5-.5V8H0v2a2 2 0 0 0 2 2h2v-1.5ZM8 12v-1.5h2a.5.5 0 0 0 .5-.5V8H12v2a2 2 0 0 1-2 2H8Zm2-12a2 2 0 0 1 2 2v2h-1.5V2a.5.5 0 0 0-.5-.5H8V0h2Z\" \/>\n\t\t\t<\/svg>\n\t\t<\/button><\/figure>\n<\/div>\n\n\n<div style=\"height:18px\" aria-hidden=\"true\" class=\"wp-block-spacer\"><\/div>\n\n\n<div class=\"wp-block-image is-style-rounded\">\n<figure data-wp-context=\"{&quot;imageId&quot;:&quot;69e5a0ac2e118&quot;}\" data-wp-interactive=\"core\/image\" data-wp-key=\"69e5a0ac2e118\" class=\"aligncenter size-large is-resized wp-lightbox-container\"><img loading=\"lazy\" decoding=\"async\" width=\"1024\" height=\"576\" data-wp-class--hide=\"state.isContentHidden\" data-wp-class--show=\"state.isContentVisible\" data-wp-init=\"callbacks.setButtonStyles\" data-wp-on--click=\"actions.showLightbox\" data-wp-on--load=\"callbacks.setButtonStyles\" data-wp-on-window--resize=\"callbacks.setButtonStyles\" src=\"https:\/\/commune-poisson.fr\/wp-content\/uploads\/Cot\u00e9Mairie\/PresentationCommune\/2026-4-2-avril-Place-de-leglise-3-1-1024x576.jpg\" alt=\"\" class=\"wp-image-7499\" style=\"width:520px\" srcset=\"https:\/\/commune-poisson.fr\/wp-content\/uploads\/Cot\u00e9Mairie\/PresentationCommune\/2026-4-2-avril-Place-de-leglise-3-1-1024x576.jpg 1024w, https:\/\/commune-poisson.fr\/wp-content\/uploads\/Cot\u00e9Mairie\/PresentationCommune\/2026-4-2-avril-Place-de-leglise-3-1-300x169.jpg 300w, https:\/\/commune-poisson.fr\/wp-content\/uploads\/Cot\u00e9Mairie\/PresentationCommune\/2026-4-2-avril-Place-de-leglise-3-1-768x432.jpg 768w, https:\/\/commune-poisson.fr\/wp-content\/uploads\/Cot\u00e9Mairie\/PresentationCommune\/2026-4-2-avril-Place-de-leglise-3-1-1536x865.jpg 1536w, https:\/\/commune-poisson.fr\/wp-content\/uploads\/Cot\u00e9Mairie\/PresentationCommune\/2026-4-2-avril-Place-de-leglise-3-1-2048x1153.jpg 2048w, https:\/\/commune-poisson.fr\/wp-content\/uploads\/Cot\u00e9Mairie\/PresentationCommune\/2026-4-2-avril-Place-de-leglise-3-1-133x75.jpg 133w, https:\/\/commune-poisson.fr\/wp-content\/uploads\/Cot\u00e9Mairie\/PresentationCommune\/2026-4-2-avril-Place-de-leglise-3-1-1200x675.jpg 1200w, https:\/\/commune-poisson.fr\/wp-content\/uploads\/Cot\u00e9Mairie\/PresentationCommune\/2026-4-2-avril-Place-de-leglise-3-1-480x270.jpg 480w\" sizes=\"auto, (max-width:767px) 480px, (max-width:1024px) 100vw, 1024px\" \/><button\n\t\t\tclass=\"lightbox-trigger\"\n\t\t\ttype=\"button\"\n\t\t\taria-haspopup=\"dialog\"\n\t\t\taria-label=\"Agrandir\"\n\t\t\tdata-wp-init=\"callbacks.initTriggerButton\"\n\t\t\tdata-wp-on--click=\"actions.showLightbox\"\n\t\t\tdata-wp-style--right=\"state.imageButtonRight\"\n\t\t\tdata-wp-style--top=\"state.imageButtonTop\"\n\t\t>\n\t\t\t<svg xmlns=\"http:\/\/www.w3.org\/2000\/svg\" width=\"12\" height=\"12\" fill=\"none\" viewBox=\"0 0 12 12\">\n\t\t\t\t<path fill=\"#fff\" d=\"M2 0a2 2 0 0 0-2 2v2h1.5V2a.5.5 0 0 1 .5-.5h2V0H2Zm2 10.5H2a.5.5 0 0 1-.5-.5V8H0v2a2 2 0 0 0 2 2h2v-1.5ZM8 12v-1.5h2a.5.5 0 0 0 .5-.5V8H12v2a2 2 0 0 1-2 2H8Zm2-12a2 2 0 0 1 2 2v2h-1.5V2a.5.5 0 0 0-.5-.5H8V0h2Z\" \/>\n\t\t\t<\/svg>\n\t\t<\/button><\/figure>\n<\/div>\n\n\n<figure class=\"wp-block-image size-full\"><a href=\"https:\/\/commune-poisson.fr\/?page_id=164\"><img loading=\"lazy\" decoding=\"async\" width=\"50\" height=\"50\" src=\"https:\/\/commune-poisson.fr\/wp-content\/uploads\/Articles\/Logo\/Retour-Haut-de-page.jpg\" alt=\"\" class=\"wp-image-2177\"\/><\/a><\/figure>\n","protected":false},"excerpt":{"rendered":"<p>Sur cette page :Informations INSEECarte du cadastre de la communeDes<span class=\"excerpt-hellip\"> [\u2026]<\/span><\/p>\n","protected":false},"author":2,"featured_media":0,"parent":119,"menu_order":2,"comment_status":"closed","ping_status":"closed","template":"","meta":{"footnotes":""},"class_list":["post-164","page","type-page","status-publish","hentry"],"yoast_head":"<!-- This site is optimized with the Yoast SEO plugin v27.2 - https:\/\/yoast.com\/product\/yoast-seo-wordpress\/ -->\n<title>Pr\u00e9sentation de la commune - Commune de POISSON | Sa\u00f4ne-et-Loire (71)<\/title>\n<meta name=\"robots\" content=\"index, follow, max-snippet:-1, max-image-preview:large, max-video-preview:-1\" \/>\n<link rel=\"canonical\" href=\"https:\/\/commune-poisson.fr\/?page_id=164\" \/>\n<meta property=\"og:locale\" content=\"fr_FR\" \/>\n<meta property=\"og:type\" content=\"article\" \/>\n<meta property=\"og:title\" content=\"Pr\u00e9sentation de la commune - Commune de POISSON | Sa\u00f4ne-et-Loire (71)\" \/>\n<meta property=\"og:description\" content=\"Sur cette page :Informations INSEECarte du cadastre de la communeDes [\u2026]\" \/>\n<meta property=\"og:url\" content=\"https:\/\/commune-poisson.fr\/?page_id=164\" \/>\n<meta property=\"og:site_name\" content=\"Commune de POISSON | Sa\u00f4ne-et-Loire (71)\" \/>\n<meta property=\"article:modified_time\" content=\"2026-04-05T16:46:26+00:00\" \/>\n<meta property=\"og:image\" content=\"https:\/\/commune-poisson.fr\/wp-content\/uploads\/Articles\/Logo\/Retour-Haut-de-page.jpg\" \/>\n<meta name=\"twitter:card\" content=\"summary_large_image\" \/>\n<meta name=\"twitter:label1\" content=\"Dur\u00e9e de lecture estim\u00e9e\" \/>\n\t<meta name=\"twitter:data1\" content=\"1 minute\" \/>\n<script type=\"application\/ld+json\" class=\"yoast-schema-graph\">{\"@context\":\"https:\/\/schema.org\",\"@graph\":[{\"@type\":\"WebPage\",\"@id\":\"https:\/\/commune-poisson.fr\/?page_id=164\",\"url\":\"https:\/\/commune-poisson.fr\/?page_id=164\",\"name\":\"Pr\u00e9sentation de la commune - Commune de POISSON | Sa\u00f4ne-et-Loire (71)\",\"isPartOf\":{\"@id\":\"https:\/\/commune-poisson.fr\/#website\"},\"primaryImageOfPage\":{\"@id\":\"https:\/\/commune-poisson.fr\/?page_id=164#primaryimage\"},\"image\":{\"@id\":\"https:\/\/commune-poisson.fr\/?page_id=164#primaryimage\"},\"thumbnailUrl\":\"https:\/\/commune-poisson.fr\/wp-content\/uploads\/Articles\/Logo\/Retour-Haut-de-page.jpg\",\"datePublished\":\"2023-01-21T06:40:00+00:00\",\"dateModified\":\"2026-04-05T16:46:26+00:00\",\"breadcrumb\":{\"@id\":\"https:\/\/commune-poisson.fr\/?page_id=164#breadcrumb\"},\"inLanguage\":\"fr-FR\",\"potentialAction\":[{\"@type\":\"ReadAction\",\"target\":[\"https:\/\/commune-poisson.fr\/?page_id=164\"]}]},{\"@type\":\"ImageObject\",\"inLanguage\":\"fr-FR\",\"@id\":\"https:\/\/commune-poisson.fr\/?page_id=164#primaryimage\",\"url\":\"https:\/\/commune-poisson.fr\/wp-content\/uploads\/Articles\/Logo\/Retour-Haut-de-page.jpg\",\"contentUrl\":\"https:\/\/commune-poisson.fr\/wp-content\/uploads\/Articles\/Logo\/Retour-Haut-de-page.jpg\",\"width\":50,\"height\":50,\"caption\":\"Retour haut de page\"},{\"@type\":\"BreadcrumbList\",\"@id\":\"https:\/\/commune-poisson.fr\/?page_id=164#breadcrumb\",\"itemListElement\":[{\"@type\":\"ListItem\",\"position\":1,\"name\":\"Accueil\",\"item\":\"https:\/\/commune-poisson.fr\/\"},{\"@type\":\"ListItem\",\"position\":2,\"name\":\"C\u00f4t\u00e9 Mairie\",\"item\":\"https:\/\/commune-poisson.fr\/?page_id=119\"},{\"@type\":\"ListItem\",\"position\":3,\"name\":\"Pr\u00e9sentation de la commune\"}]},{\"@type\":\"WebSite\",\"@id\":\"https:\/\/commune-poisson.fr\/#website\",\"url\":\"https:\/\/commune-poisson.fr\/\",\"name\":\"Commune de POISSON | Sa\u00f4ne-et-Loire (71)\",\"description\":\"Site officiel\",\"potentialAction\":[{\"@type\":\"SearchAction\",\"target\":{\"@type\":\"EntryPoint\",\"urlTemplate\":\"https:\/\/commune-poisson.fr\/?s={search_term_string}\"},\"query-input\":{\"@type\":\"PropertyValueSpecification\",\"valueRequired\":true,\"valueName\":\"search_term_string\"}}],\"inLanguage\":\"fr-FR\"}]}<\/script>\n<!-- \/ Yoast SEO plugin. -->","yoast_head_json":{"title":"Pr\u00e9sentation de la commune - Commune de POISSON | Sa\u00f4ne-et-Loire (71)","robots":{"index":"index","follow":"follow","max-snippet":"max-snippet:-1","max-image-preview":"max-image-preview:large","max-video-preview":"max-video-preview:-1"},"canonical":"https:\/\/commune-poisson.fr\/?page_id=164","og_locale":"fr_FR","og_type":"article","og_title":"Pr\u00e9sentation de la commune - Commune de POISSON | Sa\u00f4ne-et-Loire (71)","og_description":"Sur cette page :Informations INSEECarte du cadastre de la communeDes [\u2026]","og_url":"https:\/\/commune-poisson.fr\/?page_id=164","og_site_name":"Commune de POISSON | Sa\u00f4ne-et-Loire (71)","article_modified_time":"2026-04-05T16:46:26+00:00","og_image":[{"url":"https:\/\/commune-poisson.fr\/wp-content\/uploads\/Articles\/Logo\/Retour-Haut-de-page.jpg","type":"","width":"","height":""}],"twitter_card":"summary_large_image","twitter_misc":{"Dur\u00e9e de lecture estim\u00e9e":"1 minute"},"schema":{"@context":"https:\/\/schema.org","@graph":[{"@type":"WebPage","@id":"https:\/\/commune-poisson.fr\/?page_id=164","url":"https:\/\/commune-poisson.fr\/?page_id=164","name":"Pr\u00e9sentation de la commune - Commune de POISSON | Sa\u00f4ne-et-Loire (71)","isPartOf":{"@id":"https:\/\/commune-poisson.fr\/#website"},"primaryImageOfPage":{"@id":"https:\/\/commune-poisson.fr\/?page_id=164#primaryimage"},"image":{"@id":"https:\/\/commune-poisson.fr\/?page_id=164#primaryimage"},"thumbnailUrl":"https:\/\/commune-poisson.fr\/wp-content\/uploads\/Articles\/Logo\/Retour-Haut-de-page.jpg","datePublished":"2023-01-21T06:40:00+00:00","dateModified":"2026-04-05T16:46:26+00:00","breadcrumb":{"@id":"https:\/\/commune-poisson.fr\/?page_id=164#breadcrumb"},"inLanguage":"fr-FR","potentialAction":[{"@type":"ReadAction","target":["https:\/\/commune-poisson.fr\/?page_id=164"]}]},{"@type":"ImageObject","inLanguage":"fr-FR","@id":"https:\/\/commune-poisson.fr\/?page_id=164#primaryimage","url":"https:\/\/commune-poisson.fr\/wp-content\/uploads\/Articles\/Logo\/Retour-Haut-de-page.jpg","contentUrl":"https:\/\/commune-poisson.fr\/wp-content\/uploads\/Articles\/Logo\/Retour-Haut-de-page.jpg","width":50,"height":50,"caption":"Retour haut de page"},{"@type":"BreadcrumbList","@id":"https:\/\/commune-poisson.fr\/?page_id=164#breadcrumb","itemListElement":[{"@type":"ListItem","position":1,"name":"Accueil","item":"https:\/\/commune-poisson.fr\/"},{"@type":"ListItem","position":2,"name":"C\u00f4t\u00e9 Mairie","item":"https:\/\/commune-poisson.fr\/?page_id=119"},{"@type":"ListItem","position":3,"name":"Pr\u00e9sentation de la commune"}]},{"@type":"WebSite","@id":"https:\/\/commune-poisson.fr\/#website","url":"https:\/\/commune-poisson.fr\/","name":"Commune de POISSON | Sa\u00f4ne-et-Loire (71)","description":"Site officiel","potentialAction":[{"@type":"SearchAction","target":{"@type":"EntryPoint","urlTemplate":"https:\/\/commune-poisson.fr\/?s={search_term_string}"},"query-input":{"@type":"PropertyValueSpecification","valueRequired":true,"valueName":"search_term_string"}}],"inLanguage":"fr-FR"}]}},"_links":{"self":[{"href":"https:\/\/commune-poisson.fr\/index.php?rest_route=\/wp\/v2\/pages\/164","targetHints":{"allow":["GET"]}}],"collection":[{"href":"https:\/\/commune-poisson.fr\/index.php?rest_route=\/wp\/v2\/pages"}],"about":[{"href":"https:\/\/commune-poisson.fr\/index.php?rest_route=\/wp\/v2\/types\/page"}],"author":[{"embeddable":true,"href":"https:\/\/commune-poisson.fr\/index.php?rest_route=\/wp\/v2\/users\/2"}],"replies":[{"embeddable":true,"href":"https:\/\/commune-poisson.fr\/index.php?rest_route=%2Fwp%2Fv2%2Fcomments&post=164"}],"version-history":[{"count":47,"href":"https:\/\/commune-poisson.fr\/index.php?rest_route=\/wp\/v2\/pages\/164\/revisions"}],"predecessor-version":[{"id":7592,"href":"https:\/\/commune-poisson.fr\/index.php?rest_route=\/wp\/v2\/pages\/164\/revisions\/7592"}],"up":[{"embeddable":true,"href":"https:\/\/commune-poisson.fr\/index.php?rest_route=\/wp\/v2\/pages\/119"}],"wp:attachment":[{"href":"https:\/\/commune-poisson.fr\/index.php?rest_route=%2Fwp%2Fv2%2Fmedia&parent=164"}],"curies":[{"name":"wp","href":"https:\/\/api.w.org\/{rel}","templated":true}]}}