{"id":1625,"date":"2024-12-21T15:03:10","date_gmt":"2024-12-21T14:03:10","guid":{"rendered":"https:\/\/commune-poisson.fr\/?page_id=1625"},"modified":"2024-12-25T12:10:40","modified_gmt":"2024-12-25T11:10:40","slug":"plan-du-site","status":"publish","type":"page","link":"https:\/\/commune-poisson.fr\/?page_id=1625","title":{"rendered":"Plan du site"},"content":{"rendered":"<div class=\"wsp-container\"><h2 class=\"wsp-pages-title\">Pages<\/h2>\n<ul class=\"wsp-pages-list\">\n<li class=\"page_item page-item-2\"><a href=\"https:\/\/commune-poisson.fr\/\">Accueil<\/a><\/li>\n<li class=\"page_item page-item-1778\"><a href=\"https:\/\/commune-poisson.fr\/?page_id=1778\">Actualisation<\/a><\/li>\n<li class=\"page_item page-item-1625\"><a href=\"https:\/\/commune-poisson.fr\/?page_id=1625\">Plan du site<\/a><\/li>\n<li class=\"page_item page-item-119 page_item_has_children\"><a href=\"https:\/\/commune-poisson.fr\/?page_id=119\">C\u00f4t\u00e9 Mairie<\/a>\n<ul class='children'>\n\t<li class=\"page_item page-item-1384\"><a href=\"https:\/\/commune-poisson.fr\/?page_id=1384\">Horaires et contacts<\/a><\/li>\n\t<li class=\"page_item page-item-164\"><a href=\"https:\/\/commune-poisson.fr\/?page_id=164\">Pr\u00e9sentation de la commune<\/a><\/li>\n\t<li class=\"page_item page-item-278\"><a href=\"https:\/\/commune-poisson.fr\/?page_id=278\">Situer Poisson<\/a><\/li>\n\t<li class=\"page_item page-item-166\"><a href=\"https:\/\/commune-poisson.fr\/?page_id=166\">Vie municipale<\/a><\/li>\n\t<li class=\"page_item page-item-280\"><a href=\"https:\/\/commune-poisson.fr\/?page_id=280\">Proc\u00e8s-verbaux du conseil municipal<\/a><\/li>\n\t<li class=\"page_item page-item-3207\"><a href=\"https:\/\/commune-poisson.fr\/?page_id=3207\">Listes des d\u00e9lib\u00e9rations du conseil municipal<\/a><\/li>\n\t<li class=\"page_item page-item-6075\"><a href=\"https:\/\/commune-poisson.fr\/?page_id=6075\">Arr\u00eat\u00e9s municipaux<\/a><\/li>\n\t<li class=\"page_item page-item-1873\"><a href=\"https:\/\/commune-poisson.fr\/?page_id=1873\">Bulletins municipaux<\/a><\/li>\n\t<li class=\"page_item page-item-284\"><a href=\"https:\/\/commune-poisson.fr\/?page_id=284\">Logements communaux<\/a><\/li>\n\t<li class=\"page_item page-item-286\"><a href=\"https:\/\/commune-poisson.fr\/?page_id=286\">Salles communales<\/a><\/li>\n\t<li class=\"page_item page-item-288\"><a href=\"https:\/\/commune-poisson.fr\/?page_id=288\">Chaufferie bois<\/a><\/li>\n\t<li class=\"page_item page-item-290\"><a href=\"https:\/\/commune-poisson.fr\/?page_id=290\">Communaut\u00e9 de communes<\/a><\/li>\n\t<li class=\"page_item page-item-292\"><a href=\"https:\/\/commune-poisson.fr\/?page_id=292\">Archives photos<\/a><\/li>\n\t<li class=\"page_item page-item-294\"><a href=\"https:\/\/commune-poisson.fr\/?page_id=294\">Application PanneauPocket<\/a><\/li>\n<\/ul>\n<\/li>\n<li class=\"page_item page-item-121 page_item_has_children\"><a href=\"https:\/\/commune-poisson.fr\/?page_id=121\">Vie pratique<\/a>\n<ul class='children'>\n\t<li class=\"page_item page-item-305\"><a href=\"https:\/\/commune-poisson.fr\/?page_id=305\">Vos d\u00e9marches<\/a><\/li>\n\t<li class=\"page_item page-item-307\"><a href=\"https:\/\/commune-poisson.fr\/?page_id=307\">Commerces &#8211; Artisans &#8211; Autres services<\/a><\/li>\n\t<li class=\"page_item page-item-309\"><a href=\"https:\/\/commune-poisson.fr\/?page_id=309\">Agence postale communale<\/a><\/li>\n\t<li class=\"page_item page-item-311\"><a href=\"https:\/\/commune-poisson.fr\/?page_id=311\">Sant\u00e9<\/a><\/li>\n\t<li class=\"page_item page-item-313\"><a href=\"https:\/\/commune-poisson.fr\/?page_id=313\">Association ADMR<\/a><\/li>\n\t<li class=\"page_item page-item-315\"><a href=\"https:\/\/commune-poisson.fr\/?page_id=315\">Gestion des d\u00e9chets<\/a><\/li>\n\t<li class=\"page_item page-item-317\"><a href=\"https:\/\/commune-poisson.fr\/?page_id=317\">Offres d&#8217;emploi<\/a><\/li>\n\t<li class=\"page_item page-item-319\"><a href=\"https:\/\/commune-poisson.fr\/?page_id=319\">Formation<\/a><\/li>\n\t<li class=\"page_item page-item-321\"><a href=\"https:\/\/commune-poisson.fr\/?page_id=321\">Transports<\/a><\/li>\n\t<li class=\"page_item page-item-323\"><a href=\"https:\/\/commune-poisson.fr\/?page_id=323\">Arr\u00eat\u00e9s pr\u00e9fectoraux<\/a><\/li>\n<\/ul>\n<\/li>\n<li class=\"page_item page-item-123 page_item_has_children\"><a href=\"https:\/\/commune-poisson.fr\/?page_id=123\">Enfance \/ Jeunesse<\/a>\n<ul class='children'>\n\t<li class=\"page_item page-item-338\"><a href=\"https:\/\/commune-poisson.fr\/?page_id=338\">\u00c9cole<\/a><\/li>\n\t<li class=\"page_item page-item-340\"><a href=\"https:\/\/commune-poisson.fr\/?page_id=340\">Garderie p\u00e9riscolaire<\/a><\/li>\n\t<li class=\"page_item page-item-342\"><a href=\"https:\/\/commune-poisson.fr\/?page_id=342\">Restaurant scolaire<\/a><\/li>\n\t<li class=\"page_item page-item-6648\"><a href=\"https:\/\/commune-poisson.fr\/?page_id=6648\">Maison d\u2019Assistantes Maternelles<\/a><\/li>\n\t<li class=\"page_item page-item-346\"><a href=\"https:\/\/commune-poisson.fr\/?page_id=346\">Assistantes maternelles<\/a><\/li>\n\t<li class=\"page_item page-item-344\"><a href=\"https:\/\/commune-poisson.fr\/?page_id=344\">Accueil de loisirs<\/a><\/li>\n<\/ul>\n<\/li>\n<li class=\"page_item page-item-130 page_item_has_children\"><a href=\"https:\/\/commune-poisson.fr\/?page_id=130\">Culture \/ Tourisme \/ Patrimoine<\/a>\n<ul class='children'>\n\t<li class=\"page_item page-item-367\"><a href=\"https:\/\/commune-poisson.fr\/?page_id=367\">Biblioth\u00e8que municipale<\/a><\/li>\n\t<li class=\"page_item page-item-365\"><a href=\"https:\/\/commune-poisson.fr\/?page_id=365\">H\u00e9bergements<\/a><\/li>\n\t<li class=\"page_item page-item-354\"><a href=\"https:\/\/commune-poisson.fr\/?page_id=354\">Patrimoine local<\/a><\/li>\n\t<li class=\"page_item page-item-369\"><a href=\"https:\/\/commune-poisson.fr\/?page_id=369\">Randonn\u00e9es<\/a><\/li>\n\t<li class=\"page_item page-item-372\"><a href=\"https:\/\/commune-poisson.fr\/?page_id=372\">Vie paroissiale<\/a><\/li>\n\t<li class=\"page_item page-item-374\"><a href=\"https:\/\/commune-poisson.fr\/?page_id=374\">Autour de Poisson<\/a><\/li>\n<\/ul>\n<\/li>\n<li class=\"page_item page-item-202 page_item_has_children\"><a href=\"https:\/\/commune-poisson.fr\/?page_id=202\">Associations<\/a>\n<ul class='children'>\n\t<li class=\"page_item page-item-376\"><a href=\"https:\/\/commune-poisson.fr\/?page_id=376\">Amicale des A\u00een\u00e9s<\/a><\/li>\n\t<li class=\"page_item page-item-378\"><a href=\"https:\/\/commune-poisson.fr\/?page_id=378\">Amicale des donneurs de sang<\/a><\/li>\n\t<li class=\"page_item page-item-380\"><a href=\"https:\/\/commune-poisson.fr\/?page_id=380\">Association \u00c9ducative de Poisson<\/a><\/li>\n\t<li class=\"page_item page-item-382\"><a href=\"https:\/\/commune-poisson.fr\/?page_id=382\">Association Musicale Sud Bourgogne<\/a><\/li>\n\t<li class=\"page_item page-item-2999\"><a href=\"https:\/\/commune-poisson.fr\/?page_id=2999\">Association Pour l&rsquo;Environnement et le Patrimoine Autour de Moulin l&rsquo;Arconce<\/a><\/li>\n\t<li class=\"page_item page-item-2295\"><a href=\"https:\/\/commune-poisson.fr\/?page_id=2295\">Club de tarot du Val d&rsquo;Arconce<\/a><\/li>\n\t<li class=\"page_item page-item-384\"><a href=\"https:\/\/commune-poisson.fr\/?page_id=384\">Comit\u00e9 des f\u00eates<\/a><\/li>\n\t<li class=\"page_item page-item-392\"><a href=\"https:\/\/commune-poisson.fr\/?page_id=392\">Comit\u00e9 pour la Protection de l&rsquo;Environnement en Charolais-Brionnais<\/a><\/li>\n\t<li class=\"page_item page-item-3853\"><a href=\"https:\/\/commune-poisson.fr\/?page_id=3853\">Conscrits de Poisson<\/a><\/li>\n\t<li class=\"page_item page-item-394\"><a href=\"https:\/\/commune-poisson.fr\/?page_id=394\">La Perche Brionnaise<\/a><\/li>\n\t<li class=\"page_item page-item-396\"><a href=\"https:\/\/commune-poisson.fr\/?page_id=396\">Restaurant Scolaire de Poisson<\/a><\/li>\n\t<li class=\"page_item page-item-398\"><a href=\"https:\/\/commune-poisson.fr\/?page_id=398\">Soci\u00e9t\u00e9 de chasse<\/a><\/li>\n<\/ul>\n<\/li>\n<li class=\"page_item page-item-865\"><a href=\"https:\/\/commune-poisson.fr\/?page_id=865\">Agenda<\/a><\/li>\n<li class=\"page_item page-item-1269\"><a href=\"https:\/\/commune-poisson.fr\/?page_id=1269\">Mentions l\u00e9gales<\/a><\/li>\n<\/ul>\n<h2 class=\"wsp-posts-title\">Articles par cat\u00e9gorie<\/h2>\n<ul class=\"wsp-posts-list\">\n\t<li><strong class=\"wsp-category-title\">Cat\u00e9gorie\u00a0: <a href=\"https:\/\/commune-poisson.fr\/?cat=2\">Actualit\u00e9s<\/a><\/strong>\n<ul class=\"wsp-posts-list\">\t\t<li class=\"wsp-post\"><a href=\"https:\/\/commune-poisson.fr\/?p=7761\">Vos interlocuteurs&#8230;<\/a><\/li>\n\t\t<li class=\"wsp-post\"><a href=\"https:\/\/commune-poisson.fr\/?p=6016\">Offre mobilit\u00e9 du Charolais Brionnais<\/a><\/li>\n\t\t<li class=\"wsp-post\"><a href=\"https:\/\/commune-poisson.fr\/?p=5461\">Terrains constructibles \u00e0 vendre&#8230;<\/a><\/li>\n\t\t<li class=\"wsp-post\"><a href=\"https:\/\/commune-poisson.fr\/?p=7511\">Inscriptions \u00e0 l&rsquo;\u00e9cole de Poisson<\/a><\/li>\n\t\t<li class=\"wsp-post\"><a href=\"https:\/\/commune-poisson.fr\/?p=7327\">Avril de Poisson<\/a><\/li>\n\t\t<li class=\"wsp-post\"><a href=\"https:\/\/commune-poisson.fr\/?p=7236\">Matin\u00e9e d\u00e9couverte des oiseaux du Val d&rsquo;Arconce<\/a><\/li>\n\t\t<li class=\"wsp-post\"><a href=\"https:\/\/commune-poisson.fr\/?p=7261\">Installation du nouveau conseil municipal<\/a><\/li>\n\t\t<li class=\"wsp-post\"><a href=\"https:\/\/commune-poisson.fr\/?p=7128\">Permis de construire, permis d&rsquo;am\u00e9nager, \u2026<\/a><\/li>\n\t\t<li class=\"wsp-post\"><a href=\"https:\/\/commune-poisson.fr\/?p=7091\">Frelon asiatique<\/a><\/li>\n\t\t<li class=\"wsp-post\"><a href=\"https:\/\/commune-poisson.fr\/?p=7055\">Habitat 71 &#8211; Pacte territorial France R\u00e9nov\u2019<\/a><\/li>\n\t\t<li class=\"wsp-post\"><a href=\"https:\/\/commune-poisson.fr\/?p=5469\">Carte Avantages Jeunes 2025-2026<\/a><\/li>\n\t\t<li class=\"wsp-post\"><a href=\"https:\/\/commune-poisson.fr\/?p=6795\">Inauguration de la MAM<\/a><\/li>\n\t\t<li class=\"wsp-post\"><a href=\"https:\/\/commune-poisson.fr\/?p=6785\">Apr\u00e8s la c\u00e9r\u00e9monie du 11 novembre\u2026<\/a><\/li>\n\t\t<li class=\"wsp-post\"><a href=\"https:\/\/commune-poisson.fr\/?p=6083\">Alerte pollens<\/a><\/li>\n\t\t<li class=\"wsp-post\"><a href=\"https:\/\/commune-poisson.fr\/?p=5411\">Recrutement\u2026<\/a><\/li>\n\t\t<li class=\"wsp-post\"><a href=\"https:\/\/commune-poisson.fr\/?p=104\">Accueil de loisirs<\/a><\/li>\n\t\t<li class=\"wsp-post\"><a href=\"https:\/\/commune-poisson.fr\/?p=5078\">Pr\u00e9vention du mal-\u00eatre agricole<\/a><\/li>\n\t\t<li class=\"wsp-post\"><a href=\"https:\/\/commune-poisson.fr\/?p=4410\">D\u00e9marchage frauduleux<\/a><\/li>\n\t\t<li class=\"wsp-post\"><a href=\"https:\/\/commune-poisson.fr\/?p=1040\">Pass Culture<\/a><\/li>\n\t\t<li class=\"wsp-post\"><a href=\"https:\/\/commune-poisson.fr\/?p=2922\">D\u00e9fibrillateur<\/a><\/li>\n\t\t<li class=\"wsp-post\"><a href=\"https:\/\/commune-poisson.fr\/?p=1716\">Paiement de proximit\u00e9<\/a><\/li>\n<\/ul><\/li>\n<\/ul>\n<h2 class=\"wsp-mec-eventss-title\">\u00c9venements<\/h2>\n<ul class=\"wsp-mec-eventss-list\">\n<li><a href=\"https:\/\/commune-poisson.fr\/?mec-events=reunion-du-conseil-municipal\">R\u00e9union du conseil municipal<\/a><\/li>\n<li><a href=\"https:\/\/commune-poisson.fr\/?mec-events=soiree-dedicace-770\">Conf\u00e9rence de Jean-Marie Jal sur les ch\u00e2teaux du Brionnais et du Charolais<\/a><\/li>\n<li><a href=\"https:\/\/commune-poisson.fr\/?mec-events=journee-scientifique-shna\">Matin\u00e9e d\u00e9couverte des oiseaux du Val d'Arconce<\/a><\/li>\n<li><a href=\"https:\/\/commune-poisson.fr\/?mec-events=avril-de-poisson\">Avril de Poisson<\/a><\/li>\n<li><a href=\"https:\/\/commune-poisson.fr\/?mec-events=portes-ouvertes-au-chateau-de-moulin-larconce-194\">Visite du site de Moulin l'Arconce<\/a><\/li>\n<li><a href=\"https:\/\/commune-poisson.fr\/?mec-events=portes-ouvertes-au-chateau-de-moulin-larconce\">Visite du site de Moulin l'Arconce<\/a><\/li>\n<li><a href=\"https:\/\/commune-poisson.fr\/?mec-events=soiree-dedicace\">Pr\u00e9sentation de l'\u00e9tude men\u00e9e sur Moulin l'Arconce par M\u00e9linda Bizri<\/a><\/li>\n<li><a href=\"https:\/\/commune-poisson.fr\/?mec-events=ramassage-des-encombrants\">Ramassage des encombrants<\/a><\/li>\n<li><a href=\"https:\/\/commune-poisson.fr\/?mec-events=ramassage-des-encombrants-799\">Ramassage des encombrants<\/a><\/li>\n<li><a href=\"https:\/\/commune-poisson.fr\/?mec-events=ceremonie-du-8-mai\">C\u00e9r\u00e9monie du 8 mai<\/a><\/li>\n<li><a href=\"https:\/\/commune-poisson.fr\/?mec-events=loto-gourmand-756\">Loto gourmand de l'Amicale des A\u00een\u00e9s<\/a><\/li>\n<li><a href=\"https:\/\/commune-poisson.fr\/?mec-events=illuminations\">Illuminations du bourg...<\/a><\/li>\n<li><a href=\"https:\/\/commune-poisson.fr\/?mec-events=repas-des-aines\">Repas des a\u00een\u00e9s<\/a><\/li>\n<li><a href=\"https:\/\/commune-poisson.fr\/?mec-events=ceremonie-11-novembre\">C\u00e9r\u00e9monie 11 novembre<\/a><\/li>\n<li><a href=\"https:\/\/commune-poisson.fr\/?mec-events=concours-de-petanque-2\">Concours de p\u00e9tanque<\/a><\/li>\n<li><a href=\"https:\/\/commune-poisson.fr\/?mec-events=assemblee-generale-de-lamicale-des-donneurs-de-sang\">Assembl\u00e9e g\u00e9n\u00e9rale de l\u2019amicale des donneurs de sang<\/a><\/li>\n<li><a href=\"https:\/\/commune-poisson.fr\/?mec-events=soiree-concert\">Soir\u00e9e concert<\/a><\/li>\n<li><a href=\"https:\/\/commune-poisson.fr\/?mec-events=vide-greniers\">Vide-grenier<\/a><\/li>\n<li><a href=\"https:\/\/commune-poisson.fr\/?mec-events=fete-du-village\">F\u00eate du village<\/a><\/li>\n<li><a href=\"https:\/\/commune-poisson.fr\/?mec-events=marche-dautomne-901\">Marche de l\u2019omelette<\/a><\/li>\n<li><a href=\"https:\/\/commune-poisson.fr\/?mec-events=fete-de-lecole-de-poisson\">F\u00eate de l\u2019\u00e9cole de Poisson<\/a><\/li>\n<li><a href=\"https:\/\/commune-poisson.fr\/?mec-events=concours-de-tarot\">Concours de tarot<\/a><\/li>\n<li><a href=\"https:\/\/commune-poisson.fr\/?mec-events=don-de-sang\">Don de sang<\/a><\/li>\n<li><a href=\"https:\/\/commune-poisson.fr\/?mec-events=ceremonie-des-voeux-2-282\">C\u00e9r\u00e9monie des v\u0153ux<\/a><\/li>\n<li><a href=\"https:\/\/commune-poisson.fr\/?mec-events=rencontre-conviviale\">Rencontre conviviale\u2026<\/a><\/li>\n<li><a href=\"https:\/\/commune-poisson.fr\/?mec-events=don-de-sang-919-265\">Don de sang<\/a><\/li>\n<li><a href=\"https:\/\/commune-poisson.fr\/?mec-events=don-de-sang-919\">Don de sang<\/a><\/li>\n<li><a href=\"https:\/\/commune-poisson.fr\/?mec-events=loto-gourmand\">Loto de l'Amicale des donneurs de sang<\/a><\/li>\n<li><a href=\"https:\/\/commune-poisson.fr\/?mec-events=la-bernard-thevenet-de-passage-a-poisson\">\"La Bernard Th\u00e9venet\" de passage \u00e0 Poisson<\/a><\/li>\n<li><a href=\"https:\/\/commune-poisson.fr\/?mec-events=jeux-intervillages\">Intervillages - Repas champ\u00eatre - Bal<\/a><\/li>\n<li><a href=\"https:\/\/commune-poisson.fr\/?mec-events=vente-de-jacinthes\">Vente de jacinthes<\/a><\/li>\n<\/ul>\n<\/div>\n","protected":false},"excerpt":{"rendered":"","protected":false},"author":2,"featured_media":0,"parent":0,"menu_order":0,"comment_status":"closed","ping_status":"closed","template":"","meta":{"footnotes":""},"class_list":["post-1625","page","type-page","status-publish","hentry"],"yoast_head":"<!-- This site is optimized with the Yoast SEO plugin v27.2 - https:\/\/yoast.com\/product\/yoast-seo-wordpress\/ -->\n<title>Plan du site - Commune de POISSON | Sa\u00f4ne-et-Loire (71)<\/title>\n<meta name=\"robots\" content=\"index, follow, max-snippet:-1, max-image-preview:large, max-video-preview:-1\" \/>\n<link rel=\"canonical\" href=\"https:\/\/commune-poisson.fr\/?page_id=1625\" \/>\n<meta property=\"og:locale\" content=\"fr_FR\" \/>\n<meta property=\"og:type\" content=\"article\" \/>\n<meta property=\"og:title\" content=\"Plan du site - Commune de POISSON | Sa\u00f4ne-et-Loire (71)\" \/>\n<meta property=\"og:url\" content=\"https:\/\/commune-poisson.fr\/?page_id=1625\" \/>\n<meta property=\"og:site_name\" content=\"Commune de POISSON | Sa\u00f4ne-et-Loire (71)\" \/>\n<meta property=\"article:modified_time\" content=\"2024-12-25T11:10:40+00:00\" \/>\n<meta name=\"twitter:card\" content=\"summary_large_image\" \/>\n<meta name=\"twitter:label1\" content=\"Dur\u00e9e de lecture estim\u00e9e\" \/>\n\t<meta name=\"twitter:data1\" content=\"1 minute\" \/>\n<script type=\"application\/ld+json\" class=\"yoast-schema-graph\">{\"@context\":\"https:\/\/schema.org\",\"@graph\":[{\"@type\":\"WebPage\",\"@id\":\"https:\/\/commune-poisson.fr\/?page_id=1625\",\"url\":\"https:\/\/commune-poisson.fr\/?page_id=1625\",\"name\":\"Plan du site - Commune de POISSON | Sa\u00f4ne-et-Loire (71)\",\"isPartOf\":{\"@id\":\"https:\/\/commune-poisson.fr\/#website\"},\"datePublished\":\"2024-12-21T14:03:10+00:00\",\"dateModified\":\"2024-12-25T11:10:40+00:00\",\"breadcrumb\":{\"@id\":\"https:\/\/commune-poisson.fr\/?page_id=1625#breadcrumb\"},\"inLanguage\":\"fr-FR\",\"potentialAction\":[{\"@type\":\"ReadAction\",\"target\":[\"https:\/\/commune-poisson.fr\/?page_id=1625\"]}]},{\"@type\":\"BreadcrumbList\",\"@id\":\"https:\/\/commune-poisson.fr\/?page_id=1625#breadcrumb\",\"itemListElement\":[{\"@type\":\"ListItem\",\"position\":1,\"name\":\"Accueil\",\"item\":\"https:\/\/commune-poisson.fr\/\"},{\"@type\":\"ListItem\",\"position\":2,\"name\":\"Plan du site\"}]},{\"@type\":\"WebSite\",\"@id\":\"https:\/\/commune-poisson.fr\/#website\",\"url\":\"https:\/\/commune-poisson.fr\/\",\"name\":\"Commune de POISSON | Sa\u00f4ne-et-Loire (71)\",\"description\":\"Site officiel\",\"potentialAction\":[{\"@type\":\"SearchAction\",\"target\":{\"@type\":\"EntryPoint\",\"urlTemplate\":\"https:\/\/commune-poisson.fr\/?s={search_term_string}\"},\"query-input\":{\"@type\":\"PropertyValueSpecification\",\"valueRequired\":true,\"valueName\":\"search_term_string\"}}],\"inLanguage\":\"fr-FR\"}]}<\/script>\n<!-- \/ Yoast SEO plugin. -->","yoast_head_json":{"title":"Plan du site - Commune de POISSON | Sa\u00f4ne-et-Loire (71)","robots":{"index":"index","follow":"follow","max-snippet":"max-snippet:-1","max-image-preview":"max-image-preview:large","max-video-preview":"max-video-preview:-1"},"canonical":"https:\/\/commune-poisson.fr\/?page_id=1625","og_locale":"fr_FR","og_type":"article","og_title":"Plan du site - Commune de POISSON | Sa\u00f4ne-et-Loire (71)","og_url":"https:\/\/commune-poisson.fr\/?page_id=1625","og_site_name":"Commune de POISSON | Sa\u00f4ne-et-Loire (71)","article_modified_time":"2024-12-25T11:10:40+00:00","twitter_card":"summary_large_image","twitter_misc":{"Dur\u00e9e de lecture estim\u00e9e":"1 minute"},"schema":{"@context":"https:\/\/schema.org","@graph":[{"@type":"WebPage","@id":"https:\/\/commune-poisson.fr\/?page_id=1625","url":"https:\/\/commune-poisson.fr\/?page_id=1625","name":"Plan du site - Commune de POISSON | Sa\u00f4ne-et-Loire (71)","isPartOf":{"@id":"https:\/\/commune-poisson.fr\/#website"},"datePublished":"2024-12-21T14:03:10+00:00","dateModified":"2024-12-25T11:10:40+00:00","breadcrumb":{"@id":"https:\/\/commune-poisson.fr\/?page_id=1625#breadcrumb"},"inLanguage":"fr-FR","potentialAction":[{"@type":"ReadAction","target":["https:\/\/commune-poisson.fr\/?page_id=1625"]}]},{"@type":"BreadcrumbList","@id":"https:\/\/commune-poisson.fr\/?page_id=1625#breadcrumb","itemListElement":[{"@type":"ListItem","position":1,"name":"Accueil","item":"https:\/\/commune-poisson.fr\/"},{"@type":"ListItem","position":2,"name":"Plan du site"}]},{"@type":"WebSite","@id":"https:\/\/commune-poisson.fr\/#website","url":"https:\/\/commune-poisson.fr\/","name":"Commune de POISSON | Sa\u00f4ne-et-Loire (71)","description":"Site officiel","potentialAction":[{"@type":"SearchAction","target":{"@type":"EntryPoint","urlTemplate":"https:\/\/commune-poisson.fr\/?s={search_term_string}"},"query-input":{"@type":"PropertyValueSpecification","valueRequired":true,"valueName":"search_term_string"}}],"inLanguage":"fr-FR"}]}},"_links":{"self":[{"href":"https:\/\/commune-poisson.fr\/index.php?rest_route=\/wp\/v2\/pages\/1625","targetHints":{"allow":["GET"]}}],"collection":[{"href":"https:\/\/commune-poisson.fr\/index.php?rest_route=\/wp\/v2\/pages"}],"about":[{"href":"https:\/\/commune-poisson.fr\/index.php?rest_route=\/wp\/v2\/types\/page"}],"author":[{"embeddable":true,"href":"https:\/\/commune-poisson.fr\/index.php?rest_route=\/wp\/v2\/users\/2"}],"replies":[{"embeddable":true,"href":"https:\/\/commune-poisson.fr\/index.php?rest_route=%2Fwp%2Fv2%2Fcomments&post=1625"}],"version-history":[{"count":1,"href":"https:\/\/commune-poisson.fr\/index.php?rest_route=\/wp\/v2\/pages\/1625\/revisions"}],"predecessor-version":[{"id":1626,"href":"https:\/\/commune-poisson.fr\/index.php?rest_route=\/wp\/v2\/pages\/1625\/revisions\/1626"}],"wp:attachment":[{"href":"https:\/\/commune-poisson.fr\/index.php?rest_route=%2Fwp%2Fv2%2Fmedia&parent=1625"}],"curies":[{"name":"wp","href":"https:\/\/api.w.org\/{rel}","templated":true}]}}